{"id":136550,"date":"2021-02-11T11:07:34","date_gmt":"2021-10-05T08:49:15","guid":{"rendered":"https:\/\/www.graef-gnu.com\/produkt\/ciseaux-a-double-nez-dn74\/"},"modified":"2021-11-01T18:15:51","modified_gmt":"2021-11-01T17:15:51","slug":"coupoir-double-beceuse-dn74","status":"publish","type":"product","link":"https:\/\/graef-gnu.com\/fr\/produkt\/coupoir-double-beceuse-dn74\/","title":{"rendered":"Coupoir double beceuse DN74"},"content":{"rendered":"<p>Pour une coupe efficace des porte-\u00e0-faux et pour la coupe droite de filets jusqu&#8217;\u00e0 40 x 1,42 mm en construction robuste tout acier chrom\u00e9.<\/p>\n<p>Les ciseaux coupent 2 nez en m\u00eame temps, le filet \u00e9tant maintenu sans d\u00e9formation pendant le processus de coupe par un dispositif de maintien automatique. Le filet est coup\u00e9 de fa\u00e7on conique par des couteaux aff\u00fbt\u00e9s de fa\u00e7on appropri\u00e9e ; cela garantit une bonne adaptation des points de connexion. 2 boutons rotatifs molet\u00e9s avec graduation grav\u00e9e sont utilis\u00e9s pour le r\u00e9glage progressif du surplomb des diff\u00e9rentes \u00e9paisseurs de filets. Le levier \u00e0 genouill\u00e8re permet une bonne transmission de la puissance ; le r\u00e9glage fin permet une coupe \u00e0 longueur pr\u00e9cise.<\/p>\n","protected":false},"excerpt":{"rendered":"<p>Pour une coupe efficace des porte-\u00e0-faux et pour la coupe droite de lignes jusqu&#8217;\u00e0 40 x 1,42 mm en construction robuste tout acier chrom\u00e9.<\/p>\n<p>&nbsp;<\/p>\n","protected":false},"featured_media":133500,"template":"","meta":{"_acf_changed":false},"product_cat":[6690],"product_tag":[],"class_list":{"0":"post-136550","1":"product","2":"type-product","3":"status-publish","4":"has-post-thumbnail","6":"product_group-accessoires-de-formes-decoupe","7":"product_cat-accessoires","9":"first","10":"instock","11":"purchasable","12":"product-type-simple"},"acf":[],"yoast_head":"<!-- This site is optimized with the Yoast SEO plugin v22.6 - https:\/\/yoast.com\/wordpress\/plugins\/seo\/ -->\n<title>Coupoir double beceuse DN74 - August Graef GNU<\/title>\n<meta name=\"robots\" content=\"index, follow, max-snippet:-1, max-image-preview:large, max-video-preview:-1\" \/>\n<link rel=\"canonical\" href=\"https:\/\/graef-gnu.com\/produkt\/doppelnasenschere-dn74\/\" \/>\n<meta property=\"og:locale\" content=\"fr_FR\" \/>\n<meta property=\"og:type\" content=\"article\" \/>\n<meta property=\"og:title\" content=\"Coupoir double beceuse DN74 - August Graef GNU\" \/>\n<meta property=\"og:description\" content=\"Pour une coupe efficace des porte-\u00e0-faux et pour la coupe droite de lignes jusqu&#039;\u00e0 40 x 1,42 mm en construction robuste tout acier chrom\u00e9.  &nbsp;\" \/>\n<meta property=\"og:url\" content=\"https:\/\/graef-gnu.com\/produkt\/doppelnasenschere-dn74\/\" \/>\n<meta property=\"og:site_name\" content=\"August Graef GNU\" \/>\n<meta property=\"article:modified_time\" content=\"2021-11-01T17:15:51+00:00\" \/>\n<meta property=\"og:image\" content=\"https:\/\/graef-gnu.com\/wp-content\/uploads\/gnu-hebelschere-dn-74.jpg\" \/>\n\t<meta property=\"og:image:width\" content=\"890\" \/>\n\t<meta property=\"og:image:height\" content=\"300\" \/>\n\t<meta property=\"og:image:type\" content=\"image\/jpeg\" \/>\n<meta name=\"twitter:card\" content=\"summary_large_image\" \/>\n<meta name=\"twitter:label1\" content=\"Dur\u00e9e de lecture estim\u00e9e\" \/>\n\t<meta name=\"twitter:data1\" content=\"1 minute\" \/>\n<script type=\"application\/ld+json\" class=\"yoast-schema-graph\">{\"@context\":\"https:\/\/schema.org\",\"@graph\":[{\"@type\":\"WebPage\",\"@id\":\"https:\/\/graef-gnu.com\/produkt\/doppelnasenschere-dn74\/\",\"url\":\"https:\/\/graef-gnu.com\/produkt\/doppelnasenschere-dn74\/\",\"name\":\"Coupoir double beceuse DN74 - August Graef GNU\",\"isPartOf\":{\"@id\":\"https:\/\/graef-gnu.com\/#website\"},\"primaryImageOfPage\":{\"@id\":\"https:\/\/graef-gnu.com\/produkt\/doppelnasenschere-dn74\/#primaryimage\"},\"image\":{\"@id\":\"https:\/\/graef-gnu.com\/produkt\/doppelnasenschere-dn74\/#primaryimage\"},\"thumbnailUrl\":\"https:\/\/graef-gnu.com\/wp-content\/uploads\/gnu-hebelschere-dn-74.jpg\",\"datePublished\":\"2021-10-05T08:49:15+00:00\",\"dateModified\":\"2021-11-01T17:15:51+00:00\",\"breadcrumb\":{\"@id\":\"https:\/\/graef-gnu.com\/produkt\/doppelnasenschere-dn74\/#breadcrumb\"},\"inLanguage\":\"fr-FR\",\"potentialAction\":[{\"@type\":\"ReadAction\",\"target\":[\"https:\/\/graef-gnu.com\/produkt\/doppelnasenschere-dn74\/\"]}]},{\"@type\":\"ImageObject\",\"inLanguage\":\"fr-FR\",\"@id\":\"https:\/\/graef-gnu.com\/produkt\/doppelnasenschere-dn74\/#primaryimage\",\"url\":\"https:\/\/graef-gnu.com\/wp-content\/uploads\/gnu-hebelschere-dn-74.jpg\",\"contentUrl\":\"https:\/\/graef-gnu.com\/wp-content\/uploads\/gnu-hebelschere-dn-74.jpg\",\"width\":890,\"height\":300},{\"@type\":\"BreadcrumbList\",\"@id\":\"https:\/\/graef-gnu.com\/produkt\/doppelnasenschere-dn74\/#breadcrumb\",\"itemListElement\":[{\"@type\":\"ListItem\",\"position\":1,\"name\":\"Startseite\",\"item\":\"https:\/\/graef-gnu.com\/fr\/\"},{\"@type\":\"ListItem\",\"position\":2,\"name\":\"Formes \u00e0 plat\",\"item\":\"https:\/\/graef-gnu.com\/fr\/formes-a-plat\/\"},{\"@type\":\"ListItem\",\"position\":3,\"name\":\"Coupoir double beceuse DN74\"}]},{\"@type\":\"WebSite\",\"@id\":\"https:\/\/graef-gnu.com\/#website\",\"url\":\"https:\/\/graef-gnu.com\/\",\"name\":\"August Graef GNU\",\"description\":\"\",\"potentialAction\":[{\"@type\":\"SearchAction\",\"target\":{\"@type\":\"EntryPoint\",\"urlTemplate\":\"https:\/\/graef-gnu.com\/?s={search_term_string}\"},\"query-input\":\"required name=search_term_string\"}],\"inLanguage\":\"fr-FR\"}]}<\/script>\n<!-- \/ Yoast SEO plugin. -->","yoast_head_json":{"title":"Coupoir double beceuse DN74 - August Graef GNU","robots":{"index":"index","follow":"follow","max-snippet":"max-snippet:-1","max-image-preview":"max-image-preview:large","max-video-preview":"max-video-preview:-1"},"canonical":"https:\/\/graef-gnu.com\/produkt\/doppelnasenschere-dn74\/","og_locale":"fr_FR","og_type":"article","og_title":"Coupoir double beceuse DN74 - August Graef GNU","og_description":"Pour une coupe efficace des porte-\u00e0-faux et pour la coupe droite de lignes jusqu'\u00e0 40 x 1,42 mm en construction robuste tout acier chrom\u00e9.  &nbsp;","og_url":"https:\/\/graef-gnu.com\/produkt\/doppelnasenschere-dn74\/","og_site_name":"August Graef GNU","article_modified_time":"2021-11-01T17:15:51+00:00","og_image":[{"width":890,"height":300,"url":"https:\/\/graef-gnu.com\/wp-content\/uploads\/gnu-hebelschere-dn-74.jpg","type":"image\/jpeg"}],"twitter_card":"summary_large_image","twitter_misc":{"Dur\u00e9e de lecture estim\u00e9e":"1 minute"},"schema":{"@context":"https:\/\/schema.org","@graph":[{"@type":"WebPage","@id":"https:\/\/graef-gnu.com\/produkt\/doppelnasenschere-dn74\/","url":"https:\/\/graef-gnu.com\/produkt\/doppelnasenschere-dn74\/","name":"Coupoir double beceuse DN74 - August Graef GNU","isPartOf":{"@id":"https:\/\/graef-gnu.com\/#website"},"primaryImageOfPage":{"@id":"https:\/\/graef-gnu.com\/produkt\/doppelnasenschere-dn74\/#primaryimage"},"image":{"@id":"https:\/\/graef-gnu.com\/produkt\/doppelnasenschere-dn74\/#primaryimage"},"thumbnailUrl":"https:\/\/graef-gnu.com\/wp-content\/uploads\/gnu-hebelschere-dn-74.jpg","datePublished":"2021-10-05T08:49:15+00:00","dateModified":"2021-11-01T17:15:51+00:00","breadcrumb":{"@id":"https:\/\/graef-gnu.com\/produkt\/doppelnasenschere-dn74\/#breadcrumb"},"inLanguage":"fr-FR","potentialAction":[{"@type":"ReadAction","target":["https:\/\/graef-gnu.com\/produkt\/doppelnasenschere-dn74\/"]}]},{"@type":"ImageObject","inLanguage":"fr-FR","@id":"https:\/\/graef-gnu.com\/produkt\/doppelnasenschere-dn74\/#primaryimage","url":"https:\/\/graef-gnu.com\/wp-content\/uploads\/gnu-hebelschere-dn-74.jpg","contentUrl":"https:\/\/graef-gnu.com\/wp-content\/uploads\/gnu-hebelschere-dn-74.jpg","width":890,"height":300},{"@type":"BreadcrumbList","@id":"https:\/\/graef-gnu.com\/produkt\/doppelnasenschere-dn74\/#breadcrumb","itemListElement":[{"@type":"ListItem","position":1,"name":"Startseite","item":"https:\/\/graef-gnu.com\/fr\/"},{"@type":"ListItem","position":2,"name":"Formes \u00e0 plat","item":"https:\/\/graef-gnu.com\/fr\/formes-a-plat\/"},{"@type":"ListItem","position":3,"name":"Coupoir double beceuse DN74"}]},{"@type":"WebSite","@id":"https:\/\/graef-gnu.com\/#website","url":"https:\/\/graef-gnu.com\/","name":"August Graef GNU","description":"","potentialAction":[{"@type":"SearchAction","target":{"@type":"EntryPoint","urlTemplate":"https:\/\/graef-gnu.com\/?s={search_term_string}"},"query-input":"required name=search_term_string"}],"inLanguage":"fr-FR"}]}},"_links":{"self":[{"href":"https:\/\/graef-gnu.com\/fr\/wp-json\/wp\/v2\/product\/136550","targetHints":{"allow":["GET"]}}],"collection":[{"href":"https:\/\/graef-gnu.com\/fr\/wp-json\/wp\/v2\/product"}],"about":[{"href":"https:\/\/graef-gnu.com\/fr\/wp-json\/wp\/v2\/types\/product"}],"wp:featuredmedia":[{"embeddable":true,"href":"https:\/\/graef-gnu.com\/fr\/wp-json\/wp\/v2\/media\/133500"}],"wp:attachment":[{"href":"https:\/\/graef-gnu.com\/fr\/wp-json\/wp\/v2\/media?parent=136550"}],"wp:term":[{"taxonomy":"product_cat","embeddable":true,"href":"https:\/\/graef-gnu.com\/fr\/wp-json\/wp\/v2\/product_cat?post=136550"},{"taxonomy":"product_tag","embeddable":true,"href":"https:\/\/graef-gnu.com\/fr\/wp-json\/wp\/v2\/product_tag?post=136550"}],"curies":[{"name":"wp","href":"https:\/\/api.w.org\/{rel}","templated":true}]}}