{"id":136551,"date":"2021-02-11T10:57:23","date_gmt":"2021-10-05T08:49:15","guid":{"rendered":"https:\/\/www.graef-gnu.com\/produkt\/duroflex\/"},"modified":"2021-10-27T16:15:04","modified_gmt":"2021-10-27T14:15:04","slug":"duroflex","status":"publish","type":"product","link":"https:\/\/graef-gnu.com\/fr\/produkt\/duroflex\/","title":{"rendered":"Duroflex<sup>&reg;<\/sup>"},"content":{"rendered":"<p>Filets de coupe \u00e0 pliage optimal avec durcissement suppl\u00e9mentaire des ar\u00eates de coupe pour les applications universelles et toutes les machines \u00e0 plier automatiques.<\/p>\n","protected":false},"excerpt":{"rendered":"<p>Lignes de coupe \u00e0 pliage optimal avec durcissement suppl\u00e9mentaire des ar\u00eates de coupe pour les applications universelles et toutes les machines \u00e0 plier automatiques.<\/p>\n","protected":false},"featured_media":133482,"template":"","meta":{"_acf_changed":false},"product_cat":[6776],"product_tag":[],"class_list":{"0":"post-136551","1":"product","2":"type-product","3":"status-publish","4":"has-post-thumbnail","6":"product_group-decouper","7":"product_cat-decoupage-a-plat","8":"pa_ablaengung-a-1-m-fr","9":"pa_ablaengung-sur-lanneau","10":"pa_hoehe-16-mm-fr-2","11":"pa_hoehe-17-mm-fr","12":"pa_hoehe-210-mm-fr","13":"pa_hoehe-221-mm-fr","14":"pa_hoehe-223-mm-fr","15":"pa_hoehe-2256-mm-fr","16":"pa_hoehe-226-mm-fr","17":"pa_hoehe-228-mm-fr","18":"pa_hoehe-229-mm-fr","19":"pa_hoehe-230-mm-fr","20":"pa_hoehe-231-mm-fr","21":"pa_hoehe-232-mm-fr","22":"pa_hoehe-233-mm-fr","23":"pa_hoehe-2335-mm-fr","24":"pa_hoehe-234-mm-fr","25":"pa_hoehe-2345-mm-fr","26":"pa_hoehe-235-mm-fr","27":"pa_hoehe-2355-mm-fr","28":"pa_hoehe-2356-mm-fr","29":"pa_hoehe-236-mm-fr","30":"pa_hoehe-2365-mm-fr","31":"pa_hoehe-237-mm-fr","32":"pa_hoehe-238-mm-fr","33":"pa_hoehe-2385-mm-fr","34":"pa_hoehe-239-mm-fr","35":"pa_hoehe-241-mm-fr","36":"pa_hoehe-244-mm-fr","37":"pa_hoehe-248-mm-fr","38":"pa_hoehe-286-mm-fr","39":"pa_hoehe-299-mm-fr","40":"pa_hoehe-30-mm-fr","41":"pa_hoehe-3175-mm-fr","42":"pa_hoehe-40-mm-fr","43":"pa_hoehe-45-mm-fr-2","44":"pa_hoehe-50-mm-fr","45":"pa_hoehe-53-mm-fr","46":"pa_hoehe-60-mm-fr-2","47":"pa_hoehe-70-mm-fr-2","48":"pa_hoehe-80-mm-fr-2","49":"pa_schliff-oc","50":"pa_schliff-ocd","51":"pa_schliff-om","52":"pa_schliff-omd","53":"pa_staerke-breite-05-mm-fr","54":"pa_staerke-breite-07-mm-fr","55":"pa_staerke-breite-105-mm-fr","56":"pa_staerke-breite-142-mm-fr","57":"pa_wicklung-durchmesser-acw-480-mm-fr","58":"pa_wicklung-durchmesser-acw-560-mm-fr","59":"pa_wicklung-durchmesser-cw-480-mm-fr","60":"pa_wicklung-durchmesser-cw-560-mm-fr","61":"pa_wicklung-durchmesser-n-a-fr","63":"first","64":"instock","65":"purchasable","66":"product-type-variable"},"acf":[],"yoast_head":"<!-- This site is optimized with the Yoast SEO plugin v22.6 - https:\/\/yoast.com\/wordpress\/plugins\/seo\/ -->\n<title>Duroflex&reg; - August Graef GNU<\/title>\n<meta name=\"description\" content=\"Lignes de coupe \u00e0 pliage optimal avec durcissement suppl\u00e9mentaire des ar\u00eates de coupe pour les applications universelles et toutes les machines \u00e0 plier automatiques. Demandez ici !\" \/>\n<meta name=\"robots\" content=\"index, follow, max-snippet:-1, max-image-preview:large, max-video-preview:-1\" \/>\n<link rel=\"canonical\" href=\"https:\/\/graef-gnu.com\/produkt\/duroflex\/\" \/>\n<meta property=\"og:locale\" content=\"fr_FR\" \/>\n<meta property=\"og:type\" content=\"article\" \/>\n<meta property=\"og:title\" content=\"Duroflex&reg; - August Graef GNU\" \/>\n<meta property=\"og:description\" content=\"Lignes de coupe \u00e0 pliage optimal avec durcissement suppl\u00e9mentaire des ar\u00eates de coupe pour les applications universelles et toutes les machines \u00e0 plier automatiques. Demandez ici !\" \/>\n<meta property=\"og:url\" content=\"https:\/\/graef-gnu.com\/produkt\/duroflex\/\" \/>\n<meta property=\"og:site_name\" content=\"August Graef GNU\" \/>\n<meta property=\"article:modified_time\" content=\"2021-10-27T14:15:04+00:00\" \/>\n<meta property=\"og:image\" content=\"https:\/\/graef-gnu.com\/wp-content\/uploads\/gnu-shop-duroflex-doppelseitig.jpg\" \/>\n\t<meta property=\"og:image:width\" content=\"890\" \/>\n\t<meta property=\"og:image:height\" content=\"300\" \/>\n\t<meta property=\"og:image:type\" content=\"image\/jpeg\" \/>\n<meta name=\"twitter:card\" content=\"summary_large_image\" \/>\n<meta name=\"twitter:label1\" content=\"Dur\u00e9e de lecture estim\u00e9e\" \/>\n\t<meta name=\"twitter:data1\" content=\"1 minute\" \/>\n<script type=\"application\/ld+json\" class=\"yoast-schema-graph\">{\"@context\":\"https:\/\/schema.org\",\"@graph\":[{\"@type\":\"WebPage\",\"@id\":\"https:\/\/graef-gnu.com\/produkt\/duroflex\/\",\"url\":\"https:\/\/graef-gnu.com\/produkt\/duroflex\/\",\"name\":\"Duroflex&reg; - August Graef GNU\",\"isPartOf\":{\"@id\":\"https:\/\/graef-gnu.com\/#website\"},\"primaryImageOfPage\":{\"@id\":\"https:\/\/graef-gnu.com\/produkt\/duroflex\/#primaryimage\"},\"image\":{\"@id\":\"https:\/\/graef-gnu.com\/produkt\/duroflex\/#primaryimage\"},\"thumbnailUrl\":\"https:\/\/graef-gnu.com\/wp-content\/uploads\/gnu-shop-duroflex-doppelseitig.jpg\",\"datePublished\":\"2021-10-05T08:49:15+00:00\",\"dateModified\":\"2021-10-27T14:15:04+00:00\",\"description\":\"Lignes de coupe \u00e0 pliage optimal avec durcissement suppl\u00e9mentaire des ar\u00eates de coupe pour les applications universelles et toutes les machines \u00e0 plier automatiques. Demandez ici !\",\"breadcrumb\":{\"@id\":\"https:\/\/graef-gnu.com\/produkt\/duroflex\/#breadcrumb\"},\"inLanguage\":\"fr-FR\",\"potentialAction\":[{\"@type\":\"ReadAction\",\"target\":[\"https:\/\/graef-gnu.com\/produkt\/duroflex\/\"]}]},{\"@type\":\"ImageObject\",\"inLanguage\":\"fr-FR\",\"@id\":\"https:\/\/graef-gnu.com\/produkt\/duroflex\/#primaryimage\",\"url\":\"https:\/\/graef-gnu.com\/wp-content\/uploads\/gnu-shop-duroflex-doppelseitig.jpg\",\"contentUrl\":\"https:\/\/graef-gnu.com\/wp-content\/uploads\/gnu-shop-duroflex-doppelseitig.jpg\",\"width\":890,\"height\":300},{\"@type\":\"BreadcrumbList\",\"@id\":\"https:\/\/graef-gnu.com\/produkt\/duroflex\/#breadcrumb\",\"itemListElement\":[{\"@type\":\"ListItem\",\"position\":1,\"name\":\"Startseite\",\"item\":\"https:\/\/graef-gnu.com\/fr\/\"},{\"@type\":\"ListItem\",\"position\":2,\"name\":\"Formes \u00e0 plat\",\"item\":\"https:\/\/graef-gnu.com\/fr\/formes-a-plat\/\"},{\"@type\":\"ListItem\",\"position\":3,\"name\":\"Duroflex&reg;\"}]},{\"@type\":\"WebSite\",\"@id\":\"https:\/\/graef-gnu.com\/#website\",\"url\":\"https:\/\/graef-gnu.com\/\",\"name\":\"August Graef GNU\",\"description\":\"\",\"potentialAction\":[{\"@type\":\"SearchAction\",\"target\":{\"@type\":\"EntryPoint\",\"urlTemplate\":\"https:\/\/graef-gnu.com\/?s={search_term_string}\"},\"query-input\":\"required name=search_term_string\"}],\"inLanguage\":\"fr-FR\"}]}<\/script>\n<!-- \/ Yoast SEO plugin. -->","yoast_head_json":{"title":"Duroflex&reg; - August Graef GNU","description":"Lignes de coupe \u00e0 pliage optimal avec durcissement suppl\u00e9mentaire des ar\u00eates de coupe pour les applications universelles et toutes les machines \u00e0 plier automatiques. Demandez ici !","robots":{"index":"index","follow":"follow","max-snippet":"max-snippet:-1","max-image-preview":"max-image-preview:large","max-video-preview":"max-video-preview:-1"},"canonical":"https:\/\/graef-gnu.com\/produkt\/duroflex\/","og_locale":"fr_FR","og_type":"article","og_title":"Duroflex&reg; - August Graef GNU","og_description":"Lignes de coupe \u00e0 pliage optimal avec durcissement suppl\u00e9mentaire des ar\u00eates de coupe pour les applications universelles et toutes les machines \u00e0 plier automatiques. Demandez ici !","og_url":"https:\/\/graef-gnu.com\/produkt\/duroflex\/","og_site_name":"August Graef GNU","article_modified_time":"2021-10-27T14:15:04+00:00","og_image":[{"width":890,"height":300,"url":"https:\/\/graef-gnu.com\/wp-content\/uploads\/gnu-shop-duroflex-doppelseitig.jpg","type":"image\/jpeg"}],"twitter_card":"summary_large_image","twitter_misc":{"Dur\u00e9e de lecture estim\u00e9e":"1 minute"},"schema":{"@context":"https:\/\/schema.org","@graph":[{"@type":"WebPage","@id":"https:\/\/graef-gnu.com\/produkt\/duroflex\/","url":"https:\/\/graef-gnu.com\/produkt\/duroflex\/","name":"Duroflex&reg; - August Graef GNU","isPartOf":{"@id":"https:\/\/graef-gnu.com\/#website"},"primaryImageOfPage":{"@id":"https:\/\/graef-gnu.com\/produkt\/duroflex\/#primaryimage"},"image":{"@id":"https:\/\/graef-gnu.com\/produkt\/duroflex\/#primaryimage"},"thumbnailUrl":"https:\/\/graef-gnu.com\/wp-content\/uploads\/gnu-shop-duroflex-doppelseitig.jpg","datePublished":"2021-10-05T08:49:15+00:00","dateModified":"2021-10-27T14:15:04+00:00","description":"Lignes de coupe \u00e0 pliage optimal avec durcissement suppl\u00e9mentaire des ar\u00eates de coupe pour les applications universelles et toutes les machines \u00e0 plier automatiques. Demandez ici !","breadcrumb":{"@id":"https:\/\/graef-gnu.com\/produkt\/duroflex\/#breadcrumb"},"inLanguage":"fr-FR","potentialAction":[{"@type":"ReadAction","target":["https:\/\/graef-gnu.com\/produkt\/duroflex\/"]}]},{"@type":"ImageObject","inLanguage":"fr-FR","@id":"https:\/\/graef-gnu.com\/produkt\/duroflex\/#primaryimage","url":"https:\/\/graef-gnu.com\/wp-content\/uploads\/gnu-shop-duroflex-doppelseitig.jpg","contentUrl":"https:\/\/graef-gnu.com\/wp-content\/uploads\/gnu-shop-duroflex-doppelseitig.jpg","width":890,"height":300},{"@type":"BreadcrumbList","@id":"https:\/\/graef-gnu.com\/produkt\/duroflex\/#breadcrumb","itemListElement":[{"@type":"ListItem","position":1,"name":"Startseite","item":"https:\/\/graef-gnu.com\/fr\/"},{"@type":"ListItem","position":2,"name":"Formes \u00e0 plat","item":"https:\/\/graef-gnu.com\/fr\/formes-a-plat\/"},{"@type":"ListItem","position":3,"name":"Duroflex&reg;"}]},{"@type":"WebSite","@id":"https:\/\/graef-gnu.com\/#website","url":"https:\/\/graef-gnu.com\/","name":"August Graef GNU","description":"","potentialAction":[{"@type":"SearchAction","target":{"@type":"EntryPoint","urlTemplate":"https:\/\/graef-gnu.com\/?s={search_term_string}"},"query-input":"required name=search_term_string"}],"inLanguage":"fr-FR"}]}},"_links":{"self":[{"href":"https:\/\/graef-gnu.com\/fr\/wp-json\/wp\/v2\/product\/136551","targetHints":{"allow":["GET"]}}],"collection":[{"href":"https:\/\/graef-gnu.com\/fr\/wp-json\/wp\/v2\/product"}],"about":[{"href":"https:\/\/graef-gnu.com\/fr\/wp-json\/wp\/v2\/types\/product"}],"wp:featuredmedia":[{"embeddable":true,"href":"https:\/\/graef-gnu.com\/fr\/wp-json\/wp\/v2\/media\/133482"}],"wp:attachment":[{"href":"https:\/\/graef-gnu.com\/fr\/wp-json\/wp\/v2\/media?parent=136551"}],"wp:term":[{"taxonomy":"product_cat","embeddable":true,"href":"https:\/\/graef-gnu.com\/fr\/wp-json\/wp\/v2\/product_cat?post=136551"},{"taxonomy":"product_tag","embeddable":true,"href":"https:\/\/graef-gnu.com\/fr\/wp-json\/wp\/v2\/product_tag?post=136551"}],"curies":[{"name":"wp","href":"https:\/\/api.w.org\/{rel}","templated":true}]}}