{"id":136883,"date":"2021-02-11T11:04:33","date_gmt":"2021-10-05T08:49:31","guid":{"rendered":"https:\/\/www.graef-gnu.com\/produkt\/chargement-du-sprint\/"},"modified":"2024-05-13T13:42:53","modified_gmt":"2024-05-13T11:42:53","slug":"gnu-sprintelast","status":"publish","type":"product","link":"https:\/\/graef-gnu.com\/fr\/produkt\/gnu-sprintelast\/","title":{"rendered":"Sprintelast<sup>&reg;<\/sup>"},"content":{"rendered":"<p>GNU Sprintelast<sup>\u00ae<\/sup> est un caoutchouc d&#8217;\u00e9jection puissant et de haute qualit\u00e9 pour les outils de perforation avanc\u00e9s. Il impressionne par ses bonnes propri\u00e9t\u00e9s mat\u00e9rielles et sa dur\u00e9e de vie nettement plus longue. Une large gamme de duret\u00e9s et de hauteurs est propos\u00e9e.<\/p>\n<ul>\n<li>Haute r\u00e9silience de rebondissement<\/li>\n<li>Allongement \u00e9lev\u00e9 \u00e0 la rupture<\/li>\n<li>Faible abrasion<\/li>\n<li>Une peau sp\u00e9ciale contre la poussi\u00e8re et le vieillissement<\/li>\n<li>Longue dur\u00e9e de vie<\/li>\n<li>Egalement disponible en version auto-adh\u00e9sive<\/li>\n<\/ul>\n<p>GNU Sprintelast<sup>\u00ae<\/sup> est certifi\u00e9 s\u00fbr pour la production de bo\u00eetes pliantes pour l&#8217;alimentation.<\/p>\n","protected":false},"excerpt":{"rendered":"<p>GNU Sprintelast<sup>\u00ae<\/sup> est un caoutchouc d&#8217;\u00e9jection puissant et de haute qualit\u00e9 pour les outils de perforation avanc\u00e9s. Il impressionne par ses bonnes propri\u00e9t\u00e9s mat\u00e9rielles et sa dur\u00e9e de vie nettement plus longue.<\/p>\n","protected":false},"featured_media":133995,"template":"","meta":{"_acf_changed":false},"product_cat":[6709],"product_tag":[],"class_list":{"0":"post-136883","1":"product","2":"type-product","3":"status-publish","4":"has-post-thumbnail","6":"product_group-plaques-fr","7":"product_cat-materiaux-dejection","8":"pa_dimension-05-m-fr-2","9":"pa_hoehe-10-mm-fr-2","10":"pa_hoehe-105-mm-fr","11":"pa_hoehe-11-mm-fr","12":"pa_hoehe-12-mm-fr-2","13":"pa_hoehe-13-mm-fr-3","14":"pa_hoehe-135-mm-fr","15":"pa_hoehe-14-mm-fr","16":"pa_hoehe-15-mm-fr","17":"pa_hoehe-155-mm-fr","18":"pa_hoehe-16-mm-fr-2","19":"pa_hoehe-17-mm-fr","20":"pa_hoehe-175-mm-fr","21":"pa_hoehe-18-mm-fr","22":"pa_hoehe-19-mm-fr","23":"pa_hoehe-2-mm-fr","24":"pa_hoehe-20-mm-fr-2","25":"pa_hoehe-21-mm-fr","26":"pa_hoehe-3-mm-fr","27":"pa_hoehe-4-mm-fr","28":"pa_hoehe-5-mm-fr","29":"pa_hoehe-6-mm-fr","30":"pa_hoehe-7-mm-fr","31":"pa_hoehe-8-mm-fr","32":"pa_hoehe-9-mm-fr","33":"pa_hoehe-95-mm-fr","34":"pa_raumgewicht-rg-16-rouge","35":"pa_raumgewicht-rg-22-orange-fr","36":"pa_raumgewicht-rg-28-jaune","37":"pa_raumgewicht-rg-40-vert","38":"pa_raumgewicht-rg-46-vert-fonce","39":"pa_raumgewicht-rg-54-petrol-fr","40":"pa_raumgewicht-rg-66-bleu","42":"first","43":"instock","44":"purchasable","45":"product-type-variable"},"acf":[],"yoast_head":"<!-- This site is optimized with the Yoast SEO plugin v22.6 - https:\/\/yoast.com\/wordpress\/plugins\/seo\/ -->\n<title>GNU Sprintelast\u00ae - Caoutchouc \u00e9jecteur pour outils de perforation<\/title>\n<meta name=\"description\" content=\"Caoutchouc d&#039;\u00e9jection pour outils de poin\u00e7onnage avanc\u00e9s : GNU Sprintelast\u00ae \u25ba Haute \u00e9lasticit\u00e9 de rebond\u2705 Haute \u00e9longation \u00e0 la rupture\u2705 Faible abrasion\u2705 Demandez ici !\" \/>\n<meta name=\"robots\" content=\"index, follow, max-snippet:-1, max-image-preview:large, max-video-preview:-1\" \/>\n<link rel=\"canonical\" href=\"https:\/\/graef-gnu.com\/fr\/produkt\/gnu-sprintelast\/\" \/>\n<meta property=\"og:locale\" content=\"fr_FR\" \/>\n<meta property=\"og:type\" content=\"article\" \/>\n<meta property=\"og:title\" content=\"GNU Sprintelast\u00ae - Caoutchouc \u00e9jecteur pour outils de perforation\" \/>\n<meta property=\"og:description\" content=\"Caoutchouc d&#039;\u00e9jection pour outils de poin\u00e7onnage avanc\u00e9s : GNU Sprintelast\u00ae \u25ba Haute \u00e9lasticit\u00e9 de rebond\u2705 Haute \u00e9longation \u00e0 la rupture\u2705 Faible abrasion\u2705 Demandez ici !\" \/>\n<meta property=\"og:url\" content=\"https:\/\/graef-gnu.com\/fr\/produkt\/gnu-sprintelast\/\" \/>\n<meta property=\"og:site_name\" content=\"August Graef GNU\" \/>\n<meta property=\"article:modified_time\" content=\"2024-05-13T11:42:53+00:00\" \/>\n<meta property=\"og:image\" content=\"https:\/\/graef-gnu.com\/wp-content\/uploads\/gnu_sprintelast_alle_ecken-4.jpg\" \/>\n\t<meta property=\"og:image:width\" content=\"890\" \/>\n\t<meta property=\"og:image:height\" content=\"300\" \/>\n\t<meta property=\"og:image:type\" content=\"image\/jpeg\" \/>\n<meta name=\"twitter:card\" content=\"summary_large_image\" \/>\n<script type=\"application\/ld+json\" class=\"yoast-schema-graph\">{\"@context\":\"https:\/\/schema.org\",\"@graph\":[{\"@type\":\"WebPage\",\"@id\":\"https:\/\/graef-gnu.com\/fr\/produkt\/gnu-sprintelast\/\",\"url\":\"https:\/\/graef-gnu.com\/fr\/produkt\/gnu-sprintelast\/\",\"name\":\"GNU Sprintelast\u00ae - Caoutchouc \u00e9jecteur pour outils de perforation\",\"isPartOf\":{\"@id\":\"https:\/\/graef-gnu.com\/#website\"},\"primaryImageOfPage\":{\"@id\":\"https:\/\/graef-gnu.com\/fr\/produkt\/gnu-sprintelast\/#primaryimage\"},\"image\":{\"@id\":\"https:\/\/graef-gnu.com\/fr\/produkt\/gnu-sprintelast\/#primaryimage\"},\"thumbnailUrl\":\"https:\/\/graef-gnu.com\/wp-content\/uploads\/gnu_sprintelast_alle_ecken-4.jpg\",\"datePublished\":\"2021-10-05T08:49:31+00:00\",\"dateModified\":\"2024-05-13T11:42:53+00:00\",\"description\":\"Caoutchouc d'\u00e9jection pour outils de poin\u00e7onnage avanc\u00e9s : GNU Sprintelast\u00ae \u25ba Haute \u00e9lasticit\u00e9 de rebond\u2705 Haute \u00e9longation \u00e0 la rupture\u2705 Faible abrasion\u2705 Demandez ici !\",\"breadcrumb\":{\"@id\":\"https:\/\/graef-gnu.com\/fr\/produkt\/gnu-sprintelast\/#breadcrumb\"},\"inLanguage\":\"fr-FR\",\"potentialAction\":[{\"@type\":\"ReadAction\",\"target\":[\"https:\/\/graef-gnu.com\/fr\/produkt\/gnu-sprintelast\/\"]}]},{\"@type\":\"ImageObject\",\"inLanguage\":\"fr-FR\",\"@id\":\"https:\/\/graef-gnu.com\/fr\/produkt\/gnu-sprintelast\/#primaryimage\",\"url\":\"https:\/\/graef-gnu.com\/wp-content\/uploads\/gnu_sprintelast_alle_ecken-4.jpg\",\"contentUrl\":\"https:\/\/graef-gnu.com\/wp-content\/uploads\/gnu_sprintelast_alle_ecken-4.jpg\",\"width\":890,\"height\":300},{\"@type\":\"BreadcrumbList\",\"@id\":\"https:\/\/graef-gnu.com\/fr\/produkt\/gnu-sprintelast\/#breadcrumb\",\"itemListElement\":[{\"@type\":\"ListItem\",\"position\":1,\"name\":\"Startseite\",\"item\":\"https:\/\/graef-gnu.com\/fr\/\"},{\"@type\":\"ListItem\",\"position\":2,\"name\":\"Formes \u00e0 plat\",\"item\":\"https:\/\/graef-gnu.com\/fr\/formes-a-plat\/\"},{\"@type\":\"ListItem\",\"position\":3,\"name\":\"Sprintelast&reg;\"}]},{\"@type\":\"WebSite\",\"@id\":\"https:\/\/graef-gnu.com\/#website\",\"url\":\"https:\/\/graef-gnu.com\/\",\"name\":\"August Graef GNU\",\"description\":\"\",\"potentialAction\":[{\"@type\":\"SearchAction\",\"target\":{\"@type\":\"EntryPoint\",\"urlTemplate\":\"https:\/\/graef-gnu.com\/?s={search_term_string}\"},\"query-input\":\"required name=search_term_string\"}],\"inLanguage\":\"fr-FR\"}]}<\/script>\n<!-- \/ Yoast SEO plugin. -->","yoast_head_json":{"title":"GNU Sprintelast\u00ae - Caoutchouc \u00e9jecteur pour outils de perforation","description":"Caoutchouc d'\u00e9jection pour outils de poin\u00e7onnage avanc\u00e9s : GNU Sprintelast\u00ae \u25ba Haute \u00e9lasticit\u00e9 de rebond\u2705 Haute \u00e9longation \u00e0 la rupture\u2705 Faible abrasion\u2705 Demandez ici !","robots":{"index":"index","follow":"follow","max-snippet":"max-snippet:-1","max-image-preview":"max-image-preview:large","max-video-preview":"max-video-preview:-1"},"canonical":"https:\/\/graef-gnu.com\/fr\/produkt\/gnu-sprintelast\/","og_locale":"fr_FR","og_type":"article","og_title":"GNU Sprintelast\u00ae - Caoutchouc \u00e9jecteur pour outils de perforation","og_description":"Caoutchouc d'\u00e9jection pour outils de poin\u00e7onnage avanc\u00e9s : GNU Sprintelast\u00ae \u25ba Haute \u00e9lasticit\u00e9 de rebond\u2705 Haute \u00e9longation \u00e0 la rupture\u2705 Faible abrasion\u2705 Demandez ici !","og_url":"https:\/\/graef-gnu.com\/fr\/produkt\/gnu-sprintelast\/","og_site_name":"August Graef GNU","article_modified_time":"2024-05-13T11:42:53+00:00","og_image":[{"width":890,"height":300,"url":"https:\/\/graef-gnu.com\/wp-content\/uploads\/gnu_sprintelast_alle_ecken-4.jpg","type":"image\/jpeg"}],"twitter_card":"summary_large_image","schema":{"@context":"https:\/\/schema.org","@graph":[{"@type":"WebPage","@id":"https:\/\/graef-gnu.com\/fr\/produkt\/gnu-sprintelast\/","url":"https:\/\/graef-gnu.com\/fr\/produkt\/gnu-sprintelast\/","name":"GNU Sprintelast\u00ae - Caoutchouc \u00e9jecteur pour outils de perforation","isPartOf":{"@id":"https:\/\/graef-gnu.com\/#website"},"primaryImageOfPage":{"@id":"https:\/\/graef-gnu.com\/fr\/produkt\/gnu-sprintelast\/#primaryimage"},"image":{"@id":"https:\/\/graef-gnu.com\/fr\/produkt\/gnu-sprintelast\/#primaryimage"},"thumbnailUrl":"https:\/\/graef-gnu.com\/wp-content\/uploads\/gnu_sprintelast_alle_ecken-4.jpg","datePublished":"2021-10-05T08:49:31+00:00","dateModified":"2024-05-13T11:42:53+00:00","description":"Caoutchouc d'\u00e9jection pour outils de poin\u00e7onnage avanc\u00e9s : GNU Sprintelast\u00ae \u25ba Haute \u00e9lasticit\u00e9 de rebond\u2705 Haute \u00e9longation \u00e0 la rupture\u2705 Faible abrasion\u2705 Demandez ici !","breadcrumb":{"@id":"https:\/\/graef-gnu.com\/fr\/produkt\/gnu-sprintelast\/#breadcrumb"},"inLanguage":"fr-FR","potentialAction":[{"@type":"ReadAction","target":["https:\/\/graef-gnu.com\/fr\/produkt\/gnu-sprintelast\/"]}]},{"@type":"ImageObject","inLanguage":"fr-FR","@id":"https:\/\/graef-gnu.com\/fr\/produkt\/gnu-sprintelast\/#primaryimage","url":"https:\/\/graef-gnu.com\/wp-content\/uploads\/gnu_sprintelast_alle_ecken-4.jpg","contentUrl":"https:\/\/graef-gnu.com\/wp-content\/uploads\/gnu_sprintelast_alle_ecken-4.jpg","width":890,"height":300},{"@type":"BreadcrumbList","@id":"https:\/\/graef-gnu.com\/fr\/produkt\/gnu-sprintelast\/#breadcrumb","itemListElement":[{"@type":"ListItem","position":1,"name":"Startseite","item":"https:\/\/graef-gnu.com\/fr\/"},{"@type":"ListItem","position":2,"name":"Formes \u00e0 plat","item":"https:\/\/graef-gnu.com\/fr\/formes-a-plat\/"},{"@type":"ListItem","position":3,"name":"Sprintelast&reg;"}]},{"@type":"WebSite","@id":"https:\/\/graef-gnu.com\/#website","url":"https:\/\/graef-gnu.com\/","name":"August Graef GNU","description":"","potentialAction":[{"@type":"SearchAction","target":{"@type":"EntryPoint","urlTemplate":"https:\/\/graef-gnu.com\/?s={search_term_string}"},"query-input":"required name=search_term_string"}],"inLanguage":"fr-FR"}]}},"_links":{"self":[{"href":"https:\/\/graef-gnu.com\/fr\/wp-json\/wp\/v2\/product\/136883","targetHints":{"allow":["GET"]}}],"collection":[{"href":"https:\/\/graef-gnu.com\/fr\/wp-json\/wp\/v2\/product"}],"about":[{"href":"https:\/\/graef-gnu.com\/fr\/wp-json\/wp\/v2\/types\/product"}],"wp:featuredmedia":[{"embeddable":true,"href":"https:\/\/graef-gnu.com\/fr\/wp-json\/wp\/v2\/media\/133995"}],"wp:attachment":[{"href":"https:\/\/graef-gnu.com\/fr\/wp-json\/wp\/v2\/media?parent=136883"}],"wp:term":[{"taxonomy":"product_cat","embeddable":true,"href":"https:\/\/graef-gnu.com\/fr\/wp-json\/wp\/v2\/product_cat?post=136883"},{"taxonomy":"product_tag","embeddable":true,"href":"https:\/\/graef-gnu.com\/fr\/wp-json\/wp\/v2\/product_tag?post=136883"}],"curies":[{"name":"wp","href":"https:\/\/api.w.org\/{rel}","templated":true}]}}