{"id":136884,"date":"2021-02-11T11:05:17","date_gmt":"2021-10-05T08:49:31","guid":{"rendered":"https:\/\/www.graef-gnu.com\/produkt\/collan-cellulosique-gnu\/"},"modified":"2021-11-01T17:42:33","modified_gmt":"2021-11-01T16:42:33","slug":"vulcollan","status":"publish","type":"product","link":"https:\/\/graef-gnu.com\/fr\/produkt\/vulcollan\/","title":{"rendered":"GNU Vulcollan"},"content":{"rendered":"<p>Le GNU Vulcollanest un plastique industriel haute performance qui se rapproche des propri\u00e9t\u00e9s de performance du Sprintelast. Il se caract\u00e9rise par une bonne compressibilit\u00e9 et un amortissement \u00e9lev\u00e9 des impacts de haute performance. Cela signifie que le mat\u00e9riau peut \u00eatre utilis\u00e9 pour de nombreuses applications sur la matrice de d\u00e9coupe.<\/p>\n<p><em>Vulkollan\u00ae est une marque d\u00e9pos\u00e9e de Bayer AG.<\/em><\/p>\n","protected":false},"excerpt":{"rendered":"<p>Le GNU Cellular Bulk Collan est un plastique industriel haute performance qui se rapproche des propri\u00e9t\u00e9s de performance du Sprintelast. Il se caract\u00e9rise par une bonne compressibilit\u00e9 et un amortissement \u00e9lev\u00e9 des impacts de haute performance.<\/p>\n","protected":false},"featured_media":132810,"template":"","meta":{"_acf_changed":false},"product_cat":[6709],"product_tag":[],"class_list":{"0":"post-136884","1":"product","2":"type-product","3":"status-publish","4":"has-post-thumbnail","6":"product_group-plaques-fr","7":"product_cat-materiaux-dejection","8":"pa_dimension-0125-m-fr","9":"pa_dimension-05-m-fr-2","10":"pa_hoehe-1-mm-fr","11":"pa_hoehe-15-mm-fr-2","12":"pa_hoehe-10-mm-fr-2","13":"pa_hoehe-11-mm-fr","14":"pa_hoehe-12-mm-fr-2","15":"pa_hoehe-125-mm-fr","16":"pa_hoehe-13-mm-fr-3","17":"pa_hoehe-14-mm-fr","18":"pa_hoehe-15-mm-fr","19":"pa_hoehe-16-mm-fr-2","20":"pa_hoehe-17-mm-fr","21":"pa_hoehe-175-mm-fr","22":"pa_hoehe-18-mm-fr","23":"pa_hoehe-19-mm-fr","24":"pa_hoehe-2-mm-fr","25":"pa_hoehe-20-mm-fr-2","26":"pa_hoehe-3-mm-fr","27":"pa_hoehe-30-mm-fr","28":"pa_hoehe-4-mm-fr","29":"pa_hoehe-5-mm-fr","30":"pa_hoehe-6-mm-fr","31":"pa_hoehe-6-mm-5-mm-fr","32":"pa_hoehe-7-mm-fr","33":"pa_hoehe-75-mm-fr","34":"pa_hoehe-8-mm-fr","35":"pa_hoehe-9-mm-fr","36":"pa_hoehe-95-mm-fr","37":"pa_raumgewicht-rg-35-40-fr","38":"pa_raumgewicht-rg-45-50-fr","39":"pa_raumgewicht-rg-60-65-fr-2","41":"first","42":"instock","43":"purchasable","44":"product-type-variable"},"acf":[],"yoast_head":"<!-- This site is optimized with the Yoast SEO plugin v22.6 - https:\/\/yoast.com\/wordpress\/plugins\/seo\/ -->\n<title>GNU Vulcollan - August Graef GNU<\/title>\n<meta name=\"description\" content=\"Plastique industriel haute performance GNU polystyr\u00e8ne cellulaire \u25ba bonne compressibilit\u00e9 \u2705 amortissement \u00e9lev\u00e9 des impacts haute performance\u2705 Informez-vous ici !\" \/>\n<meta name=\"robots\" content=\"index, follow, max-snippet:-1, max-image-preview:large, max-video-preview:-1\" \/>\n<link rel=\"canonical\" href=\"https:\/\/graef-gnu.com\/produkt\/zellvulkollan\/\" \/>\n<meta property=\"og:locale\" content=\"fr_FR\" \/>\n<meta property=\"og:type\" content=\"article\" \/>\n<meta property=\"og:title\" content=\"GNU Vulcollan - August Graef GNU\" \/>\n<meta property=\"og:description\" content=\"Plastique industriel haute performance GNU polystyr\u00e8ne cellulaire \u25ba bonne compressibilit\u00e9 \u2705 amortissement \u00e9lev\u00e9 des impacts haute performance\u2705 Informez-vous ici !\" \/>\n<meta property=\"og:url\" content=\"https:\/\/graef-gnu.com\/produkt\/zellvulkollan\/\" \/>\n<meta property=\"og:site_name\" content=\"August Graef GNU\" \/>\n<meta property=\"article:modified_time\" content=\"2021-11-01T16:42:33+00:00\" \/>\n<meta property=\"og:image\" content=\"https:\/\/graef-gnu.com\/wp-content\/uploads\/gnu_zellvulkollan.jpg\" \/>\n\t<meta property=\"og:image:width\" content=\"890\" \/>\n\t<meta property=\"og:image:height\" content=\"300\" \/>\n\t<meta property=\"og:image:type\" content=\"image\/jpeg\" \/>\n<meta name=\"twitter:card\" content=\"summary_large_image\" \/>\n<meta name=\"twitter:label1\" content=\"Dur\u00e9e de lecture estim\u00e9e\" \/>\n\t<meta name=\"twitter:data1\" content=\"1 minute\" \/>\n<script type=\"application\/ld+json\" class=\"yoast-schema-graph\">{\"@context\":\"https:\/\/schema.org\",\"@graph\":[{\"@type\":\"WebPage\",\"@id\":\"https:\/\/graef-gnu.com\/produkt\/zellvulkollan\/\",\"url\":\"https:\/\/graef-gnu.com\/produkt\/zellvulkollan\/\",\"name\":\"GNU Vulcollan - August Graef GNU\",\"isPartOf\":{\"@id\":\"https:\/\/graef-gnu.com\/#website\"},\"primaryImageOfPage\":{\"@id\":\"https:\/\/graef-gnu.com\/produkt\/zellvulkollan\/#primaryimage\"},\"image\":{\"@id\":\"https:\/\/graef-gnu.com\/produkt\/zellvulkollan\/#primaryimage\"},\"thumbnailUrl\":\"https:\/\/graef-gnu.com\/wp-content\/uploads\/gnu_zellvulkollan.jpg\",\"datePublished\":\"2021-10-05T08:49:31+00:00\",\"dateModified\":\"2021-11-01T16:42:33+00:00\",\"description\":\"Plastique industriel haute performance GNU polystyr\u00e8ne cellulaire \u25ba bonne compressibilit\u00e9 \u2705 amortissement \u00e9lev\u00e9 des impacts haute performance\u2705 Informez-vous ici !\",\"breadcrumb\":{\"@id\":\"https:\/\/graef-gnu.com\/produkt\/zellvulkollan\/#breadcrumb\"},\"inLanguage\":\"fr-FR\",\"potentialAction\":[{\"@type\":\"ReadAction\",\"target\":[\"https:\/\/graef-gnu.com\/produkt\/zellvulkollan\/\"]}]},{\"@type\":\"ImageObject\",\"inLanguage\":\"fr-FR\",\"@id\":\"https:\/\/graef-gnu.com\/produkt\/zellvulkollan\/#primaryimage\",\"url\":\"https:\/\/graef-gnu.com\/wp-content\/uploads\/gnu_zellvulkollan.jpg\",\"contentUrl\":\"https:\/\/graef-gnu.com\/wp-content\/uploads\/gnu_zellvulkollan.jpg\",\"width\":890,\"height\":300},{\"@type\":\"BreadcrumbList\",\"@id\":\"https:\/\/graef-gnu.com\/produkt\/zellvulkollan\/#breadcrumb\",\"itemListElement\":[{\"@type\":\"ListItem\",\"position\":1,\"name\":\"Startseite\",\"item\":\"https:\/\/graef-gnu.com\/fr\/\"},{\"@type\":\"ListItem\",\"position\":2,\"name\":\"Formes \u00e0 plat\",\"item\":\"https:\/\/graef-gnu.com\/fr\/formes-a-plat\/\"},{\"@type\":\"ListItem\",\"position\":3,\"name\":\"GNU Vulcollan\"}]},{\"@type\":\"WebSite\",\"@id\":\"https:\/\/graef-gnu.com\/#website\",\"url\":\"https:\/\/graef-gnu.com\/\",\"name\":\"August Graef GNU\",\"description\":\"\",\"potentialAction\":[{\"@type\":\"SearchAction\",\"target\":{\"@type\":\"EntryPoint\",\"urlTemplate\":\"https:\/\/graef-gnu.com\/?s={search_term_string}\"},\"query-input\":\"required name=search_term_string\"}],\"inLanguage\":\"fr-FR\"}]}<\/script>\n<!-- \/ Yoast SEO plugin. -->","yoast_head_json":{"title":"GNU Vulcollan - August Graef GNU","description":"Plastique industriel haute performance GNU polystyr\u00e8ne cellulaire \u25ba bonne compressibilit\u00e9 \u2705 amortissement \u00e9lev\u00e9 des impacts haute performance\u2705 Informez-vous ici !","robots":{"index":"index","follow":"follow","max-snippet":"max-snippet:-1","max-image-preview":"max-image-preview:large","max-video-preview":"max-video-preview:-1"},"canonical":"https:\/\/graef-gnu.com\/produkt\/zellvulkollan\/","og_locale":"fr_FR","og_type":"article","og_title":"GNU Vulcollan - August Graef GNU","og_description":"Plastique industriel haute performance GNU polystyr\u00e8ne cellulaire \u25ba bonne compressibilit\u00e9 \u2705 amortissement \u00e9lev\u00e9 des impacts haute performance\u2705 Informez-vous ici !","og_url":"https:\/\/graef-gnu.com\/produkt\/zellvulkollan\/","og_site_name":"August Graef GNU","article_modified_time":"2021-11-01T16:42:33+00:00","og_image":[{"width":890,"height":300,"url":"https:\/\/graef-gnu.com\/wp-content\/uploads\/gnu_zellvulkollan.jpg","type":"image\/jpeg"}],"twitter_card":"summary_large_image","twitter_misc":{"Dur\u00e9e de lecture estim\u00e9e":"1 minute"},"schema":{"@context":"https:\/\/schema.org","@graph":[{"@type":"WebPage","@id":"https:\/\/graef-gnu.com\/produkt\/zellvulkollan\/","url":"https:\/\/graef-gnu.com\/produkt\/zellvulkollan\/","name":"GNU Vulcollan - August Graef GNU","isPartOf":{"@id":"https:\/\/graef-gnu.com\/#website"},"primaryImageOfPage":{"@id":"https:\/\/graef-gnu.com\/produkt\/zellvulkollan\/#primaryimage"},"image":{"@id":"https:\/\/graef-gnu.com\/produkt\/zellvulkollan\/#primaryimage"},"thumbnailUrl":"https:\/\/graef-gnu.com\/wp-content\/uploads\/gnu_zellvulkollan.jpg","datePublished":"2021-10-05T08:49:31+00:00","dateModified":"2021-11-01T16:42:33+00:00","description":"Plastique industriel haute performance GNU polystyr\u00e8ne cellulaire \u25ba bonne compressibilit\u00e9 \u2705 amortissement \u00e9lev\u00e9 des impacts haute performance\u2705 Informez-vous ici !","breadcrumb":{"@id":"https:\/\/graef-gnu.com\/produkt\/zellvulkollan\/#breadcrumb"},"inLanguage":"fr-FR","potentialAction":[{"@type":"ReadAction","target":["https:\/\/graef-gnu.com\/produkt\/zellvulkollan\/"]}]},{"@type":"ImageObject","inLanguage":"fr-FR","@id":"https:\/\/graef-gnu.com\/produkt\/zellvulkollan\/#primaryimage","url":"https:\/\/graef-gnu.com\/wp-content\/uploads\/gnu_zellvulkollan.jpg","contentUrl":"https:\/\/graef-gnu.com\/wp-content\/uploads\/gnu_zellvulkollan.jpg","width":890,"height":300},{"@type":"BreadcrumbList","@id":"https:\/\/graef-gnu.com\/produkt\/zellvulkollan\/#breadcrumb","itemListElement":[{"@type":"ListItem","position":1,"name":"Startseite","item":"https:\/\/graef-gnu.com\/fr\/"},{"@type":"ListItem","position":2,"name":"Formes \u00e0 plat","item":"https:\/\/graef-gnu.com\/fr\/formes-a-plat\/"},{"@type":"ListItem","position":3,"name":"GNU Vulcollan"}]},{"@type":"WebSite","@id":"https:\/\/graef-gnu.com\/#website","url":"https:\/\/graef-gnu.com\/","name":"August Graef GNU","description":"","potentialAction":[{"@type":"SearchAction","target":{"@type":"EntryPoint","urlTemplate":"https:\/\/graef-gnu.com\/?s={search_term_string}"},"query-input":"required name=search_term_string"}],"inLanguage":"fr-FR"}]}},"_links":{"self":[{"href":"https:\/\/graef-gnu.com\/fr\/wp-json\/wp\/v2\/product\/136884","targetHints":{"allow":["GET"]}}],"collection":[{"href":"https:\/\/graef-gnu.com\/fr\/wp-json\/wp\/v2\/product"}],"about":[{"href":"https:\/\/graef-gnu.com\/fr\/wp-json\/wp\/v2\/types\/product"}],"wp:featuredmedia":[{"embeddable":true,"href":"https:\/\/graef-gnu.com\/fr\/wp-json\/wp\/v2\/media\/132810"}],"wp:attachment":[{"href":"https:\/\/graef-gnu.com\/fr\/wp-json\/wp\/v2\/media?parent=136884"}],"wp:term":[{"taxonomy":"product_cat","embeddable":true,"href":"https:\/\/graef-gnu.com\/fr\/wp-json\/wp\/v2\/product_cat?post=136884"},{"taxonomy":"product_tag","embeddable":true,"href":"https:\/\/graef-gnu.com\/fr\/wp-json\/wp\/v2\/product_tag?post=136884"}],"curies":[{"name":"wp","href":"https:\/\/api.w.org\/{rel}","templated":true}]}}