{"id":136969,"date":"2021-02-11T11:04:28","date_gmt":"2021-10-05T08:49:36","guid":{"rendered":"https:\/\/www.graef-gnu.com\/produkt\/gnu-a1\/"},"modified":"2021-10-05T11:01:50","modified_gmt":"2021-10-05T09:01:50","slug":"gnu-a1","status":"publish","type":"product","link":"https:\/\/graef-gnu.com\/fr\/produkt\/gnu-a1\/","title":{"rendered":"GNU A1"},"content":{"rendered":"<p>Le bord comprim\u00e9 du GNU A1 donne \u00e0 la feuille d\u00e9coup\u00e9e une plus grande surface de contact, ce qui prot\u00e8ge l&#8217;encre sur les surfaces d\u00e9coup\u00e9es et emp\u00eache les rev\u00eatements sup\u00e9rieurs du plafond de se fissurer. Il en r\u00e9sulte des bords de coupe propres et pr\u00e9cis. Le GNU A1 est certifi\u00e9 s\u00fbr pour la production de bo\u00eetes pliantes destin\u00e9es \u00e0 l&#8217;alimentation.<\/p>\n","protected":false},"excerpt":{"rendered":"<p>Le bord comprim\u00e9 du GNU A1 donne \u00e0 la feuille d\u00e9coup\u00e9e une plus grande surface de contact, ce qui prot\u00e8ge l&#8217;encre sur les surfaces d\u00e9coup\u00e9es et emp\u00eache les rev\u00eatements sup\u00e9rieurs du plafond de se fissurer.<\/p>\n","protected":false},"featured_media":132816,"template":"","meta":{"_acf_changed":false},"product_cat":[6709],"product_tag":[],"class_list":{"0":"post-136969","1":"product","2":"type-product","3":"status-publish","4":"has-post-thumbnail","6":"product_group-profiles-fr","7":"product_cat-materiaux-dejection","8":"pa_ablaengung-a-1-m-fr","9":"pa_ablaengung-rouleau","10":"pa_hoehe-10-mm-fr-2","11":"pa_hoehe-10-mm-fr-3","12":"pa_hoehe-105-mm-fr","13":"pa_profilbreite-10-mm-fr","14":"pa_profilbreite-105-mm-fr","15":"pa_profilbreite-85-mm-fr","17":"first","18":"instock","19":"purchasable","20":"product-type-variable"},"acf":[],"yoast_head":"<!-- This site is optimized with the Yoast SEO plugin v22.6 - https:\/\/yoast.com\/wordpress\/plugins\/seo\/ -->\n<title>GNU A1 - August Graef GNU<\/title>\n<meta name=\"description\" content=\"Bord de sertissage GNU A1 pour des bords de coupe propres et pr\u00e9cis \u25ba emp\u00eache la fissuration du rev\u00eatement sup\u00e9rieur du plafond \u2705 Informez-vous ici !\" \/>\n<meta name=\"robots\" content=\"index, follow, max-snippet:-1, max-image-preview:large, max-video-preview:-1\" \/>\n<link rel=\"canonical\" href=\"https:\/\/graef-gnu.com\/produkt\/gnu-a1\/\" \/>\n<meta property=\"og:locale\" content=\"fr_FR\" \/>\n<meta property=\"og:type\" content=\"article\" \/>\n<meta property=\"og:title\" content=\"GNU A1 - August Graef GNU\" \/>\n<meta property=\"og:description\" content=\"Bord de sertissage GNU A1 pour des bords de coupe propres et pr\u00e9cis \u25ba emp\u00eache la fissuration du rev\u00eatement sup\u00e9rieur du plafond \u2705 Informez-vous ici !\" \/>\n<meta property=\"og:url\" content=\"https:\/\/graef-gnu.com\/produkt\/gnu-a1\/\" \/>\n<meta property=\"og:site_name\" content=\"August Graef GNU\" \/>\n<meta property=\"article:modified_time\" content=\"2021-10-05T09:01:50+00:00\" \/>\n<meta property=\"og:image\" content=\"https:\/\/graef-gnu.com\/wp-content\/uploads\/gnu_a1_b2_c3.jpg\" \/>\n\t<meta property=\"og:image:width\" content=\"890\" \/>\n\t<meta property=\"og:image:height\" content=\"300\" \/>\n\t<meta property=\"og:image:type\" content=\"image\/jpeg\" \/>\n<meta name=\"twitter:card\" content=\"summary_large_image\" \/>\n<script type=\"application\/ld+json\" class=\"yoast-schema-graph\">{\"@context\":\"https:\/\/schema.org\",\"@graph\":[{\"@type\":\"WebPage\",\"@id\":\"https:\/\/graef-gnu.com\/produkt\/gnu-a1\/\",\"url\":\"https:\/\/graef-gnu.com\/produkt\/gnu-a1\/\",\"name\":\"GNU A1 - August Graef GNU\",\"isPartOf\":{\"@id\":\"https:\/\/graef-gnu.com\/#website\"},\"primaryImageOfPage\":{\"@id\":\"https:\/\/graef-gnu.com\/produkt\/gnu-a1\/#primaryimage\"},\"image\":{\"@id\":\"https:\/\/graef-gnu.com\/produkt\/gnu-a1\/#primaryimage\"},\"thumbnailUrl\":\"https:\/\/graef-gnu.com\/wp-content\/uploads\/gnu_a1_b2_c3.jpg\",\"datePublished\":\"2021-10-05T08:49:36+00:00\",\"dateModified\":\"2021-10-05T09:01:50+00:00\",\"description\":\"Bord de sertissage GNU A1 pour des bords de coupe propres et pr\u00e9cis \u25ba emp\u00eache la fissuration du rev\u00eatement sup\u00e9rieur du plafond \u2705 Informez-vous ici !\",\"breadcrumb\":{\"@id\":\"https:\/\/graef-gnu.com\/produkt\/gnu-a1\/#breadcrumb\"},\"inLanguage\":\"fr-FR\",\"potentialAction\":[{\"@type\":\"ReadAction\",\"target\":[\"https:\/\/graef-gnu.com\/produkt\/gnu-a1\/\"]}]},{\"@type\":\"ImageObject\",\"inLanguage\":\"fr-FR\",\"@id\":\"https:\/\/graef-gnu.com\/produkt\/gnu-a1\/#primaryimage\",\"url\":\"https:\/\/graef-gnu.com\/wp-content\/uploads\/gnu_a1_b2_c3.jpg\",\"contentUrl\":\"https:\/\/graef-gnu.com\/wp-content\/uploads\/gnu_a1_b2_c3.jpg\",\"width\":890,\"height\":300},{\"@type\":\"BreadcrumbList\",\"@id\":\"https:\/\/graef-gnu.com\/produkt\/gnu-a1\/#breadcrumb\",\"itemListElement\":[{\"@type\":\"ListItem\",\"position\":1,\"name\":\"Startseite\",\"item\":\"https:\/\/graef-gnu.com\/fr\/\"},{\"@type\":\"ListItem\",\"position\":2,\"name\":\"Formes \u00e0 plat\",\"item\":\"https:\/\/graef-gnu.com\/fr\/formes-a-plat\/\"},{\"@type\":\"ListItem\",\"position\":3,\"name\":\"GNU A1\"}]},{\"@type\":\"WebSite\",\"@id\":\"https:\/\/graef-gnu.com\/#website\",\"url\":\"https:\/\/graef-gnu.com\/\",\"name\":\"August Graef GNU\",\"description\":\"\",\"potentialAction\":[{\"@type\":\"SearchAction\",\"target\":{\"@type\":\"EntryPoint\",\"urlTemplate\":\"https:\/\/graef-gnu.com\/?s={search_term_string}\"},\"query-input\":\"required name=search_term_string\"}],\"inLanguage\":\"fr-FR\"}]}<\/script>\n<!-- \/ Yoast SEO plugin. -->","yoast_head_json":{"title":"GNU A1 - August Graef GNU","description":"Bord de sertissage GNU A1 pour des bords de coupe propres et pr\u00e9cis \u25ba emp\u00eache la fissuration du rev\u00eatement sup\u00e9rieur du plafond \u2705 Informez-vous ici !","robots":{"index":"index","follow":"follow","max-snippet":"max-snippet:-1","max-image-preview":"max-image-preview:large","max-video-preview":"max-video-preview:-1"},"canonical":"https:\/\/graef-gnu.com\/produkt\/gnu-a1\/","og_locale":"fr_FR","og_type":"article","og_title":"GNU A1 - August Graef GNU","og_description":"Bord de sertissage GNU A1 pour des bords de coupe propres et pr\u00e9cis \u25ba emp\u00eache la fissuration du rev\u00eatement sup\u00e9rieur du plafond \u2705 Informez-vous ici !","og_url":"https:\/\/graef-gnu.com\/produkt\/gnu-a1\/","og_site_name":"August Graef GNU","article_modified_time":"2021-10-05T09:01:50+00:00","og_image":[{"width":890,"height":300,"url":"https:\/\/graef-gnu.com\/wp-content\/uploads\/gnu_a1_b2_c3.jpg","type":"image\/jpeg"}],"twitter_card":"summary_large_image","schema":{"@context":"https:\/\/schema.org","@graph":[{"@type":"WebPage","@id":"https:\/\/graef-gnu.com\/produkt\/gnu-a1\/","url":"https:\/\/graef-gnu.com\/produkt\/gnu-a1\/","name":"GNU A1 - August Graef GNU","isPartOf":{"@id":"https:\/\/graef-gnu.com\/#website"},"primaryImageOfPage":{"@id":"https:\/\/graef-gnu.com\/produkt\/gnu-a1\/#primaryimage"},"image":{"@id":"https:\/\/graef-gnu.com\/produkt\/gnu-a1\/#primaryimage"},"thumbnailUrl":"https:\/\/graef-gnu.com\/wp-content\/uploads\/gnu_a1_b2_c3.jpg","datePublished":"2021-10-05T08:49:36+00:00","dateModified":"2021-10-05T09:01:50+00:00","description":"Bord de sertissage GNU A1 pour des bords de coupe propres et pr\u00e9cis \u25ba emp\u00eache la fissuration du rev\u00eatement sup\u00e9rieur du plafond \u2705 Informez-vous ici !","breadcrumb":{"@id":"https:\/\/graef-gnu.com\/produkt\/gnu-a1\/#breadcrumb"},"inLanguage":"fr-FR","potentialAction":[{"@type":"ReadAction","target":["https:\/\/graef-gnu.com\/produkt\/gnu-a1\/"]}]},{"@type":"ImageObject","inLanguage":"fr-FR","@id":"https:\/\/graef-gnu.com\/produkt\/gnu-a1\/#primaryimage","url":"https:\/\/graef-gnu.com\/wp-content\/uploads\/gnu_a1_b2_c3.jpg","contentUrl":"https:\/\/graef-gnu.com\/wp-content\/uploads\/gnu_a1_b2_c3.jpg","width":890,"height":300},{"@type":"BreadcrumbList","@id":"https:\/\/graef-gnu.com\/produkt\/gnu-a1\/#breadcrumb","itemListElement":[{"@type":"ListItem","position":1,"name":"Startseite","item":"https:\/\/graef-gnu.com\/fr\/"},{"@type":"ListItem","position":2,"name":"Formes \u00e0 plat","item":"https:\/\/graef-gnu.com\/fr\/formes-a-plat\/"},{"@type":"ListItem","position":3,"name":"GNU A1"}]},{"@type":"WebSite","@id":"https:\/\/graef-gnu.com\/#website","url":"https:\/\/graef-gnu.com\/","name":"August Graef GNU","description":"","potentialAction":[{"@type":"SearchAction","target":{"@type":"EntryPoint","urlTemplate":"https:\/\/graef-gnu.com\/?s={search_term_string}"},"query-input":"required name=search_term_string"}],"inLanguage":"fr-FR"}]}},"_links":{"self":[{"href":"https:\/\/graef-gnu.com\/fr\/wp-json\/wp\/v2\/product\/136969","targetHints":{"allow":["GET"]}}],"collection":[{"href":"https:\/\/graef-gnu.com\/fr\/wp-json\/wp\/v2\/product"}],"about":[{"href":"https:\/\/graef-gnu.com\/fr\/wp-json\/wp\/v2\/types\/product"}],"wp:featuredmedia":[{"embeddable":true,"href":"https:\/\/graef-gnu.com\/fr\/wp-json\/wp\/v2\/media\/132816"}],"wp:attachment":[{"href":"https:\/\/graef-gnu.com\/fr\/wp-json\/wp\/v2\/media?parent=136969"}],"wp:term":[{"taxonomy":"product_cat","embeddable":true,"href":"https:\/\/graef-gnu.com\/fr\/wp-json\/wp\/v2\/product_cat?post=136969"},{"taxonomy":"product_tag","embeddable":true,"href":"https:\/\/graef-gnu.com\/fr\/wp-json\/wp\/v2\/product_tag?post=136969"}],"curies":[{"name":"wp","href":"https:\/\/api.w.org\/{rel}","templated":true}]}}