{"id":136981,"date":"2021-02-11T11:07:03","date_gmt":"2021-10-05T08:49:37","guid":{"rendered":"https:\/\/www.graef-gnu.com\/produkt\/gnu-pentramaxplus\/"},"modified":"2021-10-05T11:02:18","modified_gmt":"2021-10-05T09:02:18","slug":"gnu-pentramaxplus","status":"publish","type":"product","link":"https:\/\/graef-gnu.com\/fr\/produkt\/gnu-pentramaxplus\/","title":{"rendered":"GNU PentraMaxPlus"},"content":{"rendered":"<p>Les GNU PentraMax Plus sont des cartons en papier dur avec une surface double face renforc\u00e9e de fibres de verre.<br \/>\nCette surface en fibre de verre particuli\u00e8rement \u00e9paisse permet des processus de poin\u00e7onnage avec un support tr\u00e8s \u00e9lev\u00e9 et contribue \u00e0 emp\u00eacher l&#8217;effilochage par le cutter.<\/p>\n<p>&nbsp;<\/p>\n","protected":false},"excerpt":{"rendered":"<p>Les GNU PentraMax Plus sont des cartons en papier dur avec une surface double face renforc\u00e9e de fibres de verre.<\/p>\n","protected":false},"featured_media":132841,"template":"","meta":{"_acf_changed":false},"product_cat":[6732],"product_tag":[],"class_list":{"0":"post-136981","1":"product","2":"type-product","3":"status-publish","4":"has-post-thumbnail","6":"product_group-pentramax-fr","7":"product_cat-matrice-de-crepage-et-materiau-de-contre-crepage","8":"pa_dimension-115-m-fr","9":"pa_hoehe-03-mm-fr","10":"pa_hoehe-04-mm-fr","11":"pa_hoehe-05-mm-fr","12":"pa_hoehe-055-mm-fr","13":"pa_hoehe-06-mm-fr","14":"pa_hoehe-065-mm-fr","15":"pa_hoehe-07-mm-fr","16":"pa_hoehe-08-mm-fr","17":"pa_hoehe-09-mm-fr","18":"pa_hoehe-10-mm-fr","19":"pa_hoehe-11-mm-fr-2","21":"first","22":"instock","23":"purchasable","24":"product-type-variable"},"acf":[],"yoast_head":"<!-- This site is optimized with the Yoast SEO plugin v22.6 - https:\/\/yoast.com\/wordpress\/plugins\/seo\/ -->\n<title>GNU PentraMaxPlus - August Graef GNU<\/title>\n<meta name=\"description\" content=\"Les cartons de papier dur avec une surface double face renforc\u00e9e de fibres de verre\u2705 permettent des processus de d\u00e9coupe \u00e0 tr\u00e8s haute circulation \u2705 En savoir plus ici !\" \/>\n<meta name=\"robots\" content=\"index, follow, max-snippet:-1, max-image-preview:large, max-video-preview:-1\" \/>\n<link rel=\"canonical\" href=\"https:\/\/graef-gnu.com\/produkt\/gnu-pentramaxplus\/\" \/>\n<meta property=\"og:locale\" content=\"fr_FR\" \/>\n<meta property=\"og:type\" content=\"article\" \/>\n<meta property=\"og:title\" content=\"GNU PentraMaxPlus - August Graef GNU\" \/>\n<meta property=\"og:description\" content=\"Les cartons de papier dur avec une surface double face renforc\u00e9e de fibres de verre\u2705 permettent des processus de d\u00e9coupe \u00e0 tr\u00e8s haute circulation \u2705 En savoir plus ici !\" \/>\n<meta property=\"og:url\" content=\"https:\/\/graef-gnu.com\/produkt\/gnu-pentramaxplus\/\" \/>\n<meta property=\"og:site_name\" content=\"August Graef GNU\" \/>\n<meta property=\"article:modified_time\" content=\"2021-10-05T09:02:18+00:00\" \/>\n<meta property=\"og:image\" content=\"https:\/\/graef-gnu.com\/wp-content\/uploads\/gnu_pentra_max_plus.jpg\" \/>\n\t<meta property=\"og:image:width\" content=\"890\" \/>\n\t<meta property=\"og:image:height\" content=\"300\" \/>\n\t<meta property=\"og:image:type\" content=\"image\/jpeg\" \/>\n<meta name=\"twitter:card\" content=\"summary_large_image\" \/>\n<script type=\"application\/ld+json\" class=\"yoast-schema-graph\">{\"@context\":\"https:\/\/schema.org\",\"@graph\":[{\"@type\":\"WebPage\",\"@id\":\"https:\/\/graef-gnu.com\/produkt\/gnu-pentramaxplus\/\",\"url\":\"https:\/\/graef-gnu.com\/produkt\/gnu-pentramaxplus\/\",\"name\":\"GNU PentraMaxPlus - August Graef GNU\",\"isPartOf\":{\"@id\":\"https:\/\/graef-gnu.com\/#website\"},\"primaryImageOfPage\":{\"@id\":\"https:\/\/graef-gnu.com\/produkt\/gnu-pentramaxplus\/#primaryimage\"},\"image\":{\"@id\":\"https:\/\/graef-gnu.com\/produkt\/gnu-pentramaxplus\/#primaryimage\"},\"thumbnailUrl\":\"https:\/\/graef-gnu.com\/wp-content\/uploads\/gnu_pentra_max_plus.jpg\",\"datePublished\":\"2021-10-05T08:49:37+00:00\",\"dateModified\":\"2021-10-05T09:02:18+00:00\",\"description\":\"Les cartons de papier dur avec une surface double face renforc\u00e9e de fibres de verre\u2705 permettent des processus de d\u00e9coupe \u00e0 tr\u00e8s haute circulation \u2705 En savoir plus ici !\",\"breadcrumb\":{\"@id\":\"https:\/\/graef-gnu.com\/produkt\/gnu-pentramaxplus\/#breadcrumb\"},\"inLanguage\":\"fr-FR\",\"potentialAction\":[{\"@type\":\"ReadAction\",\"target\":[\"https:\/\/graef-gnu.com\/produkt\/gnu-pentramaxplus\/\"]}]},{\"@type\":\"ImageObject\",\"inLanguage\":\"fr-FR\",\"@id\":\"https:\/\/graef-gnu.com\/produkt\/gnu-pentramaxplus\/#primaryimage\",\"url\":\"https:\/\/graef-gnu.com\/wp-content\/uploads\/gnu_pentra_max_plus.jpg\",\"contentUrl\":\"https:\/\/graef-gnu.com\/wp-content\/uploads\/gnu_pentra_max_plus.jpg\",\"width\":890,\"height\":300},{\"@type\":\"BreadcrumbList\",\"@id\":\"https:\/\/graef-gnu.com\/produkt\/gnu-pentramaxplus\/#breadcrumb\",\"itemListElement\":[{\"@type\":\"ListItem\",\"position\":1,\"name\":\"Startseite\",\"item\":\"https:\/\/graef-gnu.com\/fr\/\"},{\"@type\":\"ListItem\",\"position\":2,\"name\":\"Formes \u00e0 plat\",\"item\":\"https:\/\/graef-gnu.com\/fr\/formes-a-plat\/\"},{\"@type\":\"ListItem\",\"position\":3,\"name\":\"GNU PentraMaxPlus\"}]},{\"@type\":\"WebSite\",\"@id\":\"https:\/\/graef-gnu.com\/#website\",\"url\":\"https:\/\/graef-gnu.com\/\",\"name\":\"August Graef GNU\",\"description\":\"\",\"potentialAction\":[{\"@type\":\"SearchAction\",\"target\":{\"@type\":\"EntryPoint\",\"urlTemplate\":\"https:\/\/graef-gnu.com\/?s={search_term_string}\"},\"query-input\":\"required name=search_term_string\"}],\"inLanguage\":\"fr-FR\"}]}<\/script>\n<!-- \/ Yoast SEO plugin. -->","yoast_head_json":{"title":"GNU PentraMaxPlus - August Graef GNU","description":"Les cartons de papier dur avec une surface double face renforc\u00e9e de fibres de verre\u2705 permettent des processus de d\u00e9coupe \u00e0 tr\u00e8s haute circulation \u2705 En savoir plus ici !","robots":{"index":"index","follow":"follow","max-snippet":"max-snippet:-1","max-image-preview":"max-image-preview:large","max-video-preview":"max-video-preview:-1"},"canonical":"https:\/\/graef-gnu.com\/produkt\/gnu-pentramaxplus\/","og_locale":"fr_FR","og_type":"article","og_title":"GNU PentraMaxPlus - August Graef GNU","og_description":"Les cartons de papier dur avec une surface double face renforc\u00e9e de fibres de verre\u2705 permettent des processus de d\u00e9coupe \u00e0 tr\u00e8s haute circulation \u2705 En savoir plus ici !","og_url":"https:\/\/graef-gnu.com\/produkt\/gnu-pentramaxplus\/","og_site_name":"August Graef GNU","article_modified_time":"2021-10-05T09:02:18+00:00","og_image":[{"width":890,"height":300,"url":"https:\/\/graef-gnu.com\/wp-content\/uploads\/gnu_pentra_max_plus.jpg","type":"image\/jpeg"}],"twitter_card":"summary_large_image","schema":{"@context":"https:\/\/schema.org","@graph":[{"@type":"WebPage","@id":"https:\/\/graef-gnu.com\/produkt\/gnu-pentramaxplus\/","url":"https:\/\/graef-gnu.com\/produkt\/gnu-pentramaxplus\/","name":"GNU PentraMaxPlus - August Graef GNU","isPartOf":{"@id":"https:\/\/graef-gnu.com\/#website"},"primaryImageOfPage":{"@id":"https:\/\/graef-gnu.com\/produkt\/gnu-pentramaxplus\/#primaryimage"},"image":{"@id":"https:\/\/graef-gnu.com\/produkt\/gnu-pentramaxplus\/#primaryimage"},"thumbnailUrl":"https:\/\/graef-gnu.com\/wp-content\/uploads\/gnu_pentra_max_plus.jpg","datePublished":"2021-10-05T08:49:37+00:00","dateModified":"2021-10-05T09:02:18+00:00","description":"Les cartons de papier dur avec une surface double face renforc\u00e9e de fibres de verre\u2705 permettent des processus de d\u00e9coupe \u00e0 tr\u00e8s haute circulation \u2705 En savoir plus ici !","breadcrumb":{"@id":"https:\/\/graef-gnu.com\/produkt\/gnu-pentramaxplus\/#breadcrumb"},"inLanguage":"fr-FR","potentialAction":[{"@type":"ReadAction","target":["https:\/\/graef-gnu.com\/produkt\/gnu-pentramaxplus\/"]}]},{"@type":"ImageObject","inLanguage":"fr-FR","@id":"https:\/\/graef-gnu.com\/produkt\/gnu-pentramaxplus\/#primaryimage","url":"https:\/\/graef-gnu.com\/wp-content\/uploads\/gnu_pentra_max_plus.jpg","contentUrl":"https:\/\/graef-gnu.com\/wp-content\/uploads\/gnu_pentra_max_plus.jpg","width":890,"height":300},{"@type":"BreadcrumbList","@id":"https:\/\/graef-gnu.com\/produkt\/gnu-pentramaxplus\/#breadcrumb","itemListElement":[{"@type":"ListItem","position":1,"name":"Startseite","item":"https:\/\/graef-gnu.com\/fr\/"},{"@type":"ListItem","position":2,"name":"Formes \u00e0 plat","item":"https:\/\/graef-gnu.com\/fr\/formes-a-plat\/"},{"@type":"ListItem","position":3,"name":"GNU PentraMaxPlus"}]},{"@type":"WebSite","@id":"https:\/\/graef-gnu.com\/#website","url":"https:\/\/graef-gnu.com\/","name":"August Graef GNU","description":"","potentialAction":[{"@type":"SearchAction","target":{"@type":"EntryPoint","urlTemplate":"https:\/\/graef-gnu.com\/?s={search_term_string}"},"query-input":"required name=search_term_string"}],"inLanguage":"fr-FR"}]}},"_links":{"self":[{"href":"https:\/\/graef-gnu.com\/fr\/wp-json\/wp\/v2\/product\/136981","targetHints":{"allow":["GET"]}}],"collection":[{"href":"https:\/\/graef-gnu.com\/fr\/wp-json\/wp\/v2\/product"}],"about":[{"href":"https:\/\/graef-gnu.com\/fr\/wp-json\/wp\/v2\/types\/product"}],"wp:featuredmedia":[{"embeddable":true,"href":"https:\/\/graef-gnu.com\/fr\/wp-json\/wp\/v2\/media\/132841"}],"wp:attachment":[{"href":"https:\/\/graef-gnu.com\/fr\/wp-json\/wp\/v2\/media?parent=136981"}],"wp:term":[{"taxonomy":"product_cat","embeddable":true,"href":"https:\/\/graef-gnu.com\/fr\/wp-json\/wp\/v2\/product_cat?post=136981"},{"taxonomy":"product_tag","embeddable":true,"href":"https:\/\/graef-gnu.com\/fr\/wp-json\/wp\/v2\/product_tag?post=136981"}],"curies":[{"name":"wp","href":"https:\/\/api.w.org\/{rel}","templated":true}]}}