{"id":137107,"date":"2021-02-11T11:08:01","date_gmt":"2021-10-05T08:49:41","guid":{"rendered":"https:\/\/www.graef-gnu.com\/produkt\/creasetec-micro-r\/"},"modified":"2021-10-05T11:02:47","modified_gmt":"2021-10-05T09:02:47","slug":"creasetec-micro-r","status":"publish","type":"product","link":"https:\/\/graef-gnu.com\/fr\/produkt\/creasetec-micro-r\/","title":{"rendered":"Creasetec<sup>&reg;<\/sup>-Micro R"},"content":{"rendered":"<p>Creasetec<sup>&reg;<\/sup>-Micro R est une r\u00e8gle de rainage perfor\u00e9e qui donne au mat\u00e9riau \u00e0 d\u00e9couper plus d&#8217;espace pour se d\u00e9ployer et emp\u00eache la couche sup\u00e9rieure de se fissurer. Id\u00e9al pour le traitement dans la machine \u00e0 coller les bo\u00eetes pliantes. \u00c9galement disponible en version courb\u00e9e dans tous les diam\u00e8tres.<\/p>\n","protected":false},"excerpt":{"rendered":"<p>Creasetec<sup>&reg;<\/sup>-Micro R est une r\u00e8gle de rainage perfor\u00e9e qui donne au mat\u00e9riau \u00e0 d\u00e9couper plus d&#8217;espace pour se d\u00e9ployer et emp\u00eache la couche sup\u00e9rieure de se fissurer. Id\u00e9al pour le traitement dans la machine \u00e0 coller les bo\u00eetes pliantes.<\/p>\n","protected":false},"featured_media":132872,"template":"","meta":{"_acf_changed":false},"product_cat":[6717],"product_tag":[],"class_list":{"0":"post-137107","1":"product","2":"type-product","3":"status-publish","4":"has-post-thumbnail","6":"product_group-rainurer","7":"product_cat-poinconnage-rotatif","8":"pa_ablaengung-sur-lanneau","9":"pa_hoehe-220-mm-fr","10":"pa_hoehe-222-mm-fr","11":"pa_hoehe-224-mm-fr","12":"pa_hoehe-226-mm-fr","13":"pa_hoehe-228-mm-fr","14":"pa_hoehe-230-mm-fr","15":"pa_hoehe-231-mm-fr","16":"pa_hoehe-232-mm-fr","17":"pa_hoehe-238-mm-fr","18":"pa_hoehe-240-mm-fr","19":"pa_nuten-avec-encoches","20":"pa_nuten-n-a-fr","21":"pa_staerke-breite-142-mm-fr","22":"pa_wicklung-durchmesser-366-mm-fr","23":"pa_wicklung-durchmesser-487-mm-fr","25":"first","26":"instock","27":"purchasable","28":"product-type-variable"},"acf":[],"yoast_head":"<!-- This site is optimized with the Yoast SEO plugin v22.6 - https:\/\/yoast.com\/wordpress\/plugins\/seo\/ -->\n<title>Creasetec&reg;-Micro R - August Graef GNU<\/title>\n<meta name=\"description\" content=\"Ligne de rainage perfor\u00e9e pour le traitement dans la machine \u00e0 coller les bo\u00eetes pliantes \u2705 Permet de laisser plus d&#039;espace au mat\u00e9riau \u00e0 perforer pour se d\u00e9plier &amp; emp\u00eache la couche sup\u00e9rieure de se briser \u2705.\" \/>\n<meta name=\"robots\" content=\"index, follow, max-snippet:-1, max-image-preview:large, max-video-preview:-1\" \/>\n<link rel=\"canonical\" href=\"https:\/\/graef-gnu.com\/produkt\/creasetec-micro-r\/\" \/>\n<meta property=\"og:locale\" content=\"fr_FR\" \/>\n<meta property=\"og:type\" content=\"article\" \/>\n<meta property=\"og:title\" content=\"Creasetec&reg;-Micro R - August Graef GNU\" \/>\n<meta property=\"og:description\" content=\"Ligne de rainage perfor\u00e9e pour le traitement dans la machine \u00e0 coller les bo\u00eetes pliantes \u2705 Permet de laisser plus d&#039;espace au mat\u00e9riau \u00e0 perforer pour se d\u00e9plier &amp; emp\u00eache la couche sup\u00e9rieure de se briser \u2705.\" \/>\n<meta property=\"og:url\" content=\"https:\/\/graef-gnu.com\/produkt\/creasetec-micro-r\/\" \/>\n<meta property=\"og:site_name\" content=\"August Graef GNU\" \/>\n<meta property=\"article:modified_time\" content=\"2021-10-05T09:02:47+00:00\" \/>\n<meta property=\"og:image\" content=\"https:\/\/graef-gnu.com\/wp-content\/uploads\/gnu-creastec-micro.png\" \/>\n\t<meta property=\"og:image:width\" content=\"890\" \/>\n\t<meta property=\"og:image:height\" content=\"300\" \/>\n\t<meta property=\"og:image:type\" content=\"image\/png\" \/>\n<meta name=\"twitter:card\" content=\"summary_large_image\" \/>\n<script type=\"application\/ld+json\" class=\"yoast-schema-graph\">{\"@context\":\"https:\/\/schema.org\",\"@graph\":[{\"@type\":\"WebPage\",\"@id\":\"https:\/\/graef-gnu.com\/produkt\/creasetec-micro-r\/\",\"url\":\"https:\/\/graef-gnu.com\/produkt\/creasetec-micro-r\/\",\"name\":\"Creasetec&reg;-Micro R - August Graef GNU\",\"isPartOf\":{\"@id\":\"https:\/\/graef-gnu.com\/#website\"},\"primaryImageOfPage\":{\"@id\":\"https:\/\/graef-gnu.com\/produkt\/creasetec-micro-r\/#primaryimage\"},\"image\":{\"@id\":\"https:\/\/graef-gnu.com\/produkt\/creasetec-micro-r\/#primaryimage\"},\"thumbnailUrl\":\"https:\/\/graef-gnu.com\/wp-content\/uploads\/gnu-creastec-micro.png\",\"datePublished\":\"2021-10-05T08:49:41+00:00\",\"dateModified\":\"2021-10-05T09:02:47+00:00\",\"description\":\"Ligne de rainage perfor\u00e9e pour le traitement dans la machine \u00e0 coller les bo\u00eetes pliantes \u2705 Permet de laisser plus d'espace au mat\u00e9riau \u00e0 perforer pour se d\u00e9plier & emp\u00eache la couche sup\u00e9rieure de se briser \u2705.\",\"breadcrumb\":{\"@id\":\"https:\/\/graef-gnu.com\/produkt\/creasetec-micro-r\/#breadcrumb\"},\"inLanguage\":\"fr-FR\",\"potentialAction\":[{\"@type\":\"ReadAction\",\"target\":[\"https:\/\/graef-gnu.com\/produkt\/creasetec-micro-r\/\"]}]},{\"@type\":\"ImageObject\",\"inLanguage\":\"fr-FR\",\"@id\":\"https:\/\/graef-gnu.com\/produkt\/creasetec-micro-r\/#primaryimage\",\"url\":\"https:\/\/graef-gnu.com\/wp-content\/uploads\/gnu-creastec-micro.png\",\"contentUrl\":\"https:\/\/graef-gnu.com\/wp-content\/uploads\/gnu-creastec-micro.png\",\"width\":890,\"height\":300},{\"@type\":\"BreadcrumbList\",\"@id\":\"https:\/\/graef-gnu.com\/produkt\/creasetec-micro-r\/#breadcrumb\",\"itemListElement\":[{\"@type\":\"ListItem\",\"position\":1,\"name\":\"Startseite\",\"item\":\"https:\/\/graef-gnu.com\/fr\/\"},{\"@type\":\"ListItem\",\"position\":2,\"name\":\"Formes \u00e0 plat\",\"item\":\"https:\/\/graef-gnu.com\/fr\/formes-a-plat\/\"},{\"@type\":\"ListItem\",\"position\":3,\"name\":\"Creasetec&reg;-Micro R\"}]},{\"@type\":\"WebSite\",\"@id\":\"https:\/\/graef-gnu.com\/#website\",\"url\":\"https:\/\/graef-gnu.com\/\",\"name\":\"August Graef GNU\",\"description\":\"\",\"potentialAction\":[{\"@type\":\"SearchAction\",\"target\":{\"@type\":\"EntryPoint\",\"urlTemplate\":\"https:\/\/graef-gnu.com\/?s={search_term_string}\"},\"query-input\":\"required name=search_term_string\"}],\"inLanguage\":\"fr-FR\"}]}<\/script>\n<!-- \/ Yoast SEO plugin. -->","yoast_head_json":{"title":"Creasetec&reg;-Micro R - August Graef GNU","description":"Ligne de rainage perfor\u00e9e pour le traitement dans la machine \u00e0 coller les bo\u00eetes pliantes \u2705 Permet de laisser plus d'espace au mat\u00e9riau \u00e0 perforer pour se d\u00e9plier & emp\u00eache la couche sup\u00e9rieure de se briser \u2705.","robots":{"index":"index","follow":"follow","max-snippet":"max-snippet:-1","max-image-preview":"max-image-preview:large","max-video-preview":"max-video-preview:-1"},"canonical":"https:\/\/graef-gnu.com\/produkt\/creasetec-micro-r\/","og_locale":"fr_FR","og_type":"article","og_title":"Creasetec&reg;-Micro R - August Graef GNU","og_description":"Ligne de rainage perfor\u00e9e pour le traitement dans la machine \u00e0 coller les bo\u00eetes pliantes \u2705 Permet de laisser plus d'espace au mat\u00e9riau \u00e0 perforer pour se d\u00e9plier & emp\u00eache la couche sup\u00e9rieure de se briser \u2705.","og_url":"https:\/\/graef-gnu.com\/produkt\/creasetec-micro-r\/","og_site_name":"August Graef GNU","article_modified_time":"2021-10-05T09:02:47+00:00","og_image":[{"width":890,"height":300,"url":"https:\/\/graef-gnu.com\/wp-content\/uploads\/gnu-creastec-micro.png","type":"image\/png"}],"twitter_card":"summary_large_image","schema":{"@context":"https:\/\/schema.org","@graph":[{"@type":"WebPage","@id":"https:\/\/graef-gnu.com\/produkt\/creasetec-micro-r\/","url":"https:\/\/graef-gnu.com\/produkt\/creasetec-micro-r\/","name":"Creasetec&reg;-Micro R - August Graef GNU","isPartOf":{"@id":"https:\/\/graef-gnu.com\/#website"},"primaryImageOfPage":{"@id":"https:\/\/graef-gnu.com\/produkt\/creasetec-micro-r\/#primaryimage"},"image":{"@id":"https:\/\/graef-gnu.com\/produkt\/creasetec-micro-r\/#primaryimage"},"thumbnailUrl":"https:\/\/graef-gnu.com\/wp-content\/uploads\/gnu-creastec-micro.png","datePublished":"2021-10-05T08:49:41+00:00","dateModified":"2021-10-05T09:02:47+00:00","description":"Ligne de rainage perfor\u00e9e pour le traitement dans la machine \u00e0 coller les bo\u00eetes pliantes \u2705 Permet de laisser plus d'espace au mat\u00e9riau \u00e0 perforer pour se d\u00e9plier & emp\u00eache la couche sup\u00e9rieure de se briser \u2705.","breadcrumb":{"@id":"https:\/\/graef-gnu.com\/produkt\/creasetec-micro-r\/#breadcrumb"},"inLanguage":"fr-FR","potentialAction":[{"@type":"ReadAction","target":["https:\/\/graef-gnu.com\/produkt\/creasetec-micro-r\/"]}]},{"@type":"ImageObject","inLanguage":"fr-FR","@id":"https:\/\/graef-gnu.com\/produkt\/creasetec-micro-r\/#primaryimage","url":"https:\/\/graef-gnu.com\/wp-content\/uploads\/gnu-creastec-micro.png","contentUrl":"https:\/\/graef-gnu.com\/wp-content\/uploads\/gnu-creastec-micro.png","width":890,"height":300},{"@type":"BreadcrumbList","@id":"https:\/\/graef-gnu.com\/produkt\/creasetec-micro-r\/#breadcrumb","itemListElement":[{"@type":"ListItem","position":1,"name":"Startseite","item":"https:\/\/graef-gnu.com\/fr\/"},{"@type":"ListItem","position":2,"name":"Formes \u00e0 plat","item":"https:\/\/graef-gnu.com\/fr\/formes-a-plat\/"},{"@type":"ListItem","position":3,"name":"Creasetec&reg;-Micro R"}]},{"@type":"WebSite","@id":"https:\/\/graef-gnu.com\/#website","url":"https:\/\/graef-gnu.com\/","name":"August Graef GNU","description":"","potentialAction":[{"@type":"SearchAction","target":{"@type":"EntryPoint","urlTemplate":"https:\/\/graef-gnu.com\/?s={search_term_string}"},"query-input":"required name=search_term_string"}],"inLanguage":"fr-FR"}]}},"_links":{"self":[{"href":"https:\/\/graef-gnu.com\/fr\/wp-json\/wp\/v2\/product\/137107","targetHints":{"allow":["GET"]}}],"collection":[{"href":"https:\/\/graef-gnu.com\/fr\/wp-json\/wp\/v2\/product"}],"about":[{"href":"https:\/\/graef-gnu.com\/fr\/wp-json\/wp\/v2\/types\/product"}],"wp:featuredmedia":[{"embeddable":true,"href":"https:\/\/graef-gnu.com\/fr\/wp-json\/wp\/v2\/media\/132872"}],"wp:attachment":[{"href":"https:\/\/graef-gnu.com\/fr\/wp-json\/wp\/v2\/media?parent=137107"}],"wp:term":[{"taxonomy":"product_cat","embeddable":true,"href":"https:\/\/graef-gnu.com\/fr\/wp-json\/wp\/v2\/product_cat?post=137107"},{"taxonomy":"product_tag","embeddable":true,"href":"https:\/\/graef-gnu.com\/fr\/wp-json\/wp\/v2\/product_tag?post=137107"}],"curies":[{"name":"wp","href":"https:\/\/api.w.org\/{rel}","templated":true}]}}