{"id":137567,"date":"2021-02-11T11:07:38","date_gmt":"2021-10-05T08:50:06","guid":{"rendered":"https:\/\/www.graef-gnu.com\/produkt\/appareil-de-pliage-b74-avec-paire-de-moules-n-2\/"},"modified":"2024-05-13T13:07:51","modified_gmt":"2024-05-13T11:07:51","slug":"marteleuse-b74-avec-matrice-no-2","status":"publish","type":"product","link":"https:\/\/graef-gnu.com\/fr\/produkt\/marteleuse-b74-avec-matrice-no-2\/","title":{"rendered":"Marteleuse B74 avec matrice n\u00b0 2"},"content":{"rendered":"<p>Cette cintreuse est polyvalente et convient \u00e9galement aux petites utilisations \u00e0 partir d&#8217;un seul morceau du filet, pour les petits cercles et les courbes serr\u00e9es.<\/p>\n<p>Pour les lignes fortes \u00e0 2 points.<br \/>\nAvec les accessoires suivants :<\/p>\n<ul>\n<li>Paire de formes n\u00b0 2 (angle droit) Stop<\/li>\n<li>Contre-palier pour les raccords normaux<\/li>\n<li>Douille pour goupilles cylindriques<\/li>\n<li>Contre-palier pour cyl. et les broches<\/li>\n<li>Paires de formulaires<\/li>\n<li>Dispositif de pliage d&#8217;anneaux<\/li>\n<\/ul>\n","protected":false},"excerpt":{"rendered":"<p>Cette cintreuse est polyvalente et convient \u00e9galement aux petites utilisations \u00e0 partir d&#8217;un seul morceau de ligne, pour les petits cercles et les courbes serr\u00e9es.<\/p>\n<p>&nbsp;<\/p>\n","protected":false},"featured_media":132802,"template":"","meta":{"_acf_changed":false},"product_cat":[6690],"product_tag":[],"class_list":{"0":"post-137567","1":"product","2":"type-product","3":"status-publish","4":"has-post-thumbnail","6":"product_group-accessoires-de-formes-decoupe","7":"product_cat-accessoires","9":"first","10":"instock","11":"purchasable","12":"product-type-simple"},"acf":[],"yoast_head":"<!-- This site is optimized with the Yoast SEO plugin v22.6 - https:\/\/yoast.com\/wordpress\/plugins\/seo\/ -->\n<title>Marteleuse B74 avec matrice n\u00b0 2 - August Graef GNU<\/title>\n<meta name=\"description\" content=\"Dispositif de pliage pour les lignes \u00e9paisses \u00e0 2 points \u25ba \u00e9galement adapt\u00e9 aux petits avantages d&#039;un seul morceau de ligne, pour les petits cercles et les courbes serr\u00e9es - En savoir plus ici !\" \/>\n<meta name=\"robots\" content=\"index, follow, max-snippet:-1, max-image-preview:large, max-video-preview:-1\" \/>\n<link rel=\"canonical\" href=\"https:\/\/graef-gnu.com\/fr\/produkt\/marteleuse-b74-avec-matrice-no-2\/\" \/>\n<meta property=\"og:locale\" content=\"fr_FR\" \/>\n<meta property=\"og:type\" content=\"article\" \/>\n<meta property=\"og:title\" content=\"Marteleuse B74 avec matrice n\u00b0 2 - August Graef GNU\" \/>\n<meta property=\"og:description\" content=\"Dispositif de pliage pour les lignes \u00e9paisses \u00e0 2 points \u25ba \u00e9galement adapt\u00e9 aux petits avantages d&#039;un seul morceau de ligne, pour les petits cercles et les courbes serr\u00e9es - En savoir plus ici !\" \/>\n<meta property=\"og:url\" content=\"https:\/\/graef-gnu.com\/fr\/produkt\/marteleuse-b74-avec-matrice-no-2\/\" \/>\n<meta property=\"og:site_name\" content=\"August Graef GNU\" \/>\n<meta property=\"article:modified_time\" content=\"2024-05-13T11:07:51+00:00\" \/>\n<meta property=\"og:image\" content=\"https:\/\/graef-gnu.com\/wp-content\/uploads\/gnu_biegeapparate.jpg\" \/>\n\t<meta property=\"og:image:width\" content=\"890\" \/>\n\t<meta property=\"og:image:height\" content=\"300\" \/>\n\t<meta property=\"og:image:type\" content=\"image\/jpeg\" \/>\n<meta name=\"twitter:card\" content=\"summary_large_image\" \/>\n<meta name=\"twitter:label1\" content=\"Dur\u00e9e de lecture estim\u00e9e\" \/>\n\t<meta name=\"twitter:data1\" content=\"1 minute\" \/>\n<script type=\"application\/ld+json\" class=\"yoast-schema-graph\">{\"@context\":\"https:\/\/schema.org\",\"@graph\":[{\"@type\":\"WebPage\",\"@id\":\"https:\/\/graef-gnu.com\/fr\/produkt\/marteleuse-b74-avec-matrice-no-2\/\",\"url\":\"https:\/\/graef-gnu.com\/fr\/produkt\/marteleuse-b74-avec-matrice-no-2\/\",\"name\":\"Marteleuse B74 avec matrice n\u00b0 2 - August Graef GNU\",\"isPartOf\":{\"@id\":\"https:\/\/graef-gnu.com\/#website\"},\"primaryImageOfPage\":{\"@id\":\"https:\/\/graef-gnu.com\/fr\/produkt\/marteleuse-b74-avec-matrice-no-2\/#primaryimage\"},\"image\":{\"@id\":\"https:\/\/graef-gnu.com\/fr\/produkt\/marteleuse-b74-avec-matrice-no-2\/#primaryimage\"},\"thumbnailUrl\":\"https:\/\/graef-gnu.com\/wp-content\/uploads\/gnu_biegeapparate.jpg\",\"datePublished\":\"2021-10-05T08:50:06+00:00\",\"dateModified\":\"2024-05-13T11:07:51+00:00\",\"description\":\"Dispositif de pliage pour les lignes \u00e9paisses \u00e0 2 points \u25ba \u00e9galement adapt\u00e9 aux petits avantages d'un seul morceau de ligne, pour les petits cercles et les courbes serr\u00e9es - En savoir plus ici !\",\"breadcrumb\":{\"@id\":\"https:\/\/graef-gnu.com\/fr\/produkt\/marteleuse-b74-avec-matrice-no-2\/#breadcrumb\"},\"inLanguage\":\"fr-FR\",\"potentialAction\":[{\"@type\":\"ReadAction\",\"target\":[\"https:\/\/graef-gnu.com\/fr\/produkt\/marteleuse-b74-avec-matrice-no-2\/\"]}]},{\"@type\":\"ImageObject\",\"inLanguage\":\"fr-FR\",\"@id\":\"https:\/\/graef-gnu.com\/fr\/produkt\/marteleuse-b74-avec-matrice-no-2\/#primaryimage\",\"url\":\"https:\/\/graef-gnu.com\/wp-content\/uploads\/gnu_biegeapparate.jpg\",\"contentUrl\":\"https:\/\/graef-gnu.com\/wp-content\/uploads\/gnu_biegeapparate.jpg\",\"width\":890,\"height\":300},{\"@type\":\"BreadcrumbList\",\"@id\":\"https:\/\/graef-gnu.com\/fr\/produkt\/marteleuse-b74-avec-matrice-no-2\/#breadcrumb\",\"itemListElement\":[{\"@type\":\"ListItem\",\"position\":1,\"name\":\"Startseite\",\"item\":\"https:\/\/graef-gnu.com\/fr\/\"},{\"@type\":\"ListItem\",\"position\":2,\"name\":\"Formes \u00e0 plat\",\"item\":\"https:\/\/graef-gnu.com\/fr\/formes-a-plat\/\"},{\"@type\":\"ListItem\",\"position\":3,\"name\":\"Marteleuse B74 avec matrice n\u00b0 2\"}]},{\"@type\":\"WebSite\",\"@id\":\"https:\/\/graef-gnu.com\/#website\",\"url\":\"https:\/\/graef-gnu.com\/\",\"name\":\"August Graef GNU\",\"description\":\"\",\"potentialAction\":[{\"@type\":\"SearchAction\",\"target\":{\"@type\":\"EntryPoint\",\"urlTemplate\":\"https:\/\/graef-gnu.com\/?s={search_term_string}\"},\"query-input\":\"required name=search_term_string\"}],\"inLanguage\":\"fr-FR\"}]}<\/script>\n<!-- \/ Yoast SEO plugin. -->","yoast_head_json":{"title":"Marteleuse B74 avec matrice n\u00b0 2 - August Graef GNU","description":"Dispositif de pliage pour les lignes \u00e9paisses \u00e0 2 points \u25ba \u00e9galement adapt\u00e9 aux petits avantages d'un seul morceau de ligne, pour les petits cercles et les courbes serr\u00e9es - En savoir plus ici !","robots":{"index":"index","follow":"follow","max-snippet":"max-snippet:-1","max-image-preview":"max-image-preview:large","max-video-preview":"max-video-preview:-1"},"canonical":"https:\/\/graef-gnu.com\/fr\/produkt\/marteleuse-b74-avec-matrice-no-2\/","og_locale":"fr_FR","og_type":"article","og_title":"Marteleuse B74 avec matrice n\u00b0 2 - August Graef GNU","og_description":"Dispositif de pliage pour les lignes \u00e9paisses \u00e0 2 points \u25ba \u00e9galement adapt\u00e9 aux petits avantages d'un seul morceau de ligne, pour les petits cercles et les courbes serr\u00e9es - En savoir plus ici !","og_url":"https:\/\/graef-gnu.com\/fr\/produkt\/marteleuse-b74-avec-matrice-no-2\/","og_site_name":"August Graef GNU","article_modified_time":"2024-05-13T11:07:51+00:00","og_image":[{"width":890,"height":300,"url":"https:\/\/graef-gnu.com\/wp-content\/uploads\/gnu_biegeapparate.jpg","type":"image\/jpeg"}],"twitter_card":"summary_large_image","twitter_misc":{"Dur\u00e9e de lecture estim\u00e9e":"1 minute"},"schema":{"@context":"https:\/\/schema.org","@graph":[{"@type":"WebPage","@id":"https:\/\/graef-gnu.com\/fr\/produkt\/marteleuse-b74-avec-matrice-no-2\/","url":"https:\/\/graef-gnu.com\/fr\/produkt\/marteleuse-b74-avec-matrice-no-2\/","name":"Marteleuse B74 avec matrice n\u00b0 2 - August Graef GNU","isPartOf":{"@id":"https:\/\/graef-gnu.com\/#website"},"primaryImageOfPage":{"@id":"https:\/\/graef-gnu.com\/fr\/produkt\/marteleuse-b74-avec-matrice-no-2\/#primaryimage"},"image":{"@id":"https:\/\/graef-gnu.com\/fr\/produkt\/marteleuse-b74-avec-matrice-no-2\/#primaryimage"},"thumbnailUrl":"https:\/\/graef-gnu.com\/wp-content\/uploads\/gnu_biegeapparate.jpg","datePublished":"2021-10-05T08:50:06+00:00","dateModified":"2024-05-13T11:07:51+00:00","description":"Dispositif de pliage pour les lignes \u00e9paisses \u00e0 2 points \u25ba \u00e9galement adapt\u00e9 aux petits avantages d'un seul morceau de ligne, pour les petits cercles et les courbes serr\u00e9es - En savoir plus ici !","breadcrumb":{"@id":"https:\/\/graef-gnu.com\/fr\/produkt\/marteleuse-b74-avec-matrice-no-2\/#breadcrumb"},"inLanguage":"fr-FR","potentialAction":[{"@type":"ReadAction","target":["https:\/\/graef-gnu.com\/fr\/produkt\/marteleuse-b74-avec-matrice-no-2\/"]}]},{"@type":"ImageObject","inLanguage":"fr-FR","@id":"https:\/\/graef-gnu.com\/fr\/produkt\/marteleuse-b74-avec-matrice-no-2\/#primaryimage","url":"https:\/\/graef-gnu.com\/wp-content\/uploads\/gnu_biegeapparate.jpg","contentUrl":"https:\/\/graef-gnu.com\/wp-content\/uploads\/gnu_biegeapparate.jpg","width":890,"height":300},{"@type":"BreadcrumbList","@id":"https:\/\/graef-gnu.com\/fr\/produkt\/marteleuse-b74-avec-matrice-no-2\/#breadcrumb","itemListElement":[{"@type":"ListItem","position":1,"name":"Startseite","item":"https:\/\/graef-gnu.com\/fr\/"},{"@type":"ListItem","position":2,"name":"Formes \u00e0 plat","item":"https:\/\/graef-gnu.com\/fr\/formes-a-plat\/"},{"@type":"ListItem","position":3,"name":"Marteleuse B74 avec matrice n\u00b0 2"}]},{"@type":"WebSite","@id":"https:\/\/graef-gnu.com\/#website","url":"https:\/\/graef-gnu.com\/","name":"August Graef GNU","description":"","potentialAction":[{"@type":"SearchAction","target":{"@type":"EntryPoint","urlTemplate":"https:\/\/graef-gnu.com\/?s={search_term_string}"},"query-input":"required name=search_term_string"}],"inLanguage":"fr-FR"}]}},"_links":{"self":[{"href":"https:\/\/graef-gnu.com\/fr\/wp-json\/wp\/v2\/product\/137567","targetHints":{"allow":["GET"]}}],"collection":[{"href":"https:\/\/graef-gnu.com\/fr\/wp-json\/wp\/v2\/product"}],"about":[{"href":"https:\/\/graef-gnu.com\/fr\/wp-json\/wp\/v2\/types\/product"}],"wp:featuredmedia":[{"embeddable":true,"href":"https:\/\/graef-gnu.com\/fr\/wp-json\/wp\/v2\/media\/132802"}],"wp:attachment":[{"href":"https:\/\/graef-gnu.com\/fr\/wp-json\/wp\/v2\/media?parent=137567"}],"wp:term":[{"taxonomy":"product_cat","embeddable":true,"href":"https:\/\/graef-gnu.com\/fr\/wp-json\/wp\/v2\/product_cat?post=137567"},{"taxonomy":"product_tag","embeddable":true,"href":"https:\/\/graef-gnu.com\/fr\/wp-json\/wp\/v2\/product_tag?post=137567"}],"curies":[{"name":"wp","href":"https:\/\/api.w.org\/{rel}","templated":true}]}}