{"id":137888,"date":"2021-02-11T10:58:46","date_gmt":"2021-10-05T08:50:21","guid":{"rendered":"https:\/\/www.graef-gnu.com\/produkt\/striptec\/"},"modified":"2021-11-02T16:40:36","modified_gmt":"2021-11-02T15:40:36","slug":"striptec","status":"publish","type":"product","link":"https:\/\/graef-gnu.com\/fr\/produkt\/striptec\/","title":{"rendered":"Striptec<sup>&reg;<\/sup>"},"content":{"rendered":"<p>Ligne d&#8217;\u00e9jection lisse pour l&#8217;\u00e9jection des d\u00e9chets de poin\u00e7onnage dans la station d&#8217;\u00e9jection.<\/p>\n","protected":false},"excerpt":{"rendered":"<p>Ligne d&#8217;\u00e9jection lisse pour l&#8217;\u00e9jection des d\u00e9chets de poin\u00e7onnage dans la station d&#8217;\u00e9jection.<\/p>\n","protected":false},"featured_media":132862,"template":"","meta":{"_acf_changed":false},"product_cat":[6776],"product_tag":[],"class_list":{"0":"post-137888","1":"product","2":"type-product","3":"status-publish","4":"has-post-thumbnail","6":"product_group-ejecter","7":"product_cat-decoupage-a-plat","8":"pa_ablaengung-a-1-m-fr","9":"pa_ablaengung-sur-lanneau","10":"pa_haerte-750-850n-fr","11":"pa_haerte-h2extra-fr","12":"pa_hoehe-36-mm-fr","13":"pa_hoehe-40-mm-fr","14":"pa_hoehe-485-mm-fr","15":"pa_hoehe-49-mm-fr","16":"pa_hoehe-50-mm-fr","17":"pa_hoehe-52-mm-fr","18":"pa_hoehe-53-mm-fr","19":"pa_hoehe-54-mm-fr","20":"pa_hoehe-55-mm-fr-2","21":"pa_hoehe-60-mm-fr-2","22":"pa_hoehe-6150-mm-fr","23":"pa_hoehe-65-mm-fr","24":"pa_staerke-breite-105-mm-fr","25":"pa_staerke-breite-142-mm-fr","26":"pa_teilung-n-a-fr","27":"pa_wicklung-durchmesser-acw-560-mm-fr","28":"pa_wicklung-durchmesser-cw-480-mm-fr","29":"pa_wicklung-durchmesser-cw-560-mm-fr","30":"pa_wicklung-durchmesser-n-a-fr","31":"pa_zaehne-n-a-fr","33":"first","34":"instock","35":"purchasable","36":"product-type-variable"},"acf":[],"yoast_head":"<!-- This site is optimized with the Yoast SEO plugin v22.6 - https:\/\/yoast.com\/wordpress\/plugins\/seo\/ -->\n<title>Striptec&reg; - August Graef GNU<\/title>\n<meta name=\"description\" content=\"Ligne de d\u00e9v\u00eatissage lisse pour l&#039;\u00e9jection des d\u00e9chets de poin\u00e7onnage dans la station de d\u00e9v\u00eatissage - Demandez ici !\" \/>\n<meta name=\"robots\" content=\"index, follow, max-snippet:-1, max-image-preview:large, max-video-preview:-1\" \/>\n<link rel=\"canonical\" href=\"https:\/\/graef-gnu.com\/produkt\/striptec\/\" \/>\n<meta property=\"og:locale\" content=\"fr_FR\" \/>\n<meta property=\"og:type\" content=\"article\" \/>\n<meta property=\"og:title\" content=\"Striptec&reg; - August Graef GNU\" \/>\n<meta property=\"og:description\" content=\"Ligne de d\u00e9v\u00eatissage lisse pour l&#039;\u00e9jection des d\u00e9chets de poin\u00e7onnage dans la station de d\u00e9v\u00eatissage - Demandez ici !\" \/>\n<meta property=\"og:url\" content=\"https:\/\/graef-gnu.com\/produkt\/striptec\/\" \/>\n<meta property=\"og:site_name\" content=\"August Graef GNU\" \/>\n<meta property=\"article:modified_time\" content=\"2021-11-02T15:40:36+00:00\" \/>\n<meta property=\"og:image\" content=\"https:\/\/graef-gnu.com\/wp-content\/uploads\/gnu-striptec.jpg\" \/>\n\t<meta property=\"og:image:width\" content=\"890\" \/>\n\t<meta property=\"og:image:height\" content=\"300\" \/>\n\t<meta property=\"og:image:type\" content=\"image\/jpeg\" \/>\n<meta name=\"twitter:card\" content=\"summary_large_image\" \/>\n<script type=\"application\/ld+json\" class=\"yoast-schema-graph\">{\"@context\":\"https:\/\/schema.org\",\"@graph\":[{\"@type\":\"WebPage\",\"@id\":\"https:\/\/graef-gnu.com\/produkt\/striptec\/\",\"url\":\"https:\/\/graef-gnu.com\/produkt\/striptec\/\",\"name\":\"Striptec&reg; - August Graef GNU\",\"isPartOf\":{\"@id\":\"https:\/\/graef-gnu.com\/#website\"},\"primaryImageOfPage\":{\"@id\":\"https:\/\/graef-gnu.com\/produkt\/striptec\/#primaryimage\"},\"image\":{\"@id\":\"https:\/\/graef-gnu.com\/produkt\/striptec\/#primaryimage\"},\"thumbnailUrl\":\"https:\/\/graef-gnu.com\/wp-content\/uploads\/gnu-striptec.jpg\",\"datePublished\":\"2021-10-05T08:50:21+00:00\",\"dateModified\":\"2021-11-02T15:40:36+00:00\",\"description\":\"Ligne de d\u00e9v\u00eatissage lisse pour l'\u00e9jection des d\u00e9chets de poin\u00e7onnage dans la station de d\u00e9v\u00eatissage - Demandez ici !\",\"breadcrumb\":{\"@id\":\"https:\/\/graef-gnu.com\/produkt\/striptec\/#breadcrumb\"},\"inLanguage\":\"fr-FR\",\"potentialAction\":[{\"@type\":\"ReadAction\",\"target\":[\"https:\/\/graef-gnu.com\/produkt\/striptec\/\"]}]},{\"@type\":\"ImageObject\",\"inLanguage\":\"fr-FR\",\"@id\":\"https:\/\/graef-gnu.com\/produkt\/striptec\/#primaryimage\",\"url\":\"https:\/\/graef-gnu.com\/wp-content\/uploads\/gnu-striptec.jpg\",\"contentUrl\":\"https:\/\/graef-gnu.com\/wp-content\/uploads\/gnu-striptec.jpg\",\"width\":890,\"height\":300},{\"@type\":\"BreadcrumbList\",\"@id\":\"https:\/\/graef-gnu.com\/produkt\/striptec\/#breadcrumb\",\"itemListElement\":[{\"@type\":\"ListItem\",\"position\":1,\"name\":\"Startseite\",\"item\":\"https:\/\/graef-gnu.com\/fr\/\"},{\"@type\":\"ListItem\",\"position\":2,\"name\":\"Formes \u00e0 plat\",\"item\":\"https:\/\/graef-gnu.com\/fr\/formes-a-plat\/\"},{\"@type\":\"ListItem\",\"position\":3,\"name\":\"Striptec&reg;\"}]},{\"@type\":\"WebSite\",\"@id\":\"https:\/\/graef-gnu.com\/#website\",\"url\":\"https:\/\/graef-gnu.com\/\",\"name\":\"August Graef GNU\",\"description\":\"\",\"potentialAction\":[{\"@type\":\"SearchAction\",\"target\":{\"@type\":\"EntryPoint\",\"urlTemplate\":\"https:\/\/graef-gnu.com\/?s={search_term_string}\"},\"query-input\":\"required name=search_term_string\"}],\"inLanguage\":\"fr-FR\"}]}<\/script>\n<!-- \/ Yoast SEO plugin. -->","yoast_head_json":{"title":"Striptec&reg; - August Graef GNU","description":"Ligne de d\u00e9v\u00eatissage lisse pour l'\u00e9jection des d\u00e9chets de poin\u00e7onnage dans la station de d\u00e9v\u00eatissage - Demandez ici !","robots":{"index":"index","follow":"follow","max-snippet":"max-snippet:-1","max-image-preview":"max-image-preview:large","max-video-preview":"max-video-preview:-1"},"canonical":"https:\/\/graef-gnu.com\/produkt\/striptec\/","og_locale":"fr_FR","og_type":"article","og_title":"Striptec&reg; - August Graef GNU","og_description":"Ligne de d\u00e9v\u00eatissage lisse pour l'\u00e9jection des d\u00e9chets de poin\u00e7onnage dans la station de d\u00e9v\u00eatissage - Demandez ici !","og_url":"https:\/\/graef-gnu.com\/produkt\/striptec\/","og_site_name":"August Graef GNU","article_modified_time":"2021-11-02T15:40:36+00:00","og_image":[{"width":890,"height":300,"url":"https:\/\/graef-gnu.com\/wp-content\/uploads\/gnu-striptec.jpg","type":"image\/jpeg"}],"twitter_card":"summary_large_image","schema":{"@context":"https:\/\/schema.org","@graph":[{"@type":"WebPage","@id":"https:\/\/graef-gnu.com\/produkt\/striptec\/","url":"https:\/\/graef-gnu.com\/produkt\/striptec\/","name":"Striptec&reg; - August Graef GNU","isPartOf":{"@id":"https:\/\/graef-gnu.com\/#website"},"primaryImageOfPage":{"@id":"https:\/\/graef-gnu.com\/produkt\/striptec\/#primaryimage"},"image":{"@id":"https:\/\/graef-gnu.com\/produkt\/striptec\/#primaryimage"},"thumbnailUrl":"https:\/\/graef-gnu.com\/wp-content\/uploads\/gnu-striptec.jpg","datePublished":"2021-10-05T08:50:21+00:00","dateModified":"2021-11-02T15:40:36+00:00","description":"Ligne de d\u00e9v\u00eatissage lisse pour l'\u00e9jection des d\u00e9chets de poin\u00e7onnage dans la station de d\u00e9v\u00eatissage - Demandez ici !","breadcrumb":{"@id":"https:\/\/graef-gnu.com\/produkt\/striptec\/#breadcrumb"},"inLanguage":"fr-FR","potentialAction":[{"@type":"ReadAction","target":["https:\/\/graef-gnu.com\/produkt\/striptec\/"]}]},{"@type":"ImageObject","inLanguage":"fr-FR","@id":"https:\/\/graef-gnu.com\/produkt\/striptec\/#primaryimage","url":"https:\/\/graef-gnu.com\/wp-content\/uploads\/gnu-striptec.jpg","contentUrl":"https:\/\/graef-gnu.com\/wp-content\/uploads\/gnu-striptec.jpg","width":890,"height":300},{"@type":"BreadcrumbList","@id":"https:\/\/graef-gnu.com\/produkt\/striptec\/#breadcrumb","itemListElement":[{"@type":"ListItem","position":1,"name":"Startseite","item":"https:\/\/graef-gnu.com\/fr\/"},{"@type":"ListItem","position":2,"name":"Formes \u00e0 plat","item":"https:\/\/graef-gnu.com\/fr\/formes-a-plat\/"},{"@type":"ListItem","position":3,"name":"Striptec&reg;"}]},{"@type":"WebSite","@id":"https:\/\/graef-gnu.com\/#website","url":"https:\/\/graef-gnu.com\/","name":"August Graef GNU","description":"","potentialAction":[{"@type":"SearchAction","target":{"@type":"EntryPoint","urlTemplate":"https:\/\/graef-gnu.com\/?s={search_term_string}"},"query-input":"required name=search_term_string"}],"inLanguage":"fr-FR"}]}},"_links":{"self":[{"href":"https:\/\/graef-gnu.com\/fr\/wp-json\/wp\/v2\/product\/137888","targetHints":{"allow":["GET"]}}],"collection":[{"href":"https:\/\/graef-gnu.com\/fr\/wp-json\/wp\/v2\/product"}],"about":[{"href":"https:\/\/graef-gnu.com\/fr\/wp-json\/wp\/v2\/types\/product"}],"wp:featuredmedia":[{"embeddable":true,"href":"https:\/\/graef-gnu.com\/fr\/wp-json\/wp\/v2\/media\/132862"}],"wp:attachment":[{"href":"https:\/\/graef-gnu.com\/fr\/wp-json\/wp\/v2\/media?parent=137888"}],"wp:term":[{"taxonomy":"product_cat","embeddable":true,"href":"https:\/\/graef-gnu.com\/fr\/wp-json\/wp\/v2\/product_cat?post=137888"},{"taxonomy":"product_tag","embeddable":true,"href":"https:\/\/graef-gnu.com\/fr\/wp-json\/wp\/v2\/product_tag?post=137888"}],"curies":[{"name":"wp","href":"https:\/\/api.w.org\/{rel}","templated":true}]}}