{"id":138100,"date":"2021-02-11T11:04:37","date_gmt":"2021-10-05T08:50:34","guid":{"rendered":"https:\/\/www.graef-gnu.com\/produkt\/profil-de-la-cale-gnu-celleject\/"},"modified":"2021-10-05T11:01:59","modified_gmt":"2021-10-05T09:01:59","slug":"gnu-celleject-wedge-profile","status":"publish","type":"product","link":"https:\/\/graef-gnu.com\/fr\/produkt\/gnu-celleject-wedge-profile\/","title":{"rendered":"Profil de la cale GNU CellEject"},"content":{"rendered":"<p>Le profil\u00e9 cun\u00e9iforme GNU CellEject est fabriqu\u00e9 \u00e0 partir du plastique unique haute performance GNU Cellular Collan. Ce caoutchouc \u00e9jecteur haute performance pour outils de poin\u00e7onnage de haute qualit\u00e9 peut \u00eatre tr\u00e8s bien comprim\u00e9 sans d\u00e9formation importante et permanente. M\u00eame sous des charges continues extr\u00eames, ces profil\u00e9s impressionnent par leur haute compressibilit\u00e9 et leur force de rappel ainsi que par leur bonne r\u00e9sistance \u00e0 l&#8217;abrasion. L&#8217;application du profil\u00e9 permet de r\u00e9aliser un rainurage propre et un pliage ult\u00e9rieur \u00e0 des vitesses de machine \u00e9lev\u00e9es.<br \/>\n<em><br \/>\nVulkollan\u00ae est une marque d\u00e9pos\u00e9e de Bayer AG.<\/em><\/p>\n","protected":false},"excerpt":{"rendered":"<p>Le profil\u00e9 cun\u00e9iforme GNU CellEject est fabriqu\u00e9 \u00e0 partir du plastique unique haute performance GNU Cellular Collan. Ce caoutchouc \u00e9jecteur haute performance pour outils de poin\u00e7onnage de haute qualit\u00e9 peut \u00eatre tr\u00e8s bien comprim\u00e9 sans d\u00e9formation importante et permanente.<\/p>\n","protected":false},"featured_media":133600,"template":"","meta":{"_acf_changed":false},"product_cat":[6709],"product_tag":[],"class_list":{"0":"post-138100","1":"product","2":"type-product","3":"status-publish","4":"has-post-thumbnail","6":"product_group-profiles-fr","7":"product_cat-materiaux-dejection","8":"pa_ablaengung-a-1-m-fr-2","9":"pa_hoehe-125-mm-5-mm-fr","10":"pa_hoehe-9-mm-5-mm-fr","11":"pa_profilbreite-25-mm-fr","12":"pa_profilbreite-30-mm-fr","13":"pa_raumgewicht-rg-35-40-fr","14":"pa_raumgewicht-rg-45-50-fr","16":"first","17":"instock","18":"purchasable","19":"product-type-variable"},"acf":[],"yoast_head":"<!-- This site is optimized with the Yoast SEO plugin v22.6 - https:\/\/yoast.com\/wordpress\/plugins\/seo\/ -->\n<title>Profil de la cale GNU CellEject - August Graef GNU<\/title>\n<meta name=\"description\" content=\"GNU CellEject wedge profile \u25ba R\u00e9aliser des plis propres et plus tardifs \u00e0 des vitesses de machine \u00e9lev\u00e9es \u2705 Informez-vous ici !\" \/>\n<meta name=\"robots\" content=\"index, follow, max-snippet:-1, max-image-preview:large, max-video-preview:-1\" \/>\n<link rel=\"canonical\" href=\"https:\/\/graef-gnu.com\/produkt\/gnu-celleject-keilprofil\/\" \/>\n<meta property=\"og:locale\" content=\"fr_FR\" \/>\n<meta property=\"og:type\" content=\"article\" \/>\n<meta property=\"og:title\" content=\"Profil de la cale GNU CellEject - August Graef GNU\" \/>\n<meta property=\"og:description\" content=\"GNU CellEject wedge profile \u25ba R\u00e9aliser des plis propres et plus tardifs \u00e0 des vitesses de machine \u00e9lev\u00e9es \u2705 Informez-vous ici !\" \/>\n<meta property=\"og:url\" content=\"https:\/\/graef-gnu.com\/produkt\/gnu-celleject-keilprofil\/\" \/>\n<meta property=\"og:site_name\" content=\"August Graef GNU\" \/>\n<meta property=\"article:modified_time\" content=\"2021-10-05T09:01:59+00:00\" \/>\n<meta property=\"og:image\" content=\"https:\/\/graef-gnu.com\/wp-content\/uploads\/gnu_celleject_keilprofil-1.jpg\" \/>\n\t<meta property=\"og:image:width\" content=\"890\" \/>\n\t<meta property=\"og:image:height\" content=\"300\" \/>\n\t<meta property=\"og:image:type\" content=\"image\/jpeg\" \/>\n<meta name=\"twitter:card\" content=\"summary_large_image\" \/>\n<meta name=\"twitter:label1\" content=\"Dur\u00e9e de lecture estim\u00e9e\" \/>\n\t<meta name=\"twitter:data1\" content=\"1 minute\" \/>\n<script type=\"application\/ld+json\" class=\"yoast-schema-graph\">{\"@context\":\"https:\/\/schema.org\",\"@graph\":[{\"@type\":\"WebPage\",\"@id\":\"https:\/\/graef-gnu.com\/produkt\/gnu-celleject-keilprofil\/\",\"url\":\"https:\/\/graef-gnu.com\/produkt\/gnu-celleject-keilprofil\/\",\"name\":\"Profil de la cale GNU CellEject - August Graef GNU\",\"isPartOf\":{\"@id\":\"https:\/\/graef-gnu.com\/#website\"},\"primaryImageOfPage\":{\"@id\":\"https:\/\/graef-gnu.com\/produkt\/gnu-celleject-keilprofil\/#primaryimage\"},\"image\":{\"@id\":\"https:\/\/graef-gnu.com\/produkt\/gnu-celleject-keilprofil\/#primaryimage\"},\"thumbnailUrl\":\"https:\/\/graef-gnu.com\/wp-content\/uploads\/gnu_celleject_keilprofil-1.jpg\",\"datePublished\":\"2021-10-05T08:50:34+00:00\",\"dateModified\":\"2021-10-05T09:01:59+00:00\",\"description\":\"GNU CellEject wedge profile \u25ba R\u00e9aliser des plis propres et plus tardifs \u00e0 des vitesses de machine \u00e9lev\u00e9es \u2705 Informez-vous ici !\",\"breadcrumb\":{\"@id\":\"https:\/\/graef-gnu.com\/produkt\/gnu-celleject-keilprofil\/#breadcrumb\"},\"inLanguage\":\"fr-FR\",\"potentialAction\":[{\"@type\":\"ReadAction\",\"target\":[\"https:\/\/graef-gnu.com\/produkt\/gnu-celleject-keilprofil\/\"]}]},{\"@type\":\"ImageObject\",\"inLanguage\":\"fr-FR\",\"@id\":\"https:\/\/graef-gnu.com\/produkt\/gnu-celleject-keilprofil\/#primaryimage\",\"url\":\"https:\/\/graef-gnu.com\/wp-content\/uploads\/gnu_celleject_keilprofil-1.jpg\",\"contentUrl\":\"https:\/\/graef-gnu.com\/wp-content\/uploads\/gnu_celleject_keilprofil-1.jpg\",\"width\":890,\"height\":300},{\"@type\":\"BreadcrumbList\",\"@id\":\"https:\/\/graef-gnu.com\/produkt\/gnu-celleject-keilprofil\/#breadcrumb\",\"itemListElement\":[{\"@type\":\"ListItem\",\"position\":1,\"name\":\"Startseite\",\"item\":\"https:\/\/graef-gnu.com\/fr\/\"},{\"@type\":\"ListItem\",\"position\":2,\"name\":\"Formes \u00e0 plat\",\"item\":\"https:\/\/graef-gnu.com\/fr\/formes-a-plat\/\"},{\"@type\":\"ListItem\",\"position\":3,\"name\":\"Profil de la cale GNU CellEject\"}]},{\"@type\":\"WebSite\",\"@id\":\"https:\/\/graef-gnu.com\/#website\",\"url\":\"https:\/\/graef-gnu.com\/\",\"name\":\"August Graef GNU\",\"description\":\"\",\"potentialAction\":[{\"@type\":\"SearchAction\",\"target\":{\"@type\":\"EntryPoint\",\"urlTemplate\":\"https:\/\/graef-gnu.com\/?s={search_term_string}\"},\"query-input\":\"required name=search_term_string\"}],\"inLanguage\":\"fr-FR\"}]}<\/script>\n<!-- \/ Yoast SEO plugin. -->","yoast_head_json":{"title":"Profil de la cale GNU CellEject - August Graef GNU","description":"GNU CellEject wedge profile \u25ba R\u00e9aliser des plis propres et plus tardifs \u00e0 des vitesses de machine \u00e9lev\u00e9es \u2705 Informez-vous ici !","robots":{"index":"index","follow":"follow","max-snippet":"max-snippet:-1","max-image-preview":"max-image-preview:large","max-video-preview":"max-video-preview:-1"},"canonical":"https:\/\/graef-gnu.com\/produkt\/gnu-celleject-keilprofil\/","og_locale":"fr_FR","og_type":"article","og_title":"Profil de la cale GNU CellEject - August Graef GNU","og_description":"GNU CellEject wedge profile \u25ba R\u00e9aliser des plis propres et plus tardifs \u00e0 des vitesses de machine \u00e9lev\u00e9es \u2705 Informez-vous ici !","og_url":"https:\/\/graef-gnu.com\/produkt\/gnu-celleject-keilprofil\/","og_site_name":"August Graef GNU","article_modified_time":"2021-10-05T09:01:59+00:00","og_image":[{"width":890,"height":300,"url":"https:\/\/graef-gnu.com\/wp-content\/uploads\/gnu_celleject_keilprofil-1.jpg","type":"image\/jpeg"}],"twitter_card":"summary_large_image","twitter_misc":{"Dur\u00e9e de lecture estim\u00e9e":"1 minute"},"schema":{"@context":"https:\/\/schema.org","@graph":[{"@type":"WebPage","@id":"https:\/\/graef-gnu.com\/produkt\/gnu-celleject-keilprofil\/","url":"https:\/\/graef-gnu.com\/produkt\/gnu-celleject-keilprofil\/","name":"Profil de la cale GNU CellEject - August Graef GNU","isPartOf":{"@id":"https:\/\/graef-gnu.com\/#website"},"primaryImageOfPage":{"@id":"https:\/\/graef-gnu.com\/produkt\/gnu-celleject-keilprofil\/#primaryimage"},"image":{"@id":"https:\/\/graef-gnu.com\/produkt\/gnu-celleject-keilprofil\/#primaryimage"},"thumbnailUrl":"https:\/\/graef-gnu.com\/wp-content\/uploads\/gnu_celleject_keilprofil-1.jpg","datePublished":"2021-10-05T08:50:34+00:00","dateModified":"2021-10-05T09:01:59+00:00","description":"GNU CellEject wedge profile \u25ba R\u00e9aliser des plis propres et plus tardifs \u00e0 des vitesses de machine \u00e9lev\u00e9es \u2705 Informez-vous ici !","breadcrumb":{"@id":"https:\/\/graef-gnu.com\/produkt\/gnu-celleject-keilprofil\/#breadcrumb"},"inLanguage":"fr-FR","potentialAction":[{"@type":"ReadAction","target":["https:\/\/graef-gnu.com\/produkt\/gnu-celleject-keilprofil\/"]}]},{"@type":"ImageObject","inLanguage":"fr-FR","@id":"https:\/\/graef-gnu.com\/produkt\/gnu-celleject-keilprofil\/#primaryimage","url":"https:\/\/graef-gnu.com\/wp-content\/uploads\/gnu_celleject_keilprofil-1.jpg","contentUrl":"https:\/\/graef-gnu.com\/wp-content\/uploads\/gnu_celleject_keilprofil-1.jpg","width":890,"height":300},{"@type":"BreadcrumbList","@id":"https:\/\/graef-gnu.com\/produkt\/gnu-celleject-keilprofil\/#breadcrumb","itemListElement":[{"@type":"ListItem","position":1,"name":"Startseite","item":"https:\/\/graef-gnu.com\/fr\/"},{"@type":"ListItem","position":2,"name":"Formes \u00e0 plat","item":"https:\/\/graef-gnu.com\/fr\/formes-a-plat\/"},{"@type":"ListItem","position":3,"name":"Profil de la cale GNU CellEject"}]},{"@type":"WebSite","@id":"https:\/\/graef-gnu.com\/#website","url":"https:\/\/graef-gnu.com\/","name":"August Graef GNU","description":"","potentialAction":[{"@type":"SearchAction","target":{"@type":"EntryPoint","urlTemplate":"https:\/\/graef-gnu.com\/?s={search_term_string}"},"query-input":"required name=search_term_string"}],"inLanguage":"fr-FR"}]}},"_links":{"self":[{"href":"https:\/\/graef-gnu.com\/fr\/wp-json\/wp\/v2\/product\/138100","targetHints":{"allow":["GET"]}}],"collection":[{"href":"https:\/\/graef-gnu.com\/fr\/wp-json\/wp\/v2\/product"}],"about":[{"href":"https:\/\/graef-gnu.com\/fr\/wp-json\/wp\/v2\/types\/product"}],"wp:featuredmedia":[{"embeddable":true,"href":"https:\/\/graef-gnu.com\/fr\/wp-json\/wp\/v2\/media\/133600"}],"wp:attachment":[{"href":"https:\/\/graef-gnu.com\/fr\/wp-json\/wp\/v2\/media?parent=138100"}],"wp:term":[{"taxonomy":"product_cat","embeddable":true,"href":"https:\/\/graef-gnu.com\/fr\/wp-json\/wp\/v2\/product_cat?post=138100"},{"taxonomy":"product_tag","embeddable":true,"href":"https:\/\/graef-gnu.com\/fr\/wp-json\/wp\/v2\/product_tag?post=138100"}],"curies":[{"name":"wp","href":"https:\/\/api.w.org\/{rel}","templated":true}]}}