{"id":138103,"date":"2021-02-11T10:58:20","date_gmt":"2021-10-05T08:50:34","guid":{"rendered":"https:\/\/www.graef-gnu.com\/produkt\/creasetec-multi\/"},"modified":"2021-11-01T17:54:43","modified_gmt":"2021-11-01T16:54:43","slug":"creasetec-multi","status":"publish","type":"product","link":"https:\/\/graef-gnu.com\/fr\/produkt\/creasetec-multi\/","title":{"rendered":"Creasetec<sup>&reg;<\/sup>-Multi"},"content":{"rendered":"<p>Creasetec<sup>&reg;<\/sup>-Multi est un filet de t\u00eate de rainurage perfor\u00e9e qui donne au mat\u00e9riau \u00e0 d\u00e9couper plus d&#8217;espace pour se d\u00e9ployer et emp\u00eache la couche sup\u00e9rieure de se fissurer. Id\u00e9al pour le traitement dans la machine \u00e0 coller les bo\u00eetes pliantes.<\/p>\n","protected":false},"excerpt":{"rendered":"<p>Creasetec<sup>&reg;<\/sup>-Multi est une ligne de t\u00eate de rainurage perfor\u00e9e qui donne au mat\u00e9riau \u00e0 d\u00e9couper plus d&#8217;espace pour se d\u00e9ployer et emp\u00eache la couche sup\u00e9rieure de se fissurer. Id\u00e9al pour le traitement dans la machine \u00e0 coller les bo\u00eetes pliantes.<\/p>\n","protected":false},"featured_media":132874,"template":"","meta":{"_acf_changed":false},"product_cat":[6776],"product_tag":[],"class_list":{"0":"post-138103","1":"product","2":"type-product","3":"status-publish","4":"has-post-thumbnail","6":"product_group-rainurer","7":"product_cat-decoupage-a-plat","8":"pa_ablaengung-a-1-m-fr","9":"pa_hoehe-223-mm-fr","10":"pa_hoehe-226-mm-fr","11":"pa_hoehe-228-mm-fr","12":"pa_hoehe-230-mm-fr","13":"pa_hoehe-231-mm-fr","14":"pa_hoehe-232-mm-fr","15":"pa_hoehe-233-mm-fr","16":"pa_hoehe-236-mm-fr","17":"pa_hoehe-238-mm-fr","18":"pa_staerke-breite-3-8-pt-fr","19":"pa_wicklung-durchmesser-n-a-fr","21":"first","22":"instock","23":"purchasable","24":"product-type-variable"},"acf":[],"yoast_head":"<!-- This site is optimized with the Yoast SEO plugin v22.6 - https:\/\/yoast.com\/wordpress\/plugins\/seo\/ -->\n<title>Creasetec&reg;-Multi - August Graef GNU<\/title>\n<meta name=\"description\" content=\"La ligne de t\u00eate de perforation Creasetec&reg;-Multi perfor\u00e9e \u25ba permet de laisser plus d&#039;espace pour que le mat\u00e9riau \u00e0 perforer se d\u00e9plie et emp\u00eache la couche sup\u00e9rieure de se fissurer. Demandez ici !\" \/>\n<meta name=\"robots\" content=\"index, follow, max-snippet:-1, max-image-preview:large, max-video-preview:-1\" \/>\n<link rel=\"canonical\" href=\"https:\/\/graef-gnu.com\/produkt\/creasetec-multi\/\" \/>\n<meta property=\"og:locale\" content=\"fr_FR\" \/>\n<meta property=\"og:type\" content=\"article\" \/>\n<meta property=\"og:title\" content=\"Creasetec&reg;-Multi - August Graef GNU\" \/>\n<meta property=\"og:description\" content=\"La ligne de t\u00eate de perforation Creasetec&reg;-Multi perfor\u00e9e \u25ba permet de laisser plus d&#039;espace pour que le mat\u00e9riau \u00e0 perforer se d\u00e9plie et emp\u00eache la couche sup\u00e9rieure de se fissurer. Demandez ici !\" \/>\n<meta property=\"og:url\" content=\"https:\/\/graef-gnu.com\/produkt\/creasetec-multi\/\" \/>\n<meta property=\"og:site_name\" content=\"August Graef GNU\" \/>\n<meta property=\"article:modified_time\" content=\"2021-11-01T16:54:43+00:00\" \/>\n<meta property=\"og:image\" content=\"https:\/\/graef-gnu.com\/wp-content\/uploads\/gnu-creastec-multi-4-8-pt-large.png\" \/>\n\t<meta property=\"og:image:width\" content=\"890\" \/>\n\t<meta property=\"og:image:height\" content=\"300\" \/>\n\t<meta property=\"og:image:type\" content=\"image\/png\" \/>\n<meta name=\"twitter:card\" content=\"summary_large_image\" \/>\n<meta name=\"twitter:label1\" content=\"Dur\u00e9e de lecture estim\u00e9e\" \/>\n\t<meta name=\"twitter:data1\" content=\"1 minute\" \/>\n<script type=\"application\/ld+json\" class=\"yoast-schema-graph\">{\"@context\":\"https:\/\/schema.org\",\"@graph\":[{\"@type\":\"WebPage\",\"@id\":\"https:\/\/graef-gnu.com\/produkt\/creasetec-multi\/\",\"url\":\"https:\/\/graef-gnu.com\/produkt\/creasetec-multi\/\",\"name\":\"Creasetec&reg;-Multi - August Graef GNU\",\"isPartOf\":{\"@id\":\"https:\/\/graef-gnu.com\/#website\"},\"primaryImageOfPage\":{\"@id\":\"https:\/\/graef-gnu.com\/produkt\/creasetec-multi\/#primaryimage\"},\"image\":{\"@id\":\"https:\/\/graef-gnu.com\/produkt\/creasetec-multi\/#primaryimage\"},\"thumbnailUrl\":\"https:\/\/graef-gnu.com\/wp-content\/uploads\/gnu-creastec-multi-4-8-pt-large.png\",\"datePublished\":\"2021-10-05T08:50:34+00:00\",\"dateModified\":\"2021-11-01T16:54:43+00:00\",\"description\":\"La ligne de t\u00eate de perforation Creasetec&reg;-Multi perfor\u00e9e \u25ba permet de laisser plus d'espace pour que le mat\u00e9riau \u00e0 perforer se d\u00e9plie et emp\u00eache la couche sup\u00e9rieure de se fissurer. Demandez ici !\",\"breadcrumb\":{\"@id\":\"https:\/\/graef-gnu.com\/produkt\/creasetec-multi\/#breadcrumb\"},\"inLanguage\":\"fr-FR\",\"potentialAction\":[{\"@type\":\"ReadAction\",\"target\":[\"https:\/\/graef-gnu.com\/produkt\/creasetec-multi\/\"]}]},{\"@type\":\"ImageObject\",\"inLanguage\":\"fr-FR\",\"@id\":\"https:\/\/graef-gnu.com\/produkt\/creasetec-multi\/#primaryimage\",\"url\":\"https:\/\/graef-gnu.com\/wp-content\/uploads\/gnu-creastec-multi-4-8-pt-large.png\",\"contentUrl\":\"https:\/\/graef-gnu.com\/wp-content\/uploads\/gnu-creastec-multi-4-8-pt-large.png\",\"width\":890,\"height\":300},{\"@type\":\"BreadcrumbList\",\"@id\":\"https:\/\/graef-gnu.com\/produkt\/creasetec-multi\/#breadcrumb\",\"itemListElement\":[{\"@type\":\"ListItem\",\"position\":1,\"name\":\"Startseite\",\"item\":\"https:\/\/graef-gnu.com\/fr\/\"},{\"@type\":\"ListItem\",\"position\":2,\"name\":\"Formes \u00e0 plat\",\"item\":\"https:\/\/graef-gnu.com\/fr\/formes-a-plat\/\"},{\"@type\":\"ListItem\",\"position\":3,\"name\":\"Creasetec&reg;-Multi\"}]},{\"@type\":\"WebSite\",\"@id\":\"https:\/\/graef-gnu.com\/#website\",\"url\":\"https:\/\/graef-gnu.com\/\",\"name\":\"August Graef GNU\",\"description\":\"\",\"potentialAction\":[{\"@type\":\"SearchAction\",\"target\":{\"@type\":\"EntryPoint\",\"urlTemplate\":\"https:\/\/graef-gnu.com\/?s={search_term_string}\"},\"query-input\":\"required name=search_term_string\"}],\"inLanguage\":\"fr-FR\"}]}<\/script>\n<!-- \/ Yoast SEO plugin. -->","yoast_head_json":{"title":"Creasetec&reg;-Multi - August Graef GNU","description":"La ligne de t\u00eate de perforation Creasetec&reg;-Multi perfor\u00e9e \u25ba permet de laisser plus d'espace pour que le mat\u00e9riau \u00e0 perforer se d\u00e9plie et emp\u00eache la couche sup\u00e9rieure de se fissurer. Demandez ici !","robots":{"index":"index","follow":"follow","max-snippet":"max-snippet:-1","max-image-preview":"max-image-preview:large","max-video-preview":"max-video-preview:-1"},"canonical":"https:\/\/graef-gnu.com\/produkt\/creasetec-multi\/","og_locale":"fr_FR","og_type":"article","og_title":"Creasetec&reg;-Multi - August Graef GNU","og_description":"La ligne de t\u00eate de perforation Creasetec&reg;-Multi perfor\u00e9e \u25ba permet de laisser plus d'espace pour que le mat\u00e9riau \u00e0 perforer se d\u00e9plie et emp\u00eache la couche sup\u00e9rieure de se fissurer. Demandez ici !","og_url":"https:\/\/graef-gnu.com\/produkt\/creasetec-multi\/","og_site_name":"August Graef GNU","article_modified_time":"2021-11-01T16:54:43+00:00","og_image":[{"width":890,"height":300,"url":"https:\/\/graef-gnu.com\/wp-content\/uploads\/gnu-creastec-multi-4-8-pt-large.png","type":"image\/png"}],"twitter_card":"summary_large_image","twitter_misc":{"Dur\u00e9e de lecture estim\u00e9e":"1 minute"},"schema":{"@context":"https:\/\/schema.org","@graph":[{"@type":"WebPage","@id":"https:\/\/graef-gnu.com\/produkt\/creasetec-multi\/","url":"https:\/\/graef-gnu.com\/produkt\/creasetec-multi\/","name":"Creasetec&reg;-Multi - August Graef GNU","isPartOf":{"@id":"https:\/\/graef-gnu.com\/#website"},"primaryImageOfPage":{"@id":"https:\/\/graef-gnu.com\/produkt\/creasetec-multi\/#primaryimage"},"image":{"@id":"https:\/\/graef-gnu.com\/produkt\/creasetec-multi\/#primaryimage"},"thumbnailUrl":"https:\/\/graef-gnu.com\/wp-content\/uploads\/gnu-creastec-multi-4-8-pt-large.png","datePublished":"2021-10-05T08:50:34+00:00","dateModified":"2021-11-01T16:54:43+00:00","description":"La ligne de t\u00eate de perforation Creasetec&reg;-Multi perfor\u00e9e \u25ba permet de laisser plus d'espace pour que le mat\u00e9riau \u00e0 perforer se d\u00e9plie et emp\u00eache la couche sup\u00e9rieure de se fissurer. Demandez ici !","breadcrumb":{"@id":"https:\/\/graef-gnu.com\/produkt\/creasetec-multi\/#breadcrumb"},"inLanguage":"fr-FR","potentialAction":[{"@type":"ReadAction","target":["https:\/\/graef-gnu.com\/produkt\/creasetec-multi\/"]}]},{"@type":"ImageObject","inLanguage":"fr-FR","@id":"https:\/\/graef-gnu.com\/produkt\/creasetec-multi\/#primaryimage","url":"https:\/\/graef-gnu.com\/wp-content\/uploads\/gnu-creastec-multi-4-8-pt-large.png","contentUrl":"https:\/\/graef-gnu.com\/wp-content\/uploads\/gnu-creastec-multi-4-8-pt-large.png","width":890,"height":300},{"@type":"BreadcrumbList","@id":"https:\/\/graef-gnu.com\/produkt\/creasetec-multi\/#breadcrumb","itemListElement":[{"@type":"ListItem","position":1,"name":"Startseite","item":"https:\/\/graef-gnu.com\/fr\/"},{"@type":"ListItem","position":2,"name":"Formes \u00e0 plat","item":"https:\/\/graef-gnu.com\/fr\/formes-a-plat\/"},{"@type":"ListItem","position":3,"name":"Creasetec&reg;-Multi"}]},{"@type":"WebSite","@id":"https:\/\/graef-gnu.com\/#website","url":"https:\/\/graef-gnu.com\/","name":"August Graef GNU","description":"","potentialAction":[{"@type":"SearchAction","target":{"@type":"EntryPoint","urlTemplate":"https:\/\/graef-gnu.com\/?s={search_term_string}"},"query-input":"required name=search_term_string"}],"inLanguage":"fr-FR"}]}},"_links":{"self":[{"href":"https:\/\/graef-gnu.com\/fr\/wp-json\/wp\/v2\/product\/138103","targetHints":{"allow":["GET"]}}],"collection":[{"href":"https:\/\/graef-gnu.com\/fr\/wp-json\/wp\/v2\/product"}],"about":[{"href":"https:\/\/graef-gnu.com\/fr\/wp-json\/wp\/v2\/types\/product"}],"wp:featuredmedia":[{"embeddable":true,"href":"https:\/\/graef-gnu.com\/fr\/wp-json\/wp\/v2\/media\/132874"}],"wp:attachment":[{"href":"https:\/\/graef-gnu.com\/fr\/wp-json\/wp\/v2\/media?parent=138103"}],"wp:term":[{"taxonomy":"product_cat","embeddable":true,"href":"https:\/\/graef-gnu.com\/fr\/wp-json\/wp\/v2\/product_cat?post=138103"},{"taxonomy":"product_tag","embeddable":true,"href":"https:\/\/graef-gnu.com\/fr\/wp-json\/wp\/v2\/product_tag?post=138103"}],"curies":[{"name":"wp","href":"https:\/\/api.w.org\/{rel}","templated":true}]}}