{"id":138304,"date":"2021-02-11T11:00:56","date_gmt":"2021-10-05T08:50:46","guid":{"rendered":"https:\/\/www.graef-gnu.com\/produkt\/gnu-mh\/"},"modified":"2021-10-05T11:01:04","modified_gmt":"2021-10-05T09:01:04","slug":"gnu-mh","status":"publish","type":"product","link":"https:\/\/graef-gnu.com\/fr\/produkt\/gnu-mh\/","title":{"rendered":"GNU-MH"},"content":{"rendered":"<p>Ligne de coupe tr\u00e8s durable, tremp\u00e9e et tranchante pour les mat\u00e9riaux particuli\u00e8rement r\u00e9sistants. L&#8217;intersection est au milieu.<\/p>\n","protected":false},"excerpt":{"rendered":"<p>Ligne de coupe tr\u00e8s durable, tremp\u00e9e et tranchante pour les mat\u00e9riaux particuli\u00e8rement r\u00e9sistants. L&#8217;intersection est au milieu.<\/p>\n","protected":false},"featured_media":132845,"template":"","meta":{"_acf_changed":false},"product_cat":[6717],"product_tag":[],"class_list":{"0":"post-138304","1":"product","2":"type-product","3":"status-publish","4":"has-post-thumbnail","6":"product_group-decouper","7":"product_cat-poinconnage-rotatif","8":"pa_ablaengung-a-1-m-fr","9":"pa_ablaengung-sur-lanneau","10":"pa_hoehe-248-mm-fr","11":"pa_hoehe-254-mm-fr","12":"pa_hoehe-260-mm-fr","13":"pa_hoehe-264-mm-fr","14":"pa_hoehe-266-mm-fr","15":"pa_hoehe-288-mm-fr","16":"pa_hoehe-3016-mm-fr","17":"pa_nuten-avec-encoches","18":"pa_nuten-n-a-fr","19":"pa_schliff-om","20":"pa_staerke-breite-142-mm-fr","21":"pa_staerke-breite-20-mm-fr","22":"pa_wicklung-durchmesser-487-mm-fr","23":"pa_wicklung-durchmesser-cw-560-mm-fr","24":"pa_wicklung-durchmesser-n-a-fr","25":"pa_zaehne-8-tpi-fr","27":"first","28":"instock","29":"purchasable","30":"product-type-variable"},"acf":[],"yoast_head":"<!-- This site is optimized with the Yoast SEO plugin v22.6 - https:\/\/yoast.com\/wordpress\/plugins\/seo\/ -->\n<title>GNU-MH - August Graef GNU<\/title>\n<meta name=\"description\" content=\"Tr\u00e8s durable, ligne de coupe tremp\u00e9e et tranchante pour les mat\u00e9riaux extra forts \u2705 La pointe de coupe est au milieu \u2705 En savoir plus ici !\" \/>\n<meta name=\"robots\" content=\"index, follow, max-snippet:-1, max-image-preview:large, max-video-preview:-1\" \/>\n<link rel=\"canonical\" href=\"https:\/\/graef-gnu.com\/produkt\/gnu-mh\/\" \/>\n<meta property=\"og:locale\" content=\"fr_FR\" \/>\n<meta property=\"og:type\" content=\"article\" \/>\n<meta property=\"og:title\" content=\"GNU-MH - August Graef GNU\" \/>\n<meta property=\"og:description\" content=\"Tr\u00e8s durable, ligne de coupe tremp\u00e9e et tranchante pour les mat\u00e9riaux extra forts \u2705 La pointe de coupe est au milieu \u2705 En savoir plus ici !\" \/>\n<meta property=\"og:url\" content=\"https:\/\/graef-gnu.com\/produkt\/gnu-mh\/\" \/>\n<meta property=\"og:site_name\" content=\"August Graef GNU\" \/>\n<meta property=\"article:modified_time\" content=\"2021-10-05T09:01:04+00:00\" \/>\n<meta property=\"og:image\" content=\"https:\/\/graef-gnu.com\/wp-content\/uploads\/gnu-mh-messer.jpg\" \/>\n\t<meta property=\"og:image:width\" content=\"890\" \/>\n\t<meta property=\"og:image:height\" content=\"300\" \/>\n\t<meta property=\"og:image:type\" content=\"image\/jpeg\" \/>\n<meta name=\"twitter:card\" content=\"summary_large_image\" \/>\n<script type=\"application\/ld+json\" class=\"yoast-schema-graph\">{\"@context\":\"https:\/\/schema.org\",\"@graph\":[{\"@type\":\"WebPage\",\"@id\":\"https:\/\/graef-gnu.com\/produkt\/gnu-mh\/\",\"url\":\"https:\/\/graef-gnu.com\/produkt\/gnu-mh\/\",\"name\":\"GNU-MH - August Graef GNU\",\"isPartOf\":{\"@id\":\"https:\/\/graef-gnu.com\/#website\"},\"primaryImageOfPage\":{\"@id\":\"https:\/\/graef-gnu.com\/produkt\/gnu-mh\/#primaryimage\"},\"image\":{\"@id\":\"https:\/\/graef-gnu.com\/produkt\/gnu-mh\/#primaryimage\"},\"thumbnailUrl\":\"https:\/\/graef-gnu.com\/wp-content\/uploads\/gnu-mh-messer.jpg\",\"datePublished\":\"2021-10-05T08:50:46+00:00\",\"dateModified\":\"2021-10-05T09:01:04+00:00\",\"description\":\"Tr\u00e8s durable, ligne de coupe tremp\u00e9e et tranchante pour les mat\u00e9riaux extra forts \u2705 La pointe de coupe est au milieu \u2705 En savoir plus ici !\",\"breadcrumb\":{\"@id\":\"https:\/\/graef-gnu.com\/produkt\/gnu-mh\/#breadcrumb\"},\"inLanguage\":\"fr-FR\",\"potentialAction\":[{\"@type\":\"ReadAction\",\"target\":[\"https:\/\/graef-gnu.com\/produkt\/gnu-mh\/\"]}]},{\"@type\":\"ImageObject\",\"inLanguage\":\"fr-FR\",\"@id\":\"https:\/\/graef-gnu.com\/produkt\/gnu-mh\/#primaryimage\",\"url\":\"https:\/\/graef-gnu.com\/wp-content\/uploads\/gnu-mh-messer.jpg\",\"contentUrl\":\"https:\/\/graef-gnu.com\/wp-content\/uploads\/gnu-mh-messer.jpg\",\"width\":890,\"height\":300},{\"@type\":\"BreadcrumbList\",\"@id\":\"https:\/\/graef-gnu.com\/produkt\/gnu-mh\/#breadcrumb\",\"itemListElement\":[{\"@type\":\"ListItem\",\"position\":1,\"name\":\"Startseite\",\"item\":\"https:\/\/graef-gnu.com\/fr\/\"},{\"@type\":\"ListItem\",\"position\":2,\"name\":\"Formes \u00e0 plat\",\"item\":\"https:\/\/graef-gnu.com\/fr\/formes-a-plat\/\"},{\"@type\":\"ListItem\",\"position\":3,\"name\":\"GNU-MH\"}]},{\"@type\":\"WebSite\",\"@id\":\"https:\/\/graef-gnu.com\/#website\",\"url\":\"https:\/\/graef-gnu.com\/\",\"name\":\"August Graef GNU\",\"description\":\"\",\"potentialAction\":[{\"@type\":\"SearchAction\",\"target\":{\"@type\":\"EntryPoint\",\"urlTemplate\":\"https:\/\/graef-gnu.com\/?s={search_term_string}\"},\"query-input\":\"required name=search_term_string\"}],\"inLanguage\":\"fr-FR\"}]}<\/script>\n<!-- \/ Yoast SEO plugin. -->","yoast_head_json":{"title":"GNU-MH - August Graef GNU","description":"Tr\u00e8s durable, ligne de coupe tremp\u00e9e et tranchante pour les mat\u00e9riaux extra forts \u2705 La pointe de coupe est au milieu \u2705 En savoir plus ici !","robots":{"index":"index","follow":"follow","max-snippet":"max-snippet:-1","max-image-preview":"max-image-preview:large","max-video-preview":"max-video-preview:-1"},"canonical":"https:\/\/graef-gnu.com\/produkt\/gnu-mh\/","og_locale":"fr_FR","og_type":"article","og_title":"GNU-MH - August Graef GNU","og_description":"Tr\u00e8s durable, ligne de coupe tremp\u00e9e et tranchante pour les mat\u00e9riaux extra forts \u2705 La pointe de coupe est au milieu \u2705 En savoir plus ici !","og_url":"https:\/\/graef-gnu.com\/produkt\/gnu-mh\/","og_site_name":"August Graef GNU","article_modified_time":"2021-10-05T09:01:04+00:00","og_image":[{"width":890,"height":300,"url":"https:\/\/graef-gnu.com\/wp-content\/uploads\/gnu-mh-messer.jpg","type":"image\/jpeg"}],"twitter_card":"summary_large_image","schema":{"@context":"https:\/\/schema.org","@graph":[{"@type":"WebPage","@id":"https:\/\/graef-gnu.com\/produkt\/gnu-mh\/","url":"https:\/\/graef-gnu.com\/produkt\/gnu-mh\/","name":"GNU-MH - August Graef GNU","isPartOf":{"@id":"https:\/\/graef-gnu.com\/#website"},"primaryImageOfPage":{"@id":"https:\/\/graef-gnu.com\/produkt\/gnu-mh\/#primaryimage"},"image":{"@id":"https:\/\/graef-gnu.com\/produkt\/gnu-mh\/#primaryimage"},"thumbnailUrl":"https:\/\/graef-gnu.com\/wp-content\/uploads\/gnu-mh-messer.jpg","datePublished":"2021-10-05T08:50:46+00:00","dateModified":"2021-10-05T09:01:04+00:00","description":"Tr\u00e8s durable, ligne de coupe tremp\u00e9e et tranchante pour les mat\u00e9riaux extra forts \u2705 La pointe de coupe est au milieu \u2705 En savoir plus ici !","breadcrumb":{"@id":"https:\/\/graef-gnu.com\/produkt\/gnu-mh\/#breadcrumb"},"inLanguage":"fr-FR","potentialAction":[{"@type":"ReadAction","target":["https:\/\/graef-gnu.com\/produkt\/gnu-mh\/"]}]},{"@type":"ImageObject","inLanguage":"fr-FR","@id":"https:\/\/graef-gnu.com\/produkt\/gnu-mh\/#primaryimage","url":"https:\/\/graef-gnu.com\/wp-content\/uploads\/gnu-mh-messer.jpg","contentUrl":"https:\/\/graef-gnu.com\/wp-content\/uploads\/gnu-mh-messer.jpg","width":890,"height":300},{"@type":"BreadcrumbList","@id":"https:\/\/graef-gnu.com\/produkt\/gnu-mh\/#breadcrumb","itemListElement":[{"@type":"ListItem","position":1,"name":"Startseite","item":"https:\/\/graef-gnu.com\/fr\/"},{"@type":"ListItem","position":2,"name":"Formes \u00e0 plat","item":"https:\/\/graef-gnu.com\/fr\/formes-a-plat\/"},{"@type":"ListItem","position":3,"name":"GNU-MH"}]},{"@type":"WebSite","@id":"https:\/\/graef-gnu.com\/#website","url":"https:\/\/graef-gnu.com\/","name":"August Graef GNU","description":"","potentialAction":[{"@type":"SearchAction","target":{"@type":"EntryPoint","urlTemplate":"https:\/\/graef-gnu.com\/?s={search_term_string}"},"query-input":"required name=search_term_string"}],"inLanguage":"fr-FR"}]}},"_links":{"self":[{"href":"https:\/\/graef-gnu.com\/fr\/wp-json\/wp\/v2\/product\/138304","targetHints":{"allow":["GET"]}}],"collection":[{"href":"https:\/\/graef-gnu.com\/fr\/wp-json\/wp\/v2\/product"}],"about":[{"href":"https:\/\/graef-gnu.com\/fr\/wp-json\/wp\/v2\/types\/product"}],"wp:featuredmedia":[{"embeddable":true,"href":"https:\/\/graef-gnu.com\/fr\/wp-json\/wp\/v2\/media\/132845"}],"wp:attachment":[{"href":"https:\/\/graef-gnu.com\/fr\/wp-json\/wp\/v2\/media?parent=138304"}],"wp:term":[{"taxonomy":"product_cat","embeddable":true,"href":"https:\/\/graef-gnu.com\/fr\/wp-json\/wp\/v2\/product_cat?post=138304"},{"taxonomy":"product_tag","embeddable":true,"href":"https:\/\/graef-gnu.com\/fr\/wp-json\/wp\/v2\/product_tag?post=138304"}],"curies":[{"name":"wp","href":"https:\/\/api.w.org\/{rel}","templated":true}]}}