{"id":138415,"date":"2021-02-11T11:05:00","date_gmt":"2021-10-05T08:50:55","guid":{"rendered":"https:\/\/www.graef-gnu.com\/produkt\/autofixation-de-gnu-colorcell\/"},"modified":"2021-10-27T15:58:07","modified_gmt":"2021-10-27T13:58:07","slug":"gnu-colorcell-autofix","status":"publish","type":"product","link":"https:\/\/graef-gnu.com\/fr\/produkt\/gnu-colorcell-autofix\/","title":{"rendered":"GNU ColorCell<sup>&reg;<\/sup> Autofix"},"content":{"rendered":"<p>GNU ColorCell<sup>&reg;<\/sup> Autofix est le nouveau caoutchouc d&#8217;\u00e9jection standard moderne pour les matrices de d\u00e9coupe \u00e0 plat qui s&#8217;est assur\u00e9 une grande part du march\u00e9 du caoutchouc en tr\u00e8s peu de temps. Autofix en version auto-adh\u00e9sive. Il impressionne par son bon rapport qualit\u00e9-prix, sa r\u00e9sistance aux UV et au vieillissement et son design color\u00e9 qui met en valeur la matrice de d\u00e9coupe. GNU ColorCell<sup>&reg;<\/sup> est certifi\u00e9 comme s\u00fbr pour la production de bo\u00eetes pliantes pour aliments. Cette version auto-adh\u00e9sive d&#8217;Autofix a \u00e9t\u00e9 d\u00e9velopp\u00e9e dans le cadre d&#8217;un processus de production sp\u00e9cial,<br \/>\npour r\u00e9sister \u00e0 des charges permanentes maximales et r\u00e9pondre \u00e0 des exigences telles qu&#8217;une application et un retrait rapides et faciles.<\/p>\n","protected":false},"excerpt":{"rendered":"<p>GNU ColorCell<sup>&reg;<\/sup> est le nouveau caoutchouc d&#8217;\u00e9jection standard moderne pour les matrices de d\u00e9coupe \u00e0 plat qui s&#8217;est assur\u00e9 une grande part du march\u00e9 du caoutchouc en tr\u00e8s peu de temps.<\/p>\n","protected":false},"featured_media":133615,"template":"","meta":{"_acf_changed":false},"product_cat":[6709],"product_tag":[],"class_list":{"0":"post-138415","1":"product","2":"type-product","3":"status-publish","4":"has-post-thumbnail","6":"product_group-plaques-fr","7":"product_cat-materiaux-dejection","8":"pa_dimension-0828-m-fr","9":"pa_dimension-1-m-fr","10":"pa_hoehe-10-mm-fr-2","11":"pa_hoehe-11-mm-fr","12":"pa_hoehe-7-mm-fr","13":"pa_hoehe-95-mm-fr","14":"pa_shore-haerte-15-shore-a-beige-fr","15":"pa_shore-haerte-25-shore-a-jaune","16":"pa_shore-haerte-35-shore-a-vert","17":"pa_shore-haerte-45-shore-a-orange-fr","18":"pa_shore-haerte-55-shore-a-bleu","20":"first","21":"instock","22":"purchasable","23":"product-type-variable"},"acf":[],"yoast_head":"<!-- This site is optimized with the Yoast SEO plugin v22.6 - https:\/\/yoast.com\/wordpress\/plugins\/seo\/ -->\n<title>GNU ColorCell&reg; Autofix - August Graef GNU<\/title>\n<meta name=\"description\" content=\"GNU ColorCell&reg; Autofix : caoutchouc d&#039;\u00e9jection standard pour les matrices de d\u00e9coupe \u00e0 plat \u25ba r\u00e9sistant aux UV et au vieillissement \u2705 version autocollante \u2705 Informez-vous ici !\" \/>\n<meta name=\"robots\" content=\"index, follow, max-snippet:-1, max-image-preview:large, max-video-preview:-1\" \/>\n<link rel=\"canonical\" href=\"https:\/\/graef-gnu.com\/produkt\/gnu-colorcell-autofix\/\" \/>\n<meta property=\"og:locale\" content=\"fr_FR\" \/>\n<meta property=\"og:type\" content=\"article\" \/>\n<meta property=\"og:title\" content=\"GNU ColorCell&reg; Autofix - August Graef GNU\" \/>\n<meta property=\"og:description\" content=\"GNU ColorCell&reg; Autofix : caoutchouc d&#039;\u00e9jection standard pour les matrices de d\u00e9coupe \u00e0 plat \u25ba r\u00e9sistant aux UV et au vieillissement \u2705 version autocollante \u2705 Informez-vous ici !\" \/>\n<meta property=\"og:url\" content=\"https:\/\/graef-gnu.com\/produkt\/gnu-colorcell-autofix\/\" \/>\n<meta property=\"og:site_name\" content=\"August Graef GNU\" \/>\n<meta property=\"article:modified_time\" content=\"2021-10-27T13:58:07+00:00\" \/>\n<meta property=\"og:image\" content=\"https:\/\/graef-gnu.com\/wp-content\/uploads\/gnu_colorcell_alle_ecken_autofix-1.jpg\" \/>\n\t<meta property=\"og:image:width\" content=\"890\" \/>\n\t<meta property=\"og:image:height\" content=\"300\" \/>\n\t<meta property=\"og:image:type\" content=\"image\/jpeg\" \/>\n<meta name=\"twitter:card\" content=\"summary_large_image\" \/>\n<meta name=\"twitter:label1\" content=\"Dur\u00e9e de lecture estim\u00e9e\" \/>\n\t<meta name=\"twitter:data1\" content=\"1 minute\" \/>\n<script type=\"application\/ld+json\" class=\"yoast-schema-graph\">{\"@context\":\"https:\/\/schema.org\",\"@graph\":[{\"@type\":\"WebPage\",\"@id\":\"https:\/\/graef-gnu.com\/produkt\/gnu-colorcell-autofix\/\",\"url\":\"https:\/\/graef-gnu.com\/produkt\/gnu-colorcell-autofix\/\",\"name\":\"GNU ColorCell&reg; Autofix - August Graef GNU\",\"isPartOf\":{\"@id\":\"https:\/\/graef-gnu.com\/#website\"},\"primaryImageOfPage\":{\"@id\":\"https:\/\/graef-gnu.com\/produkt\/gnu-colorcell-autofix\/#primaryimage\"},\"image\":{\"@id\":\"https:\/\/graef-gnu.com\/produkt\/gnu-colorcell-autofix\/#primaryimage\"},\"thumbnailUrl\":\"https:\/\/graef-gnu.com\/wp-content\/uploads\/gnu_colorcell_alle_ecken_autofix-1.jpg\",\"datePublished\":\"2021-10-05T08:50:55+00:00\",\"dateModified\":\"2021-10-27T13:58:07+00:00\",\"description\":\"GNU ColorCell&reg; Autofix : caoutchouc d'\u00e9jection standard pour les matrices de d\u00e9coupe \u00e0 plat \u25ba r\u00e9sistant aux UV et au vieillissement \u2705 version autocollante \u2705 Informez-vous ici !\",\"breadcrumb\":{\"@id\":\"https:\/\/graef-gnu.com\/produkt\/gnu-colorcell-autofix\/#breadcrumb\"},\"inLanguage\":\"fr-FR\",\"potentialAction\":[{\"@type\":\"ReadAction\",\"target\":[\"https:\/\/graef-gnu.com\/produkt\/gnu-colorcell-autofix\/\"]}]},{\"@type\":\"ImageObject\",\"inLanguage\":\"fr-FR\",\"@id\":\"https:\/\/graef-gnu.com\/produkt\/gnu-colorcell-autofix\/#primaryimage\",\"url\":\"https:\/\/graef-gnu.com\/wp-content\/uploads\/gnu_colorcell_alle_ecken_autofix-1.jpg\",\"contentUrl\":\"https:\/\/graef-gnu.com\/wp-content\/uploads\/gnu_colorcell_alle_ecken_autofix-1.jpg\",\"width\":890,\"height\":300},{\"@type\":\"BreadcrumbList\",\"@id\":\"https:\/\/graef-gnu.com\/produkt\/gnu-colorcell-autofix\/#breadcrumb\",\"itemListElement\":[{\"@type\":\"ListItem\",\"position\":1,\"name\":\"Startseite\",\"item\":\"https:\/\/graef-gnu.com\/fr\/\"},{\"@type\":\"ListItem\",\"position\":2,\"name\":\"Formes \u00e0 plat\",\"item\":\"https:\/\/graef-gnu.com\/fr\/formes-a-plat\/\"},{\"@type\":\"ListItem\",\"position\":3,\"name\":\"GNU ColorCell&reg; Autofix\"}]},{\"@type\":\"WebSite\",\"@id\":\"https:\/\/graef-gnu.com\/#website\",\"url\":\"https:\/\/graef-gnu.com\/\",\"name\":\"August Graef GNU\",\"description\":\"\",\"potentialAction\":[{\"@type\":\"SearchAction\",\"target\":{\"@type\":\"EntryPoint\",\"urlTemplate\":\"https:\/\/graef-gnu.com\/?s={search_term_string}\"},\"query-input\":\"required name=search_term_string\"}],\"inLanguage\":\"fr-FR\"}]}<\/script>\n<!-- \/ Yoast SEO plugin. -->","yoast_head_json":{"title":"GNU ColorCell&reg; Autofix - August Graef GNU","description":"GNU ColorCell&reg; Autofix : caoutchouc d'\u00e9jection standard pour les matrices de d\u00e9coupe \u00e0 plat \u25ba r\u00e9sistant aux UV et au vieillissement \u2705 version autocollante \u2705 Informez-vous ici !","robots":{"index":"index","follow":"follow","max-snippet":"max-snippet:-1","max-image-preview":"max-image-preview:large","max-video-preview":"max-video-preview:-1"},"canonical":"https:\/\/graef-gnu.com\/produkt\/gnu-colorcell-autofix\/","og_locale":"fr_FR","og_type":"article","og_title":"GNU ColorCell&reg; Autofix - August Graef GNU","og_description":"GNU ColorCell&reg; Autofix : caoutchouc d'\u00e9jection standard pour les matrices de d\u00e9coupe \u00e0 plat \u25ba r\u00e9sistant aux UV et au vieillissement \u2705 version autocollante \u2705 Informez-vous ici !","og_url":"https:\/\/graef-gnu.com\/produkt\/gnu-colorcell-autofix\/","og_site_name":"August Graef GNU","article_modified_time":"2021-10-27T13:58:07+00:00","og_image":[{"width":890,"height":300,"url":"https:\/\/graef-gnu.com\/wp-content\/uploads\/gnu_colorcell_alle_ecken_autofix-1.jpg","type":"image\/jpeg"}],"twitter_card":"summary_large_image","twitter_misc":{"Dur\u00e9e de lecture estim\u00e9e":"1 minute"},"schema":{"@context":"https:\/\/schema.org","@graph":[{"@type":"WebPage","@id":"https:\/\/graef-gnu.com\/produkt\/gnu-colorcell-autofix\/","url":"https:\/\/graef-gnu.com\/produkt\/gnu-colorcell-autofix\/","name":"GNU ColorCell&reg; Autofix - August Graef GNU","isPartOf":{"@id":"https:\/\/graef-gnu.com\/#website"},"primaryImageOfPage":{"@id":"https:\/\/graef-gnu.com\/produkt\/gnu-colorcell-autofix\/#primaryimage"},"image":{"@id":"https:\/\/graef-gnu.com\/produkt\/gnu-colorcell-autofix\/#primaryimage"},"thumbnailUrl":"https:\/\/graef-gnu.com\/wp-content\/uploads\/gnu_colorcell_alle_ecken_autofix-1.jpg","datePublished":"2021-10-05T08:50:55+00:00","dateModified":"2021-10-27T13:58:07+00:00","description":"GNU ColorCell&reg; Autofix : caoutchouc d'\u00e9jection standard pour les matrices de d\u00e9coupe \u00e0 plat \u25ba r\u00e9sistant aux UV et au vieillissement \u2705 version autocollante \u2705 Informez-vous ici !","breadcrumb":{"@id":"https:\/\/graef-gnu.com\/produkt\/gnu-colorcell-autofix\/#breadcrumb"},"inLanguage":"fr-FR","potentialAction":[{"@type":"ReadAction","target":["https:\/\/graef-gnu.com\/produkt\/gnu-colorcell-autofix\/"]}]},{"@type":"ImageObject","inLanguage":"fr-FR","@id":"https:\/\/graef-gnu.com\/produkt\/gnu-colorcell-autofix\/#primaryimage","url":"https:\/\/graef-gnu.com\/wp-content\/uploads\/gnu_colorcell_alle_ecken_autofix-1.jpg","contentUrl":"https:\/\/graef-gnu.com\/wp-content\/uploads\/gnu_colorcell_alle_ecken_autofix-1.jpg","width":890,"height":300},{"@type":"BreadcrumbList","@id":"https:\/\/graef-gnu.com\/produkt\/gnu-colorcell-autofix\/#breadcrumb","itemListElement":[{"@type":"ListItem","position":1,"name":"Startseite","item":"https:\/\/graef-gnu.com\/fr\/"},{"@type":"ListItem","position":2,"name":"Formes \u00e0 plat","item":"https:\/\/graef-gnu.com\/fr\/formes-a-plat\/"},{"@type":"ListItem","position":3,"name":"GNU ColorCell&reg; Autofix"}]},{"@type":"WebSite","@id":"https:\/\/graef-gnu.com\/#website","url":"https:\/\/graef-gnu.com\/","name":"August Graef GNU","description":"","potentialAction":[{"@type":"SearchAction","target":{"@type":"EntryPoint","urlTemplate":"https:\/\/graef-gnu.com\/?s={search_term_string}"},"query-input":"required name=search_term_string"}],"inLanguage":"fr-FR"}]}},"_links":{"self":[{"href":"https:\/\/graef-gnu.com\/fr\/wp-json\/wp\/v2\/product\/138415","targetHints":{"allow":["GET"]}}],"collection":[{"href":"https:\/\/graef-gnu.com\/fr\/wp-json\/wp\/v2\/product"}],"about":[{"href":"https:\/\/graef-gnu.com\/fr\/wp-json\/wp\/v2\/types\/product"}],"wp:featuredmedia":[{"embeddable":true,"href":"https:\/\/graef-gnu.com\/fr\/wp-json\/wp\/v2\/media\/133615"}],"wp:attachment":[{"href":"https:\/\/graef-gnu.com\/fr\/wp-json\/wp\/v2\/media?parent=138415"}],"wp:term":[{"taxonomy":"product_cat","embeddable":true,"href":"https:\/\/graef-gnu.com\/fr\/wp-json\/wp\/v2\/product_cat?post=138415"},{"taxonomy":"product_tag","embeddable":true,"href":"https:\/\/graef-gnu.com\/fr\/wp-json\/wp\/v2\/product_tag?post=138415"}],"curies":[{"name":"wp","href":"https:\/\/api.w.org\/{rel}","templated":true}]}}