{"id":138491,"date":"2021-03-18T16:04:42","date_gmt":"2021-10-05T08:51:02","guid":{"rendered":"https:\/\/www.graef-gnu.com\/produkt\/duroflex-supercut-hardcoat\/"},"modified":"2021-10-05T11:02:55","modified_gmt":"2021-10-05T09:02:55","slug":"duroflex-supercut-hardcoat","status":"publish","type":"product","link":"https:\/\/graef-gnu.com\/fr\/produkt\/duroflex-supercut-hardcoat\/","title":{"rendered":"Duroflex<sup>&reg;<\/sup> Supercut Hardcoat"},"content":{"rendered":"<p>Ligne de coupe tremp\u00e9e, rev\u00eatue de TiN, \u00e0 rectification microfine avec des tol\u00e9rances de hauteur minimales pour une perforation sans peluche et des feuilles autocollantes. Le rev\u00eatement en nitrure de titane assure une abrasion plus lente de la matrice et est id\u00e9al pour les tirages particuli\u00e8rement longs tels que les emballages de restauration rapide, de produits pharmaceutiques ou de tabac.<\/p>\n","protected":false},"excerpt":{"rendered":"<p>Ligne de coupe tremp\u00e9e, rev\u00eatue de TiN, \u00e0 rectification microfine avec des tol\u00e9rances de hauteur minimales pour une perforation sans peluche et des feuilles autocollantes.<\/p>\n","protected":false},"featured_media":133820,"template":"","meta":{"_acf_changed":false},"product_cat":[6776,7388],"product_tag":[],"class_list":{"0":"post-138491","1":"product","2":"type-product","3":"status-publish","4":"has-post-thumbnail","6":"product_group-decouper","7":"product_cat-decoupage-a-plat","8":"product_cat-poinconnage-a-plat","9":"pa_ablaengung-sur-lanneau","10":"pa_hoehe-12-mm-fr-2","11":"pa_hoehe-238-mm-fr","12":"pa_hoehe-80-mm-fr","13":"pa_schneidenwinkel-42-fr","14":"pa_schneidenwinkel-52-fr","15":"pa_staerke-breite-05-mm-fr","16":"pa_staerke-breite-07-mm-fr","17":"pa_wicklung-durchmesser-acw-480-mm-fr","18":"pa_wicklung-durchmesser-acw-560-mm-fr","19":"pa_wicklung-durchmesser-cw-480-mm-fr","20":"pa_wicklung-durchmesser-cw-560-mm-fr","22":"first","23":"instock","24":"purchasable","25":"product-type-variable"},"acf":[],"yoast_head":"<!-- This site is optimized with the Yoast SEO plugin v22.6 - https:\/\/yoast.com\/wordpress\/plugins\/seo\/ -->\n<title>Duroflex&reg; Supercut Hardcoat - August Graef GNU<\/title>\n<meta name=\"description\" content=\"Ligne de coupe tremp\u00e9e, rev\u00eatue de TiN, \u00e0 rectification microfine avec des tol\u00e9rances de hauteur minimales pour une perforation sans peluche et des films autocollants. Informez-vous ici !\" \/>\n<meta name=\"robots\" content=\"index, follow, max-snippet:-1, max-image-preview:large, max-video-preview:-1\" \/>\n<link rel=\"canonical\" href=\"https:\/\/graef-gnu.com\/produkt\/duroflex-supercut-hardcoat\/\" \/>\n<meta property=\"og:locale\" content=\"fr_FR\" \/>\n<meta property=\"og:type\" content=\"article\" \/>\n<meta property=\"og:title\" content=\"Duroflex&reg; Supercut Hardcoat - August Graef GNU\" \/>\n<meta property=\"og:description\" content=\"Ligne de coupe tremp\u00e9e, rev\u00eatue de TiN, \u00e0 rectification microfine avec des tol\u00e9rances de hauteur minimales pour une perforation sans peluche et des films autocollants. Informez-vous ici !\" \/>\n<meta property=\"og:url\" content=\"https:\/\/graef-gnu.com\/produkt\/duroflex-supercut-hardcoat\/\" \/>\n<meta property=\"og:site_name\" content=\"August Graef GNU\" \/>\n<meta property=\"article:modified_time\" content=\"2021-10-05T09:02:55+00:00\" \/>\n<meta property=\"og:image\" content=\"https:\/\/graef-gnu.com\/wp-content\/uploads\/gnu_duroflex-supercut-hardcoat.jpg\" \/>\n\t<meta property=\"og:image:width\" content=\"890\" \/>\n\t<meta property=\"og:image:height\" content=\"300\" \/>\n\t<meta property=\"og:image:type\" content=\"image\/jpeg\" \/>\n<meta name=\"twitter:card\" content=\"summary_large_image\" \/>\n<script type=\"application\/ld+json\" class=\"yoast-schema-graph\">{\"@context\":\"https:\/\/schema.org\",\"@graph\":[{\"@type\":\"WebPage\",\"@id\":\"https:\/\/graef-gnu.com\/produkt\/duroflex-supercut-hardcoat\/\",\"url\":\"https:\/\/graef-gnu.com\/produkt\/duroflex-supercut-hardcoat\/\",\"name\":\"Duroflex&reg; Supercut Hardcoat - August Graef GNU\",\"isPartOf\":{\"@id\":\"https:\/\/graef-gnu.com\/#website\"},\"primaryImageOfPage\":{\"@id\":\"https:\/\/graef-gnu.com\/produkt\/duroflex-supercut-hardcoat\/#primaryimage\"},\"image\":{\"@id\":\"https:\/\/graef-gnu.com\/produkt\/duroflex-supercut-hardcoat\/#primaryimage\"},\"thumbnailUrl\":\"https:\/\/graef-gnu.com\/wp-content\/uploads\/gnu_duroflex-supercut-hardcoat.jpg\",\"datePublished\":\"2021-10-05T08:51:02+00:00\",\"dateModified\":\"2021-10-05T09:02:55+00:00\",\"description\":\"Ligne de coupe tremp\u00e9e, rev\u00eatue de TiN, \u00e0 rectification microfine avec des tol\u00e9rances de hauteur minimales pour une perforation sans peluche et des films autocollants. Informez-vous ici !\",\"breadcrumb\":{\"@id\":\"https:\/\/graef-gnu.com\/produkt\/duroflex-supercut-hardcoat\/#breadcrumb\"},\"inLanguage\":\"fr-FR\",\"potentialAction\":[{\"@type\":\"ReadAction\",\"target\":[\"https:\/\/graef-gnu.com\/produkt\/duroflex-supercut-hardcoat\/\"]}]},{\"@type\":\"ImageObject\",\"inLanguage\":\"fr-FR\",\"@id\":\"https:\/\/graef-gnu.com\/produkt\/duroflex-supercut-hardcoat\/#primaryimage\",\"url\":\"https:\/\/graef-gnu.com\/wp-content\/uploads\/gnu_duroflex-supercut-hardcoat.jpg\",\"contentUrl\":\"https:\/\/graef-gnu.com\/wp-content\/uploads\/gnu_duroflex-supercut-hardcoat.jpg\",\"width\":890,\"height\":300},{\"@type\":\"BreadcrumbList\",\"@id\":\"https:\/\/graef-gnu.com\/produkt\/duroflex-supercut-hardcoat\/#breadcrumb\",\"itemListElement\":[{\"@type\":\"ListItem\",\"position\":1,\"name\":\"Startseite\",\"item\":\"https:\/\/graef-gnu.com\/fr\/\"},{\"@type\":\"ListItem\",\"position\":2,\"name\":\"Formes \u00e0 plat\",\"item\":\"https:\/\/graef-gnu.com\/fr\/formes-a-plat\/\"},{\"@type\":\"ListItem\",\"position\":3,\"name\":\"Duroflex&reg; Supercut Hardcoat\"}]},{\"@type\":\"WebSite\",\"@id\":\"https:\/\/graef-gnu.com\/#website\",\"url\":\"https:\/\/graef-gnu.com\/\",\"name\":\"August Graef GNU\",\"description\":\"\",\"potentialAction\":[{\"@type\":\"SearchAction\",\"target\":{\"@type\":\"EntryPoint\",\"urlTemplate\":\"https:\/\/graef-gnu.com\/?s={search_term_string}\"},\"query-input\":\"required name=search_term_string\"}],\"inLanguage\":\"fr-FR\"}]}<\/script>\n<!-- \/ Yoast SEO plugin. -->","yoast_head_json":{"title":"Duroflex&reg; Supercut Hardcoat - August Graef GNU","description":"Ligne de coupe tremp\u00e9e, rev\u00eatue de TiN, \u00e0 rectification microfine avec des tol\u00e9rances de hauteur minimales pour une perforation sans peluche et des films autocollants. Informez-vous ici !","robots":{"index":"index","follow":"follow","max-snippet":"max-snippet:-1","max-image-preview":"max-image-preview:large","max-video-preview":"max-video-preview:-1"},"canonical":"https:\/\/graef-gnu.com\/produkt\/duroflex-supercut-hardcoat\/","og_locale":"fr_FR","og_type":"article","og_title":"Duroflex&reg; Supercut Hardcoat - August Graef GNU","og_description":"Ligne de coupe tremp\u00e9e, rev\u00eatue de TiN, \u00e0 rectification microfine avec des tol\u00e9rances de hauteur minimales pour une perforation sans peluche et des films autocollants. Informez-vous ici !","og_url":"https:\/\/graef-gnu.com\/produkt\/duroflex-supercut-hardcoat\/","og_site_name":"August Graef GNU","article_modified_time":"2021-10-05T09:02:55+00:00","og_image":[{"width":890,"height":300,"url":"https:\/\/graef-gnu.com\/wp-content\/uploads\/gnu_duroflex-supercut-hardcoat.jpg","type":"image\/jpeg"}],"twitter_card":"summary_large_image","schema":{"@context":"https:\/\/schema.org","@graph":[{"@type":"WebPage","@id":"https:\/\/graef-gnu.com\/produkt\/duroflex-supercut-hardcoat\/","url":"https:\/\/graef-gnu.com\/produkt\/duroflex-supercut-hardcoat\/","name":"Duroflex&reg; Supercut Hardcoat - August Graef GNU","isPartOf":{"@id":"https:\/\/graef-gnu.com\/#website"},"primaryImageOfPage":{"@id":"https:\/\/graef-gnu.com\/produkt\/duroflex-supercut-hardcoat\/#primaryimage"},"image":{"@id":"https:\/\/graef-gnu.com\/produkt\/duroflex-supercut-hardcoat\/#primaryimage"},"thumbnailUrl":"https:\/\/graef-gnu.com\/wp-content\/uploads\/gnu_duroflex-supercut-hardcoat.jpg","datePublished":"2021-10-05T08:51:02+00:00","dateModified":"2021-10-05T09:02:55+00:00","description":"Ligne de coupe tremp\u00e9e, rev\u00eatue de TiN, \u00e0 rectification microfine avec des tol\u00e9rances de hauteur minimales pour une perforation sans peluche et des films autocollants. Informez-vous ici !","breadcrumb":{"@id":"https:\/\/graef-gnu.com\/produkt\/duroflex-supercut-hardcoat\/#breadcrumb"},"inLanguage":"fr-FR","potentialAction":[{"@type":"ReadAction","target":["https:\/\/graef-gnu.com\/produkt\/duroflex-supercut-hardcoat\/"]}]},{"@type":"ImageObject","inLanguage":"fr-FR","@id":"https:\/\/graef-gnu.com\/produkt\/duroflex-supercut-hardcoat\/#primaryimage","url":"https:\/\/graef-gnu.com\/wp-content\/uploads\/gnu_duroflex-supercut-hardcoat.jpg","contentUrl":"https:\/\/graef-gnu.com\/wp-content\/uploads\/gnu_duroflex-supercut-hardcoat.jpg","width":890,"height":300},{"@type":"BreadcrumbList","@id":"https:\/\/graef-gnu.com\/produkt\/duroflex-supercut-hardcoat\/#breadcrumb","itemListElement":[{"@type":"ListItem","position":1,"name":"Startseite","item":"https:\/\/graef-gnu.com\/fr\/"},{"@type":"ListItem","position":2,"name":"Formes \u00e0 plat","item":"https:\/\/graef-gnu.com\/fr\/formes-a-plat\/"},{"@type":"ListItem","position":3,"name":"Duroflex&reg; Supercut Hardcoat"}]},{"@type":"WebSite","@id":"https:\/\/graef-gnu.com\/#website","url":"https:\/\/graef-gnu.com\/","name":"August Graef GNU","description":"","potentialAction":[{"@type":"SearchAction","target":{"@type":"EntryPoint","urlTemplate":"https:\/\/graef-gnu.com\/?s={search_term_string}"},"query-input":"required name=search_term_string"}],"inLanguage":"fr-FR"}]}},"_links":{"self":[{"href":"https:\/\/graef-gnu.com\/fr\/wp-json\/wp\/v2\/product\/138491","targetHints":{"allow":["GET"]}}],"collection":[{"href":"https:\/\/graef-gnu.com\/fr\/wp-json\/wp\/v2\/product"}],"about":[{"href":"https:\/\/graef-gnu.com\/fr\/wp-json\/wp\/v2\/types\/product"}],"wp:featuredmedia":[{"embeddable":true,"href":"https:\/\/graef-gnu.com\/fr\/wp-json\/wp\/v2\/media\/133820"}],"wp:attachment":[{"href":"https:\/\/graef-gnu.com\/fr\/wp-json\/wp\/v2\/media?parent=138491"}],"wp:term":[{"taxonomy":"product_cat","embeddable":true,"href":"https:\/\/graef-gnu.com\/fr\/wp-json\/wp\/v2\/product_cat?post=138491"},{"taxonomy":"product_tag","embeddable":true,"href":"https:\/\/graef-gnu.com\/fr\/wp-json\/wp\/v2\/product_tag?post=138491"}],"curies":[{"name":"wp","href":"https:\/\/api.w.org\/{rel}","templated":true}]}}