{"id":138601,"date":"2021-02-11T11:07:38","date_gmt":"2021-10-05T08:51:14","guid":{"rendered":"https:\/\/www.graef-gnu.com\/produkt\/meuleuse-de-points-de-maintien-hps1-y-compris-un-jeu-complet-de-meules\/"},"modified":"2021-11-01T18:22:04","modified_gmt":"2021-11-01T17:22:04","slug":"hps1-meuleuse-de-point-d-attache-un-jeu-complet-de-roues-de-meulage","status":"publish","type":"product","link":"https:\/\/graef-gnu.com\/fr\/produkt\/hps1-meuleuse-de-point-d-attache-un-jeu-complet-de-roues-de-meulage\/","title":{"rendered":"Meuleuse de point d&#8217;\u00e2ttache HPS1, y compris un jeu complet de meules"},"content":{"rendered":"<p>Outil l\u00e9ger et maniable pour le meulage pr\u00e9cis et perpendiculaire des encoches de rupture dans les coupes de bandes d&#8217;acier.<\/p>\n<p>La profondeur de meulage est r\u00e9glable au moyen d&#8217;un contr\u00f4le de profondeur. Le bouton de verrouillage du mandrin vissable sur la broche de travail permet de changer rapidement et facilement les meules pour diff\u00e9rentes \u00e9paisseurs de points de maintien dans les lignes de coupe. Le meulage peut \u00eatre effectu\u00e9 avant ou apr\u00e8s le collage du caoutchouc d&#8217;\u00e9jection \u00e0 c\u00f4t\u00e9 des lignes de coupe.<\/p>\n<p>L&#8217;\u00e9quipement de base comprend 3 meules d&#8217;une \u00e9paisseur de 0,4 &#8211; 0,5 &#8211; 0,6 &#8211; 0,7 &#8211; 0,8 &#8211; 1,0 &#8211; 1,2 mm chacune.<\/p>\n<p>L&#8217;appareil est \u00e9quip\u00e9 d&#8217;un puissant moteur pneumatique de 400 watts.<\/p>\n","protected":false},"excerpt":{"rendered":"<p>Outil l\u00e9ger et maniable pour le meulage pr\u00e9cis et perpendiculaire des encoches de rupture dans les coupes de bandes d&#8217;acier.<\/p>\n<p>&nbsp;<\/p>\n","protected":false},"featured_media":132804,"template":"","meta":{"_acf_changed":false},"product_cat":[6690],"product_tag":[],"class_list":{"0":"post-138601","1":"product","2":"type-product","3":"status-publish","4":"has-post-thumbnail","6":"product_group-accessoires-de-formes-decoupe","7":"product_cat-accessoires","9":"first","10":"outofstock","11":"purchasable","12":"product-type-simple"},"acf":[],"yoast_head":"<!-- This site is optimized with the Yoast SEO plugin v22.6 - https:\/\/yoast.com\/wordpress\/plugins\/seo\/ -->\n<title>Meuleuse de point d&#039;\u00e2ttache HPS1, y compris un jeu complet de meules - August Graef GNU<\/title>\n<meta name=\"robots\" content=\"index, follow, max-snippet:-1, max-image-preview:large, max-video-preview:-1\" \/>\n<link rel=\"canonical\" href=\"https:\/\/graef-gnu.com\/produkt\/haltepunktschleifgeraet-hps1-inklusive-einem-kompletten-satz-schleifscheiben\/\" \/>\n<meta property=\"og:locale\" content=\"fr_FR\" \/>\n<meta property=\"og:type\" content=\"article\" \/>\n<meta property=\"og:title\" content=\"Meuleuse de point d&#039;\u00e2ttache HPS1, y compris un jeu complet de meules - August Graef GNU\" \/>\n<meta property=\"og:description\" content=\"Outil l\u00e9ger et maniable pour le meulage pr\u00e9cis et perpendiculaire des encoches de rupture dans les coupes de bandes d&#039;acier.  &nbsp;\" \/>\n<meta property=\"og:url\" content=\"https:\/\/graef-gnu.com\/produkt\/haltepunktschleifgeraet-hps1-inklusive-einem-kompletten-satz-schleifscheiben\/\" \/>\n<meta property=\"og:site_name\" content=\"August Graef GNU\" \/>\n<meta property=\"article:modified_time\" content=\"2021-11-01T17:22:04+00:00\" \/>\n<meta property=\"og:image\" content=\"https:\/\/graef-gnu.com\/wp-content\/uploads\/gnu_haltepunktschleifgeraet.jpg\" \/>\n\t<meta property=\"og:image:width\" content=\"890\" \/>\n\t<meta property=\"og:image:height\" content=\"300\" \/>\n\t<meta property=\"og:image:type\" content=\"image\/jpeg\" \/>\n<meta name=\"twitter:card\" content=\"summary_large_image\" \/>\n<meta name=\"twitter:label1\" content=\"Dur\u00e9e de lecture estim\u00e9e\" \/>\n\t<meta name=\"twitter:data1\" content=\"1 minute\" \/>\n<script type=\"application\/ld+json\" class=\"yoast-schema-graph\">{\"@context\":\"https:\/\/schema.org\",\"@graph\":[{\"@type\":\"WebPage\",\"@id\":\"https:\/\/graef-gnu.com\/produkt\/haltepunktschleifgeraet-hps1-inklusive-einem-kompletten-satz-schleifscheiben\/\",\"url\":\"https:\/\/graef-gnu.com\/produkt\/haltepunktschleifgeraet-hps1-inklusive-einem-kompletten-satz-schleifscheiben\/\",\"name\":\"Meuleuse de point d'\u00e2ttache HPS1, y compris un jeu complet de meules - August Graef GNU\",\"isPartOf\":{\"@id\":\"https:\/\/graef-gnu.com\/#website\"},\"primaryImageOfPage\":{\"@id\":\"https:\/\/graef-gnu.com\/produkt\/haltepunktschleifgeraet-hps1-inklusive-einem-kompletten-satz-schleifscheiben\/#primaryimage\"},\"image\":{\"@id\":\"https:\/\/graef-gnu.com\/produkt\/haltepunktschleifgeraet-hps1-inklusive-einem-kompletten-satz-schleifscheiben\/#primaryimage\"},\"thumbnailUrl\":\"https:\/\/graef-gnu.com\/wp-content\/uploads\/gnu_haltepunktschleifgeraet.jpg\",\"datePublished\":\"2021-10-05T08:51:14+00:00\",\"dateModified\":\"2021-11-01T17:22:04+00:00\",\"breadcrumb\":{\"@id\":\"https:\/\/graef-gnu.com\/produkt\/haltepunktschleifgeraet-hps1-inklusive-einem-kompletten-satz-schleifscheiben\/#breadcrumb\"},\"inLanguage\":\"fr-FR\",\"potentialAction\":[{\"@type\":\"ReadAction\",\"target\":[\"https:\/\/graef-gnu.com\/produkt\/haltepunktschleifgeraet-hps1-inklusive-einem-kompletten-satz-schleifscheiben\/\"]}]},{\"@type\":\"ImageObject\",\"inLanguage\":\"fr-FR\",\"@id\":\"https:\/\/graef-gnu.com\/produkt\/haltepunktschleifgeraet-hps1-inklusive-einem-kompletten-satz-schleifscheiben\/#primaryimage\",\"url\":\"https:\/\/graef-gnu.com\/wp-content\/uploads\/gnu_haltepunktschleifgeraet.jpg\",\"contentUrl\":\"https:\/\/graef-gnu.com\/wp-content\/uploads\/gnu_haltepunktschleifgeraet.jpg\",\"width\":890,\"height\":300},{\"@type\":\"BreadcrumbList\",\"@id\":\"https:\/\/graef-gnu.com\/produkt\/haltepunktschleifgeraet-hps1-inklusive-einem-kompletten-satz-schleifscheiben\/#breadcrumb\",\"itemListElement\":[{\"@type\":\"ListItem\",\"position\":1,\"name\":\"Startseite\",\"item\":\"https:\/\/graef-gnu.com\/fr\/\"},{\"@type\":\"ListItem\",\"position\":2,\"name\":\"Formes \u00e0 plat\",\"item\":\"https:\/\/graef-gnu.com\/fr\/formes-a-plat\/\"},{\"@type\":\"ListItem\",\"position\":3,\"name\":\"Meuleuse de point d&#8217;\u00e2ttache HPS1, y compris un jeu complet de meules\"}]},{\"@type\":\"WebSite\",\"@id\":\"https:\/\/graef-gnu.com\/#website\",\"url\":\"https:\/\/graef-gnu.com\/\",\"name\":\"August Graef GNU\",\"description\":\"\",\"potentialAction\":[{\"@type\":\"SearchAction\",\"target\":{\"@type\":\"EntryPoint\",\"urlTemplate\":\"https:\/\/graef-gnu.com\/?s={search_term_string}\"},\"query-input\":\"required name=search_term_string\"}],\"inLanguage\":\"fr-FR\"}]}<\/script>\n<!-- \/ Yoast SEO plugin. -->","yoast_head_json":{"title":"Meuleuse de point d'\u00e2ttache HPS1, y compris un jeu complet de meules - August Graef GNU","robots":{"index":"index","follow":"follow","max-snippet":"max-snippet:-1","max-image-preview":"max-image-preview:large","max-video-preview":"max-video-preview:-1"},"canonical":"https:\/\/graef-gnu.com\/produkt\/haltepunktschleifgeraet-hps1-inklusive-einem-kompletten-satz-schleifscheiben\/","og_locale":"fr_FR","og_type":"article","og_title":"Meuleuse de point d'\u00e2ttache HPS1, y compris un jeu complet de meules - August Graef GNU","og_description":"Outil l\u00e9ger et maniable pour le meulage pr\u00e9cis et perpendiculaire des encoches de rupture dans les coupes de bandes d'acier.  &nbsp;","og_url":"https:\/\/graef-gnu.com\/produkt\/haltepunktschleifgeraet-hps1-inklusive-einem-kompletten-satz-schleifscheiben\/","og_site_name":"August Graef GNU","article_modified_time":"2021-11-01T17:22:04+00:00","og_image":[{"width":890,"height":300,"url":"https:\/\/graef-gnu.com\/wp-content\/uploads\/gnu_haltepunktschleifgeraet.jpg","type":"image\/jpeg"}],"twitter_card":"summary_large_image","twitter_misc":{"Dur\u00e9e de lecture estim\u00e9e":"1 minute"},"schema":{"@context":"https:\/\/schema.org","@graph":[{"@type":"WebPage","@id":"https:\/\/graef-gnu.com\/produkt\/haltepunktschleifgeraet-hps1-inklusive-einem-kompletten-satz-schleifscheiben\/","url":"https:\/\/graef-gnu.com\/produkt\/haltepunktschleifgeraet-hps1-inklusive-einem-kompletten-satz-schleifscheiben\/","name":"Meuleuse de point d'\u00e2ttache HPS1, y compris un jeu complet de meules - August Graef GNU","isPartOf":{"@id":"https:\/\/graef-gnu.com\/#website"},"primaryImageOfPage":{"@id":"https:\/\/graef-gnu.com\/produkt\/haltepunktschleifgeraet-hps1-inklusive-einem-kompletten-satz-schleifscheiben\/#primaryimage"},"image":{"@id":"https:\/\/graef-gnu.com\/produkt\/haltepunktschleifgeraet-hps1-inklusive-einem-kompletten-satz-schleifscheiben\/#primaryimage"},"thumbnailUrl":"https:\/\/graef-gnu.com\/wp-content\/uploads\/gnu_haltepunktschleifgeraet.jpg","datePublished":"2021-10-05T08:51:14+00:00","dateModified":"2021-11-01T17:22:04+00:00","breadcrumb":{"@id":"https:\/\/graef-gnu.com\/produkt\/haltepunktschleifgeraet-hps1-inklusive-einem-kompletten-satz-schleifscheiben\/#breadcrumb"},"inLanguage":"fr-FR","potentialAction":[{"@type":"ReadAction","target":["https:\/\/graef-gnu.com\/produkt\/haltepunktschleifgeraet-hps1-inklusive-einem-kompletten-satz-schleifscheiben\/"]}]},{"@type":"ImageObject","inLanguage":"fr-FR","@id":"https:\/\/graef-gnu.com\/produkt\/haltepunktschleifgeraet-hps1-inklusive-einem-kompletten-satz-schleifscheiben\/#primaryimage","url":"https:\/\/graef-gnu.com\/wp-content\/uploads\/gnu_haltepunktschleifgeraet.jpg","contentUrl":"https:\/\/graef-gnu.com\/wp-content\/uploads\/gnu_haltepunktschleifgeraet.jpg","width":890,"height":300},{"@type":"BreadcrumbList","@id":"https:\/\/graef-gnu.com\/produkt\/haltepunktschleifgeraet-hps1-inklusive-einem-kompletten-satz-schleifscheiben\/#breadcrumb","itemListElement":[{"@type":"ListItem","position":1,"name":"Startseite","item":"https:\/\/graef-gnu.com\/fr\/"},{"@type":"ListItem","position":2,"name":"Formes \u00e0 plat","item":"https:\/\/graef-gnu.com\/fr\/formes-a-plat\/"},{"@type":"ListItem","position":3,"name":"Meuleuse de point d&#8217;\u00e2ttache HPS1, y compris un jeu complet de meules"}]},{"@type":"WebSite","@id":"https:\/\/graef-gnu.com\/#website","url":"https:\/\/graef-gnu.com\/","name":"August Graef GNU","description":"","potentialAction":[{"@type":"SearchAction","target":{"@type":"EntryPoint","urlTemplate":"https:\/\/graef-gnu.com\/?s={search_term_string}"},"query-input":"required name=search_term_string"}],"inLanguage":"fr-FR"}]}},"_links":{"self":[{"href":"https:\/\/graef-gnu.com\/fr\/wp-json\/wp\/v2\/product\/138601","targetHints":{"allow":["GET"]}}],"collection":[{"href":"https:\/\/graef-gnu.com\/fr\/wp-json\/wp\/v2\/product"}],"about":[{"href":"https:\/\/graef-gnu.com\/fr\/wp-json\/wp\/v2\/types\/product"}],"wp:featuredmedia":[{"embeddable":true,"href":"https:\/\/graef-gnu.com\/fr\/wp-json\/wp\/v2\/media\/132804"}],"wp:attachment":[{"href":"https:\/\/graef-gnu.com\/fr\/wp-json\/wp\/v2\/media?parent=138601"}],"wp:term":[{"taxonomy":"product_cat","embeddable":true,"href":"https:\/\/graef-gnu.com\/fr\/wp-json\/wp\/v2\/product_cat?post=138601"},{"taxonomy":"product_tag","embeddable":true,"href":"https:\/\/graef-gnu.com\/fr\/wp-json\/wp\/v2\/product_tag?post=138601"}],"curies":[{"name":"wp","href":"https:\/\/api.w.org\/{rel}","templated":true}]}}