{"id":138610,"date":"2021-02-11T10:58:52","date_gmt":"2021-10-05T08:51:15","guid":{"rendered":"https:\/\/www.graef-gnu.com\/produkt\/striptec-perf\/"},"modified":"2021-11-02T16:42:46","modified_gmt":"2021-11-02T15:42:46","slug":"striptec-perf","status":"publish","type":"product","link":"https:\/\/graef-gnu.com\/fr\/produkt\/striptec-perf\/","title":{"rendered":"Striptec<sup>&reg;<\/sup>-Perf"},"content":{"rendered":"<p>Ligne d&#8217;effilochage perfor\u00e9e disponible en diff\u00e9rents pas pour le carton et le carton ondul\u00e9 particuli\u00e8rement compliqu\u00e9s. Permet de collecter en toute s\u00e9curit\u00e9 les d\u00e9chets de perforation.<\/p>\n","protected":false},"excerpt":{"rendered":"<p>Ligne d&#8217;effilochage perfor\u00e9e disponible en diff\u00e9rents pas pour le carton et le carton ondul\u00e9 particuli\u00e8rement compliqu\u00e9s. Permet de collecter en toute s\u00e9curit\u00e9 les d\u00e9chets de perforation.<\/p>\n","protected":false},"featured_media":132861,"template":"","meta":{"_acf_changed":false},"product_cat":[6776],"product_tag":[],"class_list":{"0":"post-138610","1":"product","2":"type-product","3":"status-publish","4":"has-post-thumbnail","6":"product_group-ejecter","7":"product_cat-decoupage-a-plat","8":"pa_ablaengung-a-1-m-fr","9":"pa_ablaengung-sur-lanneau","10":"pa_haerte-750-850n-fr","11":"pa_haerte-h2extra-fr","12":"pa_hoehe-45-mm-fr-2","13":"pa_hoehe-480-mm-fr","14":"pa_hoehe-50-mm-fr","15":"pa_hoehe-509-mm-fr","16":"pa_hoehe-51-mm-fr","17":"pa_hoehe-52-mm-fr","18":"pa_hoehe-55-mm-fr-2","19":"pa_hoehe-60-mm-fr-2","20":"pa_hoehe-65-mm-fr","21":"pa_staerke-breite-105-mm-fr","22":"pa_teilung-21-mm-fr","23":"pa_teilung-41-mm-fr","24":"pa_teilung-505-mm-fr","25":"pa_teilung-51-mm-fr","26":"pa_teilung-61-mm-fr","27":"pa_wicklung-durchmesser-acw-480-mm-fr","28":"pa_wicklung-durchmesser-acw-560-mm-fr","29":"pa_wicklung-durchmesser-cw-480-mm-fr","30":"pa_wicklung-durchmesser-cw-560-mm-fr","31":"pa_wicklung-durchmesser-n-a-fr","32":"pa_zaehne-n-a-fr","34":"first","35":"instock","36":"purchasable","37":"product-type-variable"},"acf":[],"yoast_head":"<!-- This site is optimized with the Yoast SEO plugin v22.6 - https:\/\/yoast.com\/wordpress\/plugins\/seo\/ -->\n<title>Striptec&reg;-Perf - August Graef GNU<\/title>\n<meta name=\"description\" content=\"Ligne de d\u00e9nudage perfor\u00e9e disponible en diff\u00e9rents pas pour les cartons et les cartons ondul\u00e9s particuli\u00e8rement compliqu\u00e9s - En savoir plus ici !\" \/>\n<meta name=\"robots\" content=\"index, follow, max-snippet:-1, max-image-preview:large, max-video-preview:-1\" \/>\n<link rel=\"canonical\" href=\"https:\/\/graef-gnu.com\/produkt\/striptec-perf\/\" \/>\n<meta property=\"og:locale\" content=\"fr_FR\" \/>\n<meta property=\"og:type\" content=\"article\" \/>\n<meta property=\"og:title\" content=\"Striptec&reg;-Perf - August Graef GNU\" \/>\n<meta property=\"og:description\" content=\"Ligne de d\u00e9nudage perfor\u00e9e disponible en diff\u00e9rents pas pour les cartons et les cartons ondul\u00e9s particuli\u00e8rement compliqu\u00e9s - En savoir plus ici !\" \/>\n<meta property=\"og:url\" content=\"https:\/\/graef-gnu.com\/produkt\/striptec-perf\/\" \/>\n<meta property=\"og:site_name\" content=\"August Graef GNU\" \/>\n<meta property=\"article:modified_time\" content=\"2021-11-02T15:42:46+00:00\" \/>\n<meta property=\"og:image\" content=\"https:\/\/graef-gnu.com\/wp-content\/uploads\/gnu-strip-perftec.jpg\" \/>\n\t<meta property=\"og:image:width\" content=\"890\" \/>\n\t<meta property=\"og:image:height\" content=\"300\" \/>\n\t<meta property=\"og:image:type\" content=\"image\/jpeg\" \/>\n<meta name=\"twitter:card\" content=\"summary_large_image\" \/>\n<script type=\"application\/ld+json\" class=\"yoast-schema-graph\">{\"@context\":\"https:\/\/schema.org\",\"@graph\":[{\"@type\":\"WebPage\",\"@id\":\"https:\/\/graef-gnu.com\/produkt\/striptec-perf\/\",\"url\":\"https:\/\/graef-gnu.com\/produkt\/striptec-perf\/\",\"name\":\"Striptec&reg;-Perf - August Graef GNU\",\"isPartOf\":{\"@id\":\"https:\/\/graef-gnu.com\/#website\"},\"primaryImageOfPage\":{\"@id\":\"https:\/\/graef-gnu.com\/produkt\/striptec-perf\/#primaryimage\"},\"image\":{\"@id\":\"https:\/\/graef-gnu.com\/produkt\/striptec-perf\/#primaryimage\"},\"thumbnailUrl\":\"https:\/\/graef-gnu.com\/wp-content\/uploads\/gnu-strip-perftec.jpg\",\"datePublished\":\"2021-10-05T08:51:15+00:00\",\"dateModified\":\"2021-11-02T15:42:46+00:00\",\"description\":\"Ligne de d\u00e9nudage perfor\u00e9e disponible en diff\u00e9rents pas pour les cartons et les cartons ondul\u00e9s particuli\u00e8rement compliqu\u00e9s - En savoir plus ici !\",\"breadcrumb\":{\"@id\":\"https:\/\/graef-gnu.com\/produkt\/striptec-perf\/#breadcrumb\"},\"inLanguage\":\"fr-FR\",\"potentialAction\":[{\"@type\":\"ReadAction\",\"target\":[\"https:\/\/graef-gnu.com\/produkt\/striptec-perf\/\"]}]},{\"@type\":\"ImageObject\",\"inLanguage\":\"fr-FR\",\"@id\":\"https:\/\/graef-gnu.com\/produkt\/striptec-perf\/#primaryimage\",\"url\":\"https:\/\/graef-gnu.com\/wp-content\/uploads\/gnu-strip-perftec.jpg\",\"contentUrl\":\"https:\/\/graef-gnu.com\/wp-content\/uploads\/gnu-strip-perftec.jpg\",\"width\":890,\"height\":300},{\"@type\":\"BreadcrumbList\",\"@id\":\"https:\/\/graef-gnu.com\/produkt\/striptec-perf\/#breadcrumb\",\"itemListElement\":[{\"@type\":\"ListItem\",\"position\":1,\"name\":\"Startseite\",\"item\":\"https:\/\/graef-gnu.com\/fr\/\"},{\"@type\":\"ListItem\",\"position\":2,\"name\":\"Formes \u00e0 plat\",\"item\":\"https:\/\/graef-gnu.com\/fr\/formes-a-plat\/\"},{\"@type\":\"ListItem\",\"position\":3,\"name\":\"Striptec&reg;-Perf\"}]},{\"@type\":\"WebSite\",\"@id\":\"https:\/\/graef-gnu.com\/#website\",\"url\":\"https:\/\/graef-gnu.com\/\",\"name\":\"August Graef GNU\",\"description\":\"\",\"potentialAction\":[{\"@type\":\"SearchAction\",\"target\":{\"@type\":\"EntryPoint\",\"urlTemplate\":\"https:\/\/graef-gnu.com\/?s={search_term_string}\"},\"query-input\":\"required name=search_term_string\"}],\"inLanguage\":\"fr-FR\"}]}<\/script>\n<!-- \/ Yoast SEO plugin. -->","yoast_head_json":{"title":"Striptec&reg;-Perf - August Graef GNU","description":"Ligne de d\u00e9nudage perfor\u00e9e disponible en diff\u00e9rents pas pour les cartons et les cartons ondul\u00e9s particuli\u00e8rement compliqu\u00e9s - En savoir plus ici !","robots":{"index":"index","follow":"follow","max-snippet":"max-snippet:-1","max-image-preview":"max-image-preview:large","max-video-preview":"max-video-preview:-1"},"canonical":"https:\/\/graef-gnu.com\/produkt\/striptec-perf\/","og_locale":"fr_FR","og_type":"article","og_title":"Striptec&reg;-Perf - August Graef GNU","og_description":"Ligne de d\u00e9nudage perfor\u00e9e disponible en diff\u00e9rents pas pour les cartons et les cartons ondul\u00e9s particuli\u00e8rement compliqu\u00e9s - En savoir plus ici !","og_url":"https:\/\/graef-gnu.com\/produkt\/striptec-perf\/","og_site_name":"August Graef GNU","article_modified_time":"2021-11-02T15:42:46+00:00","og_image":[{"width":890,"height":300,"url":"https:\/\/graef-gnu.com\/wp-content\/uploads\/gnu-strip-perftec.jpg","type":"image\/jpeg"}],"twitter_card":"summary_large_image","schema":{"@context":"https:\/\/schema.org","@graph":[{"@type":"WebPage","@id":"https:\/\/graef-gnu.com\/produkt\/striptec-perf\/","url":"https:\/\/graef-gnu.com\/produkt\/striptec-perf\/","name":"Striptec&reg;-Perf - August Graef GNU","isPartOf":{"@id":"https:\/\/graef-gnu.com\/#website"},"primaryImageOfPage":{"@id":"https:\/\/graef-gnu.com\/produkt\/striptec-perf\/#primaryimage"},"image":{"@id":"https:\/\/graef-gnu.com\/produkt\/striptec-perf\/#primaryimage"},"thumbnailUrl":"https:\/\/graef-gnu.com\/wp-content\/uploads\/gnu-strip-perftec.jpg","datePublished":"2021-10-05T08:51:15+00:00","dateModified":"2021-11-02T15:42:46+00:00","description":"Ligne de d\u00e9nudage perfor\u00e9e disponible en diff\u00e9rents pas pour les cartons et les cartons ondul\u00e9s particuli\u00e8rement compliqu\u00e9s - En savoir plus ici !","breadcrumb":{"@id":"https:\/\/graef-gnu.com\/produkt\/striptec-perf\/#breadcrumb"},"inLanguage":"fr-FR","potentialAction":[{"@type":"ReadAction","target":["https:\/\/graef-gnu.com\/produkt\/striptec-perf\/"]}]},{"@type":"ImageObject","inLanguage":"fr-FR","@id":"https:\/\/graef-gnu.com\/produkt\/striptec-perf\/#primaryimage","url":"https:\/\/graef-gnu.com\/wp-content\/uploads\/gnu-strip-perftec.jpg","contentUrl":"https:\/\/graef-gnu.com\/wp-content\/uploads\/gnu-strip-perftec.jpg","width":890,"height":300},{"@type":"BreadcrumbList","@id":"https:\/\/graef-gnu.com\/produkt\/striptec-perf\/#breadcrumb","itemListElement":[{"@type":"ListItem","position":1,"name":"Startseite","item":"https:\/\/graef-gnu.com\/fr\/"},{"@type":"ListItem","position":2,"name":"Formes \u00e0 plat","item":"https:\/\/graef-gnu.com\/fr\/formes-a-plat\/"},{"@type":"ListItem","position":3,"name":"Striptec&reg;-Perf"}]},{"@type":"WebSite","@id":"https:\/\/graef-gnu.com\/#website","url":"https:\/\/graef-gnu.com\/","name":"August Graef GNU","description":"","potentialAction":[{"@type":"SearchAction","target":{"@type":"EntryPoint","urlTemplate":"https:\/\/graef-gnu.com\/?s={search_term_string}"},"query-input":"required name=search_term_string"}],"inLanguage":"fr-FR"}]}},"_links":{"self":[{"href":"https:\/\/graef-gnu.com\/fr\/wp-json\/wp\/v2\/product\/138610","targetHints":{"allow":["GET"]}}],"collection":[{"href":"https:\/\/graef-gnu.com\/fr\/wp-json\/wp\/v2\/product"}],"about":[{"href":"https:\/\/graef-gnu.com\/fr\/wp-json\/wp\/v2\/types\/product"}],"wp:featuredmedia":[{"embeddable":true,"href":"https:\/\/graef-gnu.com\/fr\/wp-json\/wp\/v2\/media\/132861"}],"wp:attachment":[{"href":"https:\/\/graef-gnu.com\/fr\/wp-json\/wp\/v2\/media?parent=138610"}],"wp:term":[{"taxonomy":"product_cat","embeddable":true,"href":"https:\/\/graef-gnu.com\/fr\/wp-json\/wp\/v2\/product_cat?post=138610"},{"taxonomy":"product_tag","embeddable":true,"href":"https:\/\/graef-gnu.com\/fr\/wp-json\/wp\/v2\/product_tag?post=138610"}],"curies":[{"name":"wp","href":"https:\/\/api.w.org\/{rel}","templated":true}]}}