{"id":138784,"date":"2021-02-11T11:01:54","date_gmt":"2021-10-05T08:51:34","guid":{"rendered":"https:\/\/www.graef-gnu.com\/produkt\/creasetec-laser-r\/"},"modified":"2021-10-05T11:01:10","modified_gmt":"2021-10-05T09:01:10","slug":"creasetec-laser-r","status":"publish","type":"product","link":"https:\/\/graef-gnu.com\/fr\/produkt\/creasetec-laser-r\/","title":{"rendered":"Creasetec<sup>&reg;<\/sup> Laser R"},"content":{"rendered":"<p>Creasetec<sup>&reg;<\/sup>-Laser R pour le rainurage du carton compact et du carton ondul\u00e9, avec base \u00e9troite et t\u00eate large &#8211; plat, rond, trufold. Voir \u00e9galement Creasetec<sup>&reg;<\/sup>-Multi. Egalement disponible en hauteurs sp\u00e9ciales. \u00c9galement disponible en version courb\u00e9e dans tous les diam\u00e8tres.<\/p>\n","protected":false},"excerpt":{"rendered":"<p>Creasetec<sup>&reg;<\/sup>-Laser R pour le rainurage du carton compact et du carton ondul\u00e9, avec base \u00e9troite et t\u00eate large &#8211; plat, rond, trufold.<\/p>\n","protected":false},"featured_media":132870,"template":"","meta":{"_acf_changed":false},"product_cat":[6717],"product_tag":[],"class_list":{"0":"post-138784","1":"product","2":"type-product","3":"status-publish","4":"has-post-thumbnail","6":"product_group-rainurer","7":"product_cat-poinconnage-rotatif","8":"pa_ablaengung-a-1-m-fr","9":"pa_ablaengung-sur-lanneau","10":"pa_hoehe-190-mm-fr","11":"pa_hoehe-190-mm-fr-2","12":"pa_hoehe-200-mm-fr-2","13":"pa_hoehe-200-mm-fr","14":"pa_hoehe-202-mm-fr","15":"pa_hoehe-203-mm-fr-2","16":"pa_hoehe-203-mm-fr","17":"pa_hoehe-204-mm-fr","18":"pa_hoehe-204-mm-fr-2","19":"pa_hoehe-205-mm-fr","20":"pa_hoehe-206-mm-fr","21":"pa_hoehe-207-mm-fr","22":"pa_hoehe-207-mm-fr-2","23":"pa_hoehe-208-mm-fr-2","24":"pa_hoehe-208-mm-fr","25":"pa_hoehe-210-mm-fr","26":"pa_hoehe-210-mm-fr-2","27":"pa_hoehe-212-mm-fr","28":"pa_hoehe-212-mm-fr-2","29":"pa_hoehe-213-mm-fr","30":"pa_hoehe-213-mm-fr-2","31":"pa_hoehe-214-mm-fr-2","32":"pa_hoehe-214-mm-fr","33":"pa_hoehe-215-mm-fr","34":"pa_hoehe-215-mm-fr-2","35":"pa_hoehe-216-mm-fr","36":"pa_hoehe-216-mm-fr-2","37":"pa_hoehe-217-mm-fr-2","38":"pa_hoehe-217-mm-fr","39":"pa_hoehe-218-mm-fr","40":"pa_hoehe-218-mm-fr-2","41":"pa_hoehe-219-mm-fr-2","42":"pa_hoehe-219-mm-fr","43":"pa_hoehe-220-mm-fr-2","44":"pa_hoehe-220-mm-fr","45":"pa_hoehe-221-mm-fr","46":"pa_hoehe-221-mm-fr-2","47":"pa_hoehe-222-mm-fr","48":"pa_hoehe-222-mm-fr-2","49":"pa_hoehe-223-mm-fr","50":"pa_hoehe-224-mm-fr-2","51":"pa_hoehe-224-mm-fr","52":"pa_hoehe-225-mm-fr","53":"pa_hoehe-226-mm-fr","54":"pa_hoehe-226-mm-fr-2","55":"pa_hoehe-2261-mm-fr-2","56":"pa_hoehe-2261-mm-fr","57":"pa_hoehe-227-mm-fr","58":"pa_hoehe-227-mm-fr-2","59":"pa_hoehe-228-mm-fr","60":"pa_hoehe-228-mm-fr-2","61":"pa_hoehe-2286-mm-fr","62":"pa_hoehe-229-mm-fr","63":"pa_hoehe-229-mm-fr-2","64":"pa_hoehe-230-mm-fr-2","65":"pa_hoehe-230-mm-fr","66":"pa_hoehe-231-mm-fr-2","67":"pa_hoehe-231-mm-fr","68":"pa_hoehe-232-mm-fr","69":"pa_hoehe-232-mm-fr-2","70":"pa_hoehe-2325-mm-fr","71":"pa_hoehe-233-mm-fr-2","72":"pa_hoehe-233-mm-fr","73":"pa_hoehe-234-mm-fr","74":"pa_hoehe-234-mm-fr-2","75":"pa_hoehe-235-mm-fr","76":"pa_hoehe-235mm-fr","77":"pa_hoehe-236-mm-fr-2","78":"pa_hoehe-236-mm-fr","79":"pa_hoehe-237-mm-fr","80":"pa_hoehe-238-mm-fr-2","81":"pa_hoehe-238-mm-fr","82":"pa_hoehe-239-mm-fr","83":"pa_hoehe-240-mm-fr","84":"pa_hoehe-240-mm-fr-2","85":"pa_hoehe-241-mm-fr-2","86":"pa_hoehe-242-mm-fr-2","87":"pa_hoehe-242-mm-fr","88":"pa_hoehe-243-mm-fr","89":"pa_hoehe-244-mm-fr-2","90":"pa_hoehe-245-mm-fr-2","91":"pa_hoehe-245-mm-fr","92":"pa_hoehe-246-mm-fr","93":"pa_hoehe-248-mm-fr-2","94":"pa_hoehe-248-mm-fr","95":"pa_hoehe-250-mm-fr","96":"pa_hoehe-250-mm-fr-2","97":"pa_hoehe-254-mm-fr-2","98":"pa_hoehe-254-mm-fr","99":"pa_hoehe-255-mm-fr","100":"pa_hoehe-256-mm-fr","101":"pa_hoehe-258-mm-fr","102":"pa_hoehe-258-mm-fr-2","103":"pa_hoehe-260-mm-fr-2","104":"pa_hoehe-260-mm-fr","105":"pa_hoehe-263-mm-fr","106":"pa_hoehe-264-mm-fr","107":"pa_hoehe-264-mm-fr-2","108":"pa_hoehe-265-mm-fr","109":"pa_hoehe-266-mm-fr","110":"pa_hoehe-267-mm-fr","111":"pa_hoehe-270-mm-fr","112":"pa_hoehe-272-mm-fr-2","113":"pa_hoehe-272-mm-fr","114":"pa_hoehe-274-mm-fr","115":"pa_hoehe-277-mm-fr","116":"pa_hoehe-300-mm-fr","117":"pa_hoehe-300-mm-fr-2","118":"pa_koepf-tete-plate","119":"pa_koepf-tete-ronde","120":"pa_nuten-avec-encoches","121":"pa_nuten-n-a-fr","122":"pa_staerke-breite-3-8-pt-fr","123":"pa_staerke-breite-4-8-pt-fr","124":"pa_wicklung-durchmesser-177-mm-fr","125":"pa_wicklung-durchmesser-270-mm-fr","126":"pa_wicklung-durchmesser-366-mm-fr","127":"pa_wicklung-durchmesser-487-mm-fr","128":"pa_wicklung-durchmesser-acw-560-mm-fr","129":"pa_wicklung-durchmesser-cw-560-mm-fr","130":"pa_wicklung-durchmesser-n-a-fr","132":"first","133":"instock","134":"purchasable","135":"product-type-variable"},"acf":[],"yoast_head":"<!-- This site is optimized with the Yoast SEO plugin v22.6 - https:\/\/yoast.com\/wordpress\/plugins\/seo\/ -->\n<title>Creasetec&reg; Laser R - August Graef GNU<\/title>\n<meta name=\"description\" content=\"Creasetec&reg;-Laser R pour le rainurage du carton compact et du carton ondul\u00e9\u2705 Base \u00e9troite et t\u00eate large - plat, rond, trufold\u2705 Hauteurs sp\u00e9ciales disponibles\u2705 Demandez ici !\" \/>\n<meta name=\"robots\" content=\"index, follow, max-snippet:-1, max-image-preview:large, max-video-preview:-1\" \/>\n<link rel=\"canonical\" href=\"https:\/\/graef-gnu.com\/produkt\/creasetec-laser-r\/\" \/>\n<meta property=\"og:locale\" content=\"fr_FR\" \/>\n<meta property=\"og:type\" content=\"article\" \/>\n<meta property=\"og:title\" content=\"Creasetec&reg; Laser R - August Graef GNU\" \/>\n<meta property=\"og:description\" content=\"Creasetec&reg;-Laser R pour le rainurage du carton compact et du carton ondul\u00e9\u2705 Base \u00e9troite et t\u00eate large - plat, rond, trufold\u2705 Hauteurs sp\u00e9ciales disponibles\u2705 Demandez ici !\" \/>\n<meta property=\"og:url\" content=\"https:\/\/graef-gnu.com\/produkt\/creasetec-laser-r\/\" \/>\n<meta property=\"og:site_name\" content=\"August Graef GNU\" \/>\n<meta property=\"article:modified_time\" content=\"2021-10-05T09:01:10+00:00\" \/>\n<meta property=\"og:image\" content=\"https:\/\/graef-gnu.com\/wp-content\/uploads\/gnu-creastec-laser-3_6-flat.jpg\" \/>\n\t<meta property=\"og:image:width\" content=\"890\" \/>\n\t<meta property=\"og:image:height\" content=\"300\" \/>\n\t<meta property=\"og:image:type\" content=\"image\/jpeg\" \/>\n<meta name=\"twitter:card\" content=\"summary_large_image\" \/>\n<script type=\"application\/ld+json\" class=\"yoast-schema-graph\">{\"@context\":\"https:\/\/schema.org\",\"@graph\":[{\"@type\":\"WebPage\",\"@id\":\"https:\/\/graef-gnu.com\/produkt\/creasetec-laser-r\/\",\"url\":\"https:\/\/graef-gnu.com\/produkt\/creasetec-laser-r\/\",\"name\":\"Creasetec&reg; Laser R - August Graef GNU\",\"isPartOf\":{\"@id\":\"https:\/\/graef-gnu.com\/#website\"},\"primaryImageOfPage\":{\"@id\":\"https:\/\/graef-gnu.com\/produkt\/creasetec-laser-r\/#primaryimage\"},\"image\":{\"@id\":\"https:\/\/graef-gnu.com\/produkt\/creasetec-laser-r\/#primaryimage\"},\"thumbnailUrl\":\"https:\/\/graef-gnu.com\/wp-content\/uploads\/gnu-creastec-laser-3_6-flat.jpg\",\"datePublished\":\"2021-10-05T08:51:34+00:00\",\"dateModified\":\"2021-10-05T09:01:10+00:00\",\"description\":\"Creasetec&reg;-Laser R pour le rainurage du carton compact et du carton ondul\u00e9\u2705 Base \u00e9troite et t\u00eate large - plat, rond, trufold\u2705 Hauteurs sp\u00e9ciales disponibles\u2705 Demandez ici !\",\"breadcrumb\":{\"@id\":\"https:\/\/graef-gnu.com\/produkt\/creasetec-laser-r\/#breadcrumb\"},\"inLanguage\":\"fr-FR\",\"potentialAction\":[{\"@type\":\"ReadAction\",\"target\":[\"https:\/\/graef-gnu.com\/produkt\/creasetec-laser-r\/\"]}]},{\"@type\":\"ImageObject\",\"inLanguage\":\"fr-FR\",\"@id\":\"https:\/\/graef-gnu.com\/produkt\/creasetec-laser-r\/#primaryimage\",\"url\":\"https:\/\/graef-gnu.com\/wp-content\/uploads\/gnu-creastec-laser-3_6-flat.jpg\",\"contentUrl\":\"https:\/\/graef-gnu.com\/wp-content\/uploads\/gnu-creastec-laser-3_6-flat.jpg\",\"width\":890,\"height\":300},{\"@type\":\"BreadcrumbList\",\"@id\":\"https:\/\/graef-gnu.com\/produkt\/creasetec-laser-r\/#breadcrumb\",\"itemListElement\":[{\"@type\":\"ListItem\",\"position\":1,\"name\":\"Startseite\",\"item\":\"https:\/\/graef-gnu.com\/fr\/\"},{\"@type\":\"ListItem\",\"position\":2,\"name\":\"Formes \u00e0 plat\",\"item\":\"https:\/\/graef-gnu.com\/fr\/formes-a-plat\/\"},{\"@type\":\"ListItem\",\"position\":3,\"name\":\"Creasetec&reg; Laser R\"}]},{\"@type\":\"WebSite\",\"@id\":\"https:\/\/graef-gnu.com\/#website\",\"url\":\"https:\/\/graef-gnu.com\/\",\"name\":\"August Graef GNU\",\"description\":\"\",\"potentialAction\":[{\"@type\":\"SearchAction\",\"target\":{\"@type\":\"EntryPoint\",\"urlTemplate\":\"https:\/\/graef-gnu.com\/?s={search_term_string}\"},\"query-input\":\"required name=search_term_string\"}],\"inLanguage\":\"fr-FR\"}]}<\/script>\n<!-- \/ Yoast SEO plugin. -->","yoast_head_json":{"title":"Creasetec&reg; Laser R - August Graef GNU","description":"Creasetec&reg;-Laser R pour le rainurage du carton compact et du carton ondul\u00e9\u2705 Base \u00e9troite et t\u00eate large - plat, rond, trufold\u2705 Hauteurs sp\u00e9ciales disponibles\u2705 Demandez ici !","robots":{"index":"index","follow":"follow","max-snippet":"max-snippet:-1","max-image-preview":"max-image-preview:large","max-video-preview":"max-video-preview:-1"},"canonical":"https:\/\/graef-gnu.com\/produkt\/creasetec-laser-r\/","og_locale":"fr_FR","og_type":"article","og_title":"Creasetec&reg; Laser R - August Graef GNU","og_description":"Creasetec&reg;-Laser R pour le rainurage du carton compact et du carton ondul\u00e9\u2705 Base \u00e9troite et t\u00eate large - plat, rond, trufold\u2705 Hauteurs sp\u00e9ciales disponibles\u2705 Demandez ici !","og_url":"https:\/\/graef-gnu.com\/produkt\/creasetec-laser-r\/","og_site_name":"August Graef GNU","article_modified_time":"2021-10-05T09:01:10+00:00","og_image":[{"width":890,"height":300,"url":"https:\/\/graef-gnu.com\/wp-content\/uploads\/gnu-creastec-laser-3_6-flat.jpg","type":"image\/jpeg"}],"twitter_card":"summary_large_image","schema":{"@context":"https:\/\/schema.org","@graph":[{"@type":"WebPage","@id":"https:\/\/graef-gnu.com\/produkt\/creasetec-laser-r\/","url":"https:\/\/graef-gnu.com\/produkt\/creasetec-laser-r\/","name":"Creasetec&reg; Laser R - August Graef GNU","isPartOf":{"@id":"https:\/\/graef-gnu.com\/#website"},"primaryImageOfPage":{"@id":"https:\/\/graef-gnu.com\/produkt\/creasetec-laser-r\/#primaryimage"},"image":{"@id":"https:\/\/graef-gnu.com\/produkt\/creasetec-laser-r\/#primaryimage"},"thumbnailUrl":"https:\/\/graef-gnu.com\/wp-content\/uploads\/gnu-creastec-laser-3_6-flat.jpg","datePublished":"2021-10-05T08:51:34+00:00","dateModified":"2021-10-05T09:01:10+00:00","description":"Creasetec&reg;-Laser R pour le rainurage du carton compact et du carton ondul\u00e9\u2705 Base \u00e9troite et t\u00eate large - plat, rond, trufold\u2705 Hauteurs sp\u00e9ciales disponibles\u2705 Demandez ici !","breadcrumb":{"@id":"https:\/\/graef-gnu.com\/produkt\/creasetec-laser-r\/#breadcrumb"},"inLanguage":"fr-FR","potentialAction":[{"@type":"ReadAction","target":["https:\/\/graef-gnu.com\/produkt\/creasetec-laser-r\/"]}]},{"@type":"ImageObject","inLanguage":"fr-FR","@id":"https:\/\/graef-gnu.com\/produkt\/creasetec-laser-r\/#primaryimage","url":"https:\/\/graef-gnu.com\/wp-content\/uploads\/gnu-creastec-laser-3_6-flat.jpg","contentUrl":"https:\/\/graef-gnu.com\/wp-content\/uploads\/gnu-creastec-laser-3_6-flat.jpg","width":890,"height":300},{"@type":"BreadcrumbList","@id":"https:\/\/graef-gnu.com\/produkt\/creasetec-laser-r\/#breadcrumb","itemListElement":[{"@type":"ListItem","position":1,"name":"Startseite","item":"https:\/\/graef-gnu.com\/fr\/"},{"@type":"ListItem","position":2,"name":"Formes \u00e0 plat","item":"https:\/\/graef-gnu.com\/fr\/formes-a-plat\/"},{"@type":"ListItem","position":3,"name":"Creasetec&reg; Laser R"}]},{"@type":"WebSite","@id":"https:\/\/graef-gnu.com\/#website","url":"https:\/\/graef-gnu.com\/","name":"August Graef GNU","description":"","potentialAction":[{"@type":"SearchAction","target":{"@type":"EntryPoint","urlTemplate":"https:\/\/graef-gnu.com\/?s={search_term_string}"},"query-input":"required name=search_term_string"}],"inLanguage":"fr-FR"}]}},"_links":{"self":[{"href":"https:\/\/graef-gnu.com\/fr\/wp-json\/wp\/v2\/product\/138784","targetHints":{"allow":["GET"]}}],"collection":[{"href":"https:\/\/graef-gnu.com\/fr\/wp-json\/wp\/v2\/product"}],"about":[{"href":"https:\/\/graef-gnu.com\/fr\/wp-json\/wp\/v2\/types\/product"}],"wp:featuredmedia":[{"embeddable":true,"href":"https:\/\/graef-gnu.com\/fr\/wp-json\/wp\/v2\/media\/132870"}],"wp:attachment":[{"href":"https:\/\/graef-gnu.com\/fr\/wp-json\/wp\/v2\/media?parent=138784"}],"wp:term":[{"taxonomy":"product_cat","embeddable":true,"href":"https:\/\/graef-gnu.com\/fr\/wp-json\/wp\/v2\/product_cat?post=138784"},{"taxonomy":"product_tag","embeddable":true,"href":"https:\/\/graef-gnu.com\/fr\/wp-json\/wp\/v2\/product_tag?post=138784"}],"curies":[{"name":"wp","href":"https:\/\/api.w.org\/{rel}","templated":true}]}}