{"id":138797,"date":"2021-02-11T11:08:04","date_gmt":"2021-10-05T08:51:43","guid":{"rendered":"https:\/\/www.graef-gnu.com\/produkt\/creasetec-trufold-r\/"},"modified":"2021-10-05T11:02:50","modified_gmt":"2021-10-05T09:02:50","slug":"creasetec-trufold-r","status":"publish","type":"product","link":"https:\/\/graef-gnu.com\/fr\/produkt\/creasetec-trufold-r\/","title":{"rendered":"Creasetec<sup>&reg;<\/sup>-Trufold R"},"content":{"rendered":"<p>Creasetec<sup>&reg;<\/sup>-Trufold R pour le rainurage du carton compact et du carton ondul\u00e9, avec une base \u00e9troite et une t\u00eate large ainsi qu&#8217;une fixation \u00e9troite Trufold. Cela permet d&#8217;\u00e9viter les cassures lors du froissement. Voir \u00e9galement Creasetec<sup>&reg;<\/sup>-Multi R. Disponible \u00e9galement dans des hauteurs sp\u00e9ciales et dans tous les diam\u00e8tres.<\/p>\n","protected":false},"excerpt":{"rendered":"<p>Creasetec<sup>&reg;<\/sup>-Trufold R pour le rainurage du carton compact et du carton ondul\u00e9, avec une base \u00e9troite et une t\u00eate large ainsi qu&#8217;une fixation \u00e9troite Trufold. Cela permet d&#8217;\u00e9viter les cassures lors du froissement.<\/p>\n","protected":false},"featured_media":132866,"template":"","meta":{"_acf_changed":false},"product_cat":[6717],"product_tag":[],"class_list":{"0":"post-138797","1":"product","2":"type-product","3":"status-publish","4":"has-post-thumbnail","6":"product_group-rainurer","7":"product_cat-poinconnage-rotatif","8":"pa_ablaengung-a-1-m-fr","9":"pa_ablaengung-sur-lanneau","10":"pa_hoehe-206-mm-fr","11":"pa_hoehe-212-mm-fr","12":"pa_hoehe-213-mm-fr","13":"pa_hoehe-215-mm-fr","14":"pa_hoehe-216-mm-fr","15":"pa_hoehe-218-mm-fr","16":"pa_hoehe-220-mm-fr","17":"pa_hoehe-222-mm-fr","18":"pa_hoehe-224-mm-fr","19":"pa_hoehe-226-mm-fr","20":"pa_hoehe-227-mm-fr","21":"pa_hoehe-228-mm-fr","22":"pa_hoehe-230-mm-fr","23":"pa_hoehe-231-mm-fr","24":"pa_hoehe-232-mm-fr","25":"pa_hoehe-233-mm-fr","26":"pa_hoehe-234-mm-fr","27":"pa_hoehe-235-mm-fr","28":"pa_hoehe-236-mm-fr","29":"pa_hoehe-238-mm-fr","30":"pa_hoehe-241-mm-fr","31":"pa_hoehe-242-mm-fr","32":"pa_hoehe-243-mm-fr","33":"pa_hoehe-244-mm-fr","34":"pa_hoehe-275-mm-fr","35":"pa_nuten-avec-encoches","36":"pa_nuten-n-a-fr","37":"pa_staerke-breite-3-8-pt-fr","38":"pa_staerke-breite-4-8-pt-fr","39":"pa_wicklung-durchmesser-487-mm-fr","40":"pa_wicklung-durchmesser-acw-560-mm-fr","41":"pa_wicklung-durchmesser-cw-560-mm-fr","42":"pa_wicklung-durchmesser-n-a-fr","44":"first","45":"instock","46":"purchasable","47":"product-type-variable"},"acf":[],"yoast_head":"<!-- This site is optimized with the Yoast SEO plugin v22.6 - https:\/\/yoast.com\/wordpress\/plugins\/seo\/ -->\n<title>Creasetec&reg;-Trufold R - August Graef GNU<\/title>\n<meta name=\"description\" content=\"Rainage du carton compact et du carton ondul\u00e9 : avec base \u00e9troite, t\u00eate large et attache \u00e9troite Trufold\u2705 Pas de points de rupture lors du rainage \u2705 Informez-vous ici !\" \/>\n<meta name=\"robots\" content=\"index, follow, max-snippet:-1, max-image-preview:large, max-video-preview:-1\" \/>\n<link rel=\"canonical\" href=\"https:\/\/graef-gnu.com\/produkt\/creasetec-trufold-r\/\" \/>\n<meta property=\"og:locale\" content=\"fr_FR\" \/>\n<meta property=\"og:type\" content=\"article\" \/>\n<meta property=\"og:title\" content=\"Creasetec&reg;-Trufold R - August Graef GNU\" \/>\n<meta property=\"og:description\" content=\"Rainage du carton compact et du carton ondul\u00e9 : avec base \u00e9troite, t\u00eate large et attache \u00e9troite Trufold\u2705 Pas de points de rupture lors du rainage \u2705 Informez-vous ici !\" \/>\n<meta property=\"og:url\" content=\"https:\/\/graef-gnu.com\/produkt\/creasetec-trufold-r\/\" \/>\n<meta property=\"og:site_name\" content=\"August Graef GNU\" \/>\n<meta property=\"article:modified_time\" content=\"2021-10-05T09:02:50+00:00\" \/>\n<meta property=\"og:image\" content=\"https:\/\/graef-gnu.com\/wp-content\/uploads\/gnu-trufold-4_8pt.jpg\" \/>\n\t<meta property=\"og:image:width\" content=\"890\" \/>\n\t<meta property=\"og:image:height\" content=\"300\" \/>\n\t<meta property=\"og:image:type\" content=\"image\/jpeg\" \/>\n<meta name=\"twitter:card\" content=\"summary_large_image\" \/>\n<script type=\"application\/ld+json\" class=\"yoast-schema-graph\">{\"@context\":\"https:\/\/schema.org\",\"@graph\":[{\"@type\":\"WebPage\",\"@id\":\"https:\/\/graef-gnu.com\/produkt\/creasetec-trufold-r\/\",\"url\":\"https:\/\/graef-gnu.com\/produkt\/creasetec-trufold-r\/\",\"name\":\"Creasetec&reg;-Trufold R - August Graef GNU\",\"isPartOf\":{\"@id\":\"https:\/\/graef-gnu.com\/#website\"},\"primaryImageOfPage\":{\"@id\":\"https:\/\/graef-gnu.com\/produkt\/creasetec-trufold-r\/#primaryimage\"},\"image\":{\"@id\":\"https:\/\/graef-gnu.com\/produkt\/creasetec-trufold-r\/#primaryimage\"},\"thumbnailUrl\":\"https:\/\/graef-gnu.com\/wp-content\/uploads\/gnu-trufold-4_8pt.jpg\",\"datePublished\":\"2021-10-05T08:51:43+00:00\",\"dateModified\":\"2021-10-05T09:02:50+00:00\",\"description\":\"Rainage du carton compact et du carton ondul\u00e9 : avec base \u00e9troite, t\u00eate large et attache \u00e9troite Trufold\u2705 Pas de points de rupture lors du rainage \u2705 Informez-vous ici !\",\"breadcrumb\":{\"@id\":\"https:\/\/graef-gnu.com\/produkt\/creasetec-trufold-r\/#breadcrumb\"},\"inLanguage\":\"fr-FR\",\"potentialAction\":[{\"@type\":\"ReadAction\",\"target\":[\"https:\/\/graef-gnu.com\/produkt\/creasetec-trufold-r\/\"]}]},{\"@type\":\"ImageObject\",\"inLanguage\":\"fr-FR\",\"@id\":\"https:\/\/graef-gnu.com\/produkt\/creasetec-trufold-r\/#primaryimage\",\"url\":\"https:\/\/graef-gnu.com\/wp-content\/uploads\/gnu-trufold-4_8pt.jpg\",\"contentUrl\":\"https:\/\/graef-gnu.com\/wp-content\/uploads\/gnu-trufold-4_8pt.jpg\",\"width\":890,\"height\":300},{\"@type\":\"BreadcrumbList\",\"@id\":\"https:\/\/graef-gnu.com\/produkt\/creasetec-trufold-r\/#breadcrumb\",\"itemListElement\":[{\"@type\":\"ListItem\",\"position\":1,\"name\":\"Startseite\",\"item\":\"https:\/\/graef-gnu.com\/fr\/\"},{\"@type\":\"ListItem\",\"position\":2,\"name\":\"Formes \u00e0 plat\",\"item\":\"https:\/\/graef-gnu.com\/fr\/formes-a-plat\/\"},{\"@type\":\"ListItem\",\"position\":3,\"name\":\"Creasetec&reg;-Trufold R\"}]},{\"@type\":\"WebSite\",\"@id\":\"https:\/\/graef-gnu.com\/#website\",\"url\":\"https:\/\/graef-gnu.com\/\",\"name\":\"August Graef GNU\",\"description\":\"\",\"potentialAction\":[{\"@type\":\"SearchAction\",\"target\":{\"@type\":\"EntryPoint\",\"urlTemplate\":\"https:\/\/graef-gnu.com\/?s={search_term_string}\"},\"query-input\":\"required name=search_term_string\"}],\"inLanguage\":\"fr-FR\"}]}<\/script>\n<!-- \/ Yoast SEO plugin. -->","yoast_head_json":{"title":"Creasetec&reg;-Trufold R - August Graef GNU","description":"Rainage du carton compact et du carton ondul\u00e9 : avec base \u00e9troite, t\u00eate large et attache \u00e9troite Trufold\u2705 Pas de points de rupture lors du rainage \u2705 Informez-vous ici !","robots":{"index":"index","follow":"follow","max-snippet":"max-snippet:-1","max-image-preview":"max-image-preview:large","max-video-preview":"max-video-preview:-1"},"canonical":"https:\/\/graef-gnu.com\/produkt\/creasetec-trufold-r\/","og_locale":"fr_FR","og_type":"article","og_title":"Creasetec&reg;-Trufold R - August Graef GNU","og_description":"Rainage du carton compact et du carton ondul\u00e9 : avec base \u00e9troite, t\u00eate large et attache \u00e9troite Trufold\u2705 Pas de points de rupture lors du rainage \u2705 Informez-vous ici !","og_url":"https:\/\/graef-gnu.com\/produkt\/creasetec-trufold-r\/","og_site_name":"August Graef GNU","article_modified_time":"2021-10-05T09:02:50+00:00","og_image":[{"width":890,"height":300,"url":"https:\/\/graef-gnu.com\/wp-content\/uploads\/gnu-trufold-4_8pt.jpg","type":"image\/jpeg"}],"twitter_card":"summary_large_image","schema":{"@context":"https:\/\/schema.org","@graph":[{"@type":"WebPage","@id":"https:\/\/graef-gnu.com\/produkt\/creasetec-trufold-r\/","url":"https:\/\/graef-gnu.com\/produkt\/creasetec-trufold-r\/","name":"Creasetec&reg;-Trufold R - August Graef GNU","isPartOf":{"@id":"https:\/\/graef-gnu.com\/#website"},"primaryImageOfPage":{"@id":"https:\/\/graef-gnu.com\/produkt\/creasetec-trufold-r\/#primaryimage"},"image":{"@id":"https:\/\/graef-gnu.com\/produkt\/creasetec-trufold-r\/#primaryimage"},"thumbnailUrl":"https:\/\/graef-gnu.com\/wp-content\/uploads\/gnu-trufold-4_8pt.jpg","datePublished":"2021-10-05T08:51:43+00:00","dateModified":"2021-10-05T09:02:50+00:00","description":"Rainage du carton compact et du carton ondul\u00e9 : avec base \u00e9troite, t\u00eate large et attache \u00e9troite Trufold\u2705 Pas de points de rupture lors du rainage \u2705 Informez-vous ici !","breadcrumb":{"@id":"https:\/\/graef-gnu.com\/produkt\/creasetec-trufold-r\/#breadcrumb"},"inLanguage":"fr-FR","potentialAction":[{"@type":"ReadAction","target":["https:\/\/graef-gnu.com\/produkt\/creasetec-trufold-r\/"]}]},{"@type":"ImageObject","inLanguage":"fr-FR","@id":"https:\/\/graef-gnu.com\/produkt\/creasetec-trufold-r\/#primaryimage","url":"https:\/\/graef-gnu.com\/wp-content\/uploads\/gnu-trufold-4_8pt.jpg","contentUrl":"https:\/\/graef-gnu.com\/wp-content\/uploads\/gnu-trufold-4_8pt.jpg","width":890,"height":300},{"@type":"BreadcrumbList","@id":"https:\/\/graef-gnu.com\/produkt\/creasetec-trufold-r\/#breadcrumb","itemListElement":[{"@type":"ListItem","position":1,"name":"Startseite","item":"https:\/\/graef-gnu.com\/fr\/"},{"@type":"ListItem","position":2,"name":"Formes \u00e0 plat","item":"https:\/\/graef-gnu.com\/fr\/formes-a-plat\/"},{"@type":"ListItem","position":3,"name":"Creasetec&reg;-Trufold R"}]},{"@type":"WebSite","@id":"https:\/\/graef-gnu.com\/#website","url":"https:\/\/graef-gnu.com\/","name":"August Graef GNU","description":"","potentialAction":[{"@type":"SearchAction","target":{"@type":"EntryPoint","urlTemplate":"https:\/\/graef-gnu.com\/?s={search_term_string}"},"query-input":"required name=search_term_string"}],"inLanguage":"fr-FR"}]}},"_links":{"self":[{"href":"https:\/\/graef-gnu.com\/fr\/wp-json\/wp\/v2\/product\/138797","targetHints":{"allow":["GET"]}}],"collection":[{"href":"https:\/\/graef-gnu.com\/fr\/wp-json\/wp\/v2\/product"}],"about":[{"href":"https:\/\/graef-gnu.com\/fr\/wp-json\/wp\/v2\/types\/product"}],"wp:featuredmedia":[{"embeddable":true,"href":"https:\/\/graef-gnu.com\/fr\/wp-json\/wp\/v2\/media\/132866"}],"wp:attachment":[{"href":"https:\/\/graef-gnu.com\/fr\/wp-json\/wp\/v2\/media?parent=138797"}],"wp:term":[{"taxonomy":"product_cat","embeddable":true,"href":"https:\/\/graef-gnu.com\/fr\/wp-json\/wp\/v2\/product_cat?post=138797"},{"taxonomy":"product_tag","embeddable":true,"href":"https:\/\/graef-gnu.com\/fr\/wp-json\/wp\/v2\/product_tag?post=138797"}],"curies":[{"name":"wp","href":"https:\/\/api.w.org\/{rel}","templated":true}]}}