{"id":138996,"date":"2021-02-11T11:00:50","date_gmt":"2021-10-05T08:52:02","guid":{"rendered":"https:\/\/www.graef-gnu.com\/produkt\/gnu-excalibur\/"},"modified":"2021-10-05T11:00:56","modified_gmt":"2021-10-05T09:00:56","slug":"gnu-excalibur","status":"publish","type":"product","link":"https:\/\/graef-gnu.com\/fr\/produkt\/gnu-excalibur\/","title":{"rendered":"GNU-Excalibur"},"content":{"rendered":"<p>GNU-Excalibur, nomm\u00e9 d&#8217;apr\u00e8s l&#8217;\u00e9p\u00e9e du mythique roi Arthur, a \u00e9t\u00e9 d\u00e9velopp\u00e9 \u00e0 l&#8217;origine pour le march\u00e9 fran\u00e7ais. Le biseau est rectifi\u00e9 des deux c\u00f4t\u00e9s et produit un motif de coupe central. Il cr\u00e9e une l\u00e9g\u00e8re coupe ondul\u00e9e et peut donc pr\u00e9venir les coupures.<\/p>\n","protected":false},"excerpt":{"rendered":"<p>GNU-Excalibur, nomm\u00e9 d&#8217;apr\u00e8s l&#8217;\u00e9p\u00e9e du mythique roi Arthur, a \u00e9t\u00e9 d\u00e9velopp\u00e9 \u00e0 l&#8217;origine pour le march\u00e9 fran\u00e7ais. Le biseau est rectifi\u00e9 des deux c\u00f4t\u00e9s et produit un motif de coupe central.<\/p>\n","protected":false},"featured_media":132844,"template":"","meta":{"_acf_changed":false},"product_cat":[6717],"product_tag":[],"class_list":{"0":"post-138996","1":"product","2":"type-product","3":"status-publish","4":"has-post-thumbnail","6":"product_group-decouper","7":"product_cat-poinconnage-rotatif","8":"pa_ablaengung-sur-lanneau","9":"pa_hoehe-238-mm-fr","10":"pa_hoehe-254-mm-fr","11":"pa_hoehe-300-mm-fr","12":"pa_nuten-avec-encoches","13":"pa_nuten-n-a-fr","14":"pa_staerke-breite-142-mm-fr","15":"pa_wicklung-durchmesser-487-mm-fr","16":"pa_wicklung-durchmesser-cw-560-mm-fr","17":"pa_zaehne-12-tpi-fr","19":"first","20":"instock","21":"purchasable","22":"product-type-variable"},"acf":[],"yoast_head":"<!-- This site is optimized with the Yoast SEO plugin v22.6 - https:\/\/yoast.com\/wordpress\/plugins\/seo\/ -->\n<title>GNU-Excalibur - August Graef GNU<\/title>\n<meta name=\"description\" content=\"Biseau rectifi\u00e9 sur les deux c\u00f4t\u00e9s &amp; r\u00e9sulte en un motif de coupe central \u2705 Cr\u00e9e une coupe l\u00e9g\u00e8rement ondul\u00e9e &amp; peut \u00e9viter les blessures de coupe\u2705 Renseignez-vous ici !\" \/>\n<meta name=\"robots\" content=\"index, follow, max-snippet:-1, max-image-preview:large, max-video-preview:-1\" \/>\n<link rel=\"canonical\" href=\"https:\/\/graef-gnu.com\/produkt\/gnu-excalibur\/\" \/>\n<meta property=\"og:locale\" content=\"fr_FR\" \/>\n<meta property=\"og:type\" content=\"article\" \/>\n<meta property=\"og:title\" content=\"GNU-Excalibur - August Graef GNU\" \/>\n<meta property=\"og:description\" content=\"Biseau rectifi\u00e9 sur les deux c\u00f4t\u00e9s &amp; r\u00e9sulte en un motif de coupe central \u2705 Cr\u00e9e une coupe l\u00e9g\u00e8rement ondul\u00e9e &amp; peut \u00e9viter les blessures de coupe\u2705 Renseignez-vous ici !\" \/>\n<meta property=\"og:url\" content=\"https:\/\/graef-gnu.com\/produkt\/gnu-excalibur\/\" \/>\n<meta property=\"og:site_name\" content=\"August Graef GNU\" \/>\n<meta property=\"article:modified_time\" content=\"2021-10-05T09:00:56+00:00\" \/>\n<meta property=\"og:image\" content=\"https:\/\/graef-gnu.com\/wp-content\/uploads\/gnu-excalibur.png\" \/>\n\t<meta property=\"og:image:width\" content=\"890\" \/>\n\t<meta property=\"og:image:height\" content=\"300\" \/>\n\t<meta property=\"og:image:type\" content=\"image\/png\" \/>\n<meta name=\"twitter:card\" content=\"summary_large_image\" \/>\n<script type=\"application\/ld+json\" class=\"yoast-schema-graph\">{\"@context\":\"https:\/\/schema.org\",\"@graph\":[{\"@type\":\"WebPage\",\"@id\":\"https:\/\/graef-gnu.com\/produkt\/gnu-excalibur\/\",\"url\":\"https:\/\/graef-gnu.com\/produkt\/gnu-excalibur\/\",\"name\":\"GNU-Excalibur - August Graef GNU\",\"isPartOf\":{\"@id\":\"https:\/\/graef-gnu.com\/#website\"},\"primaryImageOfPage\":{\"@id\":\"https:\/\/graef-gnu.com\/produkt\/gnu-excalibur\/#primaryimage\"},\"image\":{\"@id\":\"https:\/\/graef-gnu.com\/produkt\/gnu-excalibur\/#primaryimage\"},\"thumbnailUrl\":\"https:\/\/graef-gnu.com\/wp-content\/uploads\/gnu-excalibur.png\",\"datePublished\":\"2021-10-05T08:52:02+00:00\",\"dateModified\":\"2021-10-05T09:00:56+00:00\",\"description\":\"Biseau rectifi\u00e9 sur les deux c\u00f4t\u00e9s & r\u00e9sulte en un motif de coupe central \u2705 Cr\u00e9e une coupe l\u00e9g\u00e8rement ondul\u00e9e & peut \u00e9viter les blessures de coupe\u2705 Renseignez-vous ici !\",\"breadcrumb\":{\"@id\":\"https:\/\/graef-gnu.com\/produkt\/gnu-excalibur\/#breadcrumb\"},\"inLanguage\":\"fr-FR\",\"potentialAction\":[{\"@type\":\"ReadAction\",\"target\":[\"https:\/\/graef-gnu.com\/produkt\/gnu-excalibur\/\"]}]},{\"@type\":\"ImageObject\",\"inLanguage\":\"fr-FR\",\"@id\":\"https:\/\/graef-gnu.com\/produkt\/gnu-excalibur\/#primaryimage\",\"url\":\"https:\/\/graef-gnu.com\/wp-content\/uploads\/gnu-excalibur.png\",\"contentUrl\":\"https:\/\/graef-gnu.com\/wp-content\/uploads\/gnu-excalibur.png\",\"width\":890,\"height\":300},{\"@type\":\"BreadcrumbList\",\"@id\":\"https:\/\/graef-gnu.com\/produkt\/gnu-excalibur\/#breadcrumb\",\"itemListElement\":[{\"@type\":\"ListItem\",\"position\":1,\"name\":\"Startseite\",\"item\":\"https:\/\/graef-gnu.com\/fr\/\"},{\"@type\":\"ListItem\",\"position\":2,\"name\":\"Formes \u00e0 plat\",\"item\":\"https:\/\/graef-gnu.com\/fr\/formes-a-plat\/\"},{\"@type\":\"ListItem\",\"position\":3,\"name\":\"GNU-Excalibur\"}]},{\"@type\":\"WebSite\",\"@id\":\"https:\/\/graef-gnu.com\/#website\",\"url\":\"https:\/\/graef-gnu.com\/\",\"name\":\"August Graef GNU\",\"description\":\"\",\"potentialAction\":[{\"@type\":\"SearchAction\",\"target\":{\"@type\":\"EntryPoint\",\"urlTemplate\":\"https:\/\/graef-gnu.com\/?s={search_term_string}\"},\"query-input\":\"required name=search_term_string\"}],\"inLanguage\":\"fr-FR\"}]}<\/script>\n<!-- \/ Yoast SEO plugin. -->","yoast_head_json":{"title":"GNU-Excalibur - August Graef GNU","description":"Biseau rectifi\u00e9 sur les deux c\u00f4t\u00e9s & r\u00e9sulte en un motif de coupe central \u2705 Cr\u00e9e une coupe l\u00e9g\u00e8rement ondul\u00e9e & peut \u00e9viter les blessures de coupe\u2705 Renseignez-vous ici !","robots":{"index":"index","follow":"follow","max-snippet":"max-snippet:-1","max-image-preview":"max-image-preview:large","max-video-preview":"max-video-preview:-1"},"canonical":"https:\/\/graef-gnu.com\/produkt\/gnu-excalibur\/","og_locale":"fr_FR","og_type":"article","og_title":"GNU-Excalibur - August Graef GNU","og_description":"Biseau rectifi\u00e9 sur les deux c\u00f4t\u00e9s & r\u00e9sulte en un motif de coupe central \u2705 Cr\u00e9e une coupe l\u00e9g\u00e8rement ondul\u00e9e & peut \u00e9viter les blessures de coupe\u2705 Renseignez-vous ici !","og_url":"https:\/\/graef-gnu.com\/produkt\/gnu-excalibur\/","og_site_name":"August Graef GNU","article_modified_time":"2021-10-05T09:00:56+00:00","og_image":[{"width":890,"height":300,"url":"https:\/\/graef-gnu.com\/wp-content\/uploads\/gnu-excalibur.png","type":"image\/png"}],"twitter_card":"summary_large_image","schema":{"@context":"https:\/\/schema.org","@graph":[{"@type":"WebPage","@id":"https:\/\/graef-gnu.com\/produkt\/gnu-excalibur\/","url":"https:\/\/graef-gnu.com\/produkt\/gnu-excalibur\/","name":"GNU-Excalibur - August Graef GNU","isPartOf":{"@id":"https:\/\/graef-gnu.com\/#website"},"primaryImageOfPage":{"@id":"https:\/\/graef-gnu.com\/produkt\/gnu-excalibur\/#primaryimage"},"image":{"@id":"https:\/\/graef-gnu.com\/produkt\/gnu-excalibur\/#primaryimage"},"thumbnailUrl":"https:\/\/graef-gnu.com\/wp-content\/uploads\/gnu-excalibur.png","datePublished":"2021-10-05T08:52:02+00:00","dateModified":"2021-10-05T09:00:56+00:00","description":"Biseau rectifi\u00e9 sur les deux c\u00f4t\u00e9s & r\u00e9sulte en un motif de coupe central \u2705 Cr\u00e9e une coupe l\u00e9g\u00e8rement ondul\u00e9e & peut \u00e9viter les blessures de coupe\u2705 Renseignez-vous ici !","breadcrumb":{"@id":"https:\/\/graef-gnu.com\/produkt\/gnu-excalibur\/#breadcrumb"},"inLanguage":"fr-FR","potentialAction":[{"@type":"ReadAction","target":["https:\/\/graef-gnu.com\/produkt\/gnu-excalibur\/"]}]},{"@type":"ImageObject","inLanguage":"fr-FR","@id":"https:\/\/graef-gnu.com\/produkt\/gnu-excalibur\/#primaryimage","url":"https:\/\/graef-gnu.com\/wp-content\/uploads\/gnu-excalibur.png","contentUrl":"https:\/\/graef-gnu.com\/wp-content\/uploads\/gnu-excalibur.png","width":890,"height":300},{"@type":"BreadcrumbList","@id":"https:\/\/graef-gnu.com\/produkt\/gnu-excalibur\/#breadcrumb","itemListElement":[{"@type":"ListItem","position":1,"name":"Startseite","item":"https:\/\/graef-gnu.com\/fr\/"},{"@type":"ListItem","position":2,"name":"Formes \u00e0 plat","item":"https:\/\/graef-gnu.com\/fr\/formes-a-plat\/"},{"@type":"ListItem","position":3,"name":"GNU-Excalibur"}]},{"@type":"WebSite","@id":"https:\/\/graef-gnu.com\/#website","url":"https:\/\/graef-gnu.com\/","name":"August Graef GNU","description":"","potentialAction":[{"@type":"SearchAction","target":{"@type":"EntryPoint","urlTemplate":"https:\/\/graef-gnu.com\/?s={search_term_string}"},"query-input":"required name=search_term_string"}],"inLanguage":"fr-FR"}]}},"_links":{"self":[{"href":"https:\/\/graef-gnu.com\/fr\/wp-json\/wp\/v2\/product\/138996","targetHints":{"allow":["GET"]}}],"collection":[{"href":"https:\/\/graef-gnu.com\/fr\/wp-json\/wp\/v2\/product"}],"about":[{"href":"https:\/\/graef-gnu.com\/fr\/wp-json\/wp\/v2\/types\/product"}],"wp:featuredmedia":[{"embeddable":true,"href":"https:\/\/graef-gnu.com\/fr\/wp-json\/wp\/v2\/media\/132844"}],"wp:attachment":[{"href":"https:\/\/graef-gnu.com\/fr\/wp-json\/wp\/v2\/media?parent=138996"}],"wp:term":[{"taxonomy":"product_cat","embeddable":true,"href":"https:\/\/graef-gnu.com\/fr\/wp-json\/wp\/v2\/product_cat?post=138996"},{"taxonomy":"product_tag","embeddable":true,"href":"https:\/\/graef-gnu.com\/fr\/wp-json\/wp\/v2\/product_tag?post=138996"}],"curies":[{"name":"wp","href":"https:\/\/api.w.org\/{rel}","templated":true}]}}