{"id":139059,"date":"2021-02-11T11:07:34","date_gmt":"2021-10-05T08:52:09","guid":{"rendered":"https:\/\/www.graef-gnu.com\/produkt\/ciseaux-a-levier-h68\/"},"modified":"2021-11-01T18:12:17","modified_gmt":"2021-11-01T17:12:17","slug":"coupoir-a-bec-h68","status":"publish","type":"product","link":"https:\/\/graef-gnu.com\/fr\/produkt\/coupoir-a-bec-h68\/","title":{"rendered":"Coupoir \u00e0 bec H68"},"content":{"rendered":"<p>Pour couper les d\u00e9bords aux extr\u00e9mit\u00e9s des filets afin d&#8217;obtenir des joints parfaits et des coupes droites \u00e0 longueur. Construction robuste tout acier chrom\u00e9.<\/p>\n<p>Gr\u00e2ce \u00e0 la bonne transmission de puissance, des filets d&#8217;une \u00e9paisseur de 4 points peuvent \u00eatre coup\u00e9es sans bavures. La position du levier peut \u00eatre modifi\u00e9e par des pi\u00e8ces dent\u00e9es. Pour la coupe progressive des surplombs dans les diff\u00e9rentes \u00e9paisseurs de filet, deux boutons molet\u00e9s rotatifs avec graduation grav\u00e9e sont utilis\u00e9s. Les coupoirs sont \u00e9quip\u00e9s d&#8217;un dispositif de mesure de pr\u00e9cision.<\/p>\n","protected":false},"excerpt":{"rendered":"<p>Pour couper les d\u00e9bords aux extr\u00e9mit\u00e9s des lignes afin d&#8217;obtenir des joints parfaits et des coupes droites \u00e0 longueur. Construction robuste tout en acier chrom\u00e9 pour un maximum de 4 pt. Force.<\/p>\n<p>&nbsp;<\/p>\n","protected":false},"featured_media":133011,"template":"","meta":{"_acf_changed":false},"product_cat":[6690],"product_tag":[],"class_list":{"0":"post-139059","1":"product","2":"type-product","3":"status-publish","4":"has-post-thumbnail","6":"product_group-accessoires-de-formes-decoupe","7":"product_cat-accessoires","9":"first","10":"instock","11":"purchasable","12":"product-type-simple"},"acf":[],"yoast_head":"<!-- This site is optimized with the Yoast SEO plugin v22.6 - https:\/\/yoast.com\/wordpress\/plugins\/seo\/ -->\n<title>Coupoir \u00e0 bec H68 - August Graef GNU<\/title>\n<meta name=\"robots\" content=\"index, follow, max-snippet:-1, max-image-preview:large, max-video-preview:-1\" \/>\n<link rel=\"canonical\" href=\"https:\/\/graef-gnu.com\/produkt\/hebelschere-h68\/\" \/>\n<meta property=\"og:locale\" content=\"fr_FR\" \/>\n<meta property=\"og:type\" content=\"article\" \/>\n<meta property=\"og:title\" content=\"Coupoir \u00e0 bec H68 - August Graef GNU\" \/>\n<meta property=\"og:description\" content=\"Pour couper les d\u00e9bords aux extr\u00e9mit\u00e9s des lignes afin d&#039;obtenir des joints parfaits et des coupes droites \u00e0 longueur. Construction robuste tout en acier chrom\u00e9 pour un maximum de 4 pt. Force.  &nbsp;\" \/>\n<meta property=\"og:url\" content=\"https:\/\/graef-gnu.com\/produkt\/hebelschere-h68\/\" \/>\n<meta property=\"og:site_name\" content=\"August Graef GNU\" \/>\n<meta property=\"article:modified_time\" content=\"2021-11-01T17:12:17+00:00\" \/>\n<meta property=\"og:image\" content=\"https:\/\/graef-gnu.com\/wp-content\/uploads\/gnu_hebelschere_h68.jpg\" \/>\n\t<meta property=\"og:image:width\" content=\"890\" \/>\n\t<meta property=\"og:image:height\" content=\"300\" \/>\n\t<meta property=\"og:image:type\" content=\"image\/jpeg\" \/>\n<meta name=\"twitter:card\" content=\"summary_large_image\" \/>\n<meta name=\"twitter:label1\" content=\"Dur\u00e9e de lecture estim\u00e9e\" \/>\n\t<meta name=\"twitter:data1\" content=\"1 minute\" \/>\n<script type=\"application\/ld+json\" class=\"yoast-schema-graph\">{\"@context\":\"https:\/\/schema.org\",\"@graph\":[{\"@type\":\"WebPage\",\"@id\":\"https:\/\/graef-gnu.com\/produkt\/hebelschere-h68\/\",\"url\":\"https:\/\/graef-gnu.com\/produkt\/hebelschere-h68\/\",\"name\":\"Coupoir \u00e0 bec H68 - August Graef GNU\",\"isPartOf\":{\"@id\":\"https:\/\/graef-gnu.com\/#website\"},\"primaryImageOfPage\":{\"@id\":\"https:\/\/graef-gnu.com\/produkt\/hebelschere-h68\/#primaryimage\"},\"image\":{\"@id\":\"https:\/\/graef-gnu.com\/produkt\/hebelschere-h68\/#primaryimage\"},\"thumbnailUrl\":\"https:\/\/graef-gnu.com\/wp-content\/uploads\/gnu_hebelschere_h68.jpg\",\"datePublished\":\"2021-10-05T08:52:09+00:00\",\"dateModified\":\"2021-11-01T17:12:17+00:00\",\"breadcrumb\":{\"@id\":\"https:\/\/graef-gnu.com\/produkt\/hebelschere-h68\/#breadcrumb\"},\"inLanguage\":\"fr-FR\",\"potentialAction\":[{\"@type\":\"ReadAction\",\"target\":[\"https:\/\/graef-gnu.com\/produkt\/hebelschere-h68\/\"]}]},{\"@type\":\"ImageObject\",\"inLanguage\":\"fr-FR\",\"@id\":\"https:\/\/graef-gnu.com\/produkt\/hebelschere-h68\/#primaryimage\",\"url\":\"https:\/\/graef-gnu.com\/wp-content\/uploads\/gnu_hebelschere_h68.jpg\",\"contentUrl\":\"https:\/\/graef-gnu.com\/wp-content\/uploads\/gnu_hebelschere_h68.jpg\",\"width\":890,\"height\":300},{\"@type\":\"BreadcrumbList\",\"@id\":\"https:\/\/graef-gnu.com\/produkt\/hebelschere-h68\/#breadcrumb\",\"itemListElement\":[{\"@type\":\"ListItem\",\"position\":1,\"name\":\"Startseite\",\"item\":\"https:\/\/graef-gnu.com\/fr\/\"},{\"@type\":\"ListItem\",\"position\":2,\"name\":\"Formes \u00e0 plat\",\"item\":\"https:\/\/graef-gnu.com\/fr\/formes-a-plat\/\"},{\"@type\":\"ListItem\",\"position\":3,\"name\":\"Coupoir \u00e0 bec H68\"}]},{\"@type\":\"WebSite\",\"@id\":\"https:\/\/graef-gnu.com\/#website\",\"url\":\"https:\/\/graef-gnu.com\/\",\"name\":\"August Graef GNU\",\"description\":\"\",\"potentialAction\":[{\"@type\":\"SearchAction\",\"target\":{\"@type\":\"EntryPoint\",\"urlTemplate\":\"https:\/\/graef-gnu.com\/?s={search_term_string}\"},\"query-input\":\"required name=search_term_string\"}],\"inLanguage\":\"fr-FR\"}]}<\/script>\n<!-- \/ Yoast SEO plugin. -->","yoast_head_json":{"title":"Coupoir \u00e0 bec H68 - August Graef GNU","robots":{"index":"index","follow":"follow","max-snippet":"max-snippet:-1","max-image-preview":"max-image-preview:large","max-video-preview":"max-video-preview:-1"},"canonical":"https:\/\/graef-gnu.com\/produkt\/hebelschere-h68\/","og_locale":"fr_FR","og_type":"article","og_title":"Coupoir \u00e0 bec H68 - August Graef GNU","og_description":"Pour couper les d\u00e9bords aux extr\u00e9mit\u00e9s des lignes afin d'obtenir des joints parfaits et des coupes droites \u00e0 longueur. Construction robuste tout en acier chrom\u00e9 pour un maximum de 4 pt. Force.  &nbsp;","og_url":"https:\/\/graef-gnu.com\/produkt\/hebelschere-h68\/","og_site_name":"August Graef GNU","article_modified_time":"2021-11-01T17:12:17+00:00","og_image":[{"width":890,"height":300,"url":"https:\/\/graef-gnu.com\/wp-content\/uploads\/gnu_hebelschere_h68.jpg","type":"image\/jpeg"}],"twitter_card":"summary_large_image","twitter_misc":{"Dur\u00e9e de lecture estim\u00e9e":"1 minute"},"schema":{"@context":"https:\/\/schema.org","@graph":[{"@type":"WebPage","@id":"https:\/\/graef-gnu.com\/produkt\/hebelschere-h68\/","url":"https:\/\/graef-gnu.com\/produkt\/hebelschere-h68\/","name":"Coupoir \u00e0 bec H68 - August Graef GNU","isPartOf":{"@id":"https:\/\/graef-gnu.com\/#website"},"primaryImageOfPage":{"@id":"https:\/\/graef-gnu.com\/produkt\/hebelschere-h68\/#primaryimage"},"image":{"@id":"https:\/\/graef-gnu.com\/produkt\/hebelschere-h68\/#primaryimage"},"thumbnailUrl":"https:\/\/graef-gnu.com\/wp-content\/uploads\/gnu_hebelschere_h68.jpg","datePublished":"2021-10-05T08:52:09+00:00","dateModified":"2021-11-01T17:12:17+00:00","breadcrumb":{"@id":"https:\/\/graef-gnu.com\/produkt\/hebelschere-h68\/#breadcrumb"},"inLanguage":"fr-FR","potentialAction":[{"@type":"ReadAction","target":["https:\/\/graef-gnu.com\/produkt\/hebelschere-h68\/"]}]},{"@type":"ImageObject","inLanguage":"fr-FR","@id":"https:\/\/graef-gnu.com\/produkt\/hebelschere-h68\/#primaryimage","url":"https:\/\/graef-gnu.com\/wp-content\/uploads\/gnu_hebelschere_h68.jpg","contentUrl":"https:\/\/graef-gnu.com\/wp-content\/uploads\/gnu_hebelschere_h68.jpg","width":890,"height":300},{"@type":"BreadcrumbList","@id":"https:\/\/graef-gnu.com\/produkt\/hebelschere-h68\/#breadcrumb","itemListElement":[{"@type":"ListItem","position":1,"name":"Startseite","item":"https:\/\/graef-gnu.com\/fr\/"},{"@type":"ListItem","position":2,"name":"Formes \u00e0 plat","item":"https:\/\/graef-gnu.com\/fr\/formes-a-plat\/"},{"@type":"ListItem","position":3,"name":"Coupoir \u00e0 bec H68"}]},{"@type":"WebSite","@id":"https:\/\/graef-gnu.com\/#website","url":"https:\/\/graef-gnu.com\/","name":"August Graef GNU","description":"","potentialAction":[{"@type":"SearchAction","target":{"@type":"EntryPoint","urlTemplate":"https:\/\/graef-gnu.com\/?s={search_term_string}"},"query-input":"required name=search_term_string"}],"inLanguage":"fr-FR"}]}},"_links":{"self":[{"href":"https:\/\/graef-gnu.com\/fr\/wp-json\/wp\/v2\/product\/139059","targetHints":{"allow":["GET"]}}],"collection":[{"href":"https:\/\/graef-gnu.com\/fr\/wp-json\/wp\/v2\/product"}],"about":[{"href":"https:\/\/graef-gnu.com\/fr\/wp-json\/wp\/v2\/types\/product"}],"wp:featuredmedia":[{"embeddable":true,"href":"https:\/\/graef-gnu.com\/fr\/wp-json\/wp\/v2\/media\/133011"}],"wp:attachment":[{"href":"https:\/\/graef-gnu.com\/fr\/wp-json\/wp\/v2\/media?parent=139059"}],"wp:term":[{"taxonomy":"product_cat","embeddable":true,"href":"https:\/\/graef-gnu.com\/fr\/wp-json\/wp\/v2\/product_cat?post=139059"},{"taxonomy":"product_tag","embeddable":true,"href":"https:\/\/graef-gnu.com\/fr\/wp-json\/wp\/v2\/product_tag?post=139059"}],"curies":[{"name":"wp","href":"https:\/\/api.w.org\/{rel}","templated":true}]}}