{"id":139066,"date":"2021-02-11T11:06:16","date_gmt":"2021-10-05T08:52:10","guid":{"rendered":"https:\/\/www.graef-gnu.com\/produkt\/pentra-plus-abc\/"},"modified":"2021-10-29T16:13:13","modified_gmt":"2021-10-29T14:13:13","slug":"pentra-plus-abc","status":"publish","type":"product","link":"https:\/\/graef-gnu.com\/fr\/produkt\/pentra-plus-abc\/","title":{"rendered":"Pentra Plus ABC"},"content":{"rendered":"<p>Version premium en carton comprim\u00e9, \u00e0 base de feuille pour le rainurage du papier, du carton et du carton ondul\u00e9.<br \/>\nSur le rouleau.<br \/>\n<strong><br \/>\nAvec les avantages suivants : <\/strong><\/p>\n<ul>\n<li>Ajustement de la finition en retravaillant sans effort avec le couteau.<\/li>\n<li>Pas de d\u00e9rapage sur la plaque de coupe gr\u00e2ce \u00e0 un adh\u00e9sif au pouvoir de r\u00e9tention extr\u00eamement \u00e9lev\u00e9.<\/li>\n<li>Aucun accrochage de la bo\u00eete gr\u00e2ce aux bords biseaut\u00e9s.<\/li>\n<li>Solution optimale de rainage pour toute \u00e9paisseur de carton ou de carton ondul\u00e9 gr\u00e2ce \u00e0 un programme dimensionnel \u00e9tendu.<\/li>\n<\/ul>\n<p>&nbsp;<\/p>\n","protected":false},"excerpt":{"rendered":"<p>Version premium en carton comprim\u00e9, \u00e0 base de feuille pour le rainurage du papier, du carton et du carton ondul\u00e9. Pentra Plus ABC est fourni sur un rouleau.<\/p>\n","protected":false},"featured_media":133947,"template":"","meta":{"_acf_changed":false},"product_cat":[6732],"product_tag":[],"class_list":{"0":"post-139066","1":"product","2":"type-product","3":"status-publish","4":"has-post-thumbnail","6":"product_group-pentra-fr","7":"product_cat-matrice-de-crepage-et-materiau-de-contre-crepage","8":"pa_breiter-riller-n-a-fr","9":"pa_breiter-riller-pince-de-2-mm","10":"pa_breiter-riller-rainure-de-3-mm","11":"pa_hoehe-02-mm-fr","12":"pa_hoehe-03-mm-fr","13":"pa_hoehe-04-mm-fr","14":"pa_hoehe-05-mm-fr","15":"pa_hoehe-06-mm-fr","16":"pa_hoehe-07-mm-fr","17":"pa_hoehe-08-mm-fr","18":"pa_hoehe-10-mm-fr","19":"pa_kanalbreite-08-mm-fr","20":"pa_kanalbreite-10-mm-fr","21":"pa_kanalbreite-12-mm-fr","22":"pa_kanalbreite-13-mm-fr","23":"pa_kanalbreite-14-mm-fr","24":"pa_kanalbreite-15-mm-fr","25":"pa_kanalbreite-16-mm-fr","26":"pa_kanalbreite-17-mm-fr","27":"pa_kanalbreite-19-mm-fr","28":"pa_kanalbreite-21-mm-fr","29":"pa_kanalbreite-23-mm-fr","30":"pa_kanalbreite-25-mm-fr","31":"pa_kanalbreite-27-mm-fr","32":"pa_kanalbreite-28-mm-fr","33":"pa_kanalbreite-30-mm-fr","34":"pa_kanalbreite-32-mm-fr","35":"pa_kanalbreite-35-mm-fr","36":"pa_kanalbreite-40-mm-fr","37":"pa_kanalbreite-50-mm-fr","38":"pa_kanalbreite-60-mm-fr","39":"pa_kanalbreite-70-mm-fr","40":"pa_karton-rolle-rouleau","42":"first","43":"instock","44":"purchasable","45":"product-type-variable"},"acf":[],"yoast_head":"<!-- This site is optimized with the Yoast SEO plugin v22.6 - https:\/\/yoast.com\/wordpress\/plugins\/seo\/ -->\n<title>Pentra Plus ABC - August Graef GNU<\/title>\n<meta name=\"robots\" content=\"index, follow, max-snippet:-1, max-image-preview:large, max-video-preview:-1\" \/>\n<link rel=\"canonical\" href=\"https:\/\/graef-gnu.com\/produkt\/pentra-plus-abc\/\" \/>\n<meta property=\"og:locale\" content=\"fr_FR\" \/>\n<meta property=\"og:type\" content=\"article\" \/>\n<meta property=\"og:title\" content=\"Pentra Plus ABC - August Graef GNU\" \/>\n<meta property=\"og:description\" content=\"Version premium en carton comprim\u00e9, \u00e0 base de feuille pour le rainurage du papier, du carton et du carton ondul\u00e9. Pentra Plus ABC est fourni sur un rouleau.\" \/>\n<meta property=\"og:url\" content=\"https:\/\/graef-gnu.com\/produkt\/pentra-plus-abc\/\" \/>\n<meta property=\"og:site_name\" content=\"August Graef GNU\" \/>\n<meta property=\"article:modified_time\" content=\"2021-10-29T14:13:13+00:00\" \/>\n<meta property=\"og:image\" content=\"https:\/\/graef-gnu.com\/wp-content\/uploads\/gnu_pentra_abc-2.jpg\" \/>\n\t<meta property=\"og:image:width\" content=\"890\" \/>\n\t<meta property=\"og:image:height\" content=\"300\" \/>\n\t<meta property=\"og:image:type\" content=\"image\/jpeg\" \/>\n<meta name=\"twitter:card\" content=\"summary_large_image\" \/>\n<script type=\"application\/ld+json\" class=\"yoast-schema-graph\">{\"@context\":\"https:\/\/schema.org\",\"@graph\":[{\"@type\":\"WebPage\",\"@id\":\"https:\/\/graef-gnu.com\/produkt\/pentra-plus-abc\/\",\"url\":\"https:\/\/graef-gnu.com\/produkt\/pentra-plus-abc\/\",\"name\":\"Pentra Plus ABC - August Graef GNU\",\"isPartOf\":{\"@id\":\"https:\/\/graef-gnu.com\/#website\"},\"primaryImageOfPage\":{\"@id\":\"https:\/\/graef-gnu.com\/produkt\/pentra-plus-abc\/#primaryimage\"},\"image\":{\"@id\":\"https:\/\/graef-gnu.com\/produkt\/pentra-plus-abc\/#primaryimage\"},\"thumbnailUrl\":\"https:\/\/graef-gnu.com\/wp-content\/uploads\/gnu_pentra_abc-2.jpg\",\"datePublished\":\"2021-10-05T08:52:10+00:00\",\"dateModified\":\"2021-10-29T14:13:13+00:00\",\"breadcrumb\":{\"@id\":\"https:\/\/graef-gnu.com\/produkt\/pentra-plus-abc\/#breadcrumb\"},\"inLanguage\":\"fr-FR\",\"potentialAction\":[{\"@type\":\"ReadAction\",\"target\":[\"https:\/\/graef-gnu.com\/produkt\/pentra-plus-abc\/\"]}]},{\"@type\":\"ImageObject\",\"inLanguage\":\"fr-FR\",\"@id\":\"https:\/\/graef-gnu.com\/produkt\/pentra-plus-abc\/#primaryimage\",\"url\":\"https:\/\/graef-gnu.com\/wp-content\/uploads\/gnu_pentra_abc-2.jpg\",\"contentUrl\":\"https:\/\/graef-gnu.com\/wp-content\/uploads\/gnu_pentra_abc-2.jpg\",\"width\":890,\"height\":300},{\"@type\":\"BreadcrumbList\",\"@id\":\"https:\/\/graef-gnu.com\/produkt\/pentra-plus-abc\/#breadcrumb\",\"itemListElement\":[{\"@type\":\"ListItem\",\"position\":1,\"name\":\"Startseite\",\"item\":\"https:\/\/graef-gnu.com\/fr\/\"},{\"@type\":\"ListItem\",\"position\":2,\"name\":\"Formes \u00e0 plat\",\"item\":\"https:\/\/graef-gnu.com\/fr\/formes-a-plat\/\"},{\"@type\":\"ListItem\",\"position\":3,\"name\":\"Pentra Plus ABC\"}]},{\"@type\":\"WebSite\",\"@id\":\"https:\/\/graef-gnu.com\/#website\",\"url\":\"https:\/\/graef-gnu.com\/\",\"name\":\"August Graef GNU\",\"description\":\"\",\"potentialAction\":[{\"@type\":\"SearchAction\",\"target\":{\"@type\":\"EntryPoint\",\"urlTemplate\":\"https:\/\/graef-gnu.com\/?s={search_term_string}\"},\"query-input\":\"required name=search_term_string\"}],\"inLanguage\":\"fr-FR\"}]}<\/script>\n<!-- \/ Yoast SEO plugin. -->","yoast_head_json":{"title":"Pentra Plus ABC - August Graef GNU","robots":{"index":"index","follow":"follow","max-snippet":"max-snippet:-1","max-image-preview":"max-image-preview:large","max-video-preview":"max-video-preview:-1"},"canonical":"https:\/\/graef-gnu.com\/produkt\/pentra-plus-abc\/","og_locale":"fr_FR","og_type":"article","og_title":"Pentra Plus ABC - August Graef GNU","og_description":"Version premium en carton comprim\u00e9, \u00e0 base de feuille pour le rainurage du papier, du carton et du carton ondul\u00e9. Pentra Plus ABC est fourni sur un rouleau.","og_url":"https:\/\/graef-gnu.com\/produkt\/pentra-plus-abc\/","og_site_name":"August Graef GNU","article_modified_time":"2021-10-29T14:13:13+00:00","og_image":[{"width":890,"height":300,"url":"https:\/\/graef-gnu.com\/wp-content\/uploads\/gnu_pentra_abc-2.jpg","type":"image\/jpeg"}],"twitter_card":"summary_large_image","schema":{"@context":"https:\/\/schema.org","@graph":[{"@type":"WebPage","@id":"https:\/\/graef-gnu.com\/produkt\/pentra-plus-abc\/","url":"https:\/\/graef-gnu.com\/produkt\/pentra-plus-abc\/","name":"Pentra Plus ABC - August Graef GNU","isPartOf":{"@id":"https:\/\/graef-gnu.com\/#website"},"primaryImageOfPage":{"@id":"https:\/\/graef-gnu.com\/produkt\/pentra-plus-abc\/#primaryimage"},"image":{"@id":"https:\/\/graef-gnu.com\/produkt\/pentra-plus-abc\/#primaryimage"},"thumbnailUrl":"https:\/\/graef-gnu.com\/wp-content\/uploads\/gnu_pentra_abc-2.jpg","datePublished":"2021-10-05T08:52:10+00:00","dateModified":"2021-10-29T14:13:13+00:00","breadcrumb":{"@id":"https:\/\/graef-gnu.com\/produkt\/pentra-plus-abc\/#breadcrumb"},"inLanguage":"fr-FR","potentialAction":[{"@type":"ReadAction","target":["https:\/\/graef-gnu.com\/produkt\/pentra-plus-abc\/"]}]},{"@type":"ImageObject","inLanguage":"fr-FR","@id":"https:\/\/graef-gnu.com\/produkt\/pentra-plus-abc\/#primaryimage","url":"https:\/\/graef-gnu.com\/wp-content\/uploads\/gnu_pentra_abc-2.jpg","contentUrl":"https:\/\/graef-gnu.com\/wp-content\/uploads\/gnu_pentra_abc-2.jpg","width":890,"height":300},{"@type":"BreadcrumbList","@id":"https:\/\/graef-gnu.com\/produkt\/pentra-plus-abc\/#breadcrumb","itemListElement":[{"@type":"ListItem","position":1,"name":"Startseite","item":"https:\/\/graef-gnu.com\/fr\/"},{"@type":"ListItem","position":2,"name":"Formes \u00e0 plat","item":"https:\/\/graef-gnu.com\/fr\/formes-a-plat\/"},{"@type":"ListItem","position":3,"name":"Pentra Plus ABC"}]},{"@type":"WebSite","@id":"https:\/\/graef-gnu.com\/#website","url":"https:\/\/graef-gnu.com\/","name":"August Graef GNU","description":"","potentialAction":[{"@type":"SearchAction","target":{"@type":"EntryPoint","urlTemplate":"https:\/\/graef-gnu.com\/?s={search_term_string}"},"query-input":"required name=search_term_string"}],"inLanguage":"fr-FR"}]}},"_links":{"self":[{"href":"https:\/\/graef-gnu.com\/fr\/wp-json\/wp\/v2\/product\/139066","targetHints":{"allow":["GET"]}}],"collection":[{"href":"https:\/\/graef-gnu.com\/fr\/wp-json\/wp\/v2\/product"}],"about":[{"href":"https:\/\/graef-gnu.com\/fr\/wp-json\/wp\/v2\/types\/product"}],"wp:featuredmedia":[{"embeddable":true,"href":"https:\/\/graef-gnu.com\/fr\/wp-json\/wp\/v2\/media\/133947"}],"wp:attachment":[{"href":"https:\/\/graef-gnu.com\/fr\/wp-json\/wp\/v2\/media?parent=139066"}],"wp:term":[{"taxonomy":"product_cat","embeddable":true,"href":"https:\/\/graef-gnu.com\/fr\/wp-json\/wp\/v2\/product_cat?post=139066"},{"taxonomy":"product_tag","embeddable":true,"href":"https:\/\/graef-gnu.com\/fr\/wp-json\/wp\/v2\/product_tag?post=139066"}],"curies":[{"name":"wp","href":"https:\/\/api.w.org\/{rel}","templated":true}]}}