{"id":139411,"date":"2021-02-11T11:07:38","date_gmt":"2021-10-05T08:52:37","guid":{"rendered":"https:\/\/www.graef-gnu.com\/produkt\/type-de-perfa\/"},"modified":"2021-10-05T11:02:42","modified_gmt":"2021-10-05T09:02:42","slug":"type-perfa","status":"publish","type":"product","link":"https:\/\/graef-gnu.com\/fr\/produkt\/type-perfa\/","title":{"rendered":"Type de Perfa"},"content":{"rendered":"<p class=\"box\"><b>Marques de gaufrage Lettres majuscules &#8211; Chiffres &#8211; Symboles<\/b><\/p>\n<p class=\"box\">L&#8217;\u00e9criture miroir de Perfa permet une reconnaissance imm\u00e9diate de la prestation perfor\u00e9e. Pour les matrices de d\u00e9coupe rotatives et plates.<\/p>\n<p class=\"box\">Le Perfa-Type est auto-adh\u00e9sif et peut \u00eatre facilement fix\u00e9 \u00e0 la bande d&#8217;acier coup\u00e9e, \u00e9ventuellement avec de petits clous.<\/p>\n","protected":false},"excerpt":{"rendered":"<p>L&#8217;\u00e9criture miroir de Perfa permet une reconnaissance imm\u00e9diate de la prestation perfor\u00e9e. Pour les matrices de d\u00e9coupe rotatives et plates.<\/p>\n","protected":false},"featured_media":132791,"template":"","meta":{"_acf_changed":false},"product_cat":[6690],"product_tag":[],"class_list":{"0":"post-139411","1":"product","2":"type-product","3":"status-publish","4":"has-post-thumbnail","6":"product_group-accessoires-de-decoupe","7":"product_cat-accessoires","8":"pa_variante-1-fr","9":"pa_variante-2-fr","10":"pa_variante-3-fr","11":"pa_variante-4-fr","12":"pa_variante-5-fr","13":"pa_variante-6-fr","14":"pa_variante-7-fr","15":"pa_variante-8-fr","16":"pa_variante-9-fr","17":"pa_variante-a-fr","18":"pa_variante-b-fr","19":"pa_variante-c-fr","20":"pa_variante-d-fr","21":"pa_variante-e-fr","22":"pa_variante-f-fr","23":"pa_variante-g-fr","24":"pa_variante-h-fr","25":"pa_variante-i-fr","26":"pa_variante-j-fr","27":"pa_variante-k-fr","28":"pa_variante-l-fr","29":"pa_variante-m-fr","30":"pa_variante-n-fr","31":"pa_variante-o-fr","32":"pa_variante-p-fr","33":"pa_variante-q-fr","34":"pa_variante-r-fr","35":"pa_variante-s-fr","36":"pa_variante-t-fr","37":"pa_variante-u-fr","38":"pa_variante-v-fr","39":"pa_variante-w-fr","40":"pa_variante-x-fr","41":"pa_variante-y-fr","42":"pa_variante-z-fr","43":"pa_variante-panneau-resy","45":"first","46":"instock","47":"purchasable","48":"product-type-variable"},"acf":[],"yoast_head":"<!-- This site is optimized with the Yoast SEO plugin v22.6 - https:\/\/yoast.com\/wordpress\/plugins\/seo\/ -->\n<title>Type de Perfa - August Graef GNU<\/title>\n<meta name=\"description\" content=\"Type Perfa en \u00e9criture miroir pour une reconnaissance imm\u00e9diate des panneaux d\u00e9coup\u00e9s\u2705 Pour les formes de d\u00e9coupe rotatives et plates\u2705 auto-adh\u00e9sives \u2705 Demande ici !\" \/>\n<meta name=\"robots\" content=\"index, follow, max-snippet:-1, max-image-preview:large, max-video-preview:-1\" \/>\n<link rel=\"canonical\" href=\"https:\/\/graef-gnu.com\/fr\/produkt\/type-perfa\/\" \/>\n<meta property=\"og:locale\" content=\"fr_FR\" \/>\n<meta property=\"og:type\" content=\"article\" \/>\n<meta property=\"og:title\" content=\"Type de Perfa - August Graef GNU\" \/>\n<meta property=\"og:description\" content=\"Type Perfa en \u00e9criture miroir pour une reconnaissance imm\u00e9diate des panneaux d\u00e9coup\u00e9s\u2705 Pour les formes de d\u00e9coupe rotatives et plates\u2705 auto-adh\u00e9sives \u2705 Demande ici !\" \/>\n<meta property=\"og:url\" content=\"https:\/\/graef-gnu.com\/fr\/produkt\/type-perfa\/\" \/>\n<meta property=\"og:site_name\" content=\"August Graef GNU\" \/>\n<meta property=\"article:modified_time\" content=\"2021-10-05T09:02:42+00:00\" \/>\n<meta property=\"og:image\" content=\"https:\/\/graef-gnu.com\/wp-content\/uploads\/gnu_perfa_type.jpg\" \/>\n\t<meta property=\"og:image:width\" content=\"890\" \/>\n\t<meta property=\"og:image:height\" content=\"300\" \/>\n\t<meta property=\"og:image:type\" content=\"image\/jpeg\" \/>\n<meta name=\"twitter:card\" content=\"summary_large_image\" \/>\n<script type=\"application\/ld+json\" class=\"yoast-schema-graph\">{\"@context\":\"https:\/\/schema.org\",\"@graph\":[{\"@type\":\"WebPage\",\"@id\":\"https:\/\/graef-gnu.com\/fr\/produkt\/type-perfa\/\",\"url\":\"https:\/\/graef-gnu.com\/fr\/produkt\/type-perfa\/\",\"name\":\"Type de Perfa - August Graef GNU\",\"isPartOf\":{\"@id\":\"https:\/\/graef-gnu.com\/#website\"},\"primaryImageOfPage\":{\"@id\":\"https:\/\/graef-gnu.com\/fr\/produkt\/type-perfa\/#primaryimage\"},\"image\":{\"@id\":\"https:\/\/graef-gnu.com\/fr\/produkt\/type-perfa\/#primaryimage\"},\"thumbnailUrl\":\"https:\/\/graef-gnu.com\/wp-content\/uploads\/gnu_perfa_type.jpg\",\"datePublished\":\"2021-10-05T08:52:37+00:00\",\"dateModified\":\"2021-10-05T09:02:42+00:00\",\"description\":\"Type Perfa en \u00e9criture miroir pour une reconnaissance imm\u00e9diate des panneaux d\u00e9coup\u00e9s\u2705 Pour les formes de d\u00e9coupe rotatives et plates\u2705 auto-adh\u00e9sives \u2705 Demande ici !\",\"breadcrumb\":{\"@id\":\"https:\/\/graef-gnu.com\/fr\/produkt\/type-perfa\/#breadcrumb\"},\"inLanguage\":\"fr-FR\",\"potentialAction\":[{\"@type\":\"ReadAction\",\"target\":[\"https:\/\/graef-gnu.com\/fr\/produkt\/type-perfa\/\"]}]},{\"@type\":\"ImageObject\",\"inLanguage\":\"fr-FR\",\"@id\":\"https:\/\/graef-gnu.com\/fr\/produkt\/type-perfa\/#primaryimage\",\"url\":\"https:\/\/graef-gnu.com\/wp-content\/uploads\/gnu_perfa_type.jpg\",\"contentUrl\":\"https:\/\/graef-gnu.com\/wp-content\/uploads\/gnu_perfa_type.jpg\",\"width\":890,\"height\":300},{\"@type\":\"BreadcrumbList\",\"@id\":\"https:\/\/graef-gnu.com\/fr\/produkt\/type-perfa\/#breadcrumb\",\"itemListElement\":[{\"@type\":\"ListItem\",\"position\":1,\"name\":\"Startseite\",\"item\":\"https:\/\/graef-gnu.com\/fr\/\"},{\"@type\":\"ListItem\",\"position\":2,\"name\":\"Formes \u00e0 plat\",\"item\":\"https:\/\/graef-gnu.com\/fr\/formes-a-plat\/\"},{\"@type\":\"ListItem\",\"position\":3,\"name\":\"Type de Perfa\"}]},{\"@type\":\"WebSite\",\"@id\":\"https:\/\/graef-gnu.com\/#website\",\"url\":\"https:\/\/graef-gnu.com\/\",\"name\":\"August Graef GNU\",\"description\":\"\",\"potentialAction\":[{\"@type\":\"SearchAction\",\"target\":{\"@type\":\"EntryPoint\",\"urlTemplate\":\"https:\/\/graef-gnu.com\/?s={search_term_string}\"},\"query-input\":\"required name=search_term_string\"}],\"inLanguage\":\"fr-FR\"}]}<\/script>\n<!-- \/ Yoast SEO plugin. -->","yoast_head_json":{"title":"Type de Perfa - August Graef GNU","description":"Type Perfa en \u00e9criture miroir pour une reconnaissance imm\u00e9diate des panneaux d\u00e9coup\u00e9s\u2705 Pour les formes de d\u00e9coupe rotatives et plates\u2705 auto-adh\u00e9sives \u2705 Demande ici !","robots":{"index":"index","follow":"follow","max-snippet":"max-snippet:-1","max-image-preview":"max-image-preview:large","max-video-preview":"max-video-preview:-1"},"canonical":"https:\/\/graef-gnu.com\/fr\/produkt\/type-perfa\/","og_locale":"fr_FR","og_type":"article","og_title":"Type de Perfa - August Graef GNU","og_description":"Type Perfa en \u00e9criture miroir pour une reconnaissance imm\u00e9diate des panneaux d\u00e9coup\u00e9s\u2705 Pour les formes de d\u00e9coupe rotatives et plates\u2705 auto-adh\u00e9sives \u2705 Demande ici !","og_url":"https:\/\/graef-gnu.com\/fr\/produkt\/type-perfa\/","og_site_name":"August Graef GNU","article_modified_time":"2021-10-05T09:02:42+00:00","og_image":[{"width":890,"height":300,"url":"https:\/\/graef-gnu.com\/wp-content\/uploads\/gnu_perfa_type.jpg","type":"image\/jpeg"}],"twitter_card":"summary_large_image","schema":{"@context":"https:\/\/schema.org","@graph":[{"@type":"WebPage","@id":"https:\/\/graef-gnu.com\/fr\/produkt\/type-perfa\/","url":"https:\/\/graef-gnu.com\/fr\/produkt\/type-perfa\/","name":"Type de Perfa - August Graef GNU","isPartOf":{"@id":"https:\/\/graef-gnu.com\/#website"},"primaryImageOfPage":{"@id":"https:\/\/graef-gnu.com\/fr\/produkt\/type-perfa\/#primaryimage"},"image":{"@id":"https:\/\/graef-gnu.com\/fr\/produkt\/type-perfa\/#primaryimage"},"thumbnailUrl":"https:\/\/graef-gnu.com\/wp-content\/uploads\/gnu_perfa_type.jpg","datePublished":"2021-10-05T08:52:37+00:00","dateModified":"2021-10-05T09:02:42+00:00","description":"Type Perfa en \u00e9criture miroir pour une reconnaissance imm\u00e9diate des panneaux d\u00e9coup\u00e9s\u2705 Pour les formes de d\u00e9coupe rotatives et plates\u2705 auto-adh\u00e9sives \u2705 Demande ici !","breadcrumb":{"@id":"https:\/\/graef-gnu.com\/fr\/produkt\/type-perfa\/#breadcrumb"},"inLanguage":"fr-FR","potentialAction":[{"@type":"ReadAction","target":["https:\/\/graef-gnu.com\/fr\/produkt\/type-perfa\/"]}]},{"@type":"ImageObject","inLanguage":"fr-FR","@id":"https:\/\/graef-gnu.com\/fr\/produkt\/type-perfa\/#primaryimage","url":"https:\/\/graef-gnu.com\/wp-content\/uploads\/gnu_perfa_type.jpg","contentUrl":"https:\/\/graef-gnu.com\/wp-content\/uploads\/gnu_perfa_type.jpg","width":890,"height":300},{"@type":"BreadcrumbList","@id":"https:\/\/graef-gnu.com\/fr\/produkt\/type-perfa\/#breadcrumb","itemListElement":[{"@type":"ListItem","position":1,"name":"Startseite","item":"https:\/\/graef-gnu.com\/fr\/"},{"@type":"ListItem","position":2,"name":"Formes \u00e0 plat","item":"https:\/\/graef-gnu.com\/fr\/formes-a-plat\/"},{"@type":"ListItem","position":3,"name":"Type de Perfa"}]},{"@type":"WebSite","@id":"https:\/\/graef-gnu.com\/#website","url":"https:\/\/graef-gnu.com\/","name":"August Graef GNU","description":"","potentialAction":[{"@type":"SearchAction","target":{"@type":"EntryPoint","urlTemplate":"https:\/\/graef-gnu.com\/?s={search_term_string}"},"query-input":"required name=search_term_string"}],"inLanguage":"fr-FR"}]}},"_links":{"self":[{"href":"https:\/\/graef-gnu.com\/fr\/wp-json\/wp\/v2\/product\/139411","targetHints":{"allow":["GET"]}}],"collection":[{"href":"https:\/\/graef-gnu.com\/fr\/wp-json\/wp\/v2\/product"}],"about":[{"href":"https:\/\/graef-gnu.com\/fr\/wp-json\/wp\/v2\/types\/product"}],"wp:featuredmedia":[{"embeddable":true,"href":"https:\/\/graef-gnu.com\/fr\/wp-json\/wp\/v2\/media\/132791"}],"wp:attachment":[{"href":"https:\/\/graef-gnu.com\/fr\/wp-json\/wp\/v2\/media?parent=139411"}],"wp:term":[{"taxonomy":"product_cat","embeddable":true,"href":"https:\/\/graef-gnu.com\/fr\/wp-json\/wp\/v2\/product_cat?post=139411"},{"taxonomy":"product_tag","embeddable":true,"href":"https:\/\/graef-gnu.com\/fr\/wp-json\/wp\/v2\/product_tag?post=139411"}],"curies":[{"name":"wp","href":"https:\/\/api.w.org\/{rel}","templated":true}]}}