{"id":139501,"date":"2021-02-11T11:07:38","date_gmt":"2021-10-05T08:52:42","guid":{"rendered":"https:\/\/www.graef-gnu.com\/produkt\/dispositif-dencochage-a4-avec-le-couteau-de-votre-choix\/"},"modified":"2021-11-01T18:08:09","modified_gmt":"2021-11-01T17:08:09","slug":"encocheuse-a4-avec-couteau-au-choix","status":"publish","type":"product","link":"https:\/\/graef-gnu.com\/fr\/produkt\/encocheuse-a4-avec-couteau-au-choix\/","title":{"rendered":"Encocheuse A4 avec le couteau de votre choix"},"content":{"rendered":"<p>Le design de l&#8217;appareil correspond \u00e0 celui de l&#8217;appareil A3, mais gr\u00e2ce \u00e0 sa construction solide et \u00e0 une meilleure transmission de la force (levier \u00e0 genouill\u00e8re), l&#8217;appareil convient \u00e9galement pour gruger des filets particuli\u00e8rement \u00e9paisses jusqu&#8217;\u00e0 une \u00e9paisseur maximale de 6 points sans grand effort.<br \/>\nL&#8217;appareil est dot\u00e9 d&#8217;un dispositif de mesure de pr\u00e9cision en guise de but\u00e9e.<br \/>\nAvec 1 jeu de couteaux de 7 mm de large.<\/p>\n<p>Lames de remplacement disponibles dans toutes les largeurs (3 \u00e0 10 mm), rondes ou carr\u00e9es.<\/p>\n","protected":false},"excerpt":{"rendered":"<p>Lames de remplacement disponibles dans toutes les largeurs (3 \u00e0 10 mm), rondes ou carr\u00e9es.<\/p>\n","protected":false},"featured_media":133013,"template":"","meta":{"_acf_changed":false},"product_cat":[6690],"product_tag":[],"class_list":{"0":"post-139501","1":"product","2":"type-product","3":"status-publish","4":"has-post-thumbnail","6":"product_group-accessoires-de-formes-decoupe","7":"product_cat-accessoires","9":"first","10":"instock","11":"product-type-simple"},"acf":[],"yoast_head":"<!-- This site is optimized with the Yoast SEO plugin v22.6 - https:\/\/yoast.com\/wordpress\/plugins\/seo\/ -->\n<title>Encocheuse A4 avec le couteau de votre choix - August Graef GNU<\/title>\n<meta name=\"description\" content=\"Convient pour entailler des lignes particuli\u00e8rement \u00e9paisses jusqu&#039;\u00e0 un maximum de 6 points d&#039;\u00e9paisseur avec peu de force \u2705 Avec 1 jeu de lames de 7 mm de large\u2705 Demande ici !\" \/>\n<meta name=\"robots\" content=\"index, follow, max-snippet:-1, max-image-preview:large, max-video-preview:-1\" \/>\n<link rel=\"canonical\" href=\"https:\/\/graef-gnu.com\/produkt\/ausklinkgeraet-a4-mit-messer-nach-wahl\/\" \/>\n<meta property=\"og:locale\" content=\"fr_FR\" \/>\n<meta property=\"og:type\" content=\"article\" \/>\n<meta property=\"og:title\" content=\"Encocheuse A4 avec le couteau de votre choix - August Graef GNU\" \/>\n<meta property=\"og:description\" content=\"Convient pour entailler des lignes particuli\u00e8rement \u00e9paisses jusqu&#039;\u00e0 un maximum de 6 points d&#039;\u00e9paisseur avec peu de force \u2705 Avec 1 jeu de lames de 7 mm de large\u2705 Demande ici !\" \/>\n<meta property=\"og:url\" content=\"https:\/\/graef-gnu.com\/produkt\/ausklinkgeraet-a4-mit-messer-nach-wahl\/\" \/>\n<meta property=\"og:site_name\" content=\"August Graef GNU\" \/>\n<meta property=\"article:modified_time\" content=\"2021-11-01T17:08:09+00:00\" \/>\n<meta property=\"og:image\" content=\"https:\/\/graef-gnu.com\/wp-content\/uploads\/gnu_ausklinkgeraete_a4.jpg\" \/>\n\t<meta property=\"og:image:width\" content=\"890\" \/>\n\t<meta property=\"og:image:height\" content=\"300\" \/>\n\t<meta property=\"og:image:type\" content=\"image\/jpeg\" \/>\n<meta name=\"twitter:card\" content=\"summary_large_image\" \/>\n<meta name=\"twitter:label1\" content=\"Dur\u00e9e de lecture estim\u00e9e\" \/>\n\t<meta name=\"twitter:data1\" content=\"1 minute\" \/>\n<script type=\"application\/ld+json\" class=\"yoast-schema-graph\">{\"@context\":\"https:\/\/schema.org\",\"@graph\":[{\"@type\":\"WebPage\",\"@id\":\"https:\/\/graef-gnu.com\/produkt\/ausklinkgeraet-a4-mit-messer-nach-wahl\/\",\"url\":\"https:\/\/graef-gnu.com\/produkt\/ausklinkgeraet-a4-mit-messer-nach-wahl\/\",\"name\":\"Encocheuse A4 avec le couteau de votre choix - August Graef GNU\",\"isPartOf\":{\"@id\":\"https:\/\/graef-gnu.com\/#website\"},\"primaryImageOfPage\":{\"@id\":\"https:\/\/graef-gnu.com\/produkt\/ausklinkgeraet-a4-mit-messer-nach-wahl\/#primaryimage\"},\"image\":{\"@id\":\"https:\/\/graef-gnu.com\/produkt\/ausklinkgeraet-a4-mit-messer-nach-wahl\/#primaryimage\"},\"thumbnailUrl\":\"https:\/\/graef-gnu.com\/wp-content\/uploads\/gnu_ausklinkgeraete_a4.jpg\",\"datePublished\":\"2021-10-05T08:52:42+00:00\",\"dateModified\":\"2021-11-01T17:08:09+00:00\",\"description\":\"Convient pour entailler des lignes particuli\u00e8rement \u00e9paisses jusqu'\u00e0 un maximum de 6 points d'\u00e9paisseur avec peu de force \u2705 Avec 1 jeu de lames de 7 mm de large\u2705 Demande ici !\",\"breadcrumb\":{\"@id\":\"https:\/\/graef-gnu.com\/produkt\/ausklinkgeraet-a4-mit-messer-nach-wahl\/#breadcrumb\"},\"inLanguage\":\"fr-FR\",\"potentialAction\":[{\"@type\":\"ReadAction\",\"target\":[\"https:\/\/graef-gnu.com\/produkt\/ausklinkgeraet-a4-mit-messer-nach-wahl\/\"]}]},{\"@type\":\"ImageObject\",\"inLanguage\":\"fr-FR\",\"@id\":\"https:\/\/graef-gnu.com\/produkt\/ausklinkgeraet-a4-mit-messer-nach-wahl\/#primaryimage\",\"url\":\"https:\/\/graef-gnu.com\/wp-content\/uploads\/gnu_ausklinkgeraete_a4.jpg\",\"contentUrl\":\"https:\/\/graef-gnu.com\/wp-content\/uploads\/gnu_ausklinkgeraete_a4.jpg\",\"width\":890,\"height\":300},{\"@type\":\"BreadcrumbList\",\"@id\":\"https:\/\/graef-gnu.com\/produkt\/ausklinkgeraet-a4-mit-messer-nach-wahl\/#breadcrumb\",\"itemListElement\":[{\"@type\":\"ListItem\",\"position\":1,\"name\":\"Startseite\",\"item\":\"https:\/\/graef-gnu.com\/fr\/\"},{\"@type\":\"ListItem\",\"position\":2,\"name\":\"Formes \u00e0 plat\",\"item\":\"https:\/\/graef-gnu.com\/fr\/formes-a-plat\/\"},{\"@type\":\"ListItem\",\"position\":3,\"name\":\"Encocheuse A4 avec le couteau de votre choix\"}]},{\"@type\":\"WebSite\",\"@id\":\"https:\/\/graef-gnu.com\/#website\",\"url\":\"https:\/\/graef-gnu.com\/\",\"name\":\"August Graef GNU\",\"description\":\"\",\"potentialAction\":[{\"@type\":\"SearchAction\",\"target\":{\"@type\":\"EntryPoint\",\"urlTemplate\":\"https:\/\/graef-gnu.com\/?s={search_term_string}\"},\"query-input\":\"required name=search_term_string\"}],\"inLanguage\":\"fr-FR\"}]}<\/script>\n<!-- \/ Yoast SEO plugin. -->","yoast_head_json":{"title":"Encocheuse A4 avec le couteau de votre choix - August Graef GNU","description":"Convient pour entailler des lignes particuli\u00e8rement \u00e9paisses jusqu'\u00e0 un maximum de 6 points d'\u00e9paisseur avec peu de force \u2705 Avec 1 jeu de lames de 7 mm de large\u2705 Demande ici !","robots":{"index":"index","follow":"follow","max-snippet":"max-snippet:-1","max-image-preview":"max-image-preview:large","max-video-preview":"max-video-preview:-1"},"canonical":"https:\/\/graef-gnu.com\/produkt\/ausklinkgeraet-a4-mit-messer-nach-wahl\/","og_locale":"fr_FR","og_type":"article","og_title":"Encocheuse A4 avec le couteau de votre choix - August Graef GNU","og_description":"Convient pour entailler des lignes particuli\u00e8rement \u00e9paisses jusqu'\u00e0 un maximum de 6 points d'\u00e9paisseur avec peu de force \u2705 Avec 1 jeu de lames de 7 mm de large\u2705 Demande ici !","og_url":"https:\/\/graef-gnu.com\/produkt\/ausklinkgeraet-a4-mit-messer-nach-wahl\/","og_site_name":"August Graef GNU","article_modified_time":"2021-11-01T17:08:09+00:00","og_image":[{"width":890,"height":300,"url":"https:\/\/graef-gnu.com\/wp-content\/uploads\/gnu_ausklinkgeraete_a4.jpg","type":"image\/jpeg"}],"twitter_card":"summary_large_image","twitter_misc":{"Dur\u00e9e de lecture estim\u00e9e":"1 minute"},"schema":{"@context":"https:\/\/schema.org","@graph":[{"@type":"WebPage","@id":"https:\/\/graef-gnu.com\/produkt\/ausklinkgeraet-a4-mit-messer-nach-wahl\/","url":"https:\/\/graef-gnu.com\/produkt\/ausklinkgeraet-a4-mit-messer-nach-wahl\/","name":"Encocheuse A4 avec le couteau de votre choix - August Graef GNU","isPartOf":{"@id":"https:\/\/graef-gnu.com\/#website"},"primaryImageOfPage":{"@id":"https:\/\/graef-gnu.com\/produkt\/ausklinkgeraet-a4-mit-messer-nach-wahl\/#primaryimage"},"image":{"@id":"https:\/\/graef-gnu.com\/produkt\/ausklinkgeraet-a4-mit-messer-nach-wahl\/#primaryimage"},"thumbnailUrl":"https:\/\/graef-gnu.com\/wp-content\/uploads\/gnu_ausklinkgeraete_a4.jpg","datePublished":"2021-10-05T08:52:42+00:00","dateModified":"2021-11-01T17:08:09+00:00","description":"Convient pour entailler des lignes particuli\u00e8rement \u00e9paisses jusqu'\u00e0 un maximum de 6 points d'\u00e9paisseur avec peu de force \u2705 Avec 1 jeu de lames de 7 mm de large\u2705 Demande ici !","breadcrumb":{"@id":"https:\/\/graef-gnu.com\/produkt\/ausklinkgeraet-a4-mit-messer-nach-wahl\/#breadcrumb"},"inLanguage":"fr-FR","potentialAction":[{"@type":"ReadAction","target":["https:\/\/graef-gnu.com\/produkt\/ausklinkgeraet-a4-mit-messer-nach-wahl\/"]}]},{"@type":"ImageObject","inLanguage":"fr-FR","@id":"https:\/\/graef-gnu.com\/produkt\/ausklinkgeraet-a4-mit-messer-nach-wahl\/#primaryimage","url":"https:\/\/graef-gnu.com\/wp-content\/uploads\/gnu_ausklinkgeraete_a4.jpg","contentUrl":"https:\/\/graef-gnu.com\/wp-content\/uploads\/gnu_ausklinkgeraete_a4.jpg","width":890,"height":300},{"@type":"BreadcrumbList","@id":"https:\/\/graef-gnu.com\/produkt\/ausklinkgeraet-a4-mit-messer-nach-wahl\/#breadcrumb","itemListElement":[{"@type":"ListItem","position":1,"name":"Startseite","item":"https:\/\/graef-gnu.com\/fr\/"},{"@type":"ListItem","position":2,"name":"Formes \u00e0 plat","item":"https:\/\/graef-gnu.com\/fr\/formes-a-plat\/"},{"@type":"ListItem","position":3,"name":"Encocheuse A4 avec le couteau de votre choix"}]},{"@type":"WebSite","@id":"https:\/\/graef-gnu.com\/#website","url":"https:\/\/graef-gnu.com\/","name":"August Graef GNU","description":"","potentialAction":[{"@type":"SearchAction","target":{"@type":"EntryPoint","urlTemplate":"https:\/\/graef-gnu.com\/?s={search_term_string}"},"query-input":"required name=search_term_string"}],"inLanguage":"fr-FR"}]}},"_links":{"self":[{"href":"https:\/\/graef-gnu.com\/fr\/wp-json\/wp\/v2\/product\/139501","targetHints":{"allow":["GET"]}}],"collection":[{"href":"https:\/\/graef-gnu.com\/fr\/wp-json\/wp\/v2\/product"}],"about":[{"href":"https:\/\/graef-gnu.com\/fr\/wp-json\/wp\/v2\/types\/product"}],"wp:featuredmedia":[{"embeddable":true,"href":"https:\/\/graef-gnu.com\/fr\/wp-json\/wp\/v2\/media\/133013"}],"wp:attachment":[{"href":"https:\/\/graef-gnu.com\/fr\/wp-json\/wp\/v2\/media?parent=139501"}],"wp:term":[{"taxonomy":"product_cat","embeddable":true,"href":"https:\/\/graef-gnu.com\/fr\/wp-json\/wp\/v2\/product_cat?post=139501"},{"taxonomy":"product_tag","embeddable":true,"href":"https:\/\/graef-gnu.com\/fr\/wp-json\/wp\/v2\/product_tag?post=139501"}],"curies":[{"name":"wp","href":"https:\/\/api.w.org\/{rel}","templated":true}]}}