{"id":139823,"date":"2021-02-11T11:07:34","date_gmt":"2021-10-05T08:53:05","guid":{"rendered":"https:\/\/www.graef-gnu.com\/produkt\/ciseaux-a-levier-h77\/"},"modified":"2021-11-01T18:13:40","modified_gmt":"2021-11-01T17:13:40","slug":"coupoir-a-bec-h77","status":"publish","type":"product","link":"https:\/\/graef-gnu.com\/fr\/produkt\/coupoir-a-bec-h77\/","title":{"rendered":"Coupoir \u00e0 bec H77"},"content":{"rendered":"<p>Coupoir \u00e0 bec H77<\/p>\n<p>Sur des filets allant jusqu&#8217;\u00e0 100 x 1,42 mm, les porte-\u00e0-faux peuvent \u00eatre coup\u00e9s droit, proprement et sans distorsion.<br \/>\nDeux boutons molet\u00e9s rotatifs avec graduation grav\u00e9e permettent de r\u00e9gler en continu le surplomb des diff\u00e9rentes \u00e9paisseurs de trait. Les filets peuvent \u00e9galement \u00eatre coup\u00e9es droites.<\/p>\n<p>Avec un jeu de couteaux \u00e0 r\u00e9aff\u00fbter fr\u00e9quemment.<\/p>\n<p>Un dispositif de retenue rabattable emp\u00eache le mat\u00e9riel de glisser. Une bonne transmission de la puissance est obtenue gr\u00e2ce \u00e0 la genouill\u00e8re. La position du levier peut \u00eatre modifi\u00e9e pour une meilleure utilisation de la force. Gr\u00e2ce au r\u00e9glage fin, les filets peuvent \u00eatre coup\u00e9es avec une pr\u00e9cision dimensionnelle. La machine est constitu\u00e9e d&#8217;une construction robuste, enti\u00e8rement en acier chrom\u00e9.<\/p>\n","protected":false},"excerpt":{"rendered":"<p>Les lignes jusqu&#8217;\u00e0 100 x 1,42 mm peuvent \u00eatre coup\u00e9es droites, nettes et sans surplombs de distorsion.<\/p>\n","protected":false},"featured_media":133012,"template":"","meta":{"_acf_changed":false},"product_cat":[6690],"product_tag":[],"class_list":{"0":"post-139823","1":"product","2":"type-product","3":"status-publish","4":"has-post-thumbnail","6":"product_group-accessoires-de-formes-decoupe","7":"product_cat-accessoires","9":"first","10":"instock","11":"purchasable","12":"product-type-simple"},"acf":[],"yoast_head":"<!-- This site is optimized with the Yoast SEO plugin v22.6 - https:\/\/yoast.com\/wordpress\/plugins\/seo\/ -->\n<title>Coupoir \u00e0 bec H77 - August Graef GNU<\/title>\n<meta name=\"robots\" content=\"index, follow, max-snippet:-1, max-image-preview:large, max-video-preview:-1\" \/>\n<link rel=\"canonical\" href=\"https:\/\/graef-gnu.com\/produkt\/hebelschere-h77\/\" \/>\n<meta property=\"og:locale\" content=\"fr_FR\" \/>\n<meta property=\"og:type\" content=\"article\" \/>\n<meta property=\"og:title\" content=\"Coupoir \u00e0 bec H77 - August Graef GNU\" \/>\n<meta property=\"og:description\" content=\"Les lignes jusqu&#039;\u00e0 100 x 1,42 mm peuvent \u00eatre coup\u00e9es droites, nettes et sans surplombs de distorsion.\" \/>\n<meta property=\"og:url\" content=\"https:\/\/graef-gnu.com\/produkt\/hebelschere-h77\/\" \/>\n<meta property=\"og:site_name\" content=\"August Graef GNU\" \/>\n<meta property=\"article:modified_time\" content=\"2021-11-01T17:13:40+00:00\" \/>\n<meta property=\"og:image\" content=\"https:\/\/graef-gnu.com\/wp-content\/uploads\/gnu_hebelschere_h77.jpg\" \/>\n\t<meta property=\"og:image:width\" content=\"890\" \/>\n\t<meta property=\"og:image:height\" content=\"300\" \/>\n\t<meta property=\"og:image:type\" content=\"image\/jpeg\" \/>\n<meta name=\"twitter:card\" content=\"summary_large_image\" \/>\n<meta name=\"twitter:label1\" content=\"Dur\u00e9e de lecture estim\u00e9e\" \/>\n\t<meta name=\"twitter:data1\" content=\"1 minute\" \/>\n<script type=\"application\/ld+json\" class=\"yoast-schema-graph\">{\"@context\":\"https:\/\/schema.org\",\"@graph\":[{\"@type\":\"WebPage\",\"@id\":\"https:\/\/graef-gnu.com\/produkt\/hebelschere-h77\/\",\"url\":\"https:\/\/graef-gnu.com\/produkt\/hebelschere-h77\/\",\"name\":\"Coupoir \u00e0 bec H77 - August Graef GNU\",\"isPartOf\":{\"@id\":\"https:\/\/graef-gnu.com\/#website\"},\"primaryImageOfPage\":{\"@id\":\"https:\/\/graef-gnu.com\/produkt\/hebelschere-h77\/#primaryimage\"},\"image\":{\"@id\":\"https:\/\/graef-gnu.com\/produkt\/hebelschere-h77\/#primaryimage\"},\"thumbnailUrl\":\"https:\/\/graef-gnu.com\/wp-content\/uploads\/gnu_hebelschere_h77.jpg\",\"datePublished\":\"2021-10-05T08:53:05+00:00\",\"dateModified\":\"2021-11-01T17:13:40+00:00\",\"breadcrumb\":{\"@id\":\"https:\/\/graef-gnu.com\/produkt\/hebelschere-h77\/#breadcrumb\"},\"inLanguage\":\"fr-FR\",\"potentialAction\":[{\"@type\":\"ReadAction\",\"target\":[\"https:\/\/graef-gnu.com\/produkt\/hebelschere-h77\/\"]}]},{\"@type\":\"ImageObject\",\"inLanguage\":\"fr-FR\",\"@id\":\"https:\/\/graef-gnu.com\/produkt\/hebelschere-h77\/#primaryimage\",\"url\":\"https:\/\/graef-gnu.com\/wp-content\/uploads\/gnu_hebelschere_h77.jpg\",\"contentUrl\":\"https:\/\/graef-gnu.com\/wp-content\/uploads\/gnu_hebelschere_h77.jpg\",\"width\":890,\"height\":300},{\"@type\":\"BreadcrumbList\",\"@id\":\"https:\/\/graef-gnu.com\/produkt\/hebelschere-h77\/#breadcrumb\",\"itemListElement\":[{\"@type\":\"ListItem\",\"position\":1,\"name\":\"Startseite\",\"item\":\"https:\/\/graef-gnu.com\/fr\/\"},{\"@type\":\"ListItem\",\"position\":2,\"name\":\"Formes \u00e0 plat\",\"item\":\"https:\/\/graef-gnu.com\/fr\/formes-a-plat\/\"},{\"@type\":\"ListItem\",\"position\":3,\"name\":\"Coupoir \u00e0 bec H77\"}]},{\"@type\":\"WebSite\",\"@id\":\"https:\/\/graef-gnu.com\/#website\",\"url\":\"https:\/\/graef-gnu.com\/\",\"name\":\"August Graef GNU\",\"description\":\"\",\"potentialAction\":[{\"@type\":\"SearchAction\",\"target\":{\"@type\":\"EntryPoint\",\"urlTemplate\":\"https:\/\/graef-gnu.com\/?s={search_term_string}\"},\"query-input\":\"required name=search_term_string\"}],\"inLanguage\":\"fr-FR\"}]}<\/script>\n<!-- \/ Yoast SEO plugin. -->","yoast_head_json":{"title":"Coupoir \u00e0 bec H77 - August Graef GNU","robots":{"index":"index","follow":"follow","max-snippet":"max-snippet:-1","max-image-preview":"max-image-preview:large","max-video-preview":"max-video-preview:-1"},"canonical":"https:\/\/graef-gnu.com\/produkt\/hebelschere-h77\/","og_locale":"fr_FR","og_type":"article","og_title":"Coupoir \u00e0 bec H77 - August Graef GNU","og_description":"Les lignes jusqu'\u00e0 100 x 1,42 mm peuvent \u00eatre coup\u00e9es droites, nettes et sans surplombs de distorsion.","og_url":"https:\/\/graef-gnu.com\/produkt\/hebelschere-h77\/","og_site_name":"August Graef GNU","article_modified_time":"2021-11-01T17:13:40+00:00","og_image":[{"width":890,"height":300,"url":"https:\/\/graef-gnu.com\/wp-content\/uploads\/gnu_hebelschere_h77.jpg","type":"image\/jpeg"}],"twitter_card":"summary_large_image","twitter_misc":{"Dur\u00e9e de lecture estim\u00e9e":"1 minute"},"schema":{"@context":"https:\/\/schema.org","@graph":[{"@type":"WebPage","@id":"https:\/\/graef-gnu.com\/produkt\/hebelschere-h77\/","url":"https:\/\/graef-gnu.com\/produkt\/hebelschere-h77\/","name":"Coupoir \u00e0 bec H77 - August Graef GNU","isPartOf":{"@id":"https:\/\/graef-gnu.com\/#website"},"primaryImageOfPage":{"@id":"https:\/\/graef-gnu.com\/produkt\/hebelschere-h77\/#primaryimage"},"image":{"@id":"https:\/\/graef-gnu.com\/produkt\/hebelschere-h77\/#primaryimage"},"thumbnailUrl":"https:\/\/graef-gnu.com\/wp-content\/uploads\/gnu_hebelschere_h77.jpg","datePublished":"2021-10-05T08:53:05+00:00","dateModified":"2021-11-01T17:13:40+00:00","breadcrumb":{"@id":"https:\/\/graef-gnu.com\/produkt\/hebelschere-h77\/#breadcrumb"},"inLanguage":"fr-FR","potentialAction":[{"@type":"ReadAction","target":["https:\/\/graef-gnu.com\/produkt\/hebelschere-h77\/"]}]},{"@type":"ImageObject","inLanguage":"fr-FR","@id":"https:\/\/graef-gnu.com\/produkt\/hebelschere-h77\/#primaryimage","url":"https:\/\/graef-gnu.com\/wp-content\/uploads\/gnu_hebelschere_h77.jpg","contentUrl":"https:\/\/graef-gnu.com\/wp-content\/uploads\/gnu_hebelschere_h77.jpg","width":890,"height":300},{"@type":"BreadcrumbList","@id":"https:\/\/graef-gnu.com\/produkt\/hebelschere-h77\/#breadcrumb","itemListElement":[{"@type":"ListItem","position":1,"name":"Startseite","item":"https:\/\/graef-gnu.com\/fr\/"},{"@type":"ListItem","position":2,"name":"Formes \u00e0 plat","item":"https:\/\/graef-gnu.com\/fr\/formes-a-plat\/"},{"@type":"ListItem","position":3,"name":"Coupoir \u00e0 bec H77"}]},{"@type":"WebSite","@id":"https:\/\/graef-gnu.com\/#website","url":"https:\/\/graef-gnu.com\/","name":"August Graef GNU","description":"","potentialAction":[{"@type":"SearchAction","target":{"@type":"EntryPoint","urlTemplate":"https:\/\/graef-gnu.com\/?s={search_term_string}"},"query-input":"required name=search_term_string"}],"inLanguage":"fr-FR"}]}},"_links":{"self":[{"href":"https:\/\/graef-gnu.com\/fr\/wp-json\/wp\/v2\/product\/139823","targetHints":{"allow":["GET"]}}],"collection":[{"href":"https:\/\/graef-gnu.com\/fr\/wp-json\/wp\/v2\/product"}],"about":[{"href":"https:\/\/graef-gnu.com\/fr\/wp-json\/wp\/v2\/types\/product"}],"wp:featuredmedia":[{"embeddable":true,"href":"https:\/\/graef-gnu.com\/fr\/wp-json\/wp\/v2\/media\/133012"}],"wp:attachment":[{"href":"https:\/\/graef-gnu.com\/fr\/wp-json\/wp\/v2\/media?parent=139823"}],"wp:term":[{"taxonomy":"product_cat","embeddable":true,"href":"https:\/\/graef-gnu.com\/fr\/wp-json\/wp\/v2\/product_cat?post=139823"},{"taxonomy":"product_tag","embeddable":true,"href":"https:\/\/graef-gnu.com\/fr\/wp-json\/wp\/v2\/product_tag?post=139823"}],"curies":[{"name":"wp","href":"https:\/\/api.w.org\/{rel}","templated":true}]}}