{"id":139957,"date":"2021-02-11T11:00:56","date_gmt":"2021-10-05T08:53:14","guid":{"rendered":"https:\/\/www.graef-gnu.com\/produkt\/gnu-powercut\/"},"modified":"2021-10-05T11:01:07","modified_gmt":"2021-10-05T09:01:07","slug":"gnu-powercut","status":"publish","type":"product","link":"https:\/\/graef-gnu.com\/fr\/produkt\/gnu-powercut\/","title":{"rendered":"GNU PowerCut"},"content":{"rendered":"<p>Ligne de coupe tremp\u00e9e particuli\u00e8rement applicable aux mat\u00e9riaux lourds pour \u00e9viter la rupture du bord. Le couteau pr\u00e9sente une diff\u00e9rence significative entre la base de la dent et la pointe de la dent. La ligne est donc tr\u00e8s pointue et peut facilement perforer m\u00eame le carton ondul\u00e9 humide.<\/p>\n","protected":false},"excerpt":{"rendered":"<p>Ligne de coupe tremp\u00e9e particuli\u00e8rement applicable aux mat\u00e9riaux lourds pour \u00e9viter la rupture du bord. Le couteau pr\u00e9sente une diff\u00e9rence significative entre la base de la dent et la pointe de la dent.<\/p>\n","protected":false},"featured_media":132858,"template":"","meta":{"_acf_changed":false},"product_cat":[6717],"product_tag":[],"class_list":{"0":"post-139957","1":"product","2":"type-product","3":"status-publish","4":"has-post-thumbnail","6":"product_group-decouper","7":"product_cat-poinconnage-rotatif","8":"pa_ablaengung-sur-lanneau","9":"pa_hoehe-246-mm-fr","10":"pa_hoehe-254-mm-fr","11":"pa_hoehe-258-mm-fr","12":"pa_hoehe-2616-mm-fr","13":"pa_hoehe-264-mm-fr","14":"pa_nuten-avec-encoches","15":"pa_nuten-n-a-fr","16":"pa_staerke-breite-142-mm-fr","17":"pa_wicklung-durchmesser-366-mm-fr","18":"pa_wicklung-durchmesser-487-mm-fr","19":"pa_wicklung-durchmesser-cw-560-mm-fr","20":"pa_zaehne-8-tpi-fr","22":"first","23":"instock","24":"purchasable","25":"product-type-variable"},"acf":[],"yoast_head":"<!-- This site is optimized with the Yoast SEO plugin v22.6 - https:\/\/yoast.com\/wordpress\/plugins\/seo\/ -->\n<title>GNU PowerCut - August Graef GNU<\/title>\n<meta name=\"description\" content=\"Tr\u00e8s pointu &amp; peut facilement perforer m\u00eame le carton ondul\u00e9 humide \u2705 Peut \u00eatre utilis\u00e9 notamment pour les mat\u00e9riaux lourds afin d&#039;\u00e9viter la casse des bords\u2705 En savoir plus ici !\" \/>\n<meta name=\"robots\" content=\"index, follow, max-snippet:-1, max-image-preview:large, max-video-preview:-1\" \/>\n<link rel=\"canonical\" href=\"https:\/\/graef-gnu.com\/produkt\/gnu-powercut\/\" \/>\n<meta property=\"og:locale\" content=\"fr_FR\" \/>\n<meta property=\"og:type\" content=\"article\" \/>\n<meta property=\"og:title\" content=\"GNU PowerCut - August Graef GNU\" \/>\n<meta property=\"og:description\" content=\"Tr\u00e8s pointu &amp; peut facilement perforer m\u00eame le carton ondul\u00e9 humide \u2705 Peut \u00eatre utilis\u00e9 notamment pour les mat\u00e9riaux lourds afin d&#039;\u00e9viter la casse des bords\u2705 En savoir plus ici !\" \/>\n<meta property=\"og:url\" content=\"https:\/\/graef-gnu.com\/produkt\/gnu-powercut\/\" \/>\n<meta property=\"og:site_name\" content=\"August Graef GNU\" \/>\n<meta property=\"article:modified_time\" content=\"2021-10-05T09:01:07+00:00\" \/>\n<meta property=\"og:image\" content=\"https:\/\/graef-gnu.com\/wp-content\/uploads\/gnu-powercut_.jpg\" \/>\n\t<meta property=\"og:image:width\" content=\"890\" \/>\n\t<meta property=\"og:image:height\" content=\"300\" \/>\n\t<meta property=\"og:image:type\" content=\"image\/jpeg\" \/>\n<meta name=\"twitter:card\" content=\"summary_large_image\" \/>\n<script type=\"application\/ld+json\" class=\"yoast-schema-graph\">{\"@context\":\"https:\/\/schema.org\",\"@graph\":[{\"@type\":\"WebPage\",\"@id\":\"https:\/\/graef-gnu.com\/produkt\/gnu-powercut\/\",\"url\":\"https:\/\/graef-gnu.com\/produkt\/gnu-powercut\/\",\"name\":\"GNU PowerCut - August Graef GNU\",\"isPartOf\":{\"@id\":\"https:\/\/graef-gnu.com\/#website\"},\"primaryImageOfPage\":{\"@id\":\"https:\/\/graef-gnu.com\/produkt\/gnu-powercut\/#primaryimage\"},\"image\":{\"@id\":\"https:\/\/graef-gnu.com\/produkt\/gnu-powercut\/#primaryimage\"},\"thumbnailUrl\":\"https:\/\/graef-gnu.com\/wp-content\/uploads\/gnu-powercut_.jpg\",\"datePublished\":\"2021-10-05T08:53:14+00:00\",\"dateModified\":\"2021-10-05T09:01:07+00:00\",\"description\":\"Tr\u00e8s pointu & peut facilement perforer m\u00eame le carton ondul\u00e9 humide \u2705 Peut \u00eatre utilis\u00e9 notamment pour les mat\u00e9riaux lourds afin d'\u00e9viter la casse des bords\u2705 En savoir plus ici !\",\"breadcrumb\":{\"@id\":\"https:\/\/graef-gnu.com\/produkt\/gnu-powercut\/#breadcrumb\"},\"inLanguage\":\"fr-FR\",\"potentialAction\":[{\"@type\":\"ReadAction\",\"target\":[\"https:\/\/graef-gnu.com\/produkt\/gnu-powercut\/\"]}]},{\"@type\":\"ImageObject\",\"inLanguage\":\"fr-FR\",\"@id\":\"https:\/\/graef-gnu.com\/produkt\/gnu-powercut\/#primaryimage\",\"url\":\"https:\/\/graef-gnu.com\/wp-content\/uploads\/gnu-powercut_.jpg\",\"contentUrl\":\"https:\/\/graef-gnu.com\/wp-content\/uploads\/gnu-powercut_.jpg\",\"width\":890,\"height\":300},{\"@type\":\"BreadcrumbList\",\"@id\":\"https:\/\/graef-gnu.com\/produkt\/gnu-powercut\/#breadcrumb\",\"itemListElement\":[{\"@type\":\"ListItem\",\"position\":1,\"name\":\"Startseite\",\"item\":\"https:\/\/graef-gnu.com\/fr\/\"},{\"@type\":\"ListItem\",\"position\":2,\"name\":\"Formes \u00e0 plat\",\"item\":\"https:\/\/graef-gnu.com\/fr\/formes-a-plat\/\"},{\"@type\":\"ListItem\",\"position\":3,\"name\":\"GNU PowerCut\"}]},{\"@type\":\"WebSite\",\"@id\":\"https:\/\/graef-gnu.com\/#website\",\"url\":\"https:\/\/graef-gnu.com\/\",\"name\":\"August Graef GNU\",\"description\":\"\",\"potentialAction\":[{\"@type\":\"SearchAction\",\"target\":{\"@type\":\"EntryPoint\",\"urlTemplate\":\"https:\/\/graef-gnu.com\/?s={search_term_string}\"},\"query-input\":\"required name=search_term_string\"}],\"inLanguage\":\"fr-FR\"}]}<\/script>\n<!-- \/ Yoast SEO plugin. -->","yoast_head_json":{"title":"GNU PowerCut - August Graef GNU","description":"Tr\u00e8s pointu & peut facilement perforer m\u00eame le carton ondul\u00e9 humide \u2705 Peut \u00eatre utilis\u00e9 notamment pour les mat\u00e9riaux lourds afin d'\u00e9viter la casse des bords\u2705 En savoir plus ici !","robots":{"index":"index","follow":"follow","max-snippet":"max-snippet:-1","max-image-preview":"max-image-preview:large","max-video-preview":"max-video-preview:-1"},"canonical":"https:\/\/graef-gnu.com\/produkt\/gnu-powercut\/","og_locale":"fr_FR","og_type":"article","og_title":"GNU PowerCut - August Graef GNU","og_description":"Tr\u00e8s pointu & peut facilement perforer m\u00eame le carton ondul\u00e9 humide \u2705 Peut \u00eatre utilis\u00e9 notamment pour les mat\u00e9riaux lourds afin d'\u00e9viter la casse des bords\u2705 En savoir plus ici !","og_url":"https:\/\/graef-gnu.com\/produkt\/gnu-powercut\/","og_site_name":"August Graef GNU","article_modified_time":"2021-10-05T09:01:07+00:00","og_image":[{"width":890,"height":300,"url":"https:\/\/graef-gnu.com\/wp-content\/uploads\/gnu-powercut_.jpg","type":"image\/jpeg"}],"twitter_card":"summary_large_image","schema":{"@context":"https:\/\/schema.org","@graph":[{"@type":"WebPage","@id":"https:\/\/graef-gnu.com\/produkt\/gnu-powercut\/","url":"https:\/\/graef-gnu.com\/produkt\/gnu-powercut\/","name":"GNU PowerCut - August Graef GNU","isPartOf":{"@id":"https:\/\/graef-gnu.com\/#website"},"primaryImageOfPage":{"@id":"https:\/\/graef-gnu.com\/produkt\/gnu-powercut\/#primaryimage"},"image":{"@id":"https:\/\/graef-gnu.com\/produkt\/gnu-powercut\/#primaryimage"},"thumbnailUrl":"https:\/\/graef-gnu.com\/wp-content\/uploads\/gnu-powercut_.jpg","datePublished":"2021-10-05T08:53:14+00:00","dateModified":"2021-10-05T09:01:07+00:00","description":"Tr\u00e8s pointu & peut facilement perforer m\u00eame le carton ondul\u00e9 humide \u2705 Peut \u00eatre utilis\u00e9 notamment pour les mat\u00e9riaux lourds afin d'\u00e9viter la casse des bords\u2705 En savoir plus ici !","breadcrumb":{"@id":"https:\/\/graef-gnu.com\/produkt\/gnu-powercut\/#breadcrumb"},"inLanguage":"fr-FR","potentialAction":[{"@type":"ReadAction","target":["https:\/\/graef-gnu.com\/produkt\/gnu-powercut\/"]}]},{"@type":"ImageObject","inLanguage":"fr-FR","@id":"https:\/\/graef-gnu.com\/produkt\/gnu-powercut\/#primaryimage","url":"https:\/\/graef-gnu.com\/wp-content\/uploads\/gnu-powercut_.jpg","contentUrl":"https:\/\/graef-gnu.com\/wp-content\/uploads\/gnu-powercut_.jpg","width":890,"height":300},{"@type":"BreadcrumbList","@id":"https:\/\/graef-gnu.com\/produkt\/gnu-powercut\/#breadcrumb","itemListElement":[{"@type":"ListItem","position":1,"name":"Startseite","item":"https:\/\/graef-gnu.com\/fr\/"},{"@type":"ListItem","position":2,"name":"Formes \u00e0 plat","item":"https:\/\/graef-gnu.com\/fr\/formes-a-plat\/"},{"@type":"ListItem","position":3,"name":"GNU PowerCut"}]},{"@type":"WebSite","@id":"https:\/\/graef-gnu.com\/#website","url":"https:\/\/graef-gnu.com\/","name":"August Graef GNU","description":"","potentialAction":[{"@type":"SearchAction","target":{"@type":"EntryPoint","urlTemplate":"https:\/\/graef-gnu.com\/?s={search_term_string}"},"query-input":"required name=search_term_string"}],"inLanguage":"fr-FR"}]}},"_links":{"self":[{"href":"https:\/\/graef-gnu.com\/fr\/wp-json\/wp\/v2\/product\/139957","targetHints":{"allow":["GET"]}}],"collection":[{"href":"https:\/\/graef-gnu.com\/fr\/wp-json\/wp\/v2\/product"}],"about":[{"href":"https:\/\/graef-gnu.com\/fr\/wp-json\/wp\/v2\/types\/product"}],"wp:featuredmedia":[{"embeddable":true,"href":"https:\/\/graef-gnu.com\/fr\/wp-json\/wp\/v2\/media\/132858"}],"wp:attachment":[{"href":"https:\/\/graef-gnu.com\/fr\/wp-json\/wp\/v2\/media?parent=139957"}],"wp:term":[{"taxonomy":"product_cat","embeddable":true,"href":"https:\/\/graef-gnu.com\/fr\/wp-json\/wp\/v2\/product_cat?post=139957"},{"taxonomy":"product_tag","embeddable":true,"href":"https:\/\/graef-gnu.com\/fr\/wp-json\/wp\/v2\/product_tag?post=139957"}],"curies":[{"name":"wp","href":"https:\/\/api.w.org\/{rel}","templated":true}]}}