{"id":139992,"date":"2021-02-11T10:58:15","date_gmt":"2021-10-05T08:53:18","guid":{"rendered":"https:\/\/www.graef-gnu.com\/produkt\/creasetec-micro\/"},"modified":"2021-11-01T17:53:50","modified_gmt":"2021-11-01T16:53:50","slug":"creasetec-micro","status":"publish","type":"product","link":"https:\/\/graef-gnu.com\/fr\/produkt\/creasetec-micro\/","title":{"rendered":"Creasetec<sup>&reg;<\/sup>-Micro"},"content":{"rendered":"<p>Creasetec<sup>&reg;<\/sup>-Micro est un filet de rainurage perfor\u00e9e qui donne au mat\u00e9riau \u00e0 d\u00e9couper plus de place pour se d\u00e9ployer et emp\u00eache la couche sup\u00e9rieure de se fissurer. Id\u00e9al pour le traitement dans la machine \u00e0 coller les bo\u00eetes pliantes.<\/p>\n","protected":false},"excerpt":{"rendered":"<p>Creasetec<sup>&reg;<\/sup>-Micro est une r\u00e8gle de rainurage perfor\u00e9e qui donne au mat\u00e9riau \u00e0 d\u00e9couper plus de place pour se d\u00e9ployer et emp\u00eache la couche sup\u00e9rieure de se fissurer. Id\u00e9al pour le traitement dans la machine \u00e0 coller les bo\u00eetes pliantes.<\/p>\n","protected":false},"featured_media":132872,"template":"","meta":{"_acf_changed":false},"product_cat":[6776],"product_tag":[],"class_list":{"0":"post-139992","1":"product","2":"type-product","3":"status-publish","4":"has-post-thumbnail","6":"product_group-rainurer","7":"product_cat-decoupage-a-plat","8":"pa_ablaengung-a-1-m-fr","9":"pa_ablaengung-sur-lanneau","10":"pa_hoehe-210-mm-fr","11":"pa_hoehe-211-mm-fr","12":"pa_hoehe-212-mm-fr","13":"pa_hoehe-213-mm-fr","14":"pa_hoehe-214-mm-fr","15":"pa_hoehe-215-mm-fr","16":"pa_hoehe-216-mm-fr","17":"pa_hoehe-217-mm-fr","18":"pa_hoehe-218-mm-fr","19":"pa_hoehe-219-mm-fr","20":"pa_hoehe-220-mm-fr","21":"pa_hoehe-221-mm-fr","22":"pa_hoehe-222-mm-fr","23":"pa_hoehe-223-mm-fr","24":"pa_hoehe-224-mm-fr","25":"pa_hoehe-226-mm-fr","26":"pa_hoehe-227-mm-fr","27":"pa_hoehe-228-mm-fr","28":"pa_hoehe-229-mm-fr","29":"pa_hoehe-230-mm-fr","30":"pa_hoehe-231-mm-fr","31":"pa_hoehe-232-mm-fr","32":"pa_hoehe-233-mm-fr","33":"pa_hoehe-234-mm-fr","34":"pa_hoehe-235-mm-fr","35":"pa_hoehe-236-mm-fr","36":"pa_hoehe-237-mm-fr","37":"pa_hoehe-238-mm-fr","38":"pa_hoehe-239-mm-fr","39":"pa_hoehe-240-mm-fr","40":"pa_hoehe-254-mm-fr","41":"pa_staerke-breite-105-mm-fr","42":"pa_staerke-breite-142-mm-fr","43":"pa_wicklung-durchmesser-acw-560-mm-fr","44":"pa_wicklung-durchmesser-cw-560-mm-fr","45":"pa_wicklung-durchmesser-n-a-fr","47":"first","48":"instock","49":"purchasable","50":"product-type-variable"},"acf":[],"yoast_head":"<!-- This site is optimized with the Yoast SEO plugin v22.6 - https:\/\/yoast.com\/wordpress\/plugins\/seo\/ -->\n<title>Creasetec&reg;-Micro - August Graef GNU<\/title>\n<meta name=\"description\" content=\"Creasetec&reg;-Micro : ligne de pliage perfor\u00e9e qui donne au mat\u00e9riau \u00e0 perforer plus d&#039;espace pour se d\u00e9ployer et emp\u00eache la couche sup\u00e9rieure de se briser - Demandez ici !\" \/>\n<meta name=\"robots\" content=\"index, follow, max-snippet:-1, max-image-preview:large, max-video-preview:-1\" \/>\n<link rel=\"canonical\" href=\"https:\/\/graef-gnu.com\/produkt\/creasetec-micro\/\" \/>\n<meta property=\"og:locale\" content=\"fr_FR\" \/>\n<meta property=\"og:type\" content=\"article\" \/>\n<meta property=\"og:title\" content=\"Creasetec&reg;-Micro - August Graef GNU\" \/>\n<meta property=\"og:description\" content=\"Creasetec&reg;-Micro : ligne de pliage perfor\u00e9e qui donne au mat\u00e9riau \u00e0 perforer plus d&#039;espace pour se d\u00e9ployer et emp\u00eache la couche sup\u00e9rieure de se briser - Demandez ici !\" \/>\n<meta property=\"og:url\" content=\"https:\/\/graef-gnu.com\/produkt\/creasetec-micro\/\" \/>\n<meta property=\"og:site_name\" content=\"August Graef GNU\" \/>\n<meta property=\"article:modified_time\" content=\"2021-11-01T16:53:50+00:00\" \/>\n<meta property=\"og:image\" content=\"https:\/\/graef-gnu.com\/wp-content\/uploads\/gnu-creastec-micro.png\" \/>\n\t<meta property=\"og:image:width\" content=\"890\" \/>\n\t<meta property=\"og:image:height\" content=\"300\" \/>\n\t<meta property=\"og:image:type\" content=\"image\/png\" \/>\n<meta name=\"twitter:card\" content=\"summary_large_image\" \/>\n<meta name=\"twitter:label1\" content=\"Dur\u00e9e de lecture estim\u00e9e\" \/>\n\t<meta name=\"twitter:data1\" content=\"1 minute\" \/>\n<script type=\"application\/ld+json\" class=\"yoast-schema-graph\">{\"@context\":\"https:\/\/schema.org\",\"@graph\":[{\"@type\":\"WebPage\",\"@id\":\"https:\/\/graef-gnu.com\/produkt\/creasetec-micro\/\",\"url\":\"https:\/\/graef-gnu.com\/produkt\/creasetec-micro\/\",\"name\":\"Creasetec&reg;-Micro - August Graef GNU\",\"isPartOf\":{\"@id\":\"https:\/\/graef-gnu.com\/#website\"},\"primaryImageOfPage\":{\"@id\":\"https:\/\/graef-gnu.com\/produkt\/creasetec-micro\/#primaryimage\"},\"image\":{\"@id\":\"https:\/\/graef-gnu.com\/produkt\/creasetec-micro\/#primaryimage\"},\"thumbnailUrl\":\"https:\/\/graef-gnu.com\/wp-content\/uploads\/gnu-creastec-micro.png\",\"datePublished\":\"2021-10-05T08:53:18+00:00\",\"dateModified\":\"2021-11-01T16:53:50+00:00\",\"description\":\"Creasetec&reg;-Micro : ligne de pliage perfor\u00e9e qui donne au mat\u00e9riau \u00e0 perforer plus d'espace pour se d\u00e9ployer et emp\u00eache la couche sup\u00e9rieure de se briser - Demandez ici !\",\"breadcrumb\":{\"@id\":\"https:\/\/graef-gnu.com\/produkt\/creasetec-micro\/#breadcrumb\"},\"inLanguage\":\"fr-FR\",\"potentialAction\":[{\"@type\":\"ReadAction\",\"target\":[\"https:\/\/graef-gnu.com\/produkt\/creasetec-micro\/\"]}]},{\"@type\":\"ImageObject\",\"inLanguage\":\"fr-FR\",\"@id\":\"https:\/\/graef-gnu.com\/produkt\/creasetec-micro\/#primaryimage\",\"url\":\"https:\/\/graef-gnu.com\/wp-content\/uploads\/gnu-creastec-micro.png\",\"contentUrl\":\"https:\/\/graef-gnu.com\/wp-content\/uploads\/gnu-creastec-micro.png\",\"width\":890,\"height\":300},{\"@type\":\"BreadcrumbList\",\"@id\":\"https:\/\/graef-gnu.com\/produkt\/creasetec-micro\/#breadcrumb\",\"itemListElement\":[{\"@type\":\"ListItem\",\"position\":1,\"name\":\"Startseite\",\"item\":\"https:\/\/graef-gnu.com\/fr\/\"},{\"@type\":\"ListItem\",\"position\":2,\"name\":\"Formes \u00e0 plat\",\"item\":\"https:\/\/graef-gnu.com\/fr\/formes-a-plat\/\"},{\"@type\":\"ListItem\",\"position\":3,\"name\":\"Creasetec&reg;-Micro\"}]},{\"@type\":\"WebSite\",\"@id\":\"https:\/\/graef-gnu.com\/#website\",\"url\":\"https:\/\/graef-gnu.com\/\",\"name\":\"August Graef GNU\",\"description\":\"\",\"potentialAction\":[{\"@type\":\"SearchAction\",\"target\":{\"@type\":\"EntryPoint\",\"urlTemplate\":\"https:\/\/graef-gnu.com\/?s={search_term_string}\"},\"query-input\":\"required name=search_term_string\"}],\"inLanguage\":\"fr-FR\"}]}<\/script>\n<!-- \/ Yoast SEO plugin. -->","yoast_head_json":{"title":"Creasetec&reg;-Micro - August Graef GNU","description":"Creasetec&reg;-Micro : ligne de pliage perfor\u00e9e qui donne au mat\u00e9riau \u00e0 perforer plus d'espace pour se d\u00e9ployer et emp\u00eache la couche sup\u00e9rieure de se briser - Demandez ici !","robots":{"index":"index","follow":"follow","max-snippet":"max-snippet:-1","max-image-preview":"max-image-preview:large","max-video-preview":"max-video-preview:-1"},"canonical":"https:\/\/graef-gnu.com\/produkt\/creasetec-micro\/","og_locale":"fr_FR","og_type":"article","og_title":"Creasetec&reg;-Micro - August Graef GNU","og_description":"Creasetec&reg;-Micro : ligne de pliage perfor\u00e9e qui donne au mat\u00e9riau \u00e0 perforer plus d'espace pour se d\u00e9ployer et emp\u00eache la couche sup\u00e9rieure de se briser - Demandez ici !","og_url":"https:\/\/graef-gnu.com\/produkt\/creasetec-micro\/","og_site_name":"August Graef GNU","article_modified_time":"2021-11-01T16:53:50+00:00","og_image":[{"width":890,"height":300,"url":"https:\/\/graef-gnu.com\/wp-content\/uploads\/gnu-creastec-micro.png","type":"image\/png"}],"twitter_card":"summary_large_image","twitter_misc":{"Dur\u00e9e de lecture estim\u00e9e":"1 minute"},"schema":{"@context":"https:\/\/schema.org","@graph":[{"@type":"WebPage","@id":"https:\/\/graef-gnu.com\/produkt\/creasetec-micro\/","url":"https:\/\/graef-gnu.com\/produkt\/creasetec-micro\/","name":"Creasetec&reg;-Micro - August Graef GNU","isPartOf":{"@id":"https:\/\/graef-gnu.com\/#website"},"primaryImageOfPage":{"@id":"https:\/\/graef-gnu.com\/produkt\/creasetec-micro\/#primaryimage"},"image":{"@id":"https:\/\/graef-gnu.com\/produkt\/creasetec-micro\/#primaryimage"},"thumbnailUrl":"https:\/\/graef-gnu.com\/wp-content\/uploads\/gnu-creastec-micro.png","datePublished":"2021-10-05T08:53:18+00:00","dateModified":"2021-11-01T16:53:50+00:00","description":"Creasetec&reg;-Micro : ligne de pliage perfor\u00e9e qui donne au mat\u00e9riau \u00e0 perforer plus d'espace pour se d\u00e9ployer et emp\u00eache la couche sup\u00e9rieure de se briser - Demandez ici !","breadcrumb":{"@id":"https:\/\/graef-gnu.com\/produkt\/creasetec-micro\/#breadcrumb"},"inLanguage":"fr-FR","potentialAction":[{"@type":"ReadAction","target":["https:\/\/graef-gnu.com\/produkt\/creasetec-micro\/"]}]},{"@type":"ImageObject","inLanguage":"fr-FR","@id":"https:\/\/graef-gnu.com\/produkt\/creasetec-micro\/#primaryimage","url":"https:\/\/graef-gnu.com\/wp-content\/uploads\/gnu-creastec-micro.png","contentUrl":"https:\/\/graef-gnu.com\/wp-content\/uploads\/gnu-creastec-micro.png","width":890,"height":300},{"@type":"BreadcrumbList","@id":"https:\/\/graef-gnu.com\/produkt\/creasetec-micro\/#breadcrumb","itemListElement":[{"@type":"ListItem","position":1,"name":"Startseite","item":"https:\/\/graef-gnu.com\/fr\/"},{"@type":"ListItem","position":2,"name":"Formes \u00e0 plat","item":"https:\/\/graef-gnu.com\/fr\/formes-a-plat\/"},{"@type":"ListItem","position":3,"name":"Creasetec&reg;-Micro"}]},{"@type":"WebSite","@id":"https:\/\/graef-gnu.com\/#website","url":"https:\/\/graef-gnu.com\/","name":"August Graef GNU","description":"","potentialAction":[{"@type":"SearchAction","target":{"@type":"EntryPoint","urlTemplate":"https:\/\/graef-gnu.com\/?s={search_term_string}"},"query-input":"required name=search_term_string"}],"inLanguage":"fr-FR"}]}},"_links":{"self":[{"href":"https:\/\/graef-gnu.com\/fr\/wp-json\/wp\/v2\/product\/139992","targetHints":{"allow":["GET"]}}],"collection":[{"href":"https:\/\/graef-gnu.com\/fr\/wp-json\/wp\/v2\/product"}],"about":[{"href":"https:\/\/graef-gnu.com\/fr\/wp-json\/wp\/v2\/types\/product"}],"wp:featuredmedia":[{"embeddable":true,"href":"https:\/\/graef-gnu.com\/fr\/wp-json\/wp\/v2\/media\/132872"}],"wp:attachment":[{"href":"https:\/\/graef-gnu.com\/fr\/wp-json\/wp\/v2\/media?parent=139992"}],"wp:term":[{"taxonomy":"product_cat","embeddable":true,"href":"https:\/\/graef-gnu.com\/fr\/wp-json\/wp\/v2\/product_cat?post=139992"},{"taxonomy":"product_tag","embeddable":true,"href":"https:\/\/graef-gnu.com\/fr\/wp-json\/wp\/v2\/product_tag?post=139992"}],"curies":[{"name":"wp","href":"https:\/\/api.w.org\/{rel}","templated":true}]}}