{"id":140194,"date":"2021-02-11T10:59:26","date_gmt":"2021-10-05T08:53:42","guid":{"rendered":"https:\/\/www.graef-gnu.com\/produkt\/perftec-shark\/"},"modified":"2021-10-05T11:00:41","modified_gmt":"2021-10-05T09:00:41","slug":"perftec-shark","status":"publish","type":"product","link":"https:\/\/graef-gnu.com\/fr\/produkt\/perftec-shark\/","title":{"rendered":"Perftec<sup>&reg;<\/sup>-Shark"},"content":{"rendered":"<p>Perftec<sup>&reg;<\/sup>-Shark, \u00e9galement appel\u00e9 Handhole ou Tissue line. Perforation en forme de dent de requin pour l&#8217;emballage. Disponible en diff\u00e9rents pas et angles.<\/p>\n","protected":false},"excerpt":{"rendered":"<p>Perftec<sup>&reg;<\/sup>-Shark, \u00e9galement appel\u00e9 Handhole ou Tissue line. Perforation en forme de dent de requin pour l&#8217;emballage. Disponible en diff\u00e9rents pas et angles.<\/p>\n","protected":false},"featured_media":132855,"template":"","meta":{"_acf_changed":false},"product_cat":[6776],"product_tag":[],"class_list":{"0":"post-140194","1":"product","2":"type-product","3":"status-publish","4":"has-post-thumbnail","6":"product_group-perforer-fr","7":"product_cat-decoupage-a-plat","8":"pa_ablaengung-a-1-m-fr","9":"pa_abwinkelung-2-mm-a-droite","10":"pa_abwinkelung-2-mm-a-gauche","11":"pa_abwinkelung-3-mm-a-droite","12":"pa_abwinkelung-3-mm-a-gauche","13":"pa_abwinkelung-3-mm-droite-20-22","14":"pa_abwinkelung-3-mm-gauche-20-22","15":"pa_abwinkelung-4-mm-a-gauche-30","16":"pa_abwinkelung-4-mm-droit-30","17":"pa_hoehe-238-mm-fr","18":"pa_staerke-breite-07-mm-fr","20":"first","21":"instock","22":"purchasable","23":"product-type-variable"},"acf":[],"yoast_head":"<!-- This site is optimized with the Yoast SEO plugin v22.6 - https:\/\/yoast.com\/wordpress\/plugins\/seo\/ -->\n<title>Perftec&reg;-Shark - August Graef GNU<\/title>\n<meta name=\"description\" content=\"Perforation de d\u00e9chirure arrang\u00e9e pour l&#039;emballage - Disponible en diff\u00e9rents pas et angles\u2705 Informez-vous et renseignez-vous ici !\" \/>\n<meta name=\"robots\" content=\"index, follow, max-snippet:-1, max-image-preview:large, max-video-preview:-1\" \/>\n<link rel=\"canonical\" href=\"https:\/\/graef-gnu.com\/fr\/produkt\/perftec-shark\/\" \/>\n<meta property=\"og:locale\" content=\"fr_FR\" \/>\n<meta property=\"og:type\" content=\"article\" \/>\n<meta property=\"og:title\" content=\"Perftec&reg;-Shark - August Graef GNU\" \/>\n<meta property=\"og:description\" content=\"Perforation de d\u00e9chirure arrang\u00e9e pour l&#039;emballage - Disponible en diff\u00e9rents pas et angles\u2705 Informez-vous et renseignez-vous ici !\" \/>\n<meta property=\"og:url\" content=\"https:\/\/graef-gnu.com\/fr\/produkt\/perftec-shark\/\" \/>\n<meta property=\"og:site_name\" content=\"August Graef GNU\" \/>\n<meta property=\"article:modified_time\" content=\"2021-10-05T09:00:41+00:00\" \/>\n<meta property=\"og:image\" content=\"https:\/\/graef-gnu.com\/wp-content\/uploads\/gnu-perftec-shark.jpg\" \/>\n\t<meta property=\"og:image:width\" content=\"890\" \/>\n\t<meta property=\"og:image:height\" content=\"300\" \/>\n\t<meta property=\"og:image:type\" content=\"image\/jpeg\" \/>\n<meta name=\"twitter:card\" content=\"summary_large_image\" \/>\n<script type=\"application\/ld+json\" class=\"yoast-schema-graph\">{\"@context\":\"https:\/\/schema.org\",\"@graph\":[{\"@type\":\"WebPage\",\"@id\":\"https:\/\/graef-gnu.com\/fr\/produkt\/perftec-shark\/\",\"url\":\"https:\/\/graef-gnu.com\/fr\/produkt\/perftec-shark\/\",\"name\":\"Perftec&reg;-Shark - August Graef GNU\",\"isPartOf\":{\"@id\":\"https:\/\/graef-gnu.com\/#website\"},\"primaryImageOfPage\":{\"@id\":\"https:\/\/graef-gnu.com\/fr\/produkt\/perftec-shark\/#primaryimage\"},\"image\":{\"@id\":\"https:\/\/graef-gnu.com\/fr\/produkt\/perftec-shark\/#primaryimage\"},\"thumbnailUrl\":\"https:\/\/graef-gnu.com\/wp-content\/uploads\/gnu-perftec-shark.jpg\",\"datePublished\":\"2021-10-05T08:53:42+00:00\",\"dateModified\":\"2021-10-05T09:00:41+00:00\",\"description\":\"Perforation de d\u00e9chirure arrang\u00e9e pour l'emballage - Disponible en diff\u00e9rents pas et angles\u2705 Informez-vous et renseignez-vous ici !\",\"breadcrumb\":{\"@id\":\"https:\/\/graef-gnu.com\/fr\/produkt\/perftec-shark\/#breadcrumb\"},\"inLanguage\":\"fr-FR\",\"potentialAction\":[{\"@type\":\"ReadAction\",\"target\":[\"https:\/\/graef-gnu.com\/fr\/produkt\/perftec-shark\/\"]}]},{\"@type\":\"ImageObject\",\"inLanguage\":\"fr-FR\",\"@id\":\"https:\/\/graef-gnu.com\/fr\/produkt\/perftec-shark\/#primaryimage\",\"url\":\"https:\/\/graef-gnu.com\/wp-content\/uploads\/gnu-perftec-shark.jpg\",\"contentUrl\":\"https:\/\/graef-gnu.com\/wp-content\/uploads\/gnu-perftec-shark.jpg\",\"width\":890,\"height\":300},{\"@type\":\"BreadcrumbList\",\"@id\":\"https:\/\/graef-gnu.com\/fr\/produkt\/perftec-shark\/#breadcrumb\",\"itemListElement\":[{\"@type\":\"ListItem\",\"position\":1,\"name\":\"Startseite\",\"item\":\"https:\/\/graef-gnu.com\/fr\/\"},{\"@type\":\"ListItem\",\"position\":2,\"name\":\"Formes \u00e0 plat\",\"item\":\"https:\/\/graef-gnu.com\/fr\/formes-a-plat\/\"},{\"@type\":\"ListItem\",\"position\":3,\"name\":\"Perftec&reg;-Shark\"}]},{\"@type\":\"WebSite\",\"@id\":\"https:\/\/graef-gnu.com\/#website\",\"url\":\"https:\/\/graef-gnu.com\/\",\"name\":\"August Graef GNU\",\"description\":\"\",\"potentialAction\":[{\"@type\":\"SearchAction\",\"target\":{\"@type\":\"EntryPoint\",\"urlTemplate\":\"https:\/\/graef-gnu.com\/?s={search_term_string}\"},\"query-input\":\"required name=search_term_string\"}],\"inLanguage\":\"fr-FR\"}]}<\/script>\n<!-- \/ Yoast SEO plugin. -->","yoast_head_json":{"title":"Perftec&reg;-Shark - August Graef GNU","description":"Perforation de d\u00e9chirure arrang\u00e9e pour l'emballage - Disponible en diff\u00e9rents pas et angles\u2705 Informez-vous et renseignez-vous ici !","robots":{"index":"index","follow":"follow","max-snippet":"max-snippet:-1","max-image-preview":"max-image-preview:large","max-video-preview":"max-video-preview:-1"},"canonical":"https:\/\/graef-gnu.com\/fr\/produkt\/perftec-shark\/","og_locale":"fr_FR","og_type":"article","og_title":"Perftec&reg;-Shark - August Graef GNU","og_description":"Perforation de d\u00e9chirure arrang\u00e9e pour l'emballage - Disponible en diff\u00e9rents pas et angles\u2705 Informez-vous et renseignez-vous ici !","og_url":"https:\/\/graef-gnu.com\/fr\/produkt\/perftec-shark\/","og_site_name":"August Graef GNU","article_modified_time":"2021-10-05T09:00:41+00:00","og_image":[{"width":890,"height":300,"url":"https:\/\/graef-gnu.com\/wp-content\/uploads\/gnu-perftec-shark.jpg","type":"image\/jpeg"}],"twitter_card":"summary_large_image","schema":{"@context":"https:\/\/schema.org","@graph":[{"@type":"WebPage","@id":"https:\/\/graef-gnu.com\/fr\/produkt\/perftec-shark\/","url":"https:\/\/graef-gnu.com\/fr\/produkt\/perftec-shark\/","name":"Perftec&reg;-Shark - August Graef GNU","isPartOf":{"@id":"https:\/\/graef-gnu.com\/#website"},"primaryImageOfPage":{"@id":"https:\/\/graef-gnu.com\/fr\/produkt\/perftec-shark\/#primaryimage"},"image":{"@id":"https:\/\/graef-gnu.com\/fr\/produkt\/perftec-shark\/#primaryimage"},"thumbnailUrl":"https:\/\/graef-gnu.com\/wp-content\/uploads\/gnu-perftec-shark.jpg","datePublished":"2021-10-05T08:53:42+00:00","dateModified":"2021-10-05T09:00:41+00:00","description":"Perforation de d\u00e9chirure arrang\u00e9e pour l'emballage - Disponible en diff\u00e9rents pas et angles\u2705 Informez-vous et renseignez-vous ici !","breadcrumb":{"@id":"https:\/\/graef-gnu.com\/fr\/produkt\/perftec-shark\/#breadcrumb"},"inLanguage":"fr-FR","potentialAction":[{"@type":"ReadAction","target":["https:\/\/graef-gnu.com\/fr\/produkt\/perftec-shark\/"]}]},{"@type":"ImageObject","inLanguage":"fr-FR","@id":"https:\/\/graef-gnu.com\/fr\/produkt\/perftec-shark\/#primaryimage","url":"https:\/\/graef-gnu.com\/wp-content\/uploads\/gnu-perftec-shark.jpg","contentUrl":"https:\/\/graef-gnu.com\/wp-content\/uploads\/gnu-perftec-shark.jpg","width":890,"height":300},{"@type":"BreadcrumbList","@id":"https:\/\/graef-gnu.com\/fr\/produkt\/perftec-shark\/#breadcrumb","itemListElement":[{"@type":"ListItem","position":1,"name":"Startseite","item":"https:\/\/graef-gnu.com\/fr\/"},{"@type":"ListItem","position":2,"name":"Formes \u00e0 plat","item":"https:\/\/graef-gnu.com\/fr\/formes-a-plat\/"},{"@type":"ListItem","position":3,"name":"Perftec&reg;-Shark"}]},{"@type":"WebSite","@id":"https:\/\/graef-gnu.com\/#website","url":"https:\/\/graef-gnu.com\/","name":"August Graef GNU","description":"","potentialAction":[{"@type":"SearchAction","target":{"@type":"EntryPoint","urlTemplate":"https:\/\/graef-gnu.com\/?s={search_term_string}"},"query-input":"required name=search_term_string"}],"inLanguage":"fr-FR"}]}},"_links":{"self":[{"href":"https:\/\/graef-gnu.com\/fr\/wp-json\/wp\/v2\/product\/140194","targetHints":{"allow":["GET"]}}],"collection":[{"href":"https:\/\/graef-gnu.com\/fr\/wp-json\/wp\/v2\/product"}],"about":[{"href":"https:\/\/graef-gnu.com\/fr\/wp-json\/wp\/v2\/types\/product"}],"wp:featuredmedia":[{"embeddable":true,"href":"https:\/\/graef-gnu.com\/fr\/wp-json\/wp\/v2\/media\/132855"}],"wp:attachment":[{"href":"https:\/\/graef-gnu.com\/fr\/wp-json\/wp\/v2\/media?parent=140194"}],"wp:term":[{"taxonomy":"product_cat","embeddable":true,"href":"https:\/\/graef-gnu.com\/fr\/wp-json\/wp\/v2\/product_cat?post=140194"},{"taxonomy":"product_tag","embeddable":true,"href":"https:\/\/graef-gnu.com\/fr\/wp-json\/wp\/v2\/product_tag?post=140194"}],"curies":[{"name":"wp","href":"https:\/\/api.w.org\/{rel}","templated":true}]}}