{"id":140212,"date":"2021-02-11T11:00:50","date_gmt":"2021-10-05T08:53:55","guid":{"rendered":"https:\/\/www.graef-gnu.com\/produkt\/gnu-cleancut\/"},"modified":"2021-10-05T11:01:01","modified_gmt":"2021-10-05T09:01:01","slug":"gnu-cleancut","status":"publish","type":"product","link":"https:\/\/graef-gnu.com\/fr\/produkt\/gnu-cleancut\/","title":{"rendered":"GNU-CleanCut"},"content":{"rendered":"<p>En tant que ligne principalement dent\u00e9e d&#8217;un seul c\u00f4t\u00e9, la coupe durcie s&#8217;applique particuli\u00e8rement aux types de carton ondul\u00e9 lourd pour \u00e9viter la rupture des bords. Le c\u00f4t\u00e9 lisse est utilis\u00e9 pour le produit int\u00e9rieur et le c\u00f4t\u00e9 dent\u00e9 pour le produit ext\u00e9rieur (d\u00e9chets de poin\u00e7onnage).<\/p>\n","protected":false},"excerpt":{"rendered":"<p>En tant que ligne principalement dent\u00e9e d&#8217;un seul c\u00f4t\u00e9, la coupe durcie s&#8217;applique particuli\u00e8rement aux types de carton ondul\u00e9 lourd pour \u00e9viter la rupture des bords.<\/p>\n","protected":false},"featured_media":132867,"template":"","meta":{"_acf_changed":false},"product_cat":[6717],"product_tag":[],"class_list":{"0":"post-140212","1":"product","2":"type-product","3":"status-publish","4":"has-post-thumbnail","6":"product_group-decouper","7":"product_cat-poinconnage-rotatif","8":"pa_ablaengung-a-1-m-fr","9":"pa_ablaengung-sur-lanneau","10":"pa_hoehe-244-mm-fr","11":"pa_hoehe-246-mm-fr","12":"pa_hoehe-251-mm-fr","13":"pa_hoehe-254-mm-fr","14":"pa_hoehe-260-mm-fr","15":"pa_hoehe-261-mm-fr","16":"pa_hoehe-264-mm-fr","17":"pa_hoehe-270-mm-fr","18":"pa_nuten-avec-encoches","19":"pa_nuten-n-a-fr","20":"pa_staerke-breite-142-mm-fr","21":"pa_wicklung-durchmesser-487-mm-fr","22":"pa_wicklung-durchmesser-acw-560-mm-fr","23":"pa_wicklung-durchmesser-cw-560-mm-fr","24":"pa_wicklung-durchmesser-n-a-fr","25":"pa_zaehne-8-tpi-fr","27":"first","28":"instock","29":"purchasable","30":"product-type-variable"},"acf":[],"yoast_head":"<!-- This site is optimized with the Yoast SEO plugin v22.6 - https:\/\/yoast.com\/wordpress\/plugins\/seo\/ -->\n<title>GNU-CleanCut - August Graef GNU<\/title>\n<meta name=\"description\" content=\"Peut \u00eatre utilis\u00e9 en particulier pour les types de carton ondul\u00e9 lourd pour \u00e9viter la rupture des bords\u2705 En savoir plus et demander en ligne !\" \/>\n<meta name=\"robots\" content=\"index, follow, max-snippet:-1, max-image-preview:large, max-video-preview:-1\" \/>\n<link rel=\"canonical\" href=\"https:\/\/graef-gnu.com\/produkt\/gnu-cleancut\/\" \/>\n<meta property=\"og:locale\" content=\"fr_FR\" \/>\n<meta property=\"og:type\" content=\"article\" \/>\n<meta property=\"og:title\" content=\"GNU-CleanCut - August Graef GNU\" \/>\n<meta property=\"og:description\" content=\"Peut \u00eatre utilis\u00e9 en particulier pour les types de carton ondul\u00e9 lourd pour \u00e9viter la rupture des bords\u2705 En savoir plus et demander en ligne !\" \/>\n<meta property=\"og:url\" content=\"https:\/\/graef-gnu.com\/produkt\/gnu-cleancut\/\" \/>\n<meta property=\"og:site_name\" content=\"August Graef GNU\" \/>\n<meta property=\"article:modified_time\" content=\"2021-10-05T09:01:01+00:00\" \/>\n<meta property=\"og:image\" content=\"https:\/\/graef-gnu.com\/wp-content\/uploads\/gnu-cleancut.png\" \/>\n\t<meta property=\"og:image:width\" content=\"890\" \/>\n\t<meta property=\"og:image:height\" content=\"300\" \/>\n\t<meta property=\"og:image:type\" content=\"image\/png\" \/>\n<meta name=\"twitter:card\" content=\"summary_large_image\" \/>\n<script type=\"application\/ld+json\" class=\"yoast-schema-graph\">{\"@context\":\"https:\/\/schema.org\",\"@graph\":[{\"@type\":\"WebPage\",\"@id\":\"https:\/\/graef-gnu.com\/produkt\/gnu-cleancut\/\",\"url\":\"https:\/\/graef-gnu.com\/produkt\/gnu-cleancut\/\",\"name\":\"GNU-CleanCut - August Graef GNU\",\"isPartOf\":{\"@id\":\"https:\/\/graef-gnu.com\/#website\"},\"primaryImageOfPage\":{\"@id\":\"https:\/\/graef-gnu.com\/produkt\/gnu-cleancut\/#primaryimage\"},\"image\":{\"@id\":\"https:\/\/graef-gnu.com\/produkt\/gnu-cleancut\/#primaryimage\"},\"thumbnailUrl\":\"https:\/\/graef-gnu.com\/wp-content\/uploads\/gnu-cleancut.png\",\"datePublished\":\"2021-10-05T08:53:55+00:00\",\"dateModified\":\"2021-10-05T09:01:01+00:00\",\"description\":\"Peut \u00eatre utilis\u00e9 en particulier pour les types de carton ondul\u00e9 lourd pour \u00e9viter la rupture des bords\u2705 En savoir plus et demander en ligne !\",\"breadcrumb\":{\"@id\":\"https:\/\/graef-gnu.com\/produkt\/gnu-cleancut\/#breadcrumb\"},\"inLanguage\":\"fr-FR\",\"potentialAction\":[{\"@type\":\"ReadAction\",\"target\":[\"https:\/\/graef-gnu.com\/produkt\/gnu-cleancut\/\"]}]},{\"@type\":\"ImageObject\",\"inLanguage\":\"fr-FR\",\"@id\":\"https:\/\/graef-gnu.com\/produkt\/gnu-cleancut\/#primaryimage\",\"url\":\"https:\/\/graef-gnu.com\/wp-content\/uploads\/gnu-cleancut.png\",\"contentUrl\":\"https:\/\/graef-gnu.com\/wp-content\/uploads\/gnu-cleancut.png\",\"width\":890,\"height\":300},{\"@type\":\"BreadcrumbList\",\"@id\":\"https:\/\/graef-gnu.com\/produkt\/gnu-cleancut\/#breadcrumb\",\"itemListElement\":[{\"@type\":\"ListItem\",\"position\":1,\"name\":\"Startseite\",\"item\":\"https:\/\/graef-gnu.com\/fr\/\"},{\"@type\":\"ListItem\",\"position\":2,\"name\":\"Formes \u00e0 plat\",\"item\":\"https:\/\/graef-gnu.com\/fr\/formes-a-plat\/\"},{\"@type\":\"ListItem\",\"position\":3,\"name\":\"GNU-CleanCut\"}]},{\"@type\":\"WebSite\",\"@id\":\"https:\/\/graef-gnu.com\/#website\",\"url\":\"https:\/\/graef-gnu.com\/\",\"name\":\"August Graef GNU\",\"description\":\"\",\"potentialAction\":[{\"@type\":\"SearchAction\",\"target\":{\"@type\":\"EntryPoint\",\"urlTemplate\":\"https:\/\/graef-gnu.com\/?s={search_term_string}\"},\"query-input\":\"required name=search_term_string\"}],\"inLanguage\":\"fr-FR\"}]}<\/script>\n<!-- \/ Yoast SEO plugin. -->","yoast_head_json":{"title":"GNU-CleanCut - August Graef GNU","description":"Peut \u00eatre utilis\u00e9 en particulier pour les types de carton ondul\u00e9 lourd pour \u00e9viter la rupture des bords\u2705 En savoir plus et demander en ligne !","robots":{"index":"index","follow":"follow","max-snippet":"max-snippet:-1","max-image-preview":"max-image-preview:large","max-video-preview":"max-video-preview:-1"},"canonical":"https:\/\/graef-gnu.com\/produkt\/gnu-cleancut\/","og_locale":"fr_FR","og_type":"article","og_title":"GNU-CleanCut - August Graef GNU","og_description":"Peut \u00eatre utilis\u00e9 en particulier pour les types de carton ondul\u00e9 lourd pour \u00e9viter la rupture des bords\u2705 En savoir plus et demander en ligne !","og_url":"https:\/\/graef-gnu.com\/produkt\/gnu-cleancut\/","og_site_name":"August Graef GNU","article_modified_time":"2021-10-05T09:01:01+00:00","og_image":[{"width":890,"height":300,"url":"https:\/\/graef-gnu.com\/wp-content\/uploads\/gnu-cleancut.png","type":"image\/png"}],"twitter_card":"summary_large_image","schema":{"@context":"https:\/\/schema.org","@graph":[{"@type":"WebPage","@id":"https:\/\/graef-gnu.com\/produkt\/gnu-cleancut\/","url":"https:\/\/graef-gnu.com\/produkt\/gnu-cleancut\/","name":"GNU-CleanCut - August Graef GNU","isPartOf":{"@id":"https:\/\/graef-gnu.com\/#website"},"primaryImageOfPage":{"@id":"https:\/\/graef-gnu.com\/produkt\/gnu-cleancut\/#primaryimage"},"image":{"@id":"https:\/\/graef-gnu.com\/produkt\/gnu-cleancut\/#primaryimage"},"thumbnailUrl":"https:\/\/graef-gnu.com\/wp-content\/uploads\/gnu-cleancut.png","datePublished":"2021-10-05T08:53:55+00:00","dateModified":"2021-10-05T09:01:01+00:00","description":"Peut \u00eatre utilis\u00e9 en particulier pour les types de carton ondul\u00e9 lourd pour \u00e9viter la rupture des bords\u2705 En savoir plus et demander en ligne !","breadcrumb":{"@id":"https:\/\/graef-gnu.com\/produkt\/gnu-cleancut\/#breadcrumb"},"inLanguage":"fr-FR","potentialAction":[{"@type":"ReadAction","target":["https:\/\/graef-gnu.com\/produkt\/gnu-cleancut\/"]}]},{"@type":"ImageObject","inLanguage":"fr-FR","@id":"https:\/\/graef-gnu.com\/produkt\/gnu-cleancut\/#primaryimage","url":"https:\/\/graef-gnu.com\/wp-content\/uploads\/gnu-cleancut.png","contentUrl":"https:\/\/graef-gnu.com\/wp-content\/uploads\/gnu-cleancut.png","width":890,"height":300},{"@type":"BreadcrumbList","@id":"https:\/\/graef-gnu.com\/produkt\/gnu-cleancut\/#breadcrumb","itemListElement":[{"@type":"ListItem","position":1,"name":"Startseite","item":"https:\/\/graef-gnu.com\/fr\/"},{"@type":"ListItem","position":2,"name":"Formes \u00e0 plat","item":"https:\/\/graef-gnu.com\/fr\/formes-a-plat\/"},{"@type":"ListItem","position":3,"name":"GNU-CleanCut"}]},{"@type":"WebSite","@id":"https:\/\/graef-gnu.com\/#website","url":"https:\/\/graef-gnu.com\/","name":"August Graef GNU","description":"","potentialAction":[{"@type":"SearchAction","target":{"@type":"EntryPoint","urlTemplate":"https:\/\/graef-gnu.com\/?s={search_term_string}"},"query-input":"required name=search_term_string"}],"inLanguage":"fr-FR"}]}},"_links":{"self":[{"href":"https:\/\/graef-gnu.com\/fr\/wp-json\/wp\/v2\/product\/140212","targetHints":{"allow":["GET"]}}],"collection":[{"href":"https:\/\/graef-gnu.com\/fr\/wp-json\/wp\/v2\/product"}],"about":[{"href":"https:\/\/graef-gnu.com\/fr\/wp-json\/wp\/v2\/types\/product"}],"wp:featuredmedia":[{"embeddable":true,"href":"https:\/\/graef-gnu.com\/fr\/wp-json\/wp\/v2\/media\/132867"}],"wp:attachment":[{"href":"https:\/\/graef-gnu.com\/fr\/wp-json\/wp\/v2\/media?parent=140212"}],"wp:term":[{"taxonomy":"product_cat","embeddable":true,"href":"https:\/\/graef-gnu.com\/fr\/wp-json\/wp\/v2\/product_cat?post=140212"},{"taxonomy":"product_tag","embeddable":true,"href":"https:\/\/graef-gnu.com\/fr\/wp-json\/wp\/v2\/product_tag?post=140212"}],"curies":[{"name":"wp","href":"https:\/\/api.w.org\/{rel}","templated":true}]}}