{"id":120617,"date":"2021-09-28T09:38:33","date_gmt":"2021-09-28T07:38:33","guid":{"rendered":"https:\/\/www.graef-gnu.com\/impronta\/"},"modified":"2024-10-22T13:53:08","modified_gmt":"2024-10-22T11:53:08","slug":"impronta","status":"publish","type":"page","link":"https:\/\/graef-gnu.com\/it\/impronta\/","title":{"rendered":"Impronta"},"content":{"rendered":"<div id='av_section_1'  class='avia-section av-m4j9f-64a341a216d0fd8531e81e7e16352473 main_color avia-section-default avia-no-border-styling  avia-builder-el-0  avia-builder-el-no-sibling  avia-bg-style-scroll container_wrap fullsize'  ><div class='container av-section-cont-open' ><main  role=\"main\" itemprop=\"mainContentOfPage\"  class='template-page content  av-content-full alpha units'><div class='post-entry post-entry-type-page post-entry-120617'><div class='entry-content-wrapper clearfix'>\n<div  class='flex_column av-av_one_full-41ee899840124b6993b57a87f996c353 av_one_full  avia-builder-el-1  el_before_av_one_third  avia-builder-el-first  first flex_column_div  '     ><div class=\"pixel-headline align-left std-margin  sub-bottom  \">\n\t\t<div class=\"headline-wrap-inner\">\n\t\t\t\t<h1 class=\"headline-content headline-primary  \">Impronta<\/h1>\t\t\t<\/div>\n<\/div><\/div>\n<style type=\"text\/css\" data-created_by=\"avia_inline_auto\" id=\"style-css-av-fk257-c27290f19e15b4ad4e298c3d4213b558\">\n.flex_column.av-fk257-c27290f19e15b4ad4e298c3d4213b558{\nborder-radius:0px 0px 0px 0px;\npadding:0px 0px 0px 0px;\n}\n<\/style>\n<div  class='flex_column av-fk257-c27290f19e15b4ad4e298c3d4213b558 av_one_third  avia-builder-el-3  el_after_av_one_full  el_before_av_two_third  first flex_column_div av-zero-column-padding  column-top-margin'     ><section  class='av_textblock_section av-kfmb69lc-23fa159f00ef5be00e1782527f01d5da '   itemscope=\"itemscope\" itemtype=\"https:\/\/schema.org\/CreativeWork\" ><div class='avia_textblock'  itemprop=\"text\" ><p>August Graef GNU GmbH<br \/>\nWernerstra\u00dfe 28<br \/>\n42285 Wuppertal<br \/>\nGermania<\/p>\n<p><strong>Contatto:<\/strong><\/p>\n<p>Telefono: +49 (0) 202 280 44 0<br \/>\nFax: +49 (0) 202 888 91<\/p>\n<p><strong>Tribunale di registrazione:<\/strong><\/p>\n<p>Tribunale locale di Wuppertal HRB 4946<\/p>\n<p><strong>Numero di identificazione:<\/strong><\/p>\n<p>DE 811191078<\/p>\n<p><strong>Responsabile del contenuto:<\/strong><\/p>\n<p>Amministratore delegato:<br \/>\nDipl.-Kfm. Gerhard Koll<br \/>\nPhilipp Koll (M.A.)<\/p>\n<\/div><\/section><\/div>\n<style type=\"text\/css\" data-created_by=\"avia_inline_auto\" id=\"style-css-av-6s7rv-5d24b84f451a4f4e841352b4f4eea7d4\">\n.flex_column.av-6s7rv-5d24b84f451a4f4e841352b4f4eea7d4{\nborder-radius:0px 0px 0px 0px;\npadding:0px 0px 0px 0px;\n}\n<\/style>\n<div  class='flex_column av-6s7rv-5d24b84f451a4f4e841352b4f4eea7d4 av_two_third  avia-builder-el-5  el_after_av_one_third  avia-builder-el-last  flex_column_div av-zero-column-padding  column-top-margin'     ><section  class='av_textblock_section av-kfmb69lc-a87222901313f0b88a4df4f4b6e10629 '   itemscope=\"itemscope\" itemtype=\"https:\/\/schema.org\/CreativeWork\" ><div class='avia_textblock'  itemprop=\"text\" ><p><strong>1. contenuto dell&#8217;offerta online<\/strong><\/p>\n<p>L&#8217;autore non si assume alcuna responsabilit\u00e0 per l&#8217;attualit\u00e0, la correttezza, la completezza o la qualit\u00e0 delle informazioni fornite. Le rivendicazioni di responsabilit\u00e0 contro l&#8217;autore per danni materiali o morali causati dall&#8217;uso o dal mancato uso delle informazioni fornite o dall&#8217;uso di informazioni errate o incomplete sono escluse per principio, nella misura in cui non sia dimostrabile una colpa intenzionale o di negligenza grave da parte dell&#8217;autore. Tutte le offerte sono soggette a modifiche e non sono vincolanti. L&#8217;autore si riserva espressamente il diritto di cambiare, completare o cancellare parti delle pagine o l&#8217;intero sito senza preavviso, o di cessare la pubblicazione temporaneamente o permanentemente.<\/p>\n<p><strong>2. riferimenti e link<\/strong><\/p>\n<p>In caso di riferimenti diretti o indiretti a siti web esterni (&#8220;hyperlink&#8221;) che si trovano al di fuori dell&#8217;area di responsabilit\u00e0 dell&#8217;autore, un obbligo di responsabilit\u00e0 entrerebbe in vigore solo se l&#8217;autore fosse a conoscenza del contenuto e se fosse tecnicamente possibile e ragionevole per lui impedire l&#8217;uso in caso di contenuti illegali. L&#8217;autore dichiara espressamente che al momento della creazione dei link non era riconoscibile alcun contenuto illegale sulle pagine collegate. L&#8217;autore non ha alcuna influenza sul design attuale e futuro, sul contenuto o sulla paternit\u00e0 delle pagine collegate. Per questo motivo, prende espressamente le distanze da tutti i contenuti di tutte le pagine collegate che sono state modificate dopo la creazione del link. Questa dichiarazione vale per tutti i link e i riferimenti impostati all&#8217;interno del sito web dell&#8217;autore, cos\u00ec come per le voci di terzi in libri degli ospiti, forum di discussione, elenchi di link, mailing list e tutte le altre forme di banche dati create dall&#8217;autore a cui \u00e8 possibile un accesso esterno in scrittura. Per contenuti illegali, errati o incompleti e in particolare per danni derivanti dall&#8217;uso o dal mancato uso di tali informazioni, risponde esclusivamente il fornitore della pagina a cui si fa riferimento, e non chi si limita a rimandare alla rispettiva pubblicazione tramite link.<\/p>\n<p><strong>3. diritto d&#8217;autore e di marchio<\/strong><\/p>\n<p>L&#8217;autore si impegna a rispettare i diritti d&#8217;autore delle immagini, dei grafici, dei documenti sonori, delle sequenze video e dei testi utilizzati in tutte le pubblicazioni, a utilizzare immagini, grafici, documenti sonori, sequenze video e testi creati da lui stesso o a fare uso di grafici, documenti sonori, sequenze video e testi senza licenza. Tutte le marche e i marchi menzionati sul sito web ed eventualmente protetti da terzi sono soggetti senza restrizioni alle disposizioni del diritto di marchio applicabile e ai diritti di propriet\u00e0 dei rispettivi proprietari registrati. La semplice menzione di un marchio non significa che non sia protetto da diritti di terzi! Il copyright per gli oggetti pubblicati e creati dall&#8217;autore stesso rimane esclusivamente all&#8217;autore delle pagine. Qualsiasi duplicazione o uso di oggetti come diagrammi, suoni o testi in altre pubblicazioni elettroniche o stampate non \u00e8 permesso senza l&#8217;accordo dell&#8217;autore.<\/p>\n<p><strong>4 Validit\u00e0 legale del presente disclaimer<\/strong><\/p>\n<p>Questo disclaimer deve essere considerato come parte della pubblicazione internet da cui siete stati indirizzati. Se sezioni o termini individuali di questa dichiarazione non sono legali o corretti, il contenuto o la validit\u00e0 delle altre parti non sono influenzati da questo fatto.<\/p>\n<p><strong>5. risoluzione delle controversie<\/strong><\/p>\n<p>La Commissione europea fornisce una piattaforma per la risoluzione delle controversie online (ODR):<\/p>\n<p><a href=\"https:\/\/ec.europa.eu\/consumers\/odr\" target=\"_blank\" rel=\"noopener\">https:\/\/ec.europa.eu\/consumers\/odr<\/a><\/p>\n<p>Potete trovare il nostro indirizzo e-mail nell&#8217;impronta qui sopra.<\/p>\n<p>Non siamo disposti o obbligati a partecipare a un procedimento di risoluzione delle controversie davanti a una commissione di arbitrato dei consumatori.<\/p>\n<\/div><\/section><\/div>\n","protected":false},"excerpt":{"rendered":"","protected":false},"author":1,"featured_media":0,"parent":0,"menu_order":9,"comment_status":"closed","ping_status":"closed","template":"","meta":{"_acf_changed":false,"footnotes":""},"class_list":["post-120617","page","type-page","status-publish","hentry"],"acf":[],"yoast_head":"<!-- This site is optimized with the Yoast SEO plugin v22.6 - https:\/\/yoast.com\/wordpress\/plugins\/seo\/ -->\n<title>Impronta - August Graef GNU<\/title>\n<meta name=\"robots\" content=\"index, follow, max-snippet:-1, max-image-preview:large, max-video-preview:-1\" \/>\n<link rel=\"canonical\" href=\"https:\/\/graef-gnu.com\/it\/impronta\/\" \/>\n<meta property=\"og:locale\" content=\"it_IT\" \/>\n<meta property=\"og:type\" content=\"article\" \/>\n<meta property=\"og:title\" content=\"Impronta - August Graef GNU\" \/>\n<meta property=\"og:url\" content=\"https:\/\/graef-gnu.com\/it\/impronta\/\" \/>\n<meta property=\"og:site_name\" content=\"August Graef GNU\" \/>\n<meta property=\"article:modified_time\" content=\"2024-10-22T11:53:08+00:00\" \/>\n<meta name=\"twitter:card\" content=\"summary_large_image\" \/>\n<meta name=\"twitter:label1\" content=\"Tempo di lettura stimato\" \/>\n\t<meta name=\"twitter:data1\" content=\"8 minuti\" \/>\n<script type=\"application\/ld+json\" class=\"yoast-schema-graph\">{\"@context\":\"https:\/\/schema.org\",\"@graph\":[{\"@type\":\"WebPage\",\"@id\":\"https:\/\/graef-gnu.com\/it\/impronta\/\",\"url\":\"https:\/\/graef-gnu.com\/it\/impronta\/\",\"name\":\"Impronta - August Graef GNU\",\"isPartOf\":{\"@id\":\"https:\/\/graef-gnu.com\/#website\"},\"datePublished\":\"2021-09-28T07:38:33+00:00\",\"dateModified\":\"2024-10-22T11:53:08+00:00\",\"breadcrumb\":{\"@id\":\"https:\/\/graef-gnu.com\/it\/impronta\/#breadcrumb\"},\"inLanguage\":\"it-IT\",\"potentialAction\":[{\"@type\":\"ReadAction\",\"target\":[\"https:\/\/graef-gnu.com\/it\/impronta\/\"]}]},{\"@type\":\"BreadcrumbList\",\"@id\":\"https:\/\/graef-gnu.com\/it\/impronta\/#breadcrumb\",\"itemListElement\":[{\"@type\":\"ListItem\",\"position\":1,\"name\":\"Startseite\",\"item\":\"https:\/\/graef-gnu.com\/it\/\"},{\"@type\":\"ListItem\",\"position\":2,\"name\":\"Impronta\"}]},{\"@type\":\"WebSite\",\"@id\":\"https:\/\/graef-gnu.com\/#website\",\"url\":\"https:\/\/graef-gnu.com\/\",\"name\":\"August Graef GNU\",\"description\":\"\",\"potentialAction\":[{\"@type\":\"SearchAction\",\"target\":{\"@type\":\"EntryPoint\",\"urlTemplate\":\"https:\/\/graef-gnu.com\/?s={search_term_string}\"},\"query-input\":\"required name=search_term_string\"}],\"inLanguage\":\"it-IT\"}]}<\/script>\n<!-- \/ Yoast SEO plugin. -->","yoast_head_json":{"title":"Impronta - August Graef GNU","robots":{"index":"index","follow":"follow","max-snippet":"max-snippet:-1","max-image-preview":"max-image-preview:large","max-video-preview":"max-video-preview:-1"},"canonical":"https:\/\/graef-gnu.com\/it\/impronta\/","og_locale":"it_IT","og_type":"article","og_title":"Impronta - August Graef GNU","og_url":"https:\/\/graef-gnu.com\/it\/impronta\/","og_site_name":"August Graef GNU","article_modified_time":"2024-10-22T11:53:08+00:00","twitter_card":"summary_large_image","twitter_misc":{"Tempo di lettura stimato":"8 minuti"},"schema":{"@context":"https:\/\/schema.org","@graph":[{"@type":"WebPage","@id":"https:\/\/graef-gnu.com\/it\/impronta\/","url":"https:\/\/graef-gnu.com\/it\/impronta\/","name":"Impronta - August Graef GNU","isPartOf":{"@id":"https:\/\/graef-gnu.com\/#website"},"datePublished":"2021-09-28T07:38:33+00:00","dateModified":"2024-10-22T11:53:08+00:00","breadcrumb":{"@id":"https:\/\/graef-gnu.com\/it\/impronta\/#breadcrumb"},"inLanguage":"it-IT","potentialAction":[{"@type":"ReadAction","target":["https:\/\/graef-gnu.com\/it\/impronta\/"]}]},{"@type":"BreadcrumbList","@id":"https:\/\/graef-gnu.com\/it\/impronta\/#breadcrumb","itemListElement":[{"@type":"ListItem","position":1,"name":"Startseite","item":"https:\/\/graef-gnu.com\/it\/"},{"@type":"ListItem","position":2,"name":"Impronta"}]},{"@type":"WebSite","@id":"https:\/\/graef-gnu.com\/#website","url":"https:\/\/graef-gnu.com\/","name":"August Graef GNU","description":"","potentialAction":[{"@type":"SearchAction","target":{"@type":"EntryPoint","urlTemplate":"https:\/\/graef-gnu.com\/?s={search_term_string}"},"query-input":"required name=search_term_string"}],"inLanguage":"it-IT"}]}},"_links":{"self":[{"href":"https:\/\/graef-gnu.com\/it\/wp-json\/wp\/v2\/pages\/120617","targetHints":{"allow":["GET"]}}],"collection":[{"href":"https:\/\/graef-gnu.com\/it\/wp-json\/wp\/v2\/pages"}],"about":[{"href":"https:\/\/graef-gnu.com\/it\/wp-json\/wp\/v2\/types\/page"}],"author":[{"embeddable":true,"href":"https:\/\/graef-gnu.com\/it\/wp-json\/wp\/v2\/users\/1"}],"replies":[{"embeddable":true,"href":"https:\/\/graef-gnu.com\/it\/wp-json\/wp\/v2\/comments?post=120617"}],"version-history":[{"count":7,"href":"https:\/\/graef-gnu.com\/it\/wp-json\/wp\/v2\/pages\/120617\/revisions"}],"predecessor-version":[{"id":177419,"href":"https:\/\/graef-gnu.com\/it\/wp-json\/wp\/v2\/pages\/120617\/revisions\/177419"}],"wp:attachment":[{"href":"https:\/\/graef-gnu.com\/it\/wp-json\/wp\/v2\/media?parent=120617"}],"curies":[{"name":"wp","href":"https:\/\/api.w.org\/{rel}","templated":true}]}}