{"id":120655,"date":"2021-09-28T09:38:48","date_gmt":"2021-09-28T07:38:48","guid":{"rendered":"https:\/\/www.graef-gnu.com\/sostenibilita\/"},"modified":"2024-04-30T15:42:25","modified_gmt":"2024-04-30T13:42:25","slug":"sostenibilita","status":"publish","type":"page","link":"https:\/\/graef-gnu.com\/it\/azienda\/sostenibilita\/","title":{"rendered":"Sostenibilit\u00e0"},"content":{"rendered":"<div class=\"avia-section main_color slider-section size-small  \">\n\t<div class=\"slider-section-wrapper \">\n\t\t\t\t<div class=\"slider-section-slide align-left header-animation-simple-global \">\n\t\t\t\t<div class=\"slider-section-background-wrap\">\n\t\t\t\t\t\t\t\t\t\t<div class=\"slider-section-background\" style=\"background-image: url('https:\/\/graef-gnu.com\/wp-content\/uploads\/Nachhaltigkeit_Header.jpg'); background-position: center right;background-size: cover;background-repeat: no-repeat;\"><\/div>\n\t\t\t\t\t\t\t\t\t\t\t\t\t\t\t\t\t\t\t<\/div>\n\n\t\t\t\t<div class=\"slider-section-inner container\">\n\t\t\t\t\t<div class=\"slider-section-content-wrap\">\n\t\t\t\t\t\t\t\t\t\t\t\t\t\t\t\t\t\t<div class=\"slider-section-text-wrap\">\n\t\t\t\t\t\t\t<span class=\"slider-section-headline\">Orientamento al futuro<\/span>\t\t\t\t\t\t\t<span class=\"slider-section-subline\">Sostenibile grazie a una moderna gestione delle risorse<\/span>\t\t\t\t\t\t\t\t\t\t\t\t\t<\/div>\n\t\t\t\t\t\t\t\t\t\t\t<\/div>\n\t\t\t\t\t\t\t\t\t\t<\/div>\n\t\t\t<\/div>\n\t\t<\/div>\n\n\n<\/div>\n<\/div><\/div><\/div><!-- close content main div --><\/div><\/div><div id='av_section_1'  class='avia-section av-71ou4-ef17181bd20a37e098afe82ed15228e8 main_color avia-section-default avia-no-border-styling  avia-builder-el-1  el_after_pixel_headimage  el_before_av_postcontent  section-pseudo-element section-unternehmen avia-bg-style-scroll container_wrap fullsize'  ><div class='container av-section-cont-open' ><div class='template-page content  av-content-full alpha units'><div class='post-entry post-entry-type-page post-entry-120655'><div class='entry-content-wrapper clearfix'>\n<div  class='flex_column av-lvm7xjwm-55483e28a3a14927f7c261c7b7ae2ac7 av_one_full  avia-builder-el-2  el_before_av_one_half  avia-builder-el-first  first av-break-at-tablet flex_column_div av-animated-generic left-to-right  '     ><div class=\"pixel-headline align-left no-margin  sub-bottom  \">\n\t\t<div class=\"headline-wrap-inner\">\n\t\t\t\t<h1 class=\"headline-content headline-primary  \">Responsabilit\u00e0 per le generazioni future<\/h1>\t\t<h3 class=\"headline-content headline-secondary  \">GNU Gestione delle risorse e dell\u2019ambiente<\/h3>\t<\/div>\n<\/div><\/div>\n<style type=\"text\/css\" data-created_by=\"avia_inline_auto\" id=\"style-css-av-6jxy4-ec8c839104ebaa6ce5edc9380130e0fa\">\n.flex_column.av-6jxy4-ec8c839104ebaa6ce5edc9380130e0fa{\nborder-radius:0px 0px 0px 0px;\npadding:0px 0px 0px 0px;\n}\n<\/style>\n<div  class='flex_column av-6jxy4-ec8c839104ebaa6ce5edc9380130e0fa av_one_half  avia-builder-el-4  el_after_av_one_full  el_before_av_one_half  first av-break-at-tablet flex_column_div av-animated-generic left-to-right av-zero-column-padding  column-top-margin'     ><p><section  class='av_textblock_section av-kfmh2yst-e1bb63ef18301f8a97d9fd6fad043f54 '   itemscope=\"itemscope\" itemtype=\"https:\/\/schema.org\/CreativeWork\" ><div class='avia_textblock'  itemprop=\"text\" ><p>Come moderno fornitore di qualit\u00e0 per l&#8217;industria dell&#8217;imballaggio e dei beni di consumo, con relazioni commerciali in tutto il mondo, siamo consapevoli della nostra responsabilit\u00e0 per l&#8217;ambiente e le generazioni future. Con molte misure individuali, ci concentriamo sull&#8217;uso sostenibile delle risorse nell&#8217;amministrazione, nella produzione e nella gestione della spedizione e della logistica. \u00c8 facile per noi, come produttori di punch line, vedere gli scarti e i rifiuti come preziose materie prime. Ci siamo posti l&#8217;obiettivo di utilizzare tecnologie di risparmio delle risorse nei nuovi sviluppi e investimenti.<\/p>\n<p>Carta, cartone e cartone ondulato sono fatti con materie prime rapidamente rinnovabili. Questo significa che il prodotto finito pu\u00f2 anche essere quasi completamente riciclato dai nostri partner e dai loro clienti.<\/p>\n<p>La Verband der Wellpappen-Industrie e. V. (Associazione dell&#8217;industria del cartone ondulato) sul cartone ondulato: &#8220;Il cartone ondulato consiste interamente di materie prime rinnovabili e pu\u00f2 essere completamente riciclato. In questo modo, le merci da trasporto possono essere imballate in modo ecologico. Nessun albero viene abbattuto per il cartone ondulato. Il mantenimento delle foreste gestite produce legno spezzato e diradato &#8211; la materia prima primaria per la produzione della carta&#8221;.<\/p>\n<p>In Germania, tuttavia, la proporzione di fibre vergini nella carta ondulata di base utilizzata \u00e8 solo del 20% in media. L&#8217;80% di questa carta \u00e8 fatta con materiale riciclato. <em>(Fonte: Verband der Wellpappen-Industrie e. V., 2016)<\/em><\/p>\n<\/div><\/section><br \/>\n<div class=\"pixel-headline align-left small-margin  sub-bottom  \">\n\t\t<div class=\"headline-wrap-inner\">\n\t\t\t\t\t\t<span class=\"headline-content headline-secondary  \">Produzione sostenibile GNU<\/span>\t<\/div>\n<\/div><br \/>\n<section  class='av_textblock_section av-kfmh2yst-e1bb63ef18301f8a97d9fd6fad043f54 '   itemscope=\"itemscope\" itemtype=\"https:\/\/schema.org\/CreativeWork\" ><div class='avia_textblock'  itemprop=\"text\" ><p>Attraverso numerose misure, sottolineiamo i nostri sforzi per utilizzare le nostre risorse il meno possibile e con la massima parsimonia.<\/p>\n<p>Con l&#8217;aiuto di tecnologie di energia rinnovabile come gli impianti fotovoltaici, la tecnologia di commutazione intelligente, la tecnologia cloud e il recupero del calore, nonch\u00e9 la tecnologia di ventilazione, siamo stati in grado di ridurre il nostro consumo di elettricit\u00e0 di circa il 20% e di ridurre l&#8217;uso di combustibili fossili per la produzione di calore di circa il 35%, nonostante la crescita continua.<\/p>\n<p>Ci sforziamo continuamente di rendere la nostra produzione sostenibile creando cicli di materie (prime) e riciclaggio sia all&#8217;interno della nostra azienda che lungo la catena di fornitura con i fornitori, i clienti e i fornitori di servizi.<\/p>\n<\/div><\/section><\/p><\/div>\n<style type=\"text\/css\" data-created_by=\"avia_inline_auto\" id=\"style-css-av-lvm7xqen-25c2bfb6ec301d285d18252239f7b944\">\n.flex_column.av-lvm7xqen-25c2bfb6ec301d285d18252239f7b944{\nborder-radius:0px 0px 0px 0px;\npadding:0px 0px 0px 0px;\n}\n<\/style>\n<div  class='flex_column av-lvm7xqen-25c2bfb6ec301d285d18252239f7b944 av_one_half  avia-builder-el-8  el_after_av_one_half  avia-builder-el-last  av-break-at-tablet flex_column_div av-animated-generic right-to-left av-zero-column-padding  column-top-margin'     ><style type=\"text\/css\" data-created_by=\"avia_inline_auto\" id=\"style-css-av-lvm5354p-171441b110a43aa01df7060bcc67fe1d\">\n.avia-image-container.av-lvm5354p-171441b110a43aa01df7060bcc67fe1d img.avia_image{\nbox-shadow:none;\n}\n.avia-image-container.av-lvm5354p-171441b110a43aa01df7060bcc67fe1d .av-image-caption-overlay-center{\ncolor:#ffffff;\n}\n<\/style>\n<div  class='avia-image-container av-lvm5354p-171441b110a43aa01df7060bcc67fe1d av-styling- avia-align-left  avia-builder-el-9  avia-builder-el-no-sibling '   itemprop=\"image\" itemscope=\"itemscope\" itemtype=\"https:\/\/schema.org\/ImageObject\" ><div class=\"avia-image-container-inner\"><div class=\"avia-image-overlay-wrap\"><img decoding=\"async\" class='wp-image-132363 avia-img-lazy-loading-not-132363 avia_image ' src=\"https:\/\/graef-gnu.com\/wp-content\/uploads\/gnu_nachhaltigkeit_solardach-667x300.jpg\" alt='' title='Gnu Nachhaltigkeit Solardach'  height=\"300\" width=\"667\"  itemprop=\"thumbnailUrl\"  \/><\/div><\/div><\/div><\/div>[av_section min_height='' min_height_pc='25' min_height_px='500px' shadow='no-border-styling' bottom_border='no-border-styling' bottom_border_diagonal_color='#333333' bottom_border_diagonal_direction='' bottom_border_style='' padding='small' custom_margin='0px' custom_margin_sync='true' av-desktop-custom_margin='' av-desktop-custom_margin_sync='true' av-medium-custom_margin='' av-medium-custom_margin_sync='true' av-small-custom_margin='' av-small-custom_margin_sync='true' av-mini-custom_margin='' av-mini-custom_margin_sync='true' svg_div_top='' svg_div_top_color='#333333' svg_div_top_width='100' svg_div_top_height='50' svg_div_top_max_height='none' svg_div_top_opacity='' svg_div_bottom='' svg_div_bottom_color='#333333' svg_div_bottom_width='100' svg_div_bottom_height='50' svg_div_bottom_max_height='none' svg_div_bottom_opacity='' fold_type='' fold_height='' fold_more='Weiterlesen' fold_less='Read less' fold_text_style='' fold_btn_align='' color='alternate_color' background='bg_color' custom_bg='' background_gradient_direction='vertical' background_gradient_color1='' background_gradient_color2='' background_gradient_color3='' src='' attachment='' attachment_size='' attach='scroll' position='top center' repeat='stretch' video='' video_ratio='16:9' overlay_opacity='0.5' overlay_color='' overlay_pattern='' overlay_custom_pattern='' custom_arrow_bg='' fold_overlay_color='' fold_text_color='' fold_btn_color='theme-color' fold_btn_bg_color='' fold_btn_font_color='' size-btn-text='' av-desktop-font-size-btn-text='' av-medium-font-size-btn-text='' av-small-font-size-btn-text='' av-mini-font-size-btn-text='' fold_timer='' z_index_fold='' css_position_z_index='' av-desktop-css_position_z_index='' av-medium-css_position_z_index='' av-small-css_position_z_index='' av-mini-css_position_z_index='' id='' custom_class='' template_class='' aria_label='' av_element_hidden_in_editor='0' av_uid='av-1q5tn' sc_version='1.0']\r\n\r\n[av_one_full first min_height='' vertical_alignment='av-align-top' space='' row_boxshadow_width='10' row_boxshadow_color='' margin='0px' margin_sync='true' av-desktop-margin='' av-desktop-margin_sync='true' av-medium-margin='' av-medium-margin_sync='true' av-small-margin='' av-small-margin_sync='true' av-mini-margin='' av-mini-margin_sync='true' mobile_breaking='' mobile_column_order='' border='' border_style='solid' border_color='' radius='0px' radius_sync='true' min_col_height='' padding='0px' padding_sync='true' av-desktop-padding='' av-desktop-padding_sync='true' av-medium-padding='' av-medium-padding_sync='true' av-small-padding='' av-small-padding_sync='true' av-mini-padding='' av-mini-padding_sync='true' svg_div_top='' svg_div_top_color='#333333' svg_div_top_width='100' svg_div_top_height='50' svg_div_top_max_height='none' svg_div_top_opacity='' svg_div_bottom='' svg_div_bottom_color='#333333' svg_div_bottom_width='100' svg_div_bottom_height='50' svg_div_bottom_max_height='none' svg_div_bottom_opacity='' fold_type='' fold_height='' fold_more='Weiterlesen' fold_less='Read less' fold_text_style='' fold_btn_align='' column_boxshadow_width='10' column_boxshadow_color='' background='bg_color' background_color='' background_gradient_direction='vertical' background_gradient_color1='' background_gradient_color2='' background_gradient_color3='' src='' attachment='' attachment_size='' background_position='top left' background_repeat='no-repeat' highlight_size='1.1' fold_overlay_color='' fold_text_color='' fold_btn_color='theme-color' fold_btn_bg_color='' fold_btn_font_color='' size-btn-text='' av-desktop-font-size-btn-text='' av-medium-font-size-btn-text='' av-small-font-size-btn-text='' av-mini-font-size-btn-text='' animation='bottom-to-top' animation_duration='' animation_custom_bg_color='' animation_z_index_curtain='100' parallax_parallax='' parallax_parallax_speed='' av-desktop-parallax_parallax='' av-desktop-parallax_parallax_speed='' av-medium-parallax_parallax='' av-medium-parallax_parallax_speed='' av-small-parallax_parallax='' av-small-parallax_parallax_speed='' av-mini-parallax_parallax='' av-mini-parallax_parallax_speed='' fold_timer='' z_index_fold='' css_position='' css_position_location=',,,' css_position_z_index='' av-desktop-css_position='' av-desktop-css_position_location=',,,' av-desktop-css_position_z_index='' av-medium-css_position='' av-medium-css_position_location=',,,' av-medium-css_position_z_index='' av-small-css_position='' av-small-css_position_location=',,,' av-small-css_position_z_index='' av-mini-css_position='' av-mini-css_position_location=',,,' av-mini-css_position_z_index='' link='' linktarget='' link_hover='' title_attr='' alt_attr='' mobile_display='' mobile_col_pos='0' id='' custom_class='' template_class='' aria_label='' av_uid='av-10hqz' sc_version='1.0']\r\n\r\n[pixel_sc_headline heading='Contattaci' heading_tag='span' subheading_check='' subheading='' subheading_tag='h3' align='left' heading_alias='-h1' heading_class='' subheading_alias='' subheading_class='' heading_position='' primary_color='color-white' secondary_color='' stroke='' custom_class='' av_uid='av-kfgpm48q'][\/pixel_sc_headline]\r\n\r\n[av_codeblock wrapper_element='' wrapper_element_attributes='' codeblock_type='' deactivate_wrapper='aviaTBdeactivate_wrapper' alb_description='' id='' custom_class='' av_uid='av-kfgonev4']\r\n[contact-form-7 id=\"98\" title=\"Standard\"]\r\n[\/av_codeblock]\r\n\r\n[\/av_one_full][\/av_section]<\/p>\n","protected":false},"excerpt":{"rendered":"","protected":false},"author":1,"featured_media":0,"parent":120647,"menu_order":1,"comment_status":"closed","ping_status":"closed","template":"","meta":{"_acf_changed":false,"footnotes":""},"class_list":["post-120655","page","type-page","status-publish","hentry"],"acf":[],"yoast_head":"<!-- This site is optimized with the Yoast SEO plugin v22.6 - https:\/\/yoast.com\/wordpress\/plugins\/seo\/ -->\n<title>Sostenibilit\u00e0 - August Graef GNU<\/title>\n<meta name=\"description\" content=\"Responsabilit\u00e0 per le generazioni future - Scopri di pi\u00f9 sulla gestione delle risorse e dell&#039;ambiente di GNU qui!\" \/>\n<meta name=\"robots\" content=\"index, follow, max-snippet:-1, max-image-preview:large, max-video-preview:-1\" \/>\n<link rel=\"canonical\" href=\"https:\/\/graef-gnu.com\/it\/azienda\/sostenibilita\/\" \/>\n<meta property=\"og:locale\" content=\"it_IT\" \/>\n<meta property=\"og:type\" content=\"article\" \/>\n<meta property=\"og:title\" content=\"Sostenibilit\u00e0 - August Graef GNU\" \/>\n<meta property=\"og:description\" content=\"Responsabilit\u00e0 per le generazioni future - Scopri di pi\u00f9 sulla gestione delle risorse e dell&#039;ambiente di GNU qui!\" \/>\n<meta property=\"og:url\" content=\"https:\/\/graef-gnu.com\/it\/azienda\/sostenibilita\/\" \/>\n<meta property=\"og:site_name\" content=\"August Graef GNU\" \/>\n<meta property=\"article:modified_time\" content=\"2024-04-30T13:42:25+00:00\" \/>\n<meta name=\"twitter:card\" content=\"summary_large_image\" \/>\n<meta name=\"twitter:label1\" content=\"Tempo di lettura stimato\" \/>\n\t<meta name=\"twitter:data1\" content=\"14 minuti\" \/>\n<script type=\"application\/ld+json\" class=\"yoast-schema-graph\">{\"@context\":\"https:\/\/schema.org\",\"@graph\":[{\"@type\":\"WebPage\",\"@id\":\"https:\/\/graef-gnu.com\/it\/azienda\/sostenibilita\/\",\"url\":\"https:\/\/graef-gnu.com\/it\/azienda\/sostenibilita\/\",\"name\":\"Sostenibilit\u00e0 - August Graef GNU\",\"isPartOf\":{\"@id\":\"https:\/\/graef-gnu.com\/#website\"},\"datePublished\":\"2021-09-28T07:38:48+00:00\",\"dateModified\":\"2024-04-30T13:42:25+00:00\",\"description\":\"Responsabilit\u00e0 per le generazioni future - Scopri di pi\u00f9 sulla gestione delle risorse e dell'ambiente di GNU qui!\",\"breadcrumb\":{\"@id\":\"https:\/\/graef-gnu.com\/it\/azienda\/sostenibilita\/#breadcrumb\"},\"inLanguage\":\"it-IT\",\"potentialAction\":[{\"@type\":\"ReadAction\",\"target\":[\"https:\/\/graef-gnu.com\/it\/azienda\/sostenibilita\/\"]}]},{\"@type\":\"BreadcrumbList\",\"@id\":\"https:\/\/graef-gnu.com\/it\/azienda\/sostenibilita\/#breadcrumb\",\"itemListElement\":[{\"@type\":\"ListItem\",\"position\":1,\"name\":\"Startseite\",\"item\":\"https:\/\/graef-gnu.com\/it\/\"},{\"@type\":\"ListItem\",\"position\":2,\"name\":\"Azienda\",\"item\":\"https:\/\/graef-gnu.com\/it\/azienda\/\"},{\"@type\":\"ListItem\",\"position\":3,\"name\":\"Sostenibilit\u00e0\"}]},{\"@type\":\"WebSite\",\"@id\":\"https:\/\/graef-gnu.com\/#website\",\"url\":\"https:\/\/graef-gnu.com\/\",\"name\":\"August Graef GNU\",\"description\":\"\",\"potentialAction\":[{\"@type\":\"SearchAction\",\"target\":{\"@type\":\"EntryPoint\",\"urlTemplate\":\"https:\/\/graef-gnu.com\/?s={search_term_string}\"},\"query-input\":\"required name=search_term_string\"}],\"inLanguage\":\"it-IT\"}]}<\/script>\n<!-- \/ Yoast SEO plugin. -->","yoast_head_json":{"title":"Sostenibilit\u00e0 - August Graef GNU","description":"Responsabilit\u00e0 per le generazioni future - Scopri di pi\u00f9 sulla gestione delle risorse e dell'ambiente di GNU qui!","robots":{"index":"index","follow":"follow","max-snippet":"max-snippet:-1","max-image-preview":"max-image-preview:large","max-video-preview":"max-video-preview:-1"},"canonical":"https:\/\/graef-gnu.com\/it\/azienda\/sostenibilita\/","og_locale":"it_IT","og_type":"article","og_title":"Sostenibilit\u00e0 - August Graef GNU","og_description":"Responsabilit\u00e0 per le generazioni future - Scopri di pi\u00f9 sulla gestione delle risorse e dell'ambiente di GNU qui!","og_url":"https:\/\/graef-gnu.com\/it\/azienda\/sostenibilita\/","og_site_name":"August Graef GNU","article_modified_time":"2024-04-30T13:42:25+00:00","twitter_card":"summary_large_image","twitter_misc":{"Tempo di lettura stimato":"14 minuti"},"schema":{"@context":"https:\/\/schema.org","@graph":[{"@type":"WebPage","@id":"https:\/\/graef-gnu.com\/it\/azienda\/sostenibilita\/","url":"https:\/\/graef-gnu.com\/it\/azienda\/sostenibilita\/","name":"Sostenibilit\u00e0 - August Graef GNU","isPartOf":{"@id":"https:\/\/graef-gnu.com\/#website"},"datePublished":"2021-09-28T07:38:48+00:00","dateModified":"2024-04-30T13:42:25+00:00","description":"Responsabilit\u00e0 per le generazioni future - Scopri di pi\u00f9 sulla gestione delle risorse e dell'ambiente di GNU qui!","breadcrumb":{"@id":"https:\/\/graef-gnu.com\/it\/azienda\/sostenibilita\/#breadcrumb"},"inLanguage":"it-IT","potentialAction":[{"@type":"ReadAction","target":["https:\/\/graef-gnu.com\/it\/azienda\/sostenibilita\/"]}]},{"@type":"BreadcrumbList","@id":"https:\/\/graef-gnu.com\/it\/azienda\/sostenibilita\/#breadcrumb","itemListElement":[{"@type":"ListItem","position":1,"name":"Startseite","item":"https:\/\/graef-gnu.com\/it\/"},{"@type":"ListItem","position":2,"name":"Azienda","item":"https:\/\/graef-gnu.com\/it\/azienda\/"},{"@type":"ListItem","position":3,"name":"Sostenibilit\u00e0"}]},{"@type":"WebSite","@id":"https:\/\/graef-gnu.com\/#website","url":"https:\/\/graef-gnu.com\/","name":"August Graef GNU","description":"","potentialAction":[{"@type":"SearchAction","target":{"@type":"EntryPoint","urlTemplate":"https:\/\/graef-gnu.com\/?s={search_term_string}"},"query-input":"required name=search_term_string"}],"inLanguage":"it-IT"}]}},"_links":{"self":[{"href":"https:\/\/graef-gnu.com\/it\/wp-json\/wp\/v2\/pages\/120655","targetHints":{"allow":["GET"]}}],"collection":[{"href":"https:\/\/graef-gnu.com\/it\/wp-json\/wp\/v2\/pages"}],"about":[{"href":"https:\/\/graef-gnu.com\/it\/wp-json\/wp\/v2\/types\/page"}],"author":[{"embeddable":true,"href":"https:\/\/graef-gnu.com\/it\/wp-json\/wp\/v2\/users\/1"}],"replies":[{"embeddable":true,"href":"https:\/\/graef-gnu.com\/it\/wp-json\/wp\/v2\/comments?post=120655"}],"version-history":[{"count":14,"href":"https:\/\/graef-gnu.com\/it\/wp-json\/wp\/v2\/pages\/120655\/revisions"}],"predecessor-version":[{"id":176155,"href":"https:\/\/graef-gnu.com\/it\/wp-json\/wp\/v2\/pages\/120655\/revisions\/176155"}],"up":[{"embeddable":true,"href":"https:\/\/graef-gnu.com\/it\/wp-json\/wp\/v2\/pages\/120647"}],"wp:attachment":[{"href":"https:\/\/graef-gnu.com\/it\/wp-json\/wp\/v2\/media?parent=120655"}],"curies":[{"name":"wp","href":"https:\/\/api.w.org\/{rel}","templated":true}]}}