{"id":124821,"date":"2021-02-11T10:58:20","date_gmt":"2021-10-01T09:37:00","guid":{"rendered":"https:\/\/www.graef-gnu.com\/produkt\/creasetec-multi\/"},"modified":"2021-11-20T13:15:38","modified_gmt":"2021-11-20T12:15:38","slug":"creasetec-multi","status":"publish","type":"product","link":"https:\/\/graef-gnu.com\/it\/prodotto\/creasetec-multi\/","title":{"rendered":"Creasetec<sup>&reg;<\/sup>-Multi"},"content":{"rendered":"<p>Il Creasetec Micro \u00e8 un cordonatore con testa perforante che da al materiale da fustellare pi\u00f9 spazio durante la fustellatura e impedisce la rottura del cartone nello strato superiore. Ottimo per il processo delle scatole pieghevoli nelle macchine incollatrici.<\/p>\n","protected":false},"excerpt":{"rendered":"<p>Creasetec<sup>\u00ae<\/sup>-Multi \u00e8 una linea di testa di cordonatura perforata che d\u00e0 al materiale da fustellare pi\u00f9 spazio per dispiegarsi e previene la rottura dello strato superiore. Ideale per la lavorazione nella macchina incollatrice di scatole pieghevoli.<\/p>\n","protected":false},"featured_media":124836,"template":"","meta":{"_acf_changed":false},"product_cat":[5798],"product_tag":[],"class_list":{"0":"post-124821","1":"product","2":"type-product","3":"status-publish","4":"has-post-thumbnail","6":"product_group-cordonatura","7":"product_cat-fustellatura-piano","8":"pa_ablaengung-a-1-m-it","9":"pa_hoehe-223-mm","10":"pa_hoehe-226-mm","11":"pa_hoehe-228-mm","12":"pa_hoehe-230-mm","13":"pa_hoehe-231-mm","14":"pa_hoehe-232-mm","15":"pa_hoehe-233-mm","16":"pa_hoehe-236-mm","17":"pa_hoehe-238-mm","18":"pa_staerke-breite-3-8-pt-it","19":"pa_wicklung-durchmesser-n-a-it","21":"first","22":"instock","23":"purchasable","24":"product-type-variable"},"acf":[],"yoast_head":"<!-- This site is optimized with the Yoast SEO plugin v22.6 - https:\/\/yoast.com\/wordpress\/plugins\/seo\/ -->\n<title>Creasetec&reg;-Multi - August Graef GNU<\/title>\n<meta name=\"description\" content=\"Linea di testa di cordonatura Creasetec\u00ae-Multi perforata \u25ba permette pi\u00f9 spazio per il materiale da perforare per dispiegarsi e previene la rottura dello strato superiore. Richiedi qui!\" \/>\n<meta name=\"robots\" content=\"index, follow, max-snippet:-1, max-image-preview:large, max-video-preview:-1\" \/>\n<link rel=\"canonical\" href=\"https:\/\/graef-gnu.com\/prodotto\/creasetec-multi\/\" \/>\n<meta property=\"og:locale\" content=\"it_IT\" \/>\n<meta property=\"og:type\" content=\"article\" \/>\n<meta property=\"og:title\" content=\"Creasetec&reg;-Multi - August Graef GNU\" \/>\n<meta property=\"og:description\" content=\"Linea di testa di cordonatura Creasetec\u00ae-Multi perforata \u25ba permette pi\u00f9 spazio per il materiale da perforare per dispiegarsi e previene la rottura dello strato superiore. Richiedi qui!\" \/>\n<meta property=\"og:url\" content=\"https:\/\/graef-gnu.com\/prodotto\/creasetec-multi\/\" \/>\n<meta property=\"og:site_name\" content=\"August Graef GNU\" \/>\n<meta property=\"article:modified_time\" content=\"2021-11-20T12:15:38+00:00\" \/>\n<meta property=\"og:image\" content=\"https:\/\/graef-gnu.com\/wp-content\/uploads\/gnu-creastec-multi-4-8-pt-large.png\" \/>\n\t<meta property=\"og:image:width\" content=\"890\" \/>\n\t<meta property=\"og:image:height\" content=\"300\" \/>\n\t<meta property=\"og:image:type\" content=\"image\/png\" \/>\n<meta name=\"twitter:card\" content=\"summary_large_image\" \/>\n<meta name=\"twitter:label1\" content=\"Tempo di lettura stimato\" \/>\n\t<meta name=\"twitter:data1\" content=\"1 minuto\" \/>\n<script type=\"application\/ld+json\" class=\"yoast-schema-graph\">{\"@context\":\"https:\/\/schema.org\",\"@graph\":[{\"@type\":\"WebPage\",\"@id\":\"https:\/\/graef-gnu.com\/prodotto\/creasetec-multi\/\",\"url\":\"https:\/\/graef-gnu.com\/prodotto\/creasetec-multi\/\",\"name\":\"Creasetec&reg;-Multi - August Graef GNU\",\"isPartOf\":{\"@id\":\"https:\/\/graef-gnu.com\/#website\"},\"primaryImageOfPage\":{\"@id\":\"https:\/\/graef-gnu.com\/prodotto\/creasetec-multi\/#primaryimage\"},\"image\":{\"@id\":\"https:\/\/graef-gnu.com\/prodotto\/creasetec-multi\/#primaryimage\"},\"thumbnailUrl\":\"https:\/\/graef-gnu.com\/wp-content\/uploads\/gnu-creastec-multi-4-8-pt-large.png\",\"datePublished\":\"2021-10-01T09:37:00+00:00\",\"dateModified\":\"2021-11-20T12:15:38+00:00\",\"description\":\"Linea di testa di cordonatura Creasetec\u00ae-Multi perforata \u25ba permette pi\u00f9 spazio per il materiale da perforare per dispiegarsi e previene la rottura dello strato superiore. Richiedi qui!\",\"breadcrumb\":{\"@id\":\"https:\/\/graef-gnu.com\/prodotto\/creasetec-multi\/#breadcrumb\"},\"inLanguage\":\"it-IT\",\"potentialAction\":[{\"@type\":\"ReadAction\",\"target\":[\"https:\/\/graef-gnu.com\/prodotto\/creasetec-multi\/\"]}]},{\"@type\":\"ImageObject\",\"inLanguage\":\"it-IT\",\"@id\":\"https:\/\/graef-gnu.com\/prodotto\/creasetec-multi\/#primaryimage\",\"url\":\"https:\/\/graef-gnu.com\/wp-content\/uploads\/gnu-creastec-multi-4-8-pt-large.png\",\"contentUrl\":\"https:\/\/graef-gnu.com\/wp-content\/uploads\/gnu-creastec-multi-4-8-pt-large.png\",\"width\":890,\"height\":300},{\"@type\":\"BreadcrumbList\",\"@id\":\"https:\/\/graef-gnu.com\/prodotto\/creasetec-multi\/#breadcrumb\",\"itemListElement\":[{\"@type\":\"ListItem\",\"position\":1,\"name\":\"Startseite\",\"item\":\"https:\/\/graef-gnu.com\/it\/\"},{\"@type\":\"ListItem\",\"position\":2,\"name\":\"Panoramica del prodotto\",\"item\":\"https:\/\/graef-gnu.com\/it\/panoramica-del-prodotto\/\"},{\"@type\":\"ListItem\",\"position\":3,\"name\":\"Creasetec&reg;-Multi\"}]},{\"@type\":\"WebSite\",\"@id\":\"https:\/\/graef-gnu.com\/#website\",\"url\":\"https:\/\/graef-gnu.com\/\",\"name\":\"August Graef GNU\",\"description\":\"\",\"potentialAction\":[{\"@type\":\"SearchAction\",\"target\":{\"@type\":\"EntryPoint\",\"urlTemplate\":\"https:\/\/graef-gnu.com\/?s={search_term_string}\"},\"query-input\":\"required name=search_term_string\"}],\"inLanguage\":\"it-IT\"}]}<\/script>\n<!-- \/ Yoast SEO plugin. -->","yoast_head_json":{"title":"Creasetec&reg;-Multi - August Graef GNU","description":"Linea di testa di cordonatura Creasetec\u00ae-Multi perforata \u25ba permette pi\u00f9 spazio per il materiale da perforare per dispiegarsi e previene la rottura dello strato superiore. Richiedi qui!","robots":{"index":"index","follow":"follow","max-snippet":"max-snippet:-1","max-image-preview":"max-image-preview:large","max-video-preview":"max-video-preview:-1"},"canonical":"https:\/\/graef-gnu.com\/prodotto\/creasetec-multi\/","og_locale":"it_IT","og_type":"article","og_title":"Creasetec&reg;-Multi - August Graef GNU","og_description":"Linea di testa di cordonatura Creasetec\u00ae-Multi perforata \u25ba permette pi\u00f9 spazio per il materiale da perforare per dispiegarsi e previene la rottura dello strato superiore. Richiedi qui!","og_url":"https:\/\/graef-gnu.com\/prodotto\/creasetec-multi\/","og_site_name":"August Graef GNU","article_modified_time":"2021-11-20T12:15:38+00:00","og_image":[{"width":890,"height":300,"url":"https:\/\/graef-gnu.com\/wp-content\/uploads\/gnu-creastec-multi-4-8-pt-large.png","type":"image\/png"}],"twitter_card":"summary_large_image","twitter_misc":{"Tempo di lettura stimato":"1 minuto"},"schema":{"@context":"https:\/\/schema.org","@graph":[{"@type":"WebPage","@id":"https:\/\/graef-gnu.com\/prodotto\/creasetec-multi\/","url":"https:\/\/graef-gnu.com\/prodotto\/creasetec-multi\/","name":"Creasetec&reg;-Multi - August Graef GNU","isPartOf":{"@id":"https:\/\/graef-gnu.com\/#website"},"primaryImageOfPage":{"@id":"https:\/\/graef-gnu.com\/prodotto\/creasetec-multi\/#primaryimage"},"image":{"@id":"https:\/\/graef-gnu.com\/prodotto\/creasetec-multi\/#primaryimage"},"thumbnailUrl":"https:\/\/graef-gnu.com\/wp-content\/uploads\/gnu-creastec-multi-4-8-pt-large.png","datePublished":"2021-10-01T09:37:00+00:00","dateModified":"2021-11-20T12:15:38+00:00","description":"Linea di testa di cordonatura Creasetec\u00ae-Multi perforata \u25ba permette pi\u00f9 spazio per il materiale da perforare per dispiegarsi e previene la rottura dello strato superiore. Richiedi qui!","breadcrumb":{"@id":"https:\/\/graef-gnu.com\/prodotto\/creasetec-multi\/#breadcrumb"},"inLanguage":"it-IT","potentialAction":[{"@type":"ReadAction","target":["https:\/\/graef-gnu.com\/prodotto\/creasetec-multi\/"]}]},{"@type":"ImageObject","inLanguage":"it-IT","@id":"https:\/\/graef-gnu.com\/prodotto\/creasetec-multi\/#primaryimage","url":"https:\/\/graef-gnu.com\/wp-content\/uploads\/gnu-creastec-multi-4-8-pt-large.png","contentUrl":"https:\/\/graef-gnu.com\/wp-content\/uploads\/gnu-creastec-multi-4-8-pt-large.png","width":890,"height":300},{"@type":"BreadcrumbList","@id":"https:\/\/graef-gnu.com\/prodotto\/creasetec-multi\/#breadcrumb","itemListElement":[{"@type":"ListItem","position":1,"name":"Startseite","item":"https:\/\/graef-gnu.com\/it\/"},{"@type":"ListItem","position":2,"name":"Panoramica del prodotto","item":"https:\/\/graef-gnu.com\/it\/panoramica-del-prodotto\/"},{"@type":"ListItem","position":3,"name":"Creasetec&reg;-Multi"}]},{"@type":"WebSite","@id":"https:\/\/graef-gnu.com\/#website","url":"https:\/\/graef-gnu.com\/","name":"August Graef GNU","description":"","potentialAction":[{"@type":"SearchAction","target":{"@type":"EntryPoint","urlTemplate":"https:\/\/graef-gnu.com\/?s={search_term_string}"},"query-input":"required name=search_term_string"}],"inLanguage":"it-IT"}]}},"_links":{"self":[{"href":"https:\/\/graef-gnu.com\/it\/wp-json\/wp\/v2\/product\/124821","targetHints":{"allow":["GET"]}}],"collection":[{"href":"https:\/\/graef-gnu.com\/it\/wp-json\/wp\/v2\/product"}],"about":[{"href":"https:\/\/graef-gnu.com\/it\/wp-json\/wp\/v2\/types\/product"}],"wp:featuredmedia":[{"embeddable":true,"href":"https:\/\/graef-gnu.com\/it\/wp-json\/wp\/v2\/media\/124836"}],"wp:attachment":[{"href":"https:\/\/graef-gnu.com\/it\/wp-json\/wp\/v2\/media?parent=124821"}],"wp:term":[{"taxonomy":"product_cat","embeddable":true,"href":"https:\/\/graef-gnu.com\/it\/wp-json\/wp\/v2\/product_cat?post=124821"},{"taxonomy":"product_tag","embeddable":true,"href":"https:\/\/graef-gnu.com\/it\/wp-json\/wp\/v2\/product_tag?post=124821"}],"curies":[{"name":"wp","href":"https:\/\/api.w.org\/{rel}","templated":true}]}}