{"id":125822,"date":"2021-02-11T11:00:05","date_gmt":"2021-10-01T09:37:48","guid":{"rendered":"https:\/\/www.graef-gnu.com\/produkt\/gnu-eurocut\/"},"modified":"2021-11-23T08:17:38","modified_gmt":"2021-11-23T07:17:38","slug":"gnu-eurocut","status":"publish","type":"product","link":"https:\/\/graef-gnu.com\/it\/prodotto\/gnu-eurocut\/","title":{"rendered":"GNU-EuroCut"},"content":{"rendered":"<p>Questo filetto per rotativo \u00e8 alternativo al tipo serrated R ed \u00e8 indurito sul filo. La caratteristica \u00e8 la forma ad onda dei denti sul bisello che penetrano molto pi\u00f9 gentilmente nel materiale da fustellare e permette una lunga durata del filo da taglio. Adatto a tutti i tipi di cartone ondulato.<\/p>\n<p>Disponibile nella versione 8\/10 o 12 denti per pollice<\/p>\n","protected":false},"excerpt":{"rendered":"<p>GNU-EuroCut \u00e8 l&#8217;alternativa a Serrated R e presenta una geometria del dente a forma di onda che penetra pi\u00f9 delicatamente nel materiale punzonato e migliora la durata dei rivestimenti del contropunzone.<\/p>\n","protected":false},"featured_media":125914,"template":"","meta":{"_acf_changed":false},"product_cat":[5794],"product_tag":[],"class_list":{"0":"post-125822","1":"product","2":"type-product","3":"status-publish","4":"has-post-thumbnail","6":"product_group-taglio","7":"product_cat-fustelle-rotative","8":"pa_ablaengung-a-1-m-it","9":"pa_ablaengung-sul-ring","10":"pa_hoehe-150-mm","11":"pa_hoehe-160-mm","12":"pa_hoehe-204-mm","13":"pa_hoehe-210-mm","14":"pa_hoehe-213-mm","15":"pa_hoehe-216-mm","16":"pa_hoehe-218-mm","17":"pa_hoehe-220-mm","18":"pa_hoehe-221-mm","19":"pa_hoehe-222-mm","20":"pa_hoehe-225-mm","21":"pa_hoehe-230-mm","22":"pa_hoehe-234-mm-it","23":"pa_hoehe-234-mm","24":"pa_hoehe-238-mm","25":"pa_hoehe-244-mm","26":"pa_hoehe-246-mm","27":"pa_hoehe-2464-mm","28":"pa_hoehe-248-mm","29":"pa_hoehe-249-mm","30":"pa_hoehe-250-mm","31":"pa_hoehe-251-mm-it","32":"pa_hoehe-2515-mm","33":"pa_hoehe-2515-mm-it","34":"pa_hoehe-254-mm","35":"pa_hoehe-256-mm","36":"pa_hoehe-258-mm","37":"pa_hoehe-260-mm","38":"pa_hoehe-261-mm","39":"pa_hoehe-2616-mm","40":"pa_hoehe-262-mm","41":"pa_hoehe-264-mm","42":"pa_hoehe-266-mm","43":"pa_hoehe-2665-mm","44":"pa_hoehe-268-mm","45":"pa_hoehe-270-mm","46":"pa_hoehe-271-mm","47":"pa_hoehe-272-mm","48":"pa_hoehe-278-mm","49":"pa_hoehe-284-mm","50":"pa_hoehe-286-mm","51":"pa_hoehe-288-mm","52":"pa_hoehe-294-mm","53":"pa_hoehe-300-mm","54":"pa_hoehe-3016-mm","55":"pa_hoehe-5850-mm","56":"pa_nuten-con-scanalature","57":"pa_nuten-n-a-it","58":"pa_staerke-breite-105-mm","59":"pa_staerke-breite-142-mm","60":"pa_staerke-breite-20-mm","61":"pa_wicklung-durchmesser-177-mm-it","62":"pa_wicklung-durchmesser-270-mm-it","63":"pa_wicklung-durchmesser-366-mm-it","64":"pa_wicklung-durchmesser-487-mm-it","65":"pa_wicklung-durchmesser-acw-560-mm-it","66":"pa_wicklung-durchmesser-cw-560-mm-it","67":"pa_wicklung-durchmesser-n-a-it","68":"pa_zaehne-10-tpi-it","69":"pa_zaehne-12-tpi-it","70":"pa_zaehne-8-tpi-it","72":"first","73":"instock","74":"purchasable","75":"product-type-variable"},"acf":[],"yoast_head":"<!-- This site is optimized with the Yoast SEO plugin v22.6 - https:\/\/yoast.com\/wordpress\/plugins\/seo\/ -->\n<title>GNU-EuroCut - August Graef GNU<\/title>\n<meta name=\"description\" content=\"Geometria dei denti a forma di onda in - Adatto a tutti i tipi di cartone ondulato \u2705Bordo di taglio temprato in 8, 10 e 12 tpi disponibile\u2705 Richiedi qui!\" \/>\n<meta name=\"robots\" content=\"index, follow, max-snippet:-1, max-image-preview:large, max-video-preview:-1\" \/>\n<link rel=\"canonical\" href=\"https:\/\/graef-gnu.com\/prodotto\/gnu-eurocut\/\" \/>\n<meta property=\"og:locale\" content=\"it_IT\" \/>\n<meta property=\"og:type\" content=\"article\" \/>\n<meta property=\"og:title\" content=\"GNU-EuroCut - August Graef GNU\" \/>\n<meta property=\"og:description\" content=\"Geometria dei denti a forma di onda in - Adatto a tutti i tipi di cartone ondulato \u2705Bordo di taglio temprato in 8, 10 e 12 tpi disponibile\u2705 Richiedi qui!\" \/>\n<meta property=\"og:url\" content=\"https:\/\/graef-gnu.com\/prodotto\/gnu-eurocut\/\" \/>\n<meta property=\"og:site_name\" content=\"August Graef GNU\" \/>\n<meta property=\"article:modified_time\" content=\"2021-11-23T07:17:38+00:00\" \/>\n<meta property=\"og:image\" content=\"https:\/\/graef-gnu.com\/wp-content\/uploads\/gnu_eurocut.jpg\" \/>\n\t<meta property=\"og:image:width\" content=\"890\" \/>\n\t<meta property=\"og:image:height\" content=\"300\" \/>\n\t<meta property=\"og:image:type\" content=\"image\/jpeg\" \/>\n<meta name=\"twitter:card\" content=\"summary_large_image\" \/>\n<meta name=\"twitter:label1\" content=\"Tempo di lettura stimato\" \/>\n\t<meta name=\"twitter:data1\" content=\"1 minuto\" \/>\n<script type=\"application\/ld+json\" class=\"yoast-schema-graph\">{\"@context\":\"https:\/\/schema.org\",\"@graph\":[{\"@type\":\"WebPage\",\"@id\":\"https:\/\/graef-gnu.com\/prodotto\/gnu-eurocut\/\",\"url\":\"https:\/\/graef-gnu.com\/prodotto\/gnu-eurocut\/\",\"name\":\"GNU-EuroCut - August Graef GNU\",\"isPartOf\":{\"@id\":\"https:\/\/graef-gnu.com\/#website\"},\"primaryImageOfPage\":{\"@id\":\"https:\/\/graef-gnu.com\/prodotto\/gnu-eurocut\/#primaryimage\"},\"image\":{\"@id\":\"https:\/\/graef-gnu.com\/prodotto\/gnu-eurocut\/#primaryimage\"},\"thumbnailUrl\":\"https:\/\/graef-gnu.com\/wp-content\/uploads\/gnu_eurocut.jpg\",\"datePublished\":\"2021-10-01T09:37:48+00:00\",\"dateModified\":\"2021-11-23T07:17:38+00:00\",\"description\":\"Geometria dei denti a forma di onda in - Adatto a tutti i tipi di cartone ondulato \u2705Bordo di taglio temprato in 8, 10 e 12 tpi disponibile\u2705 Richiedi qui!\",\"breadcrumb\":{\"@id\":\"https:\/\/graef-gnu.com\/prodotto\/gnu-eurocut\/#breadcrumb\"},\"inLanguage\":\"it-IT\",\"potentialAction\":[{\"@type\":\"ReadAction\",\"target\":[\"https:\/\/graef-gnu.com\/prodotto\/gnu-eurocut\/\"]}]},{\"@type\":\"ImageObject\",\"inLanguage\":\"it-IT\",\"@id\":\"https:\/\/graef-gnu.com\/prodotto\/gnu-eurocut\/#primaryimage\",\"url\":\"https:\/\/graef-gnu.com\/wp-content\/uploads\/gnu_eurocut.jpg\",\"contentUrl\":\"https:\/\/graef-gnu.com\/wp-content\/uploads\/gnu_eurocut.jpg\",\"width\":890,\"height\":300},{\"@type\":\"BreadcrumbList\",\"@id\":\"https:\/\/graef-gnu.com\/prodotto\/gnu-eurocut\/#breadcrumb\",\"itemListElement\":[{\"@type\":\"ListItem\",\"position\":1,\"name\":\"Startseite\",\"item\":\"https:\/\/graef-gnu.com\/it\/\"},{\"@type\":\"ListItem\",\"position\":2,\"name\":\"Panoramica del prodotto\",\"item\":\"https:\/\/graef-gnu.com\/it\/panoramica-del-prodotto\/\"},{\"@type\":\"ListItem\",\"position\":3,\"name\":\"GNU-EuroCut\"}]},{\"@type\":\"WebSite\",\"@id\":\"https:\/\/graef-gnu.com\/#website\",\"url\":\"https:\/\/graef-gnu.com\/\",\"name\":\"August Graef GNU\",\"description\":\"\",\"potentialAction\":[{\"@type\":\"SearchAction\",\"target\":{\"@type\":\"EntryPoint\",\"urlTemplate\":\"https:\/\/graef-gnu.com\/?s={search_term_string}\"},\"query-input\":\"required name=search_term_string\"}],\"inLanguage\":\"it-IT\"}]}<\/script>\n<!-- \/ Yoast SEO plugin. -->","yoast_head_json":{"title":"GNU-EuroCut - August Graef GNU","description":"Geometria dei denti a forma di onda in - Adatto a tutti i tipi di cartone ondulato \u2705Bordo di taglio temprato in 8, 10 e 12 tpi disponibile\u2705 Richiedi qui!","robots":{"index":"index","follow":"follow","max-snippet":"max-snippet:-1","max-image-preview":"max-image-preview:large","max-video-preview":"max-video-preview:-1"},"canonical":"https:\/\/graef-gnu.com\/prodotto\/gnu-eurocut\/","og_locale":"it_IT","og_type":"article","og_title":"GNU-EuroCut - August Graef GNU","og_description":"Geometria dei denti a forma di onda in - Adatto a tutti i tipi di cartone ondulato \u2705Bordo di taglio temprato in 8, 10 e 12 tpi disponibile\u2705 Richiedi qui!","og_url":"https:\/\/graef-gnu.com\/prodotto\/gnu-eurocut\/","og_site_name":"August Graef GNU","article_modified_time":"2021-11-23T07:17:38+00:00","og_image":[{"width":890,"height":300,"url":"https:\/\/graef-gnu.com\/wp-content\/uploads\/gnu_eurocut.jpg","type":"image\/jpeg"}],"twitter_card":"summary_large_image","twitter_misc":{"Tempo di lettura stimato":"1 minuto"},"schema":{"@context":"https:\/\/schema.org","@graph":[{"@type":"WebPage","@id":"https:\/\/graef-gnu.com\/prodotto\/gnu-eurocut\/","url":"https:\/\/graef-gnu.com\/prodotto\/gnu-eurocut\/","name":"GNU-EuroCut - August Graef GNU","isPartOf":{"@id":"https:\/\/graef-gnu.com\/#website"},"primaryImageOfPage":{"@id":"https:\/\/graef-gnu.com\/prodotto\/gnu-eurocut\/#primaryimage"},"image":{"@id":"https:\/\/graef-gnu.com\/prodotto\/gnu-eurocut\/#primaryimage"},"thumbnailUrl":"https:\/\/graef-gnu.com\/wp-content\/uploads\/gnu_eurocut.jpg","datePublished":"2021-10-01T09:37:48+00:00","dateModified":"2021-11-23T07:17:38+00:00","description":"Geometria dei denti a forma di onda in - Adatto a tutti i tipi di cartone ondulato \u2705Bordo di taglio temprato in 8, 10 e 12 tpi disponibile\u2705 Richiedi qui!","breadcrumb":{"@id":"https:\/\/graef-gnu.com\/prodotto\/gnu-eurocut\/#breadcrumb"},"inLanguage":"it-IT","potentialAction":[{"@type":"ReadAction","target":["https:\/\/graef-gnu.com\/prodotto\/gnu-eurocut\/"]}]},{"@type":"ImageObject","inLanguage":"it-IT","@id":"https:\/\/graef-gnu.com\/prodotto\/gnu-eurocut\/#primaryimage","url":"https:\/\/graef-gnu.com\/wp-content\/uploads\/gnu_eurocut.jpg","contentUrl":"https:\/\/graef-gnu.com\/wp-content\/uploads\/gnu_eurocut.jpg","width":890,"height":300},{"@type":"BreadcrumbList","@id":"https:\/\/graef-gnu.com\/prodotto\/gnu-eurocut\/#breadcrumb","itemListElement":[{"@type":"ListItem","position":1,"name":"Startseite","item":"https:\/\/graef-gnu.com\/it\/"},{"@type":"ListItem","position":2,"name":"Panoramica del prodotto","item":"https:\/\/graef-gnu.com\/it\/panoramica-del-prodotto\/"},{"@type":"ListItem","position":3,"name":"GNU-EuroCut"}]},{"@type":"WebSite","@id":"https:\/\/graef-gnu.com\/#website","url":"https:\/\/graef-gnu.com\/","name":"August Graef GNU","description":"","potentialAction":[{"@type":"SearchAction","target":{"@type":"EntryPoint","urlTemplate":"https:\/\/graef-gnu.com\/?s={search_term_string}"},"query-input":"required name=search_term_string"}],"inLanguage":"it-IT"}]}},"_links":{"self":[{"href":"https:\/\/graef-gnu.com\/it\/wp-json\/wp\/v2\/product\/125822","targetHints":{"allow":["GET"]}}],"collection":[{"href":"https:\/\/graef-gnu.com\/it\/wp-json\/wp\/v2\/product"}],"about":[{"href":"https:\/\/graef-gnu.com\/it\/wp-json\/wp\/v2\/types\/product"}],"wp:featuredmedia":[{"embeddable":true,"href":"https:\/\/graef-gnu.com\/it\/wp-json\/wp\/v2\/media\/125914"}],"wp:attachment":[{"href":"https:\/\/graef-gnu.com\/it\/wp-json\/wp\/v2\/media?parent=125822"}],"wp:term":[{"taxonomy":"product_cat","embeddable":true,"href":"https:\/\/graef-gnu.com\/it\/wp-json\/wp\/v2\/product_cat?post=125822"},{"taxonomy":"product_tag","embeddable":true,"href":"https:\/\/graef-gnu.com\/it\/wp-json\/wp\/v2\/product_tag?post=125822"}],"curies":[{"name":"wp","href":"https:\/\/api.w.org\/{rel}","templated":true}]}}