{"id":126063,"date":"2021-02-11T11:02:52","date_gmt":"2021-10-01T09:38:00","guid":{"rendered":"https:\/\/www.graef-gnu.com\/produkt\/creasetec-wave-r\/"},"modified":"2021-11-20T13:24:42","modified_gmt":"2021-11-20T12:24:42","slug":"creasetec-wave-r","status":"publish","type":"product","link":"https:\/\/graef-gnu.com\/it\/prodotto\/creasetec-wave-r\/","title":{"rendered":"Creasetec<sup>&reg;<\/sup>-Wave R"},"content":{"rendered":"<p>Cordonatore a testa ondulata che consente al cartone il massimo rilassamento durante la fase di fustellatura a contatto con la superficie. Disponibile anche curvo in tutti i diametri.<\/p>\n","protected":false},"excerpt":{"rendered":"<p>Creasetec<sup>\u00ae<\/sup>-Wave R \u00e8 un cordonatore ondulato nel bordo di cordonatura, che d\u00e0 al materiale da punzonare pi\u00f9 possibilit\u00e0 di rilassamento grazie alla superficie di contatto pi\u00f9 ampia. Disponibile anche curvo in tutti i diametri.<\/p>\n","protected":false},"featured_media":126146,"template":"","meta":{"_acf_changed":false},"product_cat":[5794],"product_tag":[],"class_list":{"0":"post-126063","1":"product","2":"type-product","3":"status-publish","4":"has-post-thumbnail","6":"product_group-cordonatura","7":"product_cat-fustelle-rotative","8":"pa_ablaengung-a-1-m-it","9":"pa_ablaengung-sul-ring","10":"pa_hoehe-218-mm","11":"pa_hoehe-222-mm","12":"pa_hoehe-224-mm","13":"pa_hoehe-226-mm","14":"pa_hoehe-228-mm","15":"pa_hoehe-228-mm-it","16":"pa_hoehe-232-mm","17":"pa_hoehe-238-mm","18":"pa_nuten-con-scanalature","19":"pa_nuten-n-a-it","20":"pa_staerke-breite-142-mm","21":"pa_welle-110-mm","22":"pa_welle-20-mm","23":"pa_welle-35-mm","24":"pa_welle-50-60-mm","25":"pa_wellenstaerke-2-mm-it","26":"pa_wellenstaerke-3-mm-it","27":"pa_wellenstaerke-35-mm","28":"pa_wellenstaerke-n-a-it","29":"pa_wicklung-durchmesser-177-mm-it","30":"pa_wicklung-durchmesser-270-mm-it","31":"pa_wicklung-durchmesser-366-mm-it","32":"pa_wicklung-durchmesser-487-mm-it","33":"pa_wicklung-durchmesser-n-a-it","35":"first","36":"instock","37":"purchasable","38":"product-type-variable"},"acf":[],"yoast_head":"<!-- This site is optimized with the Yoast SEO plugin v22.6 - https:\/\/yoast.com\/wordpress\/plugins\/seo\/ -->\n<title>Creasetec&reg;-Wave R - August Graef GNU<\/title>\n<meta name=\"description\" content=\"La cordonatura ondulata regola il bordo di cordonatura, che d\u00e0 al materiale da punzonare pi\u00f9 possibilit\u00e0 di rilassamento grazie alla pi\u00f9 ampia superficie di contatto \u2705 Informatevi qui!\" \/>\n<meta name=\"robots\" content=\"index, follow, max-snippet:-1, max-image-preview:large, max-video-preview:-1\" \/>\n<link rel=\"canonical\" href=\"https:\/\/graef-gnu.com\/prodotto\/creasetec-wave-r\/\" \/>\n<meta property=\"og:locale\" content=\"it_IT\" \/>\n<meta property=\"og:type\" content=\"article\" \/>\n<meta property=\"og:title\" content=\"Creasetec&reg;-Wave R - August Graef GNU\" \/>\n<meta property=\"og:description\" content=\"La cordonatura ondulata regola il bordo di cordonatura, che d\u00e0 al materiale da punzonare pi\u00f9 possibilit\u00e0 di rilassamento grazie alla pi\u00f9 ampia superficie di contatto \u2705 Informatevi qui!\" \/>\n<meta property=\"og:url\" content=\"https:\/\/graef-gnu.com\/prodotto\/creasetec-wave-r\/\" \/>\n<meta property=\"og:site_name\" content=\"August Graef GNU\" \/>\n<meta property=\"article:modified_time\" content=\"2021-11-20T12:24:42+00:00\" \/>\n<meta property=\"og:image\" content=\"https:\/\/graef-gnu.com\/wp-content\/uploads\/gnu_creasetec_wave_r.jpg\" \/>\n\t<meta property=\"og:image:width\" content=\"890\" \/>\n\t<meta property=\"og:image:height\" content=\"300\" \/>\n\t<meta property=\"og:image:type\" content=\"image\/jpeg\" \/>\n<meta name=\"twitter:card\" content=\"summary_large_image\" \/>\n<meta name=\"twitter:label1\" content=\"Tempo di lettura stimato\" \/>\n\t<meta name=\"twitter:data1\" content=\"1 minuto\" \/>\n<script type=\"application\/ld+json\" class=\"yoast-schema-graph\">{\"@context\":\"https:\/\/schema.org\",\"@graph\":[{\"@type\":\"WebPage\",\"@id\":\"https:\/\/graef-gnu.com\/prodotto\/creasetec-wave-r\/\",\"url\":\"https:\/\/graef-gnu.com\/prodotto\/creasetec-wave-r\/\",\"name\":\"Creasetec&reg;-Wave R - August Graef GNU\",\"isPartOf\":{\"@id\":\"https:\/\/graef-gnu.com\/#website\"},\"primaryImageOfPage\":{\"@id\":\"https:\/\/graef-gnu.com\/prodotto\/creasetec-wave-r\/#primaryimage\"},\"image\":{\"@id\":\"https:\/\/graef-gnu.com\/prodotto\/creasetec-wave-r\/#primaryimage\"},\"thumbnailUrl\":\"https:\/\/graef-gnu.com\/wp-content\/uploads\/gnu_creasetec_wave_r.jpg\",\"datePublished\":\"2021-10-01T09:38:00+00:00\",\"dateModified\":\"2021-11-20T12:24:42+00:00\",\"description\":\"La cordonatura ondulata regola il bordo di cordonatura, che d\u00e0 al materiale da punzonare pi\u00f9 possibilit\u00e0 di rilassamento grazie alla pi\u00f9 ampia superficie di contatto \u2705 Informatevi qui!\",\"breadcrumb\":{\"@id\":\"https:\/\/graef-gnu.com\/prodotto\/creasetec-wave-r\/#breadcrumb\"},\"inLanguage\":\"it-IT\",\"potentialAction\":[{\"@type\":\"ReadAction\",\"target\":[\"https:\/\/graef-gnu.com\/prodotto\/creasetec-wave-r\/\"]}]},{\"@type\":\"ImageObject\",\"inLanguage\":\"it-IT\",\"@id\":\"https:\/\/graef-gnu.com\/prodotto\/creasetec-wave-r\/#primaryimage\",\"url\":\"https:\/\/graef-gnu.com\/wp-content\/uploads\/gnu_creasetec_wave_r.jpg\",\"contentUrl\":\"https:\/\/graef-gnu.com\/wp-content\/uploads\/gnu_creasetec_wave_r.jpg\",\"width\":890,\"height\":300},{\"@type\":\"BreadcrumbList\",\"@id\":\"https:\/\/graef-gnu.com\/prodotto\/creasetec-wave-r\/#breadcrumb\",\"itemListElement\":[{\"@type\":\"ListItem\",\"position\":1,\"name\":\"Startseite\",\"item\":\"https:\/\/graef-gnu.com\/it\/\"},{\"@type\":\"ListItem\",\"position\":2,\"name\":\"Panoramica del prodotto\",\"item\":\"https:\/\/graef-gnu.com\/it\/panoramica-del-prodotto\/\"},{\"@type\":\"ListItem\",\"position\":3,\"name\":\"Creasetec&reg;-Wave R\"}]},{\"@type\":\"WebSite\",\"@id\":\"https:\/\/graef-gnu.com\/#website\",\"url\":\"https:\/\/graef-gnu.com\/\",\"name\":\"August Graef GNU\",\"description\":\"\",\"potentialAction\":[{\"@type\":\"SearchAction\",\"target\":{\"@type\":\"EntryPoint\",\"urlTemplate\":\"https:\/\/graef-gnu.com\/?s={search_term_string}\"},\"query-input\":\"required name=search_term_string\"}],\"inLanguage\":\"it-IT\"}]}<\/script>\n<!-- \/ Yoast SEO plugin. -->","yoast_head_json":{"title":"Creasetec&reg;-Wave R - August Graef GNU","description":"La cordonatura ondulata regola il bordo di cordonatura, che d\u00e0 al materiale da punzonare pi\u00f9 possibilit\u00e0 di rilassamento grazie alla pi\u00f9 ampia superficie di contatto \u2705 Informatevi qui!","robots":{"index":"index","follow":"follow","max-snippet":"max-snippet:-1","max-image-preview":"max-image-preview:large","max-video-preview":"max-video-preview:-1"},"canonical":"https:\/\/graef-gnu.com\/prodotto\/creasetec-wave-r\/","og_locale":"it_IT","og_type":"article","og_title":"Creasetec&reg;-Wave R - August Graef GNU","og_description":"La cordonatura ondulata regola il bordo di cordonatura, che d\u00e0 al materiale da punzonare pi\u00f9 possibilit\u00e0 di rilassamento grazie alla pi\u00f9 ampia superficie di contatto \u2705 Informatevi qui!","og_url":"https:\/\/graef-gnu.com\/prodotto\/creasetec-wave-r\/","og_site_name":"August Graef GNU","article_modified_time":"2021-11-20T12:24:42+00:00","og_image":[{"width":890,"height":300,"url":"https:\/\/graef-gnu.com\/wp-content\/uploads\/gnu_creasetec_wave_r.jpg","type":"image\/jpeg"}],"twitter_card":"summary_large_image","twitter_misc":{"Tempo di lettura stimato":"1 minuto"},"schema":{"@context":"https:\/\/schema.org","@graph":[{"@type":"WebPage","@id":"https:\/\/graef-gnu.com\/prodotto\/creasetec-wave-r\/","url":"https:\/\/graef-gnu.com\/prodotto\/creasetec-wave-r\/","name":"Creasetec&reg;-Wave R - August Graef GNU","isPartOf":{"@id":"https:\/\/graef-gnu.com\/#website"},"primaryImageOfPage":{"@id":"https:\/\/graef-gnu.com\/prodotto\/creasetec-wave-r\/#primaryimage"},"image":{"@id":"https:\/\/graef-gnu.com\/prodotto\/creasetec-wave-r\/#primaryimage"},"thumbnailUrl":"https:\/\/graef-gnu.com\/wp-content\/uploads\/gnu_creasetec_wave_r.jpg","datePublished":"2021-10-01T09:38:00+00:00","dateModified":"2021-11-20T12:24:42+00:00","description":"La cordonatura ondulata regola il bordo di cordonatura, che d\u00e0 al materiale da punzonare pi\u00f9 possibilit\u00e0 di rilassamento grazie alla pi\u00f9 ampia superficie di contatto \u2705 Informatevi qui!","breadcrumb":{"@id":"https:\/\/graef-gnu.com\/prodotto\/creasetec-wave-r\/#breadcrumb"},"inLanguage":"it-IT","potentialAction":[{"@type":"ReadAction","target":["https:\/\/graef-gnu.com\/prodotto\/creasetec-wave-r\/"]}]},{"@type":"ImageObject","inLanguage":"it-IT","@id":"https:\/\/graef-gnu.com\/prodotto\/creasetec-wave-r\/#primaryimage","url":"https:\/\/graef-gnu.com\/wp-content\/uploads\/gnu_creasetec_wave_r.jpg","contentUrl":"https:\/\/graef-gnu.com\/wp-content\/uploads\/gnu_creasetec_wave_r.jpg","width":890,"height":300},{"@type":"BreadcrumbList","@id":"https:\/\/graef-gnu.com\/prodotto\/creasetec-wave-r\/#breadcrumb","itemListElement":[{"@type":"ListItem","position":1,"name":"Startseite","item":"https:\/\/graef-gnu.com\/it\/"},{"@type":"ListItem","position":2,"name":"Panoramica del prodotto","item":"https:\/\/graef-gnu.com\/it\/panoramica-del-prodotto\/"},{"@type":"ListItem","position":3,"name":"Creasetec&reg;-Wave R"}]},{"@type":"WebSite","@id":"https:\/\/graef-gnu.com\/#website","url":"https:\/\/graef-gnu.com\/","name":"August Graef GNU","description":"","potentialAction":[{"@type":"SearchAction","target":{"@type":"EntryPoint","urlTemplate":"https:\/\/graef-gnu.com\/?s={search_term_string}"},"query-input":"required name=search_term_string"}],"inLanguage":"it-IT"}]}},"_links":{"self":[{"href":"https:\/\/graef-gnu.com\/it\/wp-json\/wp\/v2\/product\/126063","targetHints":{"allow":["GET"]}}],"collection":[{"href":"https:\/\/graef-gnu.com\/it\/wp-json\/wp\/v2\/product"}],"about":[{"href":"https:\/\/graef-gnu.com\/it\/wp-json\/wp\/v2\/types\/product"}],"wp:featuredmedia":[{"embeddable":true,"href":"https:\/\/graef-gnu.com\/it\/wp-json\/wp\/v2\/media\/126146"}],"wp:attachment":[{"href":"https:\/\/graef-gnu.com\/it\/wp-json\/wp\/v2\/media?parent=126063"}],"wp:term":[{"taxonomy":"product_cat","embeddable":true,"href":"https:\/\/graef-gnu.com\/it\/wp-json\/wp\/v2\/product_cat?post=126063"},{"taxonomy":"product_tag","embeddable":true,"href":"https:\/\/graef-gnu.com\/it\/wp-json\/wp\/v2\/product_tag?post=126063"}],"curies":[{"name":"wp","href":"https:\/\/api.w.org\/{rel}","templated":true}]}}