{"id":126434,"date":"2021-02-11T11:07:38","date_gmt":"2021-10-01T09:38:15","guid":{"rendered":"https:\/\/www.graef-gnu.com\/produkt\/smerigliatrice-a-punta-hps1-compreso-un-set-completo-di-mole\/"},"modified":"2021-10-01T11:41:49","modified_gmt":"2021-10-01T09:41:49","slug":"hps1-smerigliatrice-a-tazza-incluso-un-set-completo-di-mole","status":"publish","type":"product","link":"https:\/\/graef-gnu.com\/it\/prodotto\/hps1-smerigliatrice-a-tazza-incluso-un-set-completo-di-mole\/","title":{"rendered":"Smerigliatrice a punta HPS1, compreso un set completo di mole"},"content":{"rendered":"<p>Utensile leggero e maneggevole per l&#8217;affilatura accurata e perpendicolare delle tacche di rottura nei tagli dei nastri d&#8217;acciaio.<\/p>\n<p>La profondit\u00e0 di molatura \u00e8 regolabile per mezzo di un controllo di profondit\u00e0. La manopola di bloccaggio del perno avvitabile sul mandrino di lavoro permette di cambiare rapidamente e facilmente le mole per i diversi spessori delle punte nelle linee di taglio. La rettifica pu\u00f2 essere fatta sia prima che dopo aver incollato la gomma di espulsione accanto alle linee di taglio.<\/p>\n<p>L&#8217;attrezzatura di base comprende 3 mole da 0,4 &#8211; 0,5 &#8211; 0,6 &#8211; 0,7 &#8211; 0,8 &#8211; 1,0 &#8211; 1,2 mm di spessore ciascuna.<\/p>\n<p>L&#8217;unit\u00e0 \u00e8 dotata di un potente motore pneumatico da 400 watt.<\/p>\n","protected":false},"excerpt":{"rendered":"<p>Utensile leggero e maneggevole per l&#8217;affilatura accurata e perpendicolare delle tacche di rottura nei tagli dei nastri d&#8217;acciaio.<\/p>\n<p>&nbsp;<\/p>\n","protected":false},"featured_media":126471,"template":"","meta":{"_acf_changed":false},"product_cat":[5791],"product_tag":[],"class_list":{"0":"post-126434","1":"product","2":"type-product","3":"status-publish","4":"has-post-thumbnail","6":"product_group-accessori-per-fustelle","7":"product_cat-accessori","9":"first","10":"outofstock","11":"purchasable","12":"product-type-simple"},"acf":[],"yoast_head":"<!-- This site is optimized with the Yoast SEO plugin v22.6 - https:\/\/yoast.com\/wordpress\/plugins\/seo\/ -->\n<title>Smerigliatrice a punta HPS1, compreso un set completo di mole - August Graef GNU<\/title>\n<meta name=\"robots\" content=\"index, follow, max-snippet:-1, max-image-preview:large, max-video-preview:-1\" \/>\n<link rel=\"canonical\" href=\"https:\/\/graef-gnu.com\/prodotto\/haltepunktschleifgeraet-hps1-inklusive-einem-kompletten-satz-schleifscheiben\/\" \/>\n<meta property=\"og:locale\" content=\"it_IT\" \/>\n<meta property=\"og:type\" content=\"article\" \/>\n<meta property=\"og:title\" content=\"Smerigliatrice a punta HPS1, compreso un set completo di mole - August Graef GNU\" \/>\n<meta property=\"og:description\" content=\"Utensile leggero e maneggevole per l&#039;affilatura accurata e perpendicolare delle tacche di rottura nei tagli dei nastri d&#039;acciaio. &nbsp;\" \/>\n<meta property=\"og:url\" content=\"https:\/\/graef-gnu.com\/prodotto\/haltepunktschleifgeraet-hps1-inklusive-einem-kompletten-satz-schleifscheiben\/\" \/>\n<meta property=\"og:site_name\" content=\"August Graef GNU\" \/>\n<meta property=\"article:modified_time\" content=\"2021-10-01T09:41:49+00:00\" \/>\n<meta property=\"og:image\" content=\"https:\/\/graef-gnu.com\/wp-content\/uploads\/gnu_haltepunktschleifgeraet.jpg\" \/>\n\t<meta property=\"og:image:width\" content=\"890\" \/>\n\t<meta property=\"og:image:height\" content=\"300\" \/>\n\t<meta property=\"og:image:type\" content=\"image\/jpeg\" \/>\n<meta name=\"twitter:card\" content=\"summary_large_image\" \/>\n<meta name=\"twitter:label1\" content=\"Tempo di lettura stimato\" \/>\n\t<meta name=\"twitter:data1\" content=\"1 minuto\" \/>\n<script type=\"application\/ld+json\" class=\"yoast-schema-graph\">{\"@context\":\"https:\/\/schema.org\",\"@graph\":[{\"@type\":\"WebPage\",\"@id\":\"https:\/\/graef-gnu.com\/prodotto\/haltepunktschleifgeraet-hps1-inklusive-einem-kompletten-satz-schleifscheiben\/\",\"url\":\"https:\/\/graef-gnu.com\/prodotto\/haltepunktschleifgeraet-hps1-inklusive-einem-kompletten-satz-schleifscheiben\/\",\"name\":\"Smerigliatrice a punta HPS1, compreso un set completo di mole - August Graef GNU\",\"isPartOf\":{\"@id\":\"https:\/\/graef-gnu.com\/#website\"},\"primaryImageOfPage\":{\"@id\":\"https:\/\/graef-gnu.com\/prodotto\/haltepunktschleifgeraet-hps1-inklusive-einem-kompletten-satz-schleifscheiben\/#primaryimage\"},\"image\":{\"@id\":\"https:\/\/graef-gnu.com\/prodotto\/haltepunktschleifgeraet-hps1-inklusive-einem-kompletten-satz-schleifscheiben\/#primaryimage\"},\"thumbnailUrl\":\"https:\/\/graef-gnu.com\/wp-content\/uploads\/gnu_haltepunktschleifgeraet.jpg\",\"datePublished\":\"2021-10-01T09:38:15+00:00\",\"dateModified\":\"2021-10-01T09:41:49+00:00\",\"breadcrumb\":{\"@id\":\"https:\/\/graef-gnu.com\/prodotto\/haltepunktschleifgeraet-hps1-inklusive-einem-kompletten-satz-schleifscheiben\/#breadcrumb\"},\"inLanguage\":\"it-IT\",\"potentialAction\":[{\"@type\":\"ReadAction\",\"target\":[\"https:\/\/graef-gnu.com\/prodotto\/haltepunktschleifgeraet-hps1-inklusive-einem-kompletten-satz-schleifscheiben\/\"]}]},{\"@type\":\"ImageObject\",\"inLanguage\":\"it-IT\",\"@id\":\"https:\/\/graef-gnu.com\/prodotto\/haltepunktschleifgeraet-hps1-inklusive-einem-kompletten-satz-schleifscheiben\/#primaryimage\",\"url\":\"https:\/\/graef-gnu.com\/wp-content\/uploads\/gnu_haltepunktschleifgeraet.jpg\",\"contentUrl\":\"https:\/\/graef-gnu.com\/wp-content\/uploads\/gnu_haltepunktschleifgeraet.jpg\",\"width\":890,\"height\":300},{\"@type\":\"BreadcrumbList\",\"@id\":\"https:\/\/graef-gnu.com\/prodotto\/haltepunktschleifgeraet-hps1-inklusive-einem-kompletten-satz-schleifscheiben\/#breadcrumb\",\"itemListElement\":[{\"@type\":\"ListItem\",\"position\":1,\"name\":\"Startseite\",\"item\":\"https:\/\/graef-gnu.com\/it\/\"},{\"@type\":\"ListItem\",\"position\":2,\"name\":\"Panoramica del prodotto\",\"item\":\"https:\/\/graef-gnu.com\/it\/panoramica-del-prodotto\/\"},{\"@type\":\"ListItem\",\"position\":3,\"name\":\"Smerigliatrice a punta HPS1, compreso un set completo di mole\"}]},{\"@type\":\"WebSite\",\"@id\":\"https:\/\/graef-gnu.com\/#website\",\"url\":\"https:\/\/graef-gnu.com\/\",\"name\":\"August Graef GNU\",\"description\":\"\",\"potentialAction\":[{\"@type\":\"SearchAction\",\"target\":{\"@type\":\"EntryPoint\",\"urlTemplate\":\"https:\/\/graef-gnu.com\/?s={search_term_string}\"},\"query-input\":\"required name=search_term_string\"}],\"inLanguage\":\"it-IT\"}]}<\/script>\n<!-- \/ Yoast SEO plugin. -->","yoast_head_json":{"title":"Smerigliatrice a punta HPS1, compreso un set completo di mole - August Graef GNU","robots":{"index":"index","follow":"follow","max-snippet":"max-snippet:-1","max-image-preview":"max-image-preview:large","max-video-preview":"max-video-preview:-1"},"canonical":"https:\/\/graef-gnu.com\/prodotto\/haltepunktschleifgeraet-hps1-inklusive-einem-kompletten-satz-schleifscheiben\/","og_locale":"it_IT","og_type":"article","og_title":"Smerigliatrice a punta HPS1, compreso un set completo di mole - August Graef GNU","og_description":"Utensile leggero e maneggevole per l'affilatura accurata e perpendicolare delle tacche di rottura nei tagli dei nastri d'acciaio. &nbsp;","og_url":"https:\/\/graef-gnu.com\/prodotto\/haltepunktschleifgeraet-hps1-inklusive-einem-kompletten-satz-schleifscheiben\/","og_site_name":"August Graef GNU","article_modified_time":"2021-10-01T09:41:49+00:00","og_image":[{"width":890,"height":300,"url":"https:\/\/graef-gnu.com\/wp-content\/uploads\/gnu_haltepunktschleifgeraet.jpg","type":"image\/jpeg"}],"twitter_card":"summary_large_image","twitter_misc":{"Tempo di lettura stimato":"1 minuto"},"schema":{"@context":"https:\/\/schema.org","@graph":[{"@type":"WebPage","@id":"https:\/\/graef-gnu.com\/prodotto\/haltepunktschleifgeraet-hps1-inklusive-einem-kompletten-satz-schleifscheiben\/","url":"https:\/\/graef-gnu.com\/prodotto\/haltepunktschleifgeraet-hps1-inklusive-einem-kompletten-satz-schleifscheiben\/","name":"Smerigliatrice a punta HPS1, compreso un set completo di mole - August Graef GNU","isPartOf":{"@id":"https:\/\/graef-gnu.com\/#website"},"primaryImageOfPage":{"@id":"https:\/\/graef-gnu.com\/prodotto\/haltepunktschleifgeraet-hps1-inklusive-einem-kompletten-satz-schleifscheiben\/#primaryimage"},"image":{"@id":"https:\/\/graef-gnu.com\/prodotto\/haltepunktschleifgeraet-hps1-inklusive-einem-kompletten-satz-schleifscheiben\/#primaryimage"},"thumbnailUrl":"https:\/\/graef-gnu.com\/wp-content\/uploads\/gnu_haltepunktschleifgeraet.jpg","datePublished":"2021-10-01T09:38:15+00:00","dateModified":"2021-10-01T09:41:49+00:00","breadcrumb":{"@id":"https:\/\/graef-gnu.com\/prodotto\/haltepunktschleifgeraet-hps1-inklusive-einem-kompletten-satz-schleifscheiben\/#breadcrumb"},"inLanguage":"it-IT","potentialAction":[{"@type":"ReadAction","target":["https:\/\/graef-gnu.com\/prodotto\/haltepunktschleifgeraet-hps1-inklusive-einem-kompletten-satz-schleifscheiben\/"]}]},{"@type":"ImageObject","inLanguage":"it-IT","@id":"https:\/\/graef-gnu.com\/prodotto\/haltepunktschleifgeraet-hps1-inklusive-einem-kompletten-satz-schleifscheiben\/#primaryimage","url":"https:\/\/graef-gnu.com\/wp-content\/uploads\/gnu_haltepunktschleifgeraet.jpg","contentUrl":"https:\/\/graef-gnu.com\/wp-content\/uploads\/gnu_haltepunktschleifgeraet.jpg","width":890,"height":300},{"@type":"BreadcrumbList","@id":"https:\/\/graef-gnu.com\/prodotto\/haltepunktschleifgeraet-hps1-inklusive-einem-kompletten-satz-schleifscheiben\/#breadcrumb","itemListElement":[{"@type":"ListItem","position":1,"name":"Startseite","item":"https:\/\/graef-gnu.com\/it\/"},{"@type":"ListItem","position":2,"name":"Panoramica del prodotto","item":"https:\/\/graef-gnu.com\/it\/panoramica-del-prodotto\/"},{"@type":"ListItem","position":3,"name":"Smerigliatrice a punta HPS1, compreso un set completo di mole"}]},{"@type":"WebSite","@id":"https:\/\/graef-gnu.com\/#website","url":"https:\/\/graef-gnu.com\/","name":"August Graef GNU","description":"","potentialAction":[{"@type":"SearchAction","target":{"@type":"EntryPoint","urlTemplate":"https:\/\/graef-gnu.com\/?s={search_term_string}"},"query-input":"required name=search_term_string"}],"inLanguage":"it-IT"}]}},"_links":{"self":[{"href":"https:\/\/graef-gnu.com\/it\/wp-json\/wp\/v2\/product\/126434","targetHints":{"allow":["GET"]}}],"collection":[{"href":"https:\/\/graef-gnu.com\/it\/wp-json\/wp\/v2\/product"}],"about":[{"href":"https:\/\/graef-gnu.com\/it\/wp-json\/wp\/v2\/types\/product"}],"wp:featuredmedia":[{"embeddable":true,"href":"https:\/\/graef-gnu.com\/it\/wp-json\/wp\/v2\/media\/126471"}],"wp:attachment":[{"href":"https:\/\/graef-gnu.com\/it\/wp-json\/wp\/v2\/media?parent=126434"}],"wp:term":[{"taxonomy":"product_cat","embeddable":true,"href":"https:\/\/graef-gnu.com\/it\/wp-json\/wp\/v2\/product_cat?post=126434"},{"taxonomy":"product_tag","embeddable":true,"href":"https:\/\/graef-gnu.com\/it\/wp-json\/wp\/v2\/product_tag?post=126434"}],"curies":[{"name":"wp","href":"https:\/\/api.w.org\/{rel}","templated":true}]}}