{"id":129392,"date":"2021-02-11T11:04:31","date_gmt":"2021-10-01T09:40:23","guid":{"rendered":"https:\/\/www.graef-gnu.com\/produkt\/gnu-ep-autofix\/"},"modified":"2021-10-01T11:40:31","modified_gmt":"2021-10-01T09:40:31","slug":"gnu-ep-autofix","status":"publish","type":"product","link":"https:\/\/graef-gnu.com\/it\/prodotto\/gnu-ep-autofix\/","title":{"rendered":"GNU EP Autofix"},"content":{"rendered":"<p>Accanto alla gomma spugna, la classica tra le gomme da espulsione, ma a cellule chiuse. \u00c8 ancora usato su molte fustelle nonostante il crescente numero di alternative. Questa gomma \u00e8 caratterizzata da un buon rapporto qualit\u00e0-prezzo.<\/p>\n<p>Disponibile anche autoadesivo.<\/p>\n","protected":false},"excerpt":{"rendered":"<p>Accanto alla gomma spugna, la classica tra le gomme da espulsione, ma a cellule chiuse. \u00c8 ancora usato su molte fustelle nonostante il crescente numero di alternative.<\/p>\n","protected":false},"featured_media":129410,"template":"","meta":{"_acf_changed":false},"product_cat":[5790],"product_tag":[],"class_list":{"0":"post-129392","1":"product","2":"type-product","3":"status-publish","4":"has-post-thumbnail","6":"product_group-fogli","7":"product_cat-materiali-di-espulsione","8":"pa_ablaengung-a-1-m-it","9":"pa_ablaengung-a-500-mm-it","10":"pa_dimension-1-m-it","11":"pa_hoehe-10-mm-it","12":"pa_hoehe-11-mm-it","13":"pa_hoehe-115-mm","14":"pa_hoehe-12-mm-it","15":"pa_hoehe-13-mm-it","16":"pa_hoehe-14-mm-it","17":"pa_hoehe-15-mm-it","18":"pa_hoehe-3-mm-it","19":"pa_hoehe-4-mm-it","20":"pa_hoehe-6-mm-it","21":"pa_hoehe-7-mm-it","22":"pa_hoehe-8-mm-it","23":"pa_profilbreite-10-mm-it","24":"pa_profilbreite-12-mm-it","25":"pa_profilbreite-7-mm-it","26":"pa_profilbreite-8-mm-it","27":"pa_shore-haerte-riva-20-a","29":"first","30":"instock","31":"purchasable","32":"product-type-variable"},"acf":[],"yoast_head":"<!-- This site is optimized with the Yoast SEO plugin v22.6 - https:\/\/yoast.com\/wordpress\/plugins\/seo\/ -->\n<title>GNU EP Autofix - August Graef GNU<\/title>\n<meta name=\"description\" content=\"Gomma per espulsione GNU EP Autofix \u25ba buon rapporto qualit\u00e0-prezzo \u2705 Disponibile anche autoadesivo \u2705 Informatevi subito online!\" \/>\n<meta name=\"robots\" content=\"index, follow, max-snippet:-1, max-image-preview:large, max-video-preview:-1\" \/>\n<link rel=\"canonical\" href=\"https:\/\/graef-gnu.com\/prodotto\/gnu-ep-autofix\/\" \/>\n<meta property=\"og:locale\" content=\"it_IT\" \/>\n<meta property=\"og:type\" content=\"article\" \/>\n<meta property=\"og:title\" content=\"GNU EP Autofix - August Graef GNU\" \/>\n<meta property=\"og:description\" content=\"Gomma per espulsione GNU EP Autofix \u25ba buon rapporto qualit\u00e0-prezzo \u2705 Disponibile anche autoadesivo \u2705 Informatevi subito online!\" \/>\n<meta property=\"og:url\" content=\"https:\/\/graef-gnu.com\/prodotto\/gnu-ep-autofix\/\" \/>\n<meta property=\"og:site_name\" content=\"August Graef GNU\" \/>\n<meta property=\"article:modified_time\" content=\"2021-10-01T09:40:31+00:00\" \/>\n<meta property=\"og:image\" content=\"https:\/\/graef-gnu.com\/wp-content\/uploads\/gnu_epdm_autofix.jpg\" \/>\n\t<meta property=\"og:image:width\" content=\"890\" \/>\n\t<meta property=\"og:image:height\" content=\"300\" \/>\n\t<meta property=\"og:image:type\" content=\"image\/jpeg\" \/>\n<meta name=\"twitter:card\" content=\"summary_large_image\" \/>\n<script type=\"application\/ld+json\" class=\"yoast-schema-graph\">{\"@context\":\"https:\/\/schema.org\",\"@graph\":[{\"@type\":\"WebPage\",\"@id\":\"https:\/\/graef-gnu.com\/prodotto\/gnu-ep-autofix\/\",\"url\":\"https:\/\/graef-gnu.com\/prodotto\/gnu-ep-autofix\/\",\"name\":\"GNU EP Autofix - August Graef GNU\",\"isPartOf\":{\"@id\":\"https:\/\/graef-gnu.com\/#website\"},\"primaryImageOfPage\":{\"@id\":\"https:\/\/graef-gnu.com\/prodotto\/gnu-ep-autofix\/#primaryimage\"},\"image\":{\"@id\":\"https:\/\/graef-gnu.com\/prodotto\/gnu-ep-autofix\/#primaryimage\"},\"thumbnailUrl\":\"https:\/\/graef-gnu.com\/wp-content\/uploads\/gnu_epdm_autofix.jpg\",\"datePublished\":\"2021-10-01T09:40:23+00:00\",\"dateModified\":\"2021-10-01T09:40:31+00:00\",\"description\":\"Gomma per espulsione GNU EP Autofix \u25ba buon rapporto qualit\u00e0-prezzo \u2705 Disponibile anche autoadesivo \u2705 Informatevi subito online!\",\"breadcrumb\":{\"@id\":\"https:\/\/graef-gnu.com\/prodotto\/gnu-ep-autofix\/#breadcrumb\"},\"inLanguage\":\"it-IT\",\"potentialAction\":[{\"@type\":\"ReadAction\",\"target\":[\"https:\/\/graef-gnu.com\/prodotto\/gnu-ep-autofix\/\"]}]},{\"@type\":\"ImageObject\",\"inLanguage\":\"it-IT\",\"@id\":\"https:\/\/graef-gnu.com\/prodotto\/gnu-ep-autofix\/#primaryimage\",\"url\":\"https:\/\/graef-gnu.com\/wp-content\/uploads\/gnu_epdm_autofix.jpg\",\"contentUrl\":\"https:\/\/graef-gnu.com\/wp-content\/uploads\/gnu_epdm_autofix.jpg\",\"width\":890,\"height\":300},{\"@type\":\"BreadcrumbList\",\"@id\":\"https:\/\/graef-gnu.com\/prodotto\/gnu-ep-autofix\/#breadcrumb\",\"itemListElement\":[{\"@type\":\"ListItem\",\"position\":1,\"name\":\"Startseite\",\"item\":\"https:\/\/graef-gnu.com\/it\/\"},{\"@type\":\"ListItem\",\"position\":2,\"name\":\"Panoramica del prodotto\",\"item\":\"https:\/\/graef-gnu.com\/it\/panoramica-del-prodotto\/\"},{\"@type\":\"ListItem\",\"position\":3,\"name\":\"GNU EP Autofix\"}]},{\"@type\":\"WebSite\",\"@id\":\"https:\/\/graef-gnu.com\/#website\",\"url\":\"https:\/\/graef-gnu.com\/\",\"name\":\"August Graef GNU\",\"description\":\"\",\"potentialAction\":[{\"@type\":\"SearchAction\",\"target\":{\"@type\":\"EntryPoint\",\"urlTemplate\":\"https:\/\/graef-gnu.com\/?s={search_term_string}\"},\"query-input\":\"required name=search_term_string\"}],\"inLanguage\":\"it-IT\"}]}<\/script>\n<!-- \/ Yoast SEO plugin. -->","yoast_head_json":{"title":"GNU EP Autofix - August Graef GNU","description":"Gomma per espulsione GNU EP Autofix \u25ba buon rapporto qualit\u00e0-prezzo \u2705 Disponibile anche autoadesivo \u2705 Informatevi subito online!","robots":{"index":"index","follow":"follow","max-snippet":"max-snippet:-1","max-image-preview":"max-image-preview:large","max-video-preview":"max-video-preview:-1"},"canonical":"https:\/\/graef-gnu.com\/prodotto\/gnu-ep-autofix\/","og_locale":"it_IT","og_type":"article","og_title":"GNU EP Autofix - August Graef GNU","og_description":"Gomma per espulsione GNU EP Autofix \u25ba buon rapporto qualit\u00e0-prezzo \u2705 Disponibile anche autoadesivo \u2705 Informatevi subito online!","og_url":"https:\/\/graef-gnu.com\/prodotto\/gnu-ep-autofix\/","og_site_name":"August Graef GNU","article_modified_time":"2021-10-01T09:40:31+00:00","og_image":[{"width":890,"height":300,"url":"https:\/\/graef-gnu.com\/wp-content\/uploads\/gnu_epdm_autofix.jpg","type":"image\/jpeg"}],"twitter_card":"summary_large_image","schema":{"@context":"https:\/\/schema.org","@graph":[{"@type":"WebPage","@id":"https:\/\/graef-gnu.com\/prodotto\/gnu-ep-autofix\/","url":"https:\/\/graef-gnu.com\/prodotto\/gnu-ep-autofix\/","name":"GNU EP Autofix - August Graef GNU","isPartOf":{"@id":"https:\/\/graef-gnu.com\/#website"},"primaryImageOfPage":{"@id":"https:\/\/graef-gnu.com\/prodotto\/gnu-ep-autofix\/#primaryimage"},"image":{"@id":"https:\/\/graef-gnu.com\/prodotto\/gnu-ep-autofix\/#primaryimage"},"thumbnailUrl":"https:\/\/graef-gnu.com\/wp-content\/uploads\/gnu_epdm_autofix.jpg","datePublished":"2021-10-01T09:40:23+00:00","dateModified":"2021-10-01T09:40:31+00:00","description":"Gomma per espulsione GNU EP Autofix \u25ba buon rapporto qualit\u00e0-prezzo \u2705 Disponibile anche autoadesivo \u2705 Informatevi subito online!","breadcrumb":{"@id":"https:\/\/graef-gnu.com\/prodotto\/gnu-ep-autofix\/#breadcrumb"},"inLanguage":"it-IT","potentialAction":[{"@type":"ReadAction","target":["https:\/\/graef-gnu.com\/prodotto\/gnu-ep-autofix\/"]}]},{"@type":"ImageObject","inLanguage":"it-IT","@id":"https:\/\/graef-gnu.com\/prodotto\/gnu-ep-autofix\/#primaryimage","url":"https:\/\/graef-gnu.com\/wp-content\/uploads\/gnu_epdm_autofix.jpg","contentUrl":"https:\/\/graef-gnu.com\/wp-content\/uploads\/gnu_epdm_autofix.jpg","width":890,"height":300},{"@type":"BreadcrumbList","@id":"https:\/\/graef-gnu.com\/prodotto\/gnu-ep-autofix\/#breadcrumb","itemListElement":[{"@type":"ListItem","position":1,"name":"Startseite","item":"https:\/\/graef-gnu.com\/it\/"},{"@type":"ListItem","position":2,"name":"Panoramica del prodotto","item":"https:\/\/graef-gnu.com\/it\/panoramica-del-prodotto\/"},{"@type":"ListItem","position":3,"name":"GNU EP Autofix"}]},{"@type":"WebSite","@id":"https:\/\/graef-gnu.com\/#website","url":"https:\/\/graef-gnu.com\/","name":"August Graef GNU","description":"","potentialAction":[{"@type":"SearchAction","target":{"@type":"EntryPoint","urlTemplate":"https:\/\/graef-gnu.com\/?s={search_term_string}"},"query-input":"required name=search_term_string"}],"inLanguage":"it-IT"}]}},"_links":{"self":[{"href":"https:\/\/graef-gnu.com\/it\/wp-json\/wp\/v2\/product\/129392","targetHints":{"allow":["GET"]}}],"collection":[{"href":"https:\/\/graef-gnu.com\/it\/wp-json\/wp\/v2\/product"}],"about":[{"href":"https:\/\/graef-gnu.com\/it\/wp-json\/wp\/v2\/types\/product"}],"wp:featuredmedia":[{"embeddable":true,"href":"https:\/\/graef-gnu.com\/it\/wp-json\/wp\/v2\/media\/129410"}],"wp:attachment":[{"href":"https:\/\/graef-gnu.com\/it\/wp-json\/wp\/v2\/media?parent=129392"}],"wp:term":[{"taxonomy":"product_cat","embeddable":true,"href":"https:\/\/graef-gnu.com\/it\/wp-json\/wp\/v2\/product_cat?post=129392"},{"taxonomy":"product_tag","embeddable":true,"href":"https:\/\/graef-gnu.com\/it\/wp-json\/wp\/v2\/product_tag?post=129392"}],"curies":[{"name":"wp","href":"https:\/\/api.w.org\/{rel}","templated":true}]}}