{"id":129462,"date":"2021-02-11T11:04:33","date_gmt":"2021-10-01T09:40:27","guid":{"rendered":"https:\/\/www.graef-gnu.com\/produkt\/gnu-colorcell\/"},"modified":"2021-10-01T11:40:34","modified_gmt":"2021-10-01T09:40:34","slug":"gnu-colorcell","status":"publish","type":"product","link":"https:\/\/graef-gnu.com\/it\/prodotto\/gnu-colorcell\/","title":{"rendered":"GNU ColorCell<sup>&reg;<\/sup>"},"content":{"rendered":"<p>GNU ColorCell<sup>&reg;<\/sup> \u00e8 la nuova e moderna gomma di espulsione standard per le fustelle di taglio piatto che si \u00e8 assicurata una grande quota del mercato della gomma in pochissimo tempo. Colpisce con un buon rapporto qualit\u00e0-prezzo, resistenza ai raggi UV e all&#8217;invecchiamento e un design colorato per valorizzare la fustella.GNU ColorCell<sup>&reg;<\/sup> \u00e8 certificato come innocuo per la produzione di scatole pieghevoli per alimenti.<\/p>\n","protected":false},"excerpt":{"rendered":"<p>GNU ColorCell<sup>&reg;<\/sup> \u00e8 la nuova e moderna gomma di espulsione standard per le fustelle di taglio piatto che si \u00e8 assicurata una grande quota del mercato della gomma in pochissimo tempo.<\/p>\n","protected":false},"featured_media":129491,"template":"","meta":{"_acf_changed":false},"product_cat":[5790],"product_tag":[],"class_list":{"0":"post-129462","1":"product","2":"type-product","3":"status-publish","4":"has-post-thumbnail","6":"product_group-fogli","7":"product_cat-materiali-di-espulsione","8":"pa_dimension-0828-m","9":"pa_dimension-1-m-it","10":"pa_hoehe-10-mm-it","11":"pa_hoehe-11-mm-it","12":"pa_hoehe-12-mm-it","13":"pa_hoehe-13-mm-it-2","14":"pa_hoehe-135-mm","15":"pa_hoehe-15-mm-it","16":"pa_hoehe-17-mm-it","17":"pa_hoehe-7-mm-it","18":"pa_hoehe-75-mm","19":"pa_hoehe-8-mm-it","20":"pa_hoehe-9-mm-it","21":"pa_hoehe-95-mm","22":"pa_shore-haerte-15-shore-a-beige-it","23":"pa_shore-haerte-25-shore-a-giallo","24":"pa_shore-haerte-35-shore-a-verde","25":"pa_shore-haerte-45-shore-a-arancione","26":"pa_shore-haerte-55-shore-a-blu","28":"first","29":"instock","30":"purchasable","31":"product-type-variable"},"acf":[],"yoast_head":"<!-- This site is optimized with the Yoast SEO plugin v22.6 - https:\/\/yoast.com\/wordpress\/plugins\/seo\/ -->\n<title>GNU ColorCell&reg; - Gomma standard dell&#039;espulsore per stampi piatti<\/title>\n<meta name=\"description\" content=\"GNU ColorCell&reg;: Nuovo, moderno standard di gomma espulsiva per fustelle piatte \u25ba resistente ai raggi UV e all&#039;invecchiamento \u2705 design colorato \u2705 Per saperne di pi\u00f9, clicca qui!\" \/>\n<meta name=\"robots\" content=\"index, follow, max-snippet:-1, max-image-preview:large, max-video-preview:-1\" \/>\n<link rel=\"canonical\" href=\"https:\/\/graef-gnu.com\/prodotto\/gnu-colorcell\/\" \/>\n<meta property=\"og:locale\" content=\"it_IT\" \/>\n<meta property=\"og:type\" content=\"article\" \/>\n<meta property=\"og:title\" content=\"GNU ColorCell&reg; - Gomma standard dell&#039;espulsore per stampi piatti\" \/>\n<meta property=\"og:description\" content=\"GNU ColorCell&reg;: Nuovo, moderno standard di gomma espulsiva per fustelle piatte \u25ba resistente ai raggi UV e all&#039;invecchiamento \u2705 design colorato \u2705 Per saperne di pi\u00f9, clicca qui!\" \/>\n<meta property=\"og:url\" content=\"https:\/\/graef-gnu.com\/prodotto\/gnu-colorcell\/\" \/>\n<meta property=\"og:site_name\" content=\"August Graef GNU\" \/>\n<meta property=\"article:modified_time\" content=\"2021-10-01T09:40:34+00:00\" \/>\n<meta property=\"og:image\" content=\"https:\/\/graef-gnu.com\/wp-content\/uploads\/gnu_colorcell_alle_ecken-4.jpg\" \/>\n\t<meta property=\"og:image:width\" content=\"890\" \/>\n\t<meta property=\"og:image:height\" content=\"300\" \/>\n\t<meta property=\"og:image:type\" content=\"image\/jpeg\" \/>\n<meta name=\"twitter:card\" content=\"summary_large_image\" \/>\n<script type=\"application\/ld+json\" class=\"yoast-schema-graph\">{\"@context\":\"https:\/\/schema.org\",\"@graph\":[{\"@type\":\"WebPage\",\"@id\":\"https:\/\/graef-gnu.com\/prodotto\/gnu-colorcell\/\",\"url\":\"https:\/\/graef-gnu.com\/prodotto\/gnu-colorcell\/\",\"name\":\"GNU ColorCell&reg; - Gomma standard dell'espulsore per stampi piatti\",\"isPartOf\":{\"@id\":\"https:\/\/graef-gnu.com\/#website\"},\"primaryImageOfPage\":{\"@id\":\"https:\/\/graef-gnu.com\/prodotto\/gnu-colorcell\/#primaryimage\"},\"image\":{\"@id\":\"https:\/\/graef-gnu.com\/prodotto\/gnu-colorcell\/#primaryimage\"},\"thumbnailUrl\":\"https:\/\/graef-gnu.com\/wp-content\/uploads\/gnu_colorcell_alle_ecken-4.jpg\",\"datePublished\":\"2021-10-01T09:40:27+00:00\",\"dateModified\":\"2021-10-01T09:40:34+00:00\",\"description\":\"GNU ColorCell&reg;: Nuovo, moderno standard di gomma espulsiva per fustelle piatte \u25ba resistente ai raggi UV e all'invecchiamento \u2705 design colorato \u2705 Per saperne di pi\u00f9, clicca qui!\",\"breadcrumb\":{\"@id\":\"https:\/\/graef-gnu.com\/prodotto\/gnu-colorcell\/#breadcrumb\"},\"inLanguage\":\"it-IT\",\"potentialAction\":[{\"@type\":\"ReadAction\",\"target\":[\"https:\/\/graef-gnu.com\/prodotto\/gnu-colorcell\/\"]}]},{\"@type\":\"ImageObject\",\"inLanguage\":\"it-IT\",\"@id\":\"https:\/\/graef-gnu.com\/prodotto\/gnu-colorcell\/#primaryimage\",\"url\":\"https:\/\/graef-gnu.com\/wp-content\/uploads\/gnu_colorcell_alle_ecken-4.jpg\",\"contentUrl\":\"https:\/\/graef-gnu.com\/wp-content\/uploads\/gnu_colorcell_alle_ecken-4.jpg\",\"width\":890,\"height\":300},{\"@type\":\"BreadcrumbList\",\"@id\":\"https:\/\/graef-gnu.com\/prodotto\/gnu-colorcell\/#breadcrumb\",\"itemListElement\":[{\"@type\":\"ListItem\",\"position\":1,\"name\":\"Startseite\",\"item\":\"https:\/\/graef-gnu.com\/it\/\"},{\"@type\":\"ListItem\",\"position\":2,\"name\":\"Panoramica del prodotto\",\"item\":\"https:\/\/graef-gnu.com\/it\/panoramica-del-prodotto\/\"},{\"@type\":\"ListItem\",\"position\":3,\"name\":\"GNU ColorCell&reg;\"}]},{\"@type\":\"WebSite\",\"@id\":\"https:\/\/graef-gnu.com\/#website\",\"url\":\"https:\/\/graef-gnu.com\/\",\"name\":\"August Graef GNU\",\"description\":\"\",\"potentialAction\":[{\"@type\":\"SearchAction\",\"target\":{\"@type\":\"EntryPoint\",\"urlTemplate\":\"https:\/\/graef-gnu.com\/?s={search_term_string}\"},\"query-input\":\"required name=search_term_string\"}],\"inLanguage\":\"it-IT\"}]}<\/script>\n<!-- \/ Yoast SEO plugin. -->","yoast_head_json":{"title":"GNU ColorCell&reg; - Gomma standard dell'espulsore per stampi piatti","description":"GNU ColorCell&reg;: Nuovo, moderno standard di gomma espulsiva per fustelle piatte \u25ba resistente ai raggi UV e all'invecchiamento \u2705 design colorato \u2705 Per saperne di pi\u00f9, clicca qui!","robots":{"index":"index","follow":"follow","max-snippet":"max-snippet:-1","max-image-preview":"max-image-preview:large","max-video-preview":"max-video-preview:-1"},"canonical":"https:\/\/graef-gnu.com\/prodotto\/gnu-colorcell\/","og_locale":"it_IT","og_type":"article","og_title":"GNU ColorCell&reg; - Gomma standard dell'espulsore per stampi piatti","og_description":"GNU ColorCell&reg;: Nuovo, moderno standard di gomma espulsiva per fustelle piatte \u25ba resistente ai raggi UV e all'invecchiamento \u2705 design colorato \u2705 Per saperne di pi\u00f9, clicca qui!","og_url":"https:\/\/graef-gnu.com\/prodotto\/gnu-colorcell\/","og_site_name":"August Graef GNU","article_modified_time":"2021-10-01T09:40:34+00:00","og_image":[{"width":890,"height":300,"url":"https:\/\/graef-gnu.com\/wp-content\/uploads\/gnu_colorcell_alle_ecken-4.jpg","type":"image\/jpeg"}],"twitter_card":"summary_large_image","schema":{"@context":"https:\/\/schema.org","@graph":[{"@type":"WebPage","@id":"https:\/\/graef-gnu.com\/prodotto\/gnu-colorcell\/","url":"https:\/\/graef-gnu.com\/prodotto\/gnu-colorcell\/","name":"GNU ColorCell&reg; - Gomma standard dell'espulsore per stampi piatti","isPartOf":{"@id":"https:\/\/graef-gnu.com\/#website"},"primaryImageOfPage":{"@id":"https:\/\/graef-gnu.com\/prodotto\/gnu-colorcell\/#primaryimage"},"image":{"@id":"https:\/\/graef-gnu.com\/prodotto\/gnu-colorcell\/#primaryimage"},"thumbnailUrl":"https:\/\/graef-gnu.com\/wp-content\/uploads\/gnu_colorcell_alle_ecken-4.jpg","datePublished":"2021-10-01T09:40:27+00:00","dateModified":"2021-10-01T09:40:34+00:00","description":"GNU ColorCell&reg;: Nuovo, moderno standard di gomma espulsiva per fustelle piatte \u25ba resistente ai raggi UV e all'invecchiamento \u2705 design colorato \u2705 Per saperne di pi\u00f9, clicca qui!","breadcrumb":{"@id":"https:\/\/graef-gnu.com\/prodotto\/gnu-colorcell\/#breadcrumb"},"inLanguage":"it-IT","potentialAction":[{"@type":"ReadAction","target":["https:\/\/graef-gnu.com\/prodotto\/gnu-colorcell\/"]}]},{"@type":"ImageObject","inLanguage":"it-IT","@id":"https:\/\/graef-gnu.com\/prodotto\/gnu-colorcell\/#primaryimage","url":"https:\/\/graef-gnu.com\/wp-content\/uploads\/gnu_colorcell_alle_ecken-4.jpg","contentUrl":"https:\/\/graef-gnu.com\/wp-content\/uploads\/gnu_colorcell_alle_ecken-4.jpg","width":890,"height":300},{"@type":"BreadcrumbList","@id":"https:\/\/graef-gnu.com\/prodotto\/gnu-colorcell\/#breadcrumb","itemListElement":[{"@type":"ListItem","position":1,"name":"Startseite","item":"https:\/\/graef-gnu.com\/it\/"},{"@type":"ListItem","position":2,"name":"Panoramica del prodotto","item":"https:\/\/graef-gnu.com\/it\/panoramica-del-prodotto\/"},{"@type":"ListItem","position":3,"name":"GNU ColorCell&reg;"}]},{"@type":"WebSite","@id":"https:\/\/graef-gnu.com\/#website","url":"https:\/\/graef-gnu.com\/","name":"August Graef GNU","description":"","potentialAction":[{"@type":"SearchAction","target":{"@type":"EntryPoint","urlTemplate":"https:\/\/graef-gnu.com\/?s={search_term_string}"},"query-input":"required name=search_term_string"}],"inLanguage":"it-IT"}]}},"_links":{"self":[{"href":"https:\/\/graef-gnu.com\/it\/wp-json\/wp\/v2\/product\/129462","targetHints":{"allow":["GET"]}}],"collection":[{"href":"https:\/\/graef-gnu.com\/it\/wp-json\/wp\/v2\/product"}],"about":[{"href":"https:\/\/graef-gnu.com\/it\/wp-json\/wp\/v2\/types\/product"}],"wp:featuredmedia":[{"embeddable":true,"href":"https:\/\/graef-gnu.com\/it\/wp-json\/wp\/v2\/media\/129491"}],"wp:attachment":[{"href":"https:\/\/graef-gnu.com\/it\/wp-json\/wp\/v2\/media?parent=129462"}],"wp:term":[{"taxonomy":"product_cat","embeddable":true,"href":"https:\/\/graef-gnu.com\/it\/wp-json\/wp\/v2\/product_cat?post=129462"},{"taxonomy":"product_tag","embeddable":true,"href":"https:\/\/graef-gnu.com\/it\/wp-json\/wp\/v2\/product_tag?post=129462"}],"curies":[{"name":"wp","href":"https:\/\/api.w.org\/{rel}","templated":true}]}}