{"id":129715,"date":"2021-02-11T11:04:33","date_gmt":"2021-10-01T09:40:42","guid":{"rendered":"https:\/\/www.graef-gnu.com\/produkt\/carico-di-sprint\/"},"modified":"2024-05-13T13:43:26","modified_gmt":"2024-05-13T11:43:26","slug":"gnu-sprintelast","status":"publish","type":"product","link":"https:\/\/graef-gnu.com\/it\/prodotto\/gnu-sprintelast\/","title":{"rendered":"Sprintelast<sup>&reg;<\/sup>"},"content":{"rendered":"<p>GNU Sprintelast<sup>\u00ae<\/sup> \u00e8 una gomma da espulsione potente e di alta qualit\u00e0 per strumenti di punzonatura avanzati. Colpisce per le sue buone propriet\u00e0 del materiale e per la sua durata di vita significativamente pi\u00f9 lunga. Viene offerta un&#8217;ampia gamma di durezze e altezze.<\/p>\n<ul>\n<li>Alta resilienza di rimbalzo<\/li>\n<li>Alto allungamento a rottura<\/li>\n<li>Bassa abrasione<\/li>\n<li>Pelle speciale contro la polvere e l&#8217;invecchiamento<\/li>\n<li>Lunga vita di servizio<\/li>\n<li>Disponibile anche con autoadesivo<\/li>\n<\/ul>\n<p>GNU Sprintelast<sup>\u00ae<\/sup> \u00e8 certificato come sicuro per la produzione di scatole pieghevoli per alimenti.<\/p>\n","protected":false},"excerpt":{"rendered":"<p>GNU Sprintelast<sup>\u00ae<\/sup> \u00e8 una gomma da espulsione potente e di alta qualit\u00e0 per strumenti di punzonatura avanzati. Colpisce per le sue buone propriet\u00e0 del materiale e per la sua durata di vita significativamente pi\u00f9 lunga.<\/p>\n","protected":false},"featured_media":129760,"template":"","meta":{"_acf_changed":false},"product_cat":[5790],"product_tag":[],"class_list":{"0":"post-129715","1":"product","2":"type-product","3":"status-publish","4":"has-post-thumbnail","6":"product_group-fogli","7":"product_cat-materiali-di-espulsione","8":"pa_dimension-05-m","9":"pa_hoehe-10-mm-it","10":"pa_hoehe-105-mm","11":"pa_hoehe-11-mm-it","12":"pa_hoehe-12-mm-it","13":"pa_hoehe-13-mm-it","14":"pa_hoehe-135-mm","15":"pa_hoehe-14-mm-it","16":"pa_hoehe-15-mm-it","17":"pa_hoehe-155-mm","18":"pa_hoehe-16-mm-it","19":"pa_hoehe-17-mm-it","20":"pa_hoehe-175-mm","21":"pa_hoehe-18-mm-it","22":"pa_hoehe-19-mm-it","23":"pa_hoehe-2-mm-it","24":"pa_hoehe-20-mm-it","25":"pa_hoehe-21-mm-it","26":"pa_hoehe-3-mm-it","27":"pa_hoehe-4-mm-it","28":"pa_hoehe-5-mm-it","29":"pa_hoehe-6-mm-it","30":"pa_hoehe-7-mm-it","31":"pa_hoehe-8-mm-it","32":"pa_hoehe-9-mm-it","33":"pa_hoehe-95-mm","34":"pa_raumgewicht-benzina-rg-54","35":"pa_raumgewicht-rg-16-rosso","36":"pa_raumgewicht-rg-22-arancione","37":"pa_raumgewicht-rg-28-giallo","38":"pa_raumgewicht-rg-40-verde","39":"pa_raumgewicht-rg-46-verde-scuro","40":"pa_raumgewicht-rg-66-blu","42":"first","43":"instock","44":"purchasable","45":"product-type-variable"},"acf":[],"yoast_head":"<!-- This site is optimized with the Yoast SEO plugin v22.6 - https:\/\/yoast.com\/wordpress\/plugins\/seo\/ -->\n<title>GNU Sprintelast\u00ae - Gomma di espulsione per strumenti di punzonatura<\/title>\n<meta name=\"description\" content=\"Gomma da espulsione per strumenti di punzonatura avanzati: GNU Sprintelast\u00ae \u25ba Alta elasticit\u00e0 di rimbalzo\u2705 Alto allungamento a rottura\u2705 Bassa abrasione\u2705 Richiedi qui!\" \/>\n<meta name=\"robots\" content=\"index, follow, max-snippet:-1, max-image-preview:large, max-video-preview:-1\" \/>\n<link rel=\"canonical\" href=\"https:\/\/graef-gnu.com\/it\/prodotto\/gnu-sprintelast\/\" \/>\n<meta property=\"og:locale\" content=\"it_IT\" \/>\n<meta property=\"og:type\" content=\"article\" \/>\n<meta property=\"og:title\" content=\"GNU Sprintelast\u00ae - Gomma di espulsione per strumenti di punzonatura\" \/>\n<meta property=\"og:description\" content=\"Gomma da espulsione per strumenti di punzonatura avanzati: GNU Sprintelast\u00ae \u25ba Alta elasticit\u00e0 di rimbalzo\u2705 Alto allungamento a rottura\u2705 Bassa abrasione\u2705 Richiedi qui!\" \/>\n<meta property=\"og:url\" content=\"https:\/\/graef-gnu.com\/it\/prodotto\/gnu-sprintelast\/\" \/>\n<meta property=\"og:site_name\" content=\"August Graef GNU\" \/>\n<meta property=\"article:modified_time\" content=\"2024-05-13T11:43:26+00:00\" \/>\n<meta property=\"og:image\" content=\"https:\/\/graef-gnu.com\/wp-content\/uploads\/gnu_sprintelast_alle_ecken-4.jpg\" \/>\n\t<meta property=\"og:image:width\" content=\"890\" \/>\n\t<meta property=\"og:image:height\" content=\"300\" \/>\n\t<meta property=\"og:image:type\" content=\"image\/jpeg\" \/>\n<meta name=\"twitter:card\" content=\"summary_large_image\" \/>\n<script type=\"application\/ld+json\" class=\"yoast-schema-graph\">{\"@context\":\"https:\/\/schema.org\",\"@graph\":[{\"@type\":\"WebPage\",\"@id\":\"https:\/\/graef-gnu.com\/it\/prodotto\/gnu-sprintelast\/\",\"url\":\"https:\/\/graef-gnu.com\/it\/prodotto\/gnu-sprintelast\/\",\"name\":\"GNU Sprintelast\u00ae - Gomma di espulsione per strumenti di punzonatura\",\"isPartOf\":{\"@id\":\"https:\/\/graef-gnu.com\/#website\"},\"primaryImageOfPage\":{\"@id\":\"https:\/\/graef-gnu.com\/it\/prodotto\/gnu-sprintelast\/#primaryimage\"},\"image\":{\"@id\":\"https:\/\/graef-gnu.com\/it\/prodotto\/gnu-sprintelast\/#primaryimage\"},\"thumbnailUrl\":\"https:\/\/graef-gnu.com\/wp-content\/uploads\/gnu_sprintelast_alle_ecken-4.jpg\",\"datePublished\":\"2021-10-01T09:40:42+00:00\",\"dateModified\":\"2024-05-13T11:43:26+00:00\",\"description\":\"Gomma da espulsione per strumenti di punzonatura avanzati: GNU Sprintelast\u00ae \u25ba Alta elasticit\u00e0 di rimbalzo\u2705 Alto allungamento a rottura\u2705 Bassa abrasione\u2705 Richiedi qui!\",\"breadcrumb\":{\"@id\":\"https:\/\/graef-gnu.com\/it\/prodotto\/gnu-sprintelast\/#breadcrumb\"},\"inLanguage\":\"it-IT\",\"potentialAction\":[{\"@type\":\"ReadAction\",\"target\":[\"https:\/\/graef-gnu.com\/it\/prodotto\/gnu-sprintelast\/\"]}]},{\"@type\":\"ImageObject\",\"inLanguage\":\"it-IT\",\"@id\":\"https:\/\/graef-gnu.com\/it\/prodotto\/gnu-sprintelast\/#primaryimage\",\"url\":\"https:\/\/graef-gnu.com\/wp-content\/uploads\/gnu_sprintelast_alle_ecken-4.jpg\",\"contentUrl\":\"https:\/\/graef-gnu.com\/wp-content\/uploads\/gnu_sprintelast_alle_ecken-4.jpg\",\"width\":890,\"height\":300},{\"@type\":\"BreadcrumbList\",\"@id\":\"https:\/\/graef-gnu.com\/it\/prodotto\/gnu-sprintelast\/#breadcrumb\",\"itemListElement\":[{\"@type\":\"ListItem\",\"position\":1,\"name\":\"Startseite\",\"item\":\"https:\/\/graef-gnu.com\/it\/\"},{\"@type\":\"ListItem\",\"position\":2,\"name\":\"Panoramica del prodotto\",\"item\":\"https:\/\/graef-gnu.com\/it\/panoramica-del-prodotto\/\"},{\"@type\":\"ListItem\",\"position\":3,\"name\":\"Sprintelast&reg;\"}]},{\"@type\":\"WebSite\",\"@id\":\"https:\/\/graef-gnu.com\/#website\",\"url\":\"https:\/\/graef-gnu.com\/\",\"name\":\"August Graef GNU\",\"description\":\"\",\"potentialAction\":[{\"@type\":\"SearchAction\",\"target\":{\"@type\":\"EntryPoint\",\"urlTemplate\":\"https:\/\/graef-gnu.com\/?s={search_term_string}\"},\"query-input\":\"required name=search_term_string\"}],\"inLanguage\":\"it-IT\"}]}<\/script>\n<!-- \/ Yoast SEO plugin. -->","yoast_head_json":{"title":"GNU Sprintelast\u00ae - Gomma di espulsione per strumenti di punzonatura","description":"Gomma da espulsione per strumenti di punzonatura avanzati: GNU Sprintelast\u00ae \u25ba Alta elasticit\u00e0 di rimbalzo\u2705 Alto allungamento a rottura\u2705 Bassa abrasione\u2705 Richiedi qui!","robots":{"index":"index","follow":"follow","max-snippet":"max-snippet:-1","max-image-preview":"max-image-preview:large","max-video-preview":"max-video-preview:-1"},"canonical":"https:\/\/graef-gnu.com\/it\/prodotto\/gnu-sprintelast\/","og_locale":"it_IT","og_type":"article","og_title":"GNU Sprintelast\u00ae - Gomma di espulsione per strumenti di punzonatura","og_description":"Gomma da espulsione per strumenti di punzonatura avanzati: GNU Sprintelast\u00ae \u25ba Alta elasticit\u00e0 di rimbalzo\u2705 Alto allungamento a rottura\u2705 Bassa abrasione\u2705 Richiedi qui!","og_url":"https:\/\/graef-gnu.com\/it\/prodotto\/gnu-sprintelast\/","og_site_name":"August Graef GNU","article_modified_time":"2024-05-13T11:43:26+00:00","og_image":[{"width":890,"height":300,"url":"https:\/\/graef-gnu.com\/wp-content\/uploads\/gnu_sprintelast_alle_ecken-4.jpg","type":"image\/jpeg"}],"twitter_card":"summary_large_image","schema":{"@context":"https:\/\/schema.org","@graph":[{"@type":"WebPage","@id":"https:\/\/graef-gnu.com\/it\/prodotto\/gnu-sprintelast\/","url":"https:\/\/graef-gnu.com\/it\/prodotto\/gnu-sprintelast\/","name":"GNU Sprintelast\u00ae - Gomma di espulsione per strumenti di punzonatura","isPartOf":{"@id":"https:\/\/graef-gnu.com\/#website"},"primaryImageOfPage":{"@id":"https:\/\/graef-gnu.com\/it\/prodotto\/gnu-sprintelast\/#primaryimage"},"image":{"@id":"https:\/\/graef-gnu.com\/it\/prodotto\/gnu-sprintelast\/#primaryimage"},"thumbnailUrl":"https:\/\/graef-gnu.com\/wp-content\/uploads\/gnu_sprintelast_alle_ecken-4.jpg","datePublished":"2021-10-01T09:40:42+00:00","dateModified":"2024-05-13T11:43:26+00:00","description":"Gomma da espulsione per strumenti di punzonatura avanzati: GNU Sprintelast\u00ae \u25ba Alta elasticit\u00e0 di rimbalzo\u2705 Alto allungamento a rottura\u2705 Bassa abrasione\u2705 Richiedi qui!","breadcrumb":{"@id":"https:\/\/graef-gnu.com\/it\/prodotto\/gnu-sprintelast\/#breadcrumb"},"inLanguage":"it-IT","potentialAction":[{"@type":"ReadAction","target":["https:\/\/graef-gnu.com\/it\/prodotto\/gnu-sprintelast\/"]}]},{"@type":"ImageObject","inLanguage":"it-IT","@id":"https:\/\/graef-gnu.com\/it\/prodotto\/gnu-sprintelast\/#primaryimage","url":"https:\/\/graef-gnu.com\/wp-content\/uploads\/gnu_sprintelast_alle_ecken-4.jpg","contentUrl":"https:\/\/graef-gnu.com\/wp-content\/uploads\/gnu_sprintelast_alle_ecken-4.jpg","width":890,"height":300},{"@type":"BreadcrumbList","@id":"https:\/\/graef-gnu.com\/it\/prodotto\/gnu-sprintelast\/#breadcrumb","itemListElement":[{"@type":"ListItem","position":1,"name":"Startseite","item":"https:\/\/graef-gnu.com\/it\/"},{"@type":"ListItem","position":2,"name":"Panoramica del prodotto","item":"https:\/\/graef-gnu.com\/it\/panoramica-del-prodotto\/"},{"@type":"ListItem","position":3,"name":"Sprintelast&reg;"}]},{"@type":"WebSite","@id":"https:\/\/graef-gnu.com\/#website","url":"https:\/\/graef-gnu.com\/","name":"August Graef GNU","description":"","potentialAction":[{"@type":"SearchAction","target":{"@type":"EntryPoint","urlTemplate":"https:\/\/graef-gnu.com\/?s={search_term_string}"},"query-input":"required name=search_term_string"}],"inLanguage":"it-IT"}]}},"_links":{"self":[{"href":"https:\/\/graef-gnu.com\/it\/wp-json\/wp\/v2\/product\/129715","targetHints":{"allow":["GET"]}}],"collection":[{"href":"https:\/\/graef-gnu.com\/it\/wp-json\/wp\/v2\/product"}],"about":[{"href":"https:\/\/graef-gnu.com\/it\/wp-json\/wp\/v2\/types\/product"}],"wp:featuredmedia":[{"embeddable":true,"href":"https:\/\/graef-gnu.com\/it\/wp-json\/wp\/v2\/media\/129760"}],"wp:attachment":[{"href":"https:\/\/graef-gnu.com\/it\/wp-json\/wp\/v2\/media?parent=129715"}],"wp:term":[{"taxonomy":"product_cat","embeddable":true,"href":"https:\/\/graef-gnu.com\/it\/wp-json\/wp\/v2\/product_cat?post=129715"},{"taxonomy":"product_tag","embeddable":true,"href":"https:\/\/graef-gnu.com\/it\/wp-json\/wp\/v2\/product_tag?post=129715"}],"curies":[{"name":"wp","href":"https:\/\/api.w.org\/{rel}","templated":true}]}}