{"id":130586,"date":"2021-02-11T11:05:17","date_gmt":"2021-10-01T09:42:05","guid":{"rendered":"https:\/\/www.graef-gnu.com\/produkt\/collan-di-cellulosa-gnu\/"},"modified":"2021-11-15T08:03:47","modified_gmt":"2021-11-15T07:03:47","slug":"vulkollan","status":"publish","type":"product","link":"https:\/\/graef-gnu.com\/it\/prodotto\/vulkollan\/","title":{"rendered":"GNU Vulkollan"},"content":{"rendered":"<p>GNU Vulkollan \u00e8 una plastica industriale ad alte prestazioni che si avvicina alle propriet\u00e0 prestazionali di Sprintelast. \u00c8 caratterizzato da una buona comprimibilit\u00e0 e da un elevato smorzamento degli impatti ad alte prestazioni. Cos\u00ec, il materiale pu\u00f2 essere utilizzato per molte applicazioni sulla fustella.<\/p>\n<p><em>Vulkollan\u00ae marchio registrato di Bayer AG<\/em><\/p>\n","protected":false},"excerpt":{"rendered":"<p>GNU Cellular Bulk Collan \u00e8 una plastica industriale ad alte prestazioni che si avvicina alle propriet\u00e0 prestazionali di Sprintelast. \u00c8 caratterizzato da una buona comprimibilit\u00e0 e da un elevato smorzamento degli impatti ad alte prestazioni.<\/p>\n","protected":false},"featured_media":130593,"template":"","meta":{"_acf_changed":false},"product_cat":[5790],"product_tag":[],"class_list":{"0":"post-130586","1":"product","2":"type-product","3":"status-publish","4":"has-post-thumbnail","6":"product_group-fogli","7":"product_cat-materiali-di-espulsione","8":"pa_dimension-0125-m","9":"pa_dimension-05-m","10":"pa_hoehe-1-mm-it","11":"pa_hoehe-15-mm-it-2","12":"pa_hoehe-10-mm-it","13":"pa_hoehe-11-mm-it","14":"pa_hoehe-12-mm-it","15":"pa_hoehe-125-mm","16":"pa_hoehe-13-mm-it","17":"pa_hoehe-14-mm-it","18":"pa_hoehe-15-mm-it","19":"pa_hoehe-16-mm-it","20":"pa_hoehe-17-mm-it","21":"pa_hoehe-175-mm","22":"pa_hoehe-18-mm-it","23":"pa_hoehe-19-mm-it","24":"pa_hoehe-2-mm-it","25":"pa_hoehe-20-mm-it","26":"pa_hoehe-3-mm-it","27":"pa_hoehe-30-mm-it","28":"pa_hoehe-4-mm-it","29":"pa_hoehe-5-mm-it","30":"pa_hoehe-6-mm-it","31":"pa_hoehe-6-mm-5-mm","32":"pa_hoehe-7-mm-it","33":"pa_hoehe-75-mm","34":"pa_hoehe-8-mm-it","35":"pa_hoehe-9-mm-it","36":"pa_hoehe-95-mm","37":"pa_raumgewicht-rg-35-40-it","38":"pa_raumgewicht-rg-45-50-it","39":"pa_raumgewicht-rg-60-65-it-2","41":"first","42":"instock","43":"purchasable","44":"product-type-variable"},"acf":[],"yoast_head":"<!-- This site is optimized with the Yoast SEO plugin v22.6 - https:\/\/yoast.com\/wordpress\/plugins\/seo\/ -->\n<title>GNU Vulkollan - August Graef GNU<\/title>\n<meta name=\"description\" content=\"Plastica industriale ad alte prestazioni GNU polistirolo cellulare \u25ba buona comprimibilit\u00e0 \u2705 alto smorzamento degli impatti ad alte prestazioni\u2705 Informatevi qui!\" \/>\n<meta name=\"robots\" content=\"index, follow, max-snippet:-1, max-image-preview:large, max-video-preview:-1\" \/>\n<link rel=\"canonical\" href=\"https:\/\/graef-gnu.com\/it\/prodotto\/vulkollan\/\" \/>\n<meta property=\"og:locale\" content=\"it_IT\" \/>\n<meta property=\"og:type\" content=\"article\" \/>\n<meta property=\"og:title\" content=\"GNU Vulkollan - August Graef GNU\" \/>\n<meta property=\"og:description\" content=\"Plastica industriale ad alte prestazioni GNU polistirolo cellulare \u25ba buona comprimibilit\u00e0 \u2705 alto smorzamento degli impatti ad alte prestazioni\u2705 Informatevi qui!\" \/>\n<meta property=\"og:url\" content=\"https:\/\/graef-gnu.com\/it\/prodotto\/vulkollan\/\" \/>\n<meta property=\"og:site_name\" content=\"August Graef GNU\" \/>\n<meta property=\"article:modified_time\" content=\"2021-11-15T07:03:47+00:00\" \/>\n<meta property=\"og:image\" content=\"https:\/\/graef-gnu.com\/wp-content\/uploads\/gnu_zellvulkollan.jpg\" \/>\n\t<meta property=\"og:image:width\" content=\"890\" \/>\n\t<meta property=\"og:image:height\" content=\"300\" \/>\n\t<meta property=\"og:image:type\" content=\"image\/jpeg\" \/>\n<meta name=\"twitter:card\" content=\"summary_large_image\" \/>\n<meta name=\"twitter:label1\" content=\"Tempo di lettura stimato\" \/>\n\t<meta name=\"twitter:data1\" content=\"1 minuto\" \/>\n<script type=\"application\/ld+json\" class=\"yoast-schema-graph\">{\"@context\":\"https:\/\/schema.org\",\"@graph\":[{\"@type\":\"WebPage\",\"@id\":\"https:\/\/graef-gnu.com\/it\/prodotto\/vulkollan\/\",\"url\":\"https:\/\/graef-gnu.com\/it\/prodotto\/vulkollan\/\",\"name\":\"GNU Vulkollan - August Graef GNU\",\"isPartOf\":{\"@id\":\"https:\/\/graef-gnu.com\/#website\"},\"primaryImageOfPage\":{\"@id\":\"https:\/\/graef-gnu.com\/it\/prodotto\/vulkollan\/#primaryimage\"},\"image\":{\"@id\":\"https:\/\/graef-gnu.com\/it\/prodotto\/vulkollan\/#primaryimage\"},\"thumbnailUrl\":\"https:\/\/graef-gnu.com\/wp-content\/uploads\/gnu_zellvulkollan.jpg\",\"datePublished\":\"2021-10-01T09:42:05+00:00\",\"dateModified\":\"2021-11-15T07:03:47+00:00\",\"description\":\"Plastica industriale ad alte prestazioni GNU polistirolo cellulare \u25ba buona comprimibilit\u00e0 \u2705 alto smorzamento degli impatti ad alte prestazioni\u2705 Informatevi qui!\",\"breadcrumb\":{\"@id\":\"https:\/\/graef-gnu.com\/it\/prodotto\/vulkollan\/#breadcrumb\"},\"inLanguage\":\"it-IT\",\"potentialAction\":[{\"@type\":\"ReadAction\",\"target\":[\"https:\/\/graef-gnu.com\/it\/prodotto\/vulkollan\/\"]}]},{\"@type\":\"ImageObject\",\"inLanguage\":\"it-IT\",\"@id\":\"https:\/\/graef-gnu.com\/it\/prodotto\/vulkollan\/#primaryimage\",\"url\":\"https:\/\/graef-gnu.com\/wp-content\/uploads\/gnu_zellvulkollan.jpg\",\"contentUrl\":\"https:\/\/graef-gnu.com\/wp-content\/uploads\/gnu_zellvulkollan.jpg\",\"width\":890,\"height\":300},{\"@type\":\"BreadcrumbList\",\"@id\":\"https:\/\/graef-gnu.com\/it\/prodotto\/vulkollan\/#breadcrumb\",\"itemListElement\":[{\"@type\":\"ListItem\",\"position\":1,\"name\":\"Startseite\",\"item\":\"https:\/\/graef-gnu.com\/it\/\"},{\"@type\":\"ListItem\",\"position\":2,\"name\":\"Panoramica del prodotto\",\"item\":\"https:\/\/graef-gnu.com\/it\/panoramica-del-prodotto\/\"},{\"@type\":\"ListItem\",\"position\":3,\"name\":\"GNU Vulkollan\"}]},{\"@type\":\"WebSite\",\"@id\":\"https:\/\/graef-gnu.com\/#website\",\"url\":\"https:\/\/graef-gnu.com\/\",\"name\":\"August Graef GNU\",\"description\":\"\",\"potentialAction\":[{\"@type\":\"SearchAction\",\"target\":{\"@type\":\"EntryPoint\",\"urlTemplate\":\"https:\/\/graef-gnu.com\/?s={search_term_string}\"},\"query-input\":\"required name=search_term_string\"}],\"inLanguage\":\"it-IT\"}]}<\/script>\n<!-- \/ Yoast SEO plugin. -->","yoast_head_json":{"title":"GNU Vulkollan - August Graef GNU","description":"Plastica industriale ad alte prestazioni GNU polistirolo cellulare \u25ba buona comprimibilit\u00e0 \u2705 alto smorzamento degli impatti ad alte prestazioni\u2705 Informatevi qui!","robots":{"index":"index","follow":"follow","max-snippet":"max-snippet:-1","max-image-preview":"max-image-preview:large","max-video-preview":"max-video-preview:-1"},"canonical":"https:\/\/graef-gnu.com\/it\/prodotto\/vulkollan\/","og_locale":"it_IT","og_type":"article","og_title":"GNU Vulkollan - August Graef GNU","og_description":"Plastica industriale ad alte prestazioni GNU polistirolo cellulare \u25ba buona comprimibilit\u00e0 \u2705 alto smorzamento degli impatti ad alte prestazioni\u2705 Informatevi qui!","og_url":"https:\/\/graef-gnu.com\/it\/prodotto\/vulkollan\/","og_site_name":"August Graef GNU","article_modified_time":"2021-11-15T07:03:47+00:00","og_image":[{"width":890,"height":300,"url":"https:\/\/graef-gnu.com\/wp-content\/uploads\/gnu_zellvulkollan.jpg","type":"image\/jpeg"}],"twitter_card":"summary_large_image","twitter_misc":{"Tempo di lettura stimato":"1 minuto"},"schema":{"@context":"https:\/\/schema.org","@graph":[{"@type":"WebPage","@id":"https:\/\/graef-gnu.com\/it\/prodotto\/vulkollan\/","url":"https:\/\/graef-gnu.com\/it\/prodotto\/vulkollan\/","name":"GNU Vulkollan - August Graef GNU","isPartOf":{"@id":"https:\/\/graef-gnu.com\/#website"},"primaryImageOfPage":{"@id":"https:\/\/graef-gnu.com\/it\/prodotto\/vulkollan\/#primaryimage"},"image":{"@id":"https:\/\/graef-gnu.com\/it\/prodotto\/vulkollan\/#primaryimage"},"thumbnailUrl":"https:\/\/graef-gnu.com\/wp-content\/uploads\/gnu_zellvulkollan.jpg","datePublished":"2021-10-01T09:42:05+00:00","dateModified":"2021-11-15T07:03:47+00:00","description":"Plastica industriale ad alte prestazioni GNU polistirolo cellulare \u25ba buona comprimibilit\u00e0 \u2705 alto smorzamento degli impatti ad alte prestazioni\u2705 Informatevi qui!","breadcrumb":{"@id":"https:\/\/graef-gnu.com\/it\/prodotto\/vulkollan\/#breadcrumb"},"inLanguage":"it-IT","potentialAction":[{"@type":"ReadAction","target":["https:\/\/graef-gnu.com\/it\/prodotto\/vulkollan\/"]}]},{"@type":"ImageObject","inLanguage":"it-IT","@id":"https:\/\/graef-gnu.com\/it\/prodotto\/vulkollan\/#primaryimage","url":"https:\/\/graef-gnu.com\/wp-content\/uploads\/gnu_zellvulkollan.jpg","contentUrl":"https:\/\/graef-gnu.com\/wp-content\/uploads\/gnu_zellvulkollan.jpg","width":890,"height":300},{"@type":"BreadcrumbList","@id":"https:\/\/graef-gnu.com\/it\/prodotto\/vulkollan\/#breadcrumb","itemListElement":[{"@type":"ListItem","position":1,"name":"Startseite","item":"https:\/\/graef-gnu.com\/it\/"},{"@type":"ListItem","position":2,"name":"Panoramica del prodotto","item":"https:\/\/graef-gnu.com\/it\/panoramica-del-prodotto\/"},{"@type":"ListItem","position":3,"name":"GNU Vulkollan"}]},{"@type":"WebSite","@id":"https:\/\/graef-gnu.com\/#website","url":"https:\/\/graef-gnu.com\/","name":"August Graef GNU","description":"","potentialAction":[{"@type":"SearchAction","target":{"@type":"EntryPoint","urlTemplate":"https:\/\/graef-gnu.com\/?s={search_term_string}"},"query-input":"required name=search_term_string"}],"inLanguage":"it-IT"}]}},"_links":{"self":[{"href":"https:\/\/graef-gnu.com\/it\/wp-json\/wp\/v2\/product\/130586","targetHints":{"allow":["GET"]}}],"collection":[{"href":"https:\/\/graef-gnu.com\/it\/wp-json\/wp\/v2\/product"}],"about":[{"href":"https:\/\/graef-gnu.com\/it\/wp-json\/wp\/v2\/types\/product"}],"wp:featuredmedia":[{"embeddable":true,"href":"https:\/\/graef-gnu.com\/it\/wp-json\/wp\/v2\/media\/130593"}],"wp:attachment":[{"href":"https:\/\/graef-gnu.com\/it\/wp-json\/wp\/v2\/media?parent=130586"}],"wp:term":[{"taxonomy":"product_cat","embeddable":true,"href":"https:\/\/graef-gnu.com\/it\/wp-json\/wp\/v2\/product_cat?post=130586"},{"taxonomy":"product_tag","embeddable":true,"href":"https:\/\/graef-gnu.com\/it\/wp-json\/wp\/v2\/product_tag?post=130586"}],"curies":[{"name":"wp","href":"https:\/\/api.w.org\/{rel}","templated":true}]}}