{"id":134197,"date":"2021-10-05T10:32:55","date_gmt":"2021-10-05T08:32:55","guid":{"rendered":"https:\/\/www.graef-gnu.com\/sirketler\/kalite-yoenetimi\/"},"modified":"2025-07-07T16:54:29","modified_gmt":"2025-07-07T14:54:29","slug":"kalite-yoenetimi","status":"publish","type":"page","link":"https:\/\/graef-gnu.com\/tr\/sirketler\/kalite-yoenetimi\/","title":{"rendered":"Kalite Y\u00f6netimi"},"content":{"rendered":"<div class=\"avia-section main_color slider-section size-small  \">\n\t<div class=\"slider-section-wrapper \">\n\t\t\t\t<div class=\"slider-section-slide align-left header-animation-simple-global \">\n\t\t\t\t<div class=\"slider-section-background-wrap\">\n\t\t\t\t\t\t\t\t\t\t<div class=\"slider-section-background\" style=\"background-image: url('https:\/\/graef-gnu.com\/wp-content\/uploads\/Qualitaetsmanagement_Header.jpg'); background-position: center right;background-size: cover;background-repeat: no-repeat;\"><\/div>\n\t\t\t\t\t\t\t\t\t\t\t\t\t\t\t\t\t\t\t<\/div>\n\n\t\t\t\t<div class=\"slider-section-inner container\">\n\t\t\t\t\t<div class=\"slider-section-content-wrap\">\n\t\t\t\t\t\t\t\t\t\t\t\t\t\t\t\t\t\t<div class=\"slider-section-text-wrap\">\n\t\t\t\t\t\t\t<span class=\"slider-section-headline\">Sertifikal\u0131<br \/>\n\u00fcr\u00fcn g\u00fcvenli\u011fi<\/span>\t\t\t\t\t\t\t<span class=\"slider-section-subline\">Ve s\u00fcrekli iyile\u015ftirme<\/span>\t\t\t\t\t\t\t\t\t\t\t\t\t<\/div>\n\t\t\t\t\t\t\t\t\t\t\t<\/div>\n\t\t\t\t\t\t\t\t\t\t<\/div>\n\t\t\t<\/div>\n\t\t<\/div>\n\n\n<\/div>\n<\/div><\/div><\/div><!-- close content main div --><\/div><\/div><div id='av_section_1'  class='avia-section av-71ou4-d36e21e2688e5034bcc20c7e790905c7 main_color avia-section-default avia-no-border-styling  avia-builder-el-1  el_after_pixel_headimage  el_before_av_postcontent  gradient-background section-pseudo-element section-quality avia-bg-style-scroll container_wrap fullsize'  ><div class='container av-section-cont-open' ><div class='template-page content  av-content-full alpha units'><div class='post-entry post-entry-type-page post-entry-134197'><div class='entry-content-wrapper clearfix'>\n<div  class='flex_column av-lvm7o260-ae607df118fb0b253b989279c4b71394 av_one_full  avia-builder-el-2  el_before_av_one_half  avia-builder-el-first  first flex_column_div av-animated-generic left-to-right  '     ><div class=\"pixel-headline align-left no-margin  sub-bottom  \">\n\t\t<div class=\"headline-wrap-inner\">\n\t\t\t\t<h1 class=\"headline-content headline-primary  \">Kalite Y\u00f6netimi<\/h1>\t\t<h3 class=\"headline-content headline-secondary  \">Kalifiye ve sertifikal\u0131<\/h3>\t<\/div>\n<\/div><\/div>\n<style type=\"text\/css\" data-created_by=\"avia_inline_auto\" id=\"style-css-av-6jxy4-0db0373a03f6614d8a1fa8b9247d8114\">\n.flex_column.av-6jxy4-0db0373a03f6614d8a1fa8b9247d8114{\nborder-radius:0px 0px 0px 0px;\npadding:0px 0px 0px 0px;\n}\n<\/style>\n<div  class='flex_column av-6jxy4-0db0373a03f6614d8a1fa8b9247d8114 av_one_half  avia-builder-el-4  el_after_av_one_full  el_before_av_one_half  first flex_column_div av-animated-generic left-to-right av-zero-column-padding  column-top-margin'     ><section  class='av_textblock_section av-kfmh2yst-fcc0b9bd9af17b7445fb9cac6f20b70c '   itemscope=\"itemscope\" itemtype=\"https:\/\/schema.org\/CreativeWork\" ><div class='avia_textblock'  itemprop=\"text\" ><p>Ortaklar\u0131n ve m\u00fc\u015fterilerin kalite ve performans gereksinimlerinin tam olarak yerine getirilmesi GNU i\u00e7in en y\u00fcksek \u00f6nceli\u011fe sahiptir. T\u00fcm \u00fcretim ad\u0131mlar\u0131, ak\u0131ll\u0131 bir ERP sistemi yard\u0131m\u0131yla takip edilir. Ayn\u0131 zamanda her \u00fcr\u00fcn, modern ve geleneksel \u00f6l\u00e7\u00fcm y\u00f6ntemleri kullan\u0131larak kalite ve hassasiyet a\u00e7\u0131s\u0131ndan birka\u00e7 kez kontrol edilir. T\u00fcm \u00fcretim ad\u0131mlar\u0131nda s\u00fcrekli kalite kontrol\u00fc, size, m\u00fc\u015fteriye, kan\u0131tlanm\u0131\u015f ve dayan\u0131kl\u0131 \u00fcr\u00fcnlerimizin sabit kalitesinin g\u00fcvenli\u011fini sunar.<\/p>\n<\/div><\/section><\/div>\n<style type=\"text\/css\" data-created_by=\"avia_inline_auto\" id=\"style-css-av-6jxy4-8276abcb80493991e1ad30af2d50632b\">\n.flex_column.av-6jxy4-8276abcb80493991e1ad30af2d50632b{\nborder-radius:0px 0px 0px 0px;\npadding:0px 0px 0px 0px;\n}\n<\/style>\n<div  class='flex_column av-6jxy4-8276abcb80493991e1ad30af2d50632b av_one_half  avia-builder-el-6  el_after_av_one_half  el_before_av_one_third  flex_column_div av-animated-generic right-to-left av-zero-column-padding  column-top-margin'     ><section  class='av_textblock_section av-kfmh2yst-fcc0b9bd9af17b7445fb9cac6f20b70c '   itemscope=\"itemscope\" itemtype=\"https:\/\/schema.org\/CreativeWork\" ><div class='avia_textblock'  itemprop=\"text\" ><p>Di\u011fer bir kalite \u00f6zelli\u011fi ise t\u00fcm \u00fcr\u00fcn ve sipari\u015flerin sevkiyat \u00f6ncesi dijital kay\u0131t alt\u0131na al\u0131nmas\u0131d\u0131r. Avrupa Stanzform Birli\u011fi (ESU) \u015fartnamelerine ve standartlar\u0131na g\u00f6re g\u00f6n\u00fcll\u00fc olarak \u00fcretim yapmaktay\u0131z. Ayr\u0131ca kalite y\u00f6netimimiz T\u00dcV Rheinland taraf\u0131ndan onaylanm\u0131\u015ft\u0131r.<\/p>\n<\/div><\/section><\/div><div  class='flex_column av-lvm7oet6-c933f57d12423cfed39fdcc98092ed80 av_one_third  avia-builder-el-8  el_after_av_one_half  el_before_av_one_third  first flex_column_div av-animated-generic bottom-to-top  column-top-margin'     ><a class=\"pixel-imagebox media-image\" href=\"\/wp-content\/uploads\/ISO-9001_DE.pdf\" target=\"_blank\" rel=\"noopener\">\n\n    \n    <div class=\"pixel-imagebox-media\">\n\t\t\t\t<img decoding=\"async\" src=\"https:\/\/graef-gnu.com\/wp-content\/uploads\/gnu_zertifikat_iso9001_DE.jpg\" alt=\"https:\/\/graef-gnu.com\/wp-content\/uploads\/gnu_zertifikat_iso9001_DE.jpg\" \/>\t\t    <\/div>\n\n    \n    \n\t<div class=\"pixel-imagebox-content\">\n\t\tSertifika ISO 9001:2015\n\t<\/div>\n\n\t\n<\/a><\/div><div  class='flex_column av-lvm7oisi-b9226cec04a7767899bb7ad17bf3df77 av_one_third  avia-builder-el-10  el_after_av_one_third  el_before_av_one_third  flex_column_div av-animated-generic bottom-to-top  column-top-margin'     ><a class=\"pixel-imagebox media-image\" href=\"https:\/\/graef-gnu.com\/wp-content\/uploads\/63282e.pdf\" target=\"_blank\" rel=\"noopener\">\n\n    \n    <div class=\"pixel-imagebox-media\">\n\t\t\t\t<img decoding=\"async\" src=\"https:\/\/graef-gnu.com\/wp-content\/uploads\/gnu_zertifikat_isega_colorcell_DE.jpg\" alt=\"https:\/\/graef-gnu.com\/wp-content\/uploads\/gnu_zertifikat_isega_colorcell_DE.jpg\" \/>\t\t    <\/div>\n\n    \n    \n\t<div class=\"pixel-imagebox-content\">\n\t\tSertifika ISEGA ColorCell\u00ae\n\t<\/div>\n\n\t\n<\/a><\/div><div  class='flex_column av-lvm7om9o-b9470d437f53934aa084000fc02405c7 av_one_third  avia-builder-el-12  el_after_av_one_third  avia-builder-el-last  flex_column_div av-animated-generic bottom-to-top  column-top-margin'     ><a class=\"pixel-imagebox media-image\" href=\"https:\/\/graef-gnu.com\/wp-content\/uploads\/63283e.pdf\" target=\"_blank\" rel=\"noopener\">\n\n    \n    <div class=\"pixel-imagebox-media\">\n\t\t\t\t<img decoding=\"async\" src=\"https:\/\/graef-gnu.com\/wp-content\/uploads\/gnu_zertifikat_isega_profile_sprintelast_DE.jpg\" alt=\"https:\/\/graef-gnu.com\/wp-content\/uploads\/gnu_zertifikat_isega_profile_sprintelast_DE.jpg\" \/>\t\t    <\/div>\n\n    \n    \n\t<div class=\"pixel-imagebox-content\">\n\t\tSertifika ISEGA Profile Sprintelast\u00ae\n\t<\/div>\n\n\t\n<\/a><\/div>[av_section min_height='' min_height_pc='25' min_height_px='500px' shadow='no-border-styling' bottom_border='no-border-styling' bottom_border_diagonal_color='#333333' bottom_border_diagonal_direction='' bottom_border_style='' padding='small' custom_margin='0px' custom_margin_sync='true' av-desktop-custom_margin='' av-desktop-custom_margin_sync='true' av-medium-custom_margin='' av-medium-custom_margin_sync='true' av-small-custom_margin='' av-small-custom_margin_sync='true' av-mini-custom_margin='' av-mini-custom_margin_sync='true' svg_div_top='' svg_div_top_color='#333333' svg_div_top_width='100' svg_div_top_height='50' svg_div_top_max_height='none' svg_div_top_opacity='' svg_div_bottom='' svg_div_bottom_color='#333333' svg_div_bottom_width='100' svg_div_bottom_height='50' svg_div_bottom_max_height='none' svg_div_bottom_opacity='' fold_type='' fold_height='' fold_more='Weiterlesen' fold_less='Read less' fold_text_style='' fold_btn_align='' color='alternate_color' background='bg_color' custom_bg='' background_gradient_direction='vertical' background_gradient_color1='' background_gradient_color2='' background_gradient_color3='' src='' attachment='' attachment_size='' attach='scroll' position='top center' repeat='stretch' video='' video_ratio='16:9' overlay_opacity='0.5' overlay_color='' overlay_pattern='' overlay_custom_pattern='' custom_arrow_bg='' fold_overlay_color='' fold_text_color='' fold_btn_color='theme-color' fold_btn_bg_color='' fold_btn_font_color='' size-btn-text='' av-desktop-font-size-btn-text='' av-medium-font-size-btn-text='' av-small-font-size-btn-text='' av-mini-font-size-btn-text='' fold_timer='' z_index_fold='' css_position_z_index='' av-desktop-css_position_z_index='' av-medium-css_position_z_index='' av-small-css_position_z_index='' av-mini-css_position_z_index='' id='contact-section' custom_class='' template_class='' aria_label='' av_element_hidden_in_editor='0' av_uid='av-1q5tn' sc_version='1.0']\r\n\r\n[av_one_full first min_height='' vertical_alignment='av-align-top' space='' row_boxshadow_width='10' row_boxshadow_color='' margin='0px' margin_sync='true' av-desktop-margin='' av-desktop-margin_sync='true' av-medium-margin='' av-medium-margin_sync='true' av-small-margin='' av-small-margin_sync='true' av-mini-margin='' av-mini-margin_sync='true' mobile_breaking='' mobile_column_order='' border='' border_style='solid' border_color='' radius='0px' radius_sync='true' min_col_height='' padding='0px' padding_sync='true' av-desktop-padding='' av-desktop-padding_sync='true' av-medium-padding='' av-medium-padding_sync='true' av-small-padding='' av-small-padding_sync='true' av-mini-padding='' av-mini-padding_sync='true' svg_div_top='' svg_div_top_color='#333333' svg_div_top_width='100' svg_div_top_height='50' svg_div_top_max_height='none' svg_div_top_opacity='' svg_div_bottom='' svg_div_bottom_color='#333333' svg_div_bottom_width='100' svg_div_bottom_height='50' svg_div_bottom_max_height='none' svg_div_bottom_opacity='' fold_type='' fold_height='' fold_more='Weiterlesen' fold_less='Read less' fold_text_style='' fold_btn_align='' column_boxshadow_width='10' column_boxshadow_color='' background='bg_color' background_color='' background_gradient_direction='vertical' background_gradient_color1='' background_gradient_color2='' background_gradient_color3='' src='' attachment='' attachment_size='' background_position='top left' background_repeat='no-repeat' highlight_size='1.1' fold_overlay_color='' fold_text_color='' fold_btn_color='theme-color' fold_btn_bg_color='' fold_btn_font_color='' size-btn-text='' av-desktop-font-size-btn-text='' av-medium-font-size-btn-text='' av-small-font-size-btn-text='' av-mini-font-size-btn-text='' animation='bottom-to-top' animation_duration='' animation_custom_bg_color='' animation_z_index_curtain='100' parallax_parallax='' parallax_parallax_speed='' av-desktop-parallax_parallax='' av-desktop-parallax_parallax_speed='' av-medium-parallax_parallax='' av-medium-parallax_parallax_speed='' av-small-parallax_parallax='' av-small-parallax_parallax_speed='' av-mini-parallax_parallax='' av-mini-parallax_parallax_speed='' fold_timer='' z_index_fold='' css_position='' css_position_location=',,,' css_position_z_index='' av-desktop-css_position='' av-desktop-css_position_location=',,,' av-desktop-css_position_z_index='' av-medium-css_position='' av-medium-css_position_location=',,,' av-medium-css_position_z_index='' av-small-css_position='' av-small-css_position_location=',,,' av-small-css_position_z_index='' av-mini-css_position='' av-mini-css_position_location=',,,' av-mini-css_position_z_index='' link='' linktarget='' link_hover='' title_attr='' alt_attr='' mobile_display='' mobile_col_pos='0' id='' custom_class='' template_class='' aria_label='' av_uid='av-10hqz' sc_version='1.0']\r\n\r\n[pixel_sc_headline heading='Temas' heading_tag='span' subheading_check='' subheading='' subheading_tag='h3' align='left' heading_alias='-h1' heading_class='' subheading_alias='' subheading_class='' heading_position='' primary_color='color-white' secondary_color='' stroke='' custom_class='' av_uid='av-kfgpm48q'][\/pixel_sc_headline]\r\n\r\n[av_codeblock wrapper_element='' wrapper_element_attributes='' codeblock_type='' deactivate_wrapper='aviaTBdeactivate_wrapper' alb_description='' id='' custom_class='' av_uid='av-kfgonev4']\r\n[contact-form-7 id=\"98\" title=\"Standard\"]\r\n[\/av_codeblock]\r\n\r\n[\/av_one_full][\/av_section]<\/p>\n","protected":false},"excerpt":{"rendered":"","protected":false},"author":1,"featured_media":0,"parent":134177,"menu_order":0,"comment_status":"closed","ping_status":"closed","template":"","meta":{"_acf_changed":false,"footnotes":""},"class_list":["post-134197","page","type-page","status-publish","hentry"],"acf":[],"yoast_head":"<!-- This site is optimized with the Yoast SEO plugin v22.6 - https:\/\/yoast.com\/wordpress\/plugins\/seo\/ -->\n<title>Kalite Y\u00f6netimi - August Graef GNU<\/title>\n<meta name=\"description\" content=\"Ortaklar\u0131n ve m\u00fc\u015fterilerin kalite ve performans gereksinimlerinin tam olarak yerine getirilmesi GNU i\u00e7in en y\u00fcksek \u00f6nceli\u011fe sahiptir - Daha fazlas\u0131n\u0131 buradan \u00f6\u011frenin!\" \/>\n<meta name=\"robots\" content=\"index, follow, max-snippet:-1, max-image-preview:large, max-video-preview:-1\" \/>\n<link rel=\"canonical\" href=\"https:\/\/graef-gnu.com\/tr\/sirketler\/kalite-yoenetimi\/\" \/>\n<meta property=\"og:locale\" content=\"tr_TR\" \/>\n<meta property=\"og:type\" content=\"article\" \/>\n<meta property=\"og:title\" content=\"Kalite Y\u00f6netimi - August Graef GNU\" \/>\n<meta property=\"og:description\" content=\"Ortaklar\u0131n ve m\u00fc\u015fterilerin kalite ve performans gereksinimlerinin tam olarak yerine getirilmesi GNU i\u00e7in en y\u00fcksek \u00f6nceli\u011fe sahiptir - Daha fazlas\u0131n\u0131 buradan \u00f6\u011frenin!\" \/>\n<meta property=\"og:url\" content=\"https:\/\/graef-gnu.com\/tr\/sirketler\/kalite-yoenetimi\/\" \/>\n<meta property=\"og:site_name\" content=\"August Graef GNU\" \/>\n<meta property=\"article:modified_time\" content=\"2025-07-07T14:54:29+00:00\" \/>\n<meta name=\"twitter:card\" content=\"summary_large_image\" \/>\n<meta name=\"twitter:label1\" content=\"Tahmini okuma s\u00fcresi\" \/>\n\t<meta name=\"twitter:data1\" content=\"17 dakika\" \/>\n<script type=\"application\/ld+json\" class=\"yoast-schema-graph\">{\"@context\":\"https:\/\/schema.org\",\"@graph\":[{\"@type\":\"WebPage\",\"@id\":\"https:\/\/graef-gnu.com\/tr\/sirketler\/kalite-yoenetimi\/\",\"url\":\"https:\/\/graef-gnu.com\/tr\/sirketler\/kalite-yoenetimi\/\",\"name\":\"Kalite Y\u00f6netimi - August Graef GNU\",\"isPartOf\":{\"@id\":\"https:\/\/graef-gnu.com\/#website\"},\"datePublished\":\"2021-10-05T08:32:55+00:00\",\"dateModified\":\"2025-07-07T14:54:29+00:00\",\"description\":\"Ortaklar\u0131n ve m\u00fc\u015fterilerin kalite ve performans gereksinimlerinin tam olarak yerine getirilmesi GNU i\u00e7in en y\u00fcksek \u00f6nceli\u011fe sahiptir - Daha fazlas\u0131n\u0131 buradan \u00f6\u011frenin!\",\"breadcrumb\":{\"@id\":\"https:\/\/graef-gnu.com\/tr\/sirketler\/kalite-yoenetimi\/#breadcrumb\"},\"inLanguage\":\"tr\",\"potentialAction\":[{\"@type\":\"ReadAction\",\"target\":[\"https:\/\/graef-gnu.com\/tr\/sirketler\/kalite-yoenetimi\/\"]}]},{\"@type\":\"BreadcrumbList\",\"@id\":\"https:\/\/graef-gnu.com\/tr\/sirketler\/kalite-yoenetimi\/#breadcrumb\",\"itemListElement\":[{\"@type\":\"ListItem\",\"position\":1,\"name\":\"Startseite\",\"item\":\"https:\/\/graef-gnu.com\/tr\/\"},{\"@type\":\"ListItem\",\"position\":2,\"name\":\"\u015eirketler\",\"item\":\"https:\/\/graef-gnu.com\/unternehmen\/\"},{\"@type\":\"ListItem\",\"position\":3,\"name\":\"Kalite Y\u00f6netimi\"}]},{\"@type\":\"WebSite\",\"@id\":\"https:\/\/graef-gnu.com\/#website\",\"url\":\"https:\/\/graef-gnu.com\/\",\"name\":\"August Graef GNU\",\"description\":\"\",\"potentialAction\":[{\"@type\":\"SearchAction\",\"target\":{\"@type\":\"EntryPoint\",\"urlTemplate\":\"https:\/\/graef-gnu.com\/?s={search_term_string}\"},\"query-input\":\"required name=search_term_string\"}],\"inLanguage\":\"tr\"}]}<\/script>\n<!-- \/ Yoast SEO plugin. -->","yoast_head_json":{"title":"Kalite Y\u00f6netimi - August Graef GNU","description":"Ortaklar\u0131n ve m\u00fc\u015fterilerin kalite ve performans gereksinimlerinin tam olarak yerine getirilmesi GNU i\u00e7in en y\u00fcksek \u00f6nceli\u011fe sahiptir - Daha fazlas\u0131n\u0131 buradan \u00f6\u011frenin!","robots":{"index":"index","follow":"follow","max-snippet":"max-snippet:-1","max-image-preview":"max-image-preview:large","max-video-preview":"max-video-preview:-1"},"canonical":"https:\/\/graef-gnu.com\/tr\/sirketler\/kalite-yoenetimi\/","og_locale":"tr_TR","og_type":"article","og_title":"Kalite Y\u00f6netimi - August Graef GNU","og_description":"Ortaklar\u0131n ve m\u00fc\u015fterilerin kalite ve performans gereksinimlerinin tam olarak yerine getirilmesi GNU i\u00e7in en y\u00fcksek \u00f6nceli\u011fe sahiptir - Daha fazlas\u0131n\u0131 buradan \u00f6\u011frenin!","og_url":"https:\/\/graef-gnu.com\/tr\/sirketler\/kalite-yoenetimi\/","og_site_name":"August Graef GNU","article_modified_time":"2025-07-07T14:54:29+00:00","twitter_card":"summary_large_image","twitter_misc":{"Tahmini okuma s\u00fcresi":"17 dakika"},"schema":{"@context":"https:\/\/schema.org","@graph":[{"@type":"WebPage","@id":"https:\/\/graef-gnu.com\/tr\/sirketler\/kalite-yoenetimi\/","url":"https:\/\/graef-gnu.com\/tr\/sirketler\/kalite-yoenetimi\/","name":"Kalite Y\u00f6netimi - August Graef GNU","isPartOf":{"@id":"https:\/\/graef-gnu.com\/#website"},"datePublished":"2021-10-05T08:32:55+00:00","dateModified":"2025-07-07T14:54:29+00:00","description":"Ortaklar\u0131n ve m\u00fc\u015fterilerin kalite ve performans gereksinimlerinin tam olarak yerine getirilmesi GNU i\u00e7in en y\u00fcksek \u00f6nceli\u011fe sahiptir - Daha fazlas\u0131n\u0131 buradan \u00f6\u011frenin!","breadcrumb":{"@id":"https:\/\/graef-gnu.com\/tr\/sirketler\/kalite-yoenetimi\/#breadcrumb"},"inLanguage":"tr","potentialAction":[{"@type":"ReadAction","target":["https:\/\/graef-gnu.com\/tr\/sirketler\/kalite-yoenetimi\/"]}]},{"@type":"BreadcrumbList","@id":"https:\/\/graef-gnu.com\/tr\/sirketler\/kalite-yoenetimi\/#breadcrumb","itemListElement":[{"@type":"ListItem","position":1,"name":"Startseite","item":"https:\/\/graef-gnu.com\/tr\/"},{"@type":"ListItem","position":2,"name":"\u015eirketler","item":"https:\/\/graef-gnu.com\/unternehmen\/"},{"@type":"ListItem","position":3,"name":"Kalite Y\u00f6netimi"}]},{"@type":"WebSite","@id":"https:\/\/graef-gnu.com\/#website","url":"https:\/\/graef-gnu.com\/","name":"August Graef GNU","description":"","potentialAction":[{"@type":"SearchAction","target":{"@type":"EntryPoint","urlTemplate":"https:\/\/graef-gnu.com\/?s={search_term_string}"},"query-input":"required name=search_term_string"}],"inLanguage":"tr"}]}},"_links":{"self":[{"href":"https:\/\/graef-gnu.com\/tr\/wp-json\/wp\/v2\/pages\/134197","targetHints":{"allow":["GET"]}}],"collection":[{"href":"https:\/\/graef-gnu.com\/tr\/wp-json\/wp\/v2\/pages"}],"about":[{"href":"https:\/\/graef-gnu.com\/tr\/wp-json\/wp\/v2\/types\/page"}],"author":[{"embeddable":true,"href":"https:\/\/graef-gnu.com\/tr\/wp-json\/wp\/v2\/users\/1"}],"replies":[{"embeddable":true,"href":"https:\/\/graef-gnu.com\/tr\/wp-json\/wp\/v2\/comments?post=134197"}],"version-history":[{"count":19,"href":"https:\/\/graef-gnu.com\/tr\/wp-json\/wp\/v2\/pages\/134197\/revisions"}],"predecessor-version":[{"id":177655,"href":"https:\/\/graef-gnu.com\/tr\/wp-json\/wp\/v2\/pages\/134197\/revisions\/177655"}],"up":[{"embeddable":true,"href":"https:\/\/graef-gnu.com\/tr\/wp-json\/wp\/v2\/pages\/134177"}],"wp:attachment":[{"href":"https:\/\/graef-gnu.com\/tr\/wp-json\/wp\/v2\/media?parent=134197"}],"curies":[{"name":"wp","href":"https:\/\/api.w.org\/{rel}","templated":true}]}}