{"id":134470,"date":"2021-10-05T10:33:26","date_gmt":"2021-10-05T08:33:26","guid":{"rendered":"https:\/\/www.graef-gnu.com\/damga\/"},"modified":"2024-10-22T13:47:31","modified_gmt":"2024-10-22T11:47:31","slug":"damga","status":"publish","type":"page","link":"https:\/\/graef-gnu.com\/tr\/damga\/","title":{"rendered":"damga"},"content":{"rendered":"<div id='av_section_1'  class='avia-section av-m4j9f-64a341a216d0fd8531e81e7e16352473 main_color avia-section-default avia-no-border-styling  avia-builder-el-0  avia-builder-el-no-sibling  avia-bg-style-scroll container_wrap fullsize'  ><div class='container av-section-cont-open' ><main  role=\"main\" itemprop=\"mainContentOfPage\"  class='template-page content  av-content-full alpha units'><div class='post-entry post-entry-type-page post-entry-134470'><div class='entry-content-wrapper clearfix'>\n<div  class='flex_column av-av_one_full-41ee899840124b6993b57a87f996c353 av_one_full  avia-builder-el-1  el_before_av_one_third  avia-builder-el-first  first flex_column_div  '     ><div class=\"pixel-headline align-left no-margin  sub-bottom  \">\n\t\t<div class=\"headline-wrap-inner\">\n\t\t\t\t<h1 class=\"headline-content headline-primary  \">K\u00fcnye<\/h1>\t\t\t<\/div>\n<\/div><\/div>\n<style type=\"text\/css\" data-created_by=\"avia_inline_auto\" id=\"style-css-av-fk257-c27290f19e15b4ad4e298c3d4213b558\">\n.flex_column.av-fk257-c27290f19e15b4ad4e298c3d4213b558{\nborder-radius:0px 0px 0px 0px;\npadding:0px 0px 0px 0px;\n}\n<\/style>\n<div  class='flex_column av-fk257-c27290f19e15b4ad4e298c3d4213b558 av_one_third  avia-builder-el-3  el_after_av_one_full  el_before_av_two_third  first flex_column_div av-zero-column-padding  column-top-margin'     ><section  class='av_textblock_section av-kfmb69lc-23fa159f00ef5be00e1782527f01d5da '   itemscope=\"itemscope\" itemtype=\"https:\/\/schema.org\/CreativeWork\" ><div class='avia_textblock'  itemprop=\"text\" ><p>August Graef GNU GmbH<br \/>\nWernerstra\u00dfe 28<br \/>\n42285 Wuppertal<br \/>\nAlmanya<\/p>\n<p><strong>Temas:<\/strong><\/p>\n<p>Telefon: +49 (0) 202 280 44 0<br \/>\nFaks: +49 (0) 202 888 91<\/p>\n<p><strong>Kay\u0131t mahkemesi:<\/strong><\/p>\n<p>B\u00f6lge mahkemesi Wuppertal HRB 4946<\/p>\n<p><strong>Sat\u0131\u015f vergisi kimlik numaras\u0131:<\/strong><\/p>\n<p>DE 811191078<\/p>\n<p><strong>I\u00e7erikten sorumludur:<\/strong><\/p>\n<p>Genel m\u00fcd\u00fcr:<br \/>\nDipl.-Kfm. Gerhard Koll<br \/>\nPhilipp Koll (MA)<\/p>\n<\/div><\/section><\/div>\n<style type=\"text\/css\" data-created_by=\"avia_inline_auto\" id=\"style-css-av-6s7rv-5d24b84f451a4f4e841352b4f4eea7d4\">\n.flex_column.av-6s7rv-5d24b84f451a4f4e841352b4f4eea7d4{\nborder-radius:0px 0px 0px 0px;\npadding:0px 0px 0px 0px;\n}\n<\/style>\n<div  class='flex_column av-6s7rv-5d24b84f451a4f4e841352b4f4eea7d4 av_two_third  avia-builder-el-5  el_after_av_one_third  avia-builder-el-last  flex_column_div av-zero-column-padding  column-top-margin'     ><section  class='av_textblock_section av-kfmb69lc-a87222901313f0b88a4df4f4b6e10629 '   itemscope=\"itemscope\" itemtype=\"https:\/\/schema.org\/CreativeWork\" ><div class='avia_textblock'  itemprop=\"text\" ><p><strong>1. \u00c7evrimi\u00e7i teklifin i\u00e7eri\u011fi<\/strong><\/p>\n<p>Yazar, sa\u011flanan bilgilerin g\u00fcncelli\u011fi, do\u011frulu\u011fu, eksiksizli\u011fi veya kalitesi konusunda hi\u00e7bir sorumluluk kabul etmez. Sa\u011flanan bilgilerin kullan\u0131m\u0131ndan veya kullan\u0131lmamas\u0131ndan veya yanl\u0131\u015f ve eksik bilgilerin kullan\u0131lmas\u0131ndan kaynaklanan maddi veya manevi zararlarla ilgili olarak yazara kar\u015f\u0131 sorumluluk iddialar\u0131, yazar\u0131n kas\u0131tl\u0131 veya a\u011f\u0131r ihmalkar davrand\u0131\u011f\u0131 kan\u0131tlanmad\u0131k\u00e7a, esasen hari\u00e7 tutulmu\u015ftur. kabahatli. T\u00fcm teklifler ba\u011flay\u0131c\u0131 de\u011fildir. Yazar, \u00f6nceden haber vermeksizin sayfalar\u0131n baz\u0131 k\u0131s\u0131mlar\u0131n\u0131 veya teklifin tamam\u0131n\u0131 de\u011fi\u015ftirme, ekleme veya silme veya yay\u0131n\u0131 ge\u00e7ici veya kal\u0131c\u0131 olarak durdurma hakk\u0131n\u0131 a\u00e7\u0131k\u00e7a sakl\u0131 tutar.<\/p>\n<p><strong>2. Referanslar ve ba\u011flant\u0131lar<\/strong><\/p>\n<p>Yazar\u0131n sorumluluk alan\u0131 d\u0131\u015f\u0131nda olan harici web sitelerine (&#8220;k\u00f6pr\u00fcler&#8221;) do\u011frudan veya dolayl\u0131 referanslar olmas\u0131 durumunda, sorumluluk ancak yazar\u0131n i\u00e7erikten haberdar olmas\u0131 ve teknik olarak onun i\u00e7in m\u00fcmk\u00fcn ve makul olmas\u0131 durumunda y\u00fcr\u00fcrl\u00fc\u011fe girer. yasad\u0131\u015f\u0131 i\u00e7erik durumunda kullan\u0131m\u0131 \u00f6nlemek i\u00e7in. Yazar i\u015fbu belgeyle, ba\u011flant\u0131n\u0131n kuruldu\u011fu s\u0131rada, ba\u011flant\u0131 verilen sayfalarda hi\u00e7bir yasa d\u0131\u015f\u0131 i\u00e7eri\u011fin tan\u0131nmad\u0131\u011f\u0131n\u0131 a\u00e7\u0131k\u00e7a beyan eder. Yazar\u0131n, ba\u011flant\u0131l\u0131 \/ ba\u011flant\u0131l\u0131 sayfalar\u0131n mevcut ve gelecekteki tasar\u0131m\u0131, i\u00e7eri\u011fi veya yazarl\u0131\u011f\u0131 \u00fczerinde hi\u00e7bir etkisi yoktur. Bu nedenle, ba\u011flant\u0131 kurulduktan sonra de\u011fi\u015ftirilen t\u00fcm ba\u011flant\u0131l\u0131 \/ ba\u011flant\u0131l\u0131 sayfalar\u0131n t\u00fcm i\u00e7eriklerinden a\u00e7\u0131k\u00e7a uzakla\u015f\u0131r. Bu beyan, yazar\u0131n kendi web sitesinde yer alan t\u00fcm ba\u011flant\u0131lar ve referanslar\u0131n yan\u0131 s\u0131ra konuk defterlerinde, tart\u0131\u015fma forumlar\u0131nda, ba\u011flant\u0131 dizinlerinde, posta listelerinde ve i\u00e7eri\u011fine harici yazma eri\u015fiminin m\u00fcmk\u00fcn oldu\u011fu di\u011fer t\u00fcm veritabanlar\u0131nda \u00fc\u00e7\u00fcnc\u00fc \u015fah\u0131s giri\u015fleri i\u00e7in ge\u00e7erlidir. Yasa d\u0131\u015f\u0131, yanl\u0131\u015f veya eksik i\u00e7erik ve \u00f6zellikle bu \u015fekilde sunulan bilgilerin kullan\u0131lmas\u0131 veya kullan\u0131lmamas\u0131ndan kaynaklanan hasarlar i\u00e7in, yaln\u0131zca ilgili sayfaya at\u0131fta bulunan ki\u015fi de\u011fil, yaln\u0131zca at\u0131fta bulunulan sayfan\u0131n sa\u011flay\u0131c\u0131s\u0131 sorumludur. linkler \u00fczerinden yay\u0131n.<\/p>\n<p><strong>3. Telif hakk\u0131 ve ticari marka kanunu<\/strong><\/p>\n<p>Yazar, t\u00fcm yay\u0131nlarda kullan\u0131lan g\u00f6rsellerin, grafiklerin, ses belgelerinin, video dizilerinin ve metinlerin telif haklar\u0131n\u0131 g\u00f6zetmeye, g\u00f6rselleri, grafikleri, sesli belgeleri, video dizilerini ve kendisi taraf\u0131ndan olu\u015fturulan metinleri kullanmaya veya lisanss\u0131z grafik, ses dosyas\u0131 kullanmaya \u00f6zen g\u00f6stermektedir. belgeler, video dizileri ve metinler. Web sitesinde ad\u0131 ge\u00e7en ve muhtemelen \u00fc\u00e7\u00fcnc\u00fc \u015fah\u0131slar taraf\u0131ndan korunan t\u00fcm markalar ve ticari markalar, ilgili ticari marka kanununun h\u00fck\u00fcmlerine ve ilgili tescilli sahibinin m\u00fclkiyet haklar\u0131na k\u0131s\u0131tlama olmaks\u0131z\u0131n tabidir. Ticari markalar\u0131n \u00fc\u00e7\u00fcnc\u00fc \u015fah\u0131slar\u0131n haklar\u0131yla korunmad\u0131\u011f\u0131 sonucu, sadece bahsedildi diye \u00e7\u0131kar\u0131lmamal\u0131d\u0131r! Yazar taraf\u0131ndan olu\u015fturulan yay\u0131nlanm\u0131\u015f nesnelerin telif hakk\u0131 yaln\u0131zca sayfalar\u0131n yazar\u0131na aittir. Bu t\u00fcr grafiklerin, ses dosyalar\u0131n\u0131n, video dizilerinin ve metinlerin di\u011fer elektronik veya bas\u0131l\u0131 yay\u0131nlarda \u00e7o\u011falt\u0131lmas\u0131na veya kullan\u0131lmas\u0131na, yazar\u0131n a\u00e7\u0131k izni olmadan izin verilmez.<\/p>\n<p><strong>4. Bu sorumluluk reddinin yasal ge\u00e7erlili\u011fi<\/strong><\/p>\n<p>Bu sorumluluk reddi, y\u00f6nlendirildi\u011finiz internet yay\u0131n\u0131n\u0131n bir par\u00e7as\u0131 olarak g\u00f6r\u00fclmelidir. Bu metnin baz\u0131 b\u00f6l\u00fcmleri veya bireysel form\u00fclasyonlar\u0131 mevcut yasal duruma art\u0131k uymuyorsa veya tamamen uymuyorsa, belgenin geri kalan b\u00f6l\u00fcmleri i\u00e7erik ve ge\u00e7erlilik a\u00e7\u0131s\u0131ndan etkilenmeden kal\u0131r.<\/p>\n<p><strong>5. Anla\u015fmazl\u0131k \u00c7\u00f6z\u00fcm\u00fc<\/strong><\/p>\n<p>Avrupa Komisyonu, \u00e7evrimi\u00e7i anla\u015fmazl\u0131k \u00e7\u00f6z\u00fcm\u00fc (OS) i\u00e7in bir platform sa\u011flar:<\/p>\n<p><a href=\"https:\/\/ec.europa.eu\/consumers\/odr\" target=\"_blank\" rel=\"noopener\">https:\/\/ec.europa.eu\/consumers\/odr<\/a><\/p>\n<p>E-posta adresimizi yukar\u0131daki yasal bildirimde bulabilirsiniz.<\/p>\n<p>Bir t\u00fcketici tahkim kurulu \u00f6n\u00fcnde anla\u015fmazl\u0131klar\u0131n halli i\u015flemlerine kat\u0131lmaya ne istekliyiz ne de mecburuz.<\/p>\n<\/div><\/section><\/div>\n","protected":false},"excerpt":{"rendered":"","protected":false},"author":1,"featured_media":0,"parent":0,"menu_order":9,"comment_status":"closed","ping_status":"closed","template":"","meta":{"_acf_changed":false,"footnotes":""},"class_list":["post-134470","page","type-page","status-publish","hentry"],"acf":[],"yoast_head":"<!-- This site is optimized with the Yoast SEO plugin v22.6 - https:\/\/yoast.com\/wordpress\/plugins\/seo\/ -->\n<title>damga - August Graef GNU<\/title>\n<meta name=\"robots\" content=\"index, follow, max-snippet:-1, max-image-preview:large, max-video-preview:-1\" \/>\n<link rel=\"canonical\" href=\"https:\/\/graef-gnu.com\/tr\/damga\/\" \/>\n<meta property=\"og:locale\" content=\"tr_TR\" \/>\n<meta property=\"og:type\" content=\"article\" \/>\n<meta property=\"og:title\" content=\"damga - August Graef GNU\" \/>\n<meta property=\"og:url\" content=\"https:\/\/graef-gnu.com\/tr\/damga\/\" \/>\n<meta property=\"og:site_name\" content=\"August Graef GNU\" \/>\n<meta property=\"article:modified_time\" content=\"2024-10-22T11:47:31+00:00\" \/>\n<meta name=\"twitter:card\" content=\"summary_large_image\" \/>\n<meta name=\"twitter:label1\" content=\"Tahmini okuma s\u00fcresi\" \/>\n\t<meta name=\"twitter:data1\" content=\"9 dakika\" \/>\n<script type=\"application\/ld+json\" class=\"yoast-schema-graph\">{\"@context\":\"https:\/\/schema.org\",\"@graph\":[{\"@type\":\"WebPage\",\"@id\":\"https:\/\/graef-gnu.com\/tr\/damga\/\",\"url\":\"https:\/\/graef-gnu.com\/tr\/damga\/\",\"name\":\"damga - August Graef GNU\",\"isPartOf\":{\"@id\":\"https:\/\/graef-gnu.com\/#website\"},\"datePublished\":\"2021-10-05T08:33:26+00:00\",\"dateModified\":\"2024-10-22T11:47:31+00:00\",\"breadcrumb\":{\"@id\":\"https:\/\/graef-gnu.com\/tr\/damga\/#breadcrumb\"},\"inLanguage\":\"tr\",\"potentialAction\":[{\"@type\":\"ReadAction\",\"target\":[\"https:\/\/graef-gnu.com\/tr\/damga\/\"]}]},{\"@type\":\"BreadcrumbList\",\"@id\":\"https:\/\/graef-gnu.com\/tr\/damga\/#breadcrumb\",\"itemListElement\":[{\"@type\":\"ListItem\",\"position\":1,\"name\":\"Startseite\",\"item\":\"https:\/\/graef-gnu.com\/tr\/\"},{\"@type\":\"ListItem\",\"position\":2,\"name\":\"damga\"}]},{\"@type\":\"WebSite\",\"@id\":\"https:\/\/graef-gnu.com\/#website\",\"url\":\"https:\/\/graef-gnu.com\/\",\"name\":\"August Graef GNU\",\"description\":\"\",\"potentialAction\":[{\"@type\":\"SearchAction\",\"target\":{\"@type\":\"EntryPoint\",\"urlTemplate\":\"https:\/\/graef-gnu.com\/?s={search_term_string}\"},\"query-input\":\"required name=search_term_string\"}],\"inLanguage\":\"tr\"}]}<\/script>\n<!-- \/ Yoast SEO plugin. -->","yoast_head_json":{"title":"damga - August Graef GNU","robots":{"index":"index","follow":"follow","max-snippet":"max-snippet:-1","max-image-preview":"max-image-preview:large","max-video-preview":"max-video-preview:-1"},"canonical":"https:\/\/graef-gnu.com\/tr\/damga\/","og_locale":"tr_TR","og_type":"article","og_title":"damga - August Graef GNU","og_url":"https:\/\/graef-gnu.com\/tr\/damga\/","og_site_name":"August Graef GNU","article_modified_time":"2024-10-22T11:47:31+00:00","twitter_card":"summary_large_image","twitter_misc":{"Tahmini okuma s\u00fcresi":"9 dakika"},"schema":{"@context":"https:\/\/schema.org","@graph":[{"@type":"WebPage","@id":"https:\/\/graef-gnu.com\/tr\/damga\/","url":"https:\/\/graef-gnu.com\/tr\/damga\/","name":"damga - August Graef GNU","isPartOf":{"@id":"https:\/\/graef-gnu.com\/#website"},"datePublished":"2021-10-05T08:33:26+00:00","dateModified":"2024-10-22T11:47:31+00:00","breadcrumb":{"@id":"https:\/\/graef-gnu.com\/tr\/damga\/#breadcrumb"},"inLanguage":"tr","potentialAction":[{"@type":"ReadAction","target":["https:\/\/graef-gnu.com\/tr\/damga\/"]}]},{"@type":"BreadcrumbList","@id":"https:\/\/graef-gnu.com\/tr\/damga\/#breadcrumb","itemListElement":[{"@type":"ListItem","position":1,"name":"Startseite","item":"https:\/\/graef-gnu.com\/tr\/"},{"@type":"ListItem","position":2,"name":"damga"}]},{"@type":"WebSite","@id":"https:\/\/graef-gnu.com\/#website","url":"https:\/\/graef-gnu.com\/","name":"August Graef GNU","description":"","potentialAction":[{"@type":"SearchAction","target":{"@type":"EntryPoint","urlTemplate":"https:\/\/graef-gnu.com\/?s={search_term_string}"},"query-input":"required name=search_term_string"}],"inLanguage":"tr"}]}},"_links":{"self":[{"href":"https:\/\/graef-gnu.com\/tr\/wp-json\/wp\/v2\/pages\/134470","targetHints":{"allow":["GET"]}}],"collection":[{"href":"https:\/\/graef-gnu.com\/tr\/wp-json\/wp\/v2\/pages"}],"about":[{"href":"https:\/\/graef-gnu.com\/tr\/wp-json\/wp\/v2\/types\/page"}],"author":[{"embeddable":true,"href":"https:\/\/graef-gnu.com\/tr\/wp-json\/wp\/v2\/users\/1"}],"replies":[{"embeddable":true,"href":"https:\/\/graef-gnu.com\/tr\/wp-json\/wp\/v2\/comments?post=134470"}],"version-history":[{"count":10,"href":"https:\/\/graef-gnu.com\/tr\/wp-json\/wp\/v2\/pages\/134470\/revisions"}],"predecessor-version":[{"id":177410,"href":"https:\/\/graef-gnu.com\/tr\/wp-json\/wp\/v2\/pages\/134470\/revisions\/177410"}],"wp:attachment":[{"href":"https:\/\/graef-gnu.com\/tr\/wp-json\/wp\/v2\/media?parent=134470"}],"curies":[{"name":"wp","href":"https:\/\/api.w.org\/{rel}","templated":true}]}}