{"id":134482,"date":"2021-10-05T10:33:30","date_gmt":"2021-10-05T08:33:30","guid":{"rendered":"https:\/\/www.graef-gnu.com\/kosullar\/"},"modified":"2024-04-24T13:51:41","modified_gmt":"2024-04-24T11:51:41","slug":"kosullar","status":"publish","type":"page","link":"https:\/\/graef-gnu.com\/tr\/kosullar\/","title":{"rendered":"Ko\u015fullar"},"content":{"rendered":"<div id='av_section_1'  class='avia-section av-m4j9f-64a341a216d0fd8531e81e7e16352473 main_color avia-section-default avia-no-border-styling  avia-builder-el-0  avia-builder-el-no-sibling  avia-bg-style-scroll container_wrap fullsize'  ><div class='container av-section-cont-open' ><main  role=\"main\" itemprop=\"mainContentOfPage\"  class='template-page content  av-content-full alpha units'><div class='post-entry post-entry-type-page post-entry-134482'><div class='entry-content-wrapper clearfix'>\n<div  class='flex_column av-av_one_full-41ee899840124b6993b57a87f996c353 av_one_full  avia-builder-el-1  el_before_av_one_half  avia-builder-el-first  first flex_column_div  '     ><div class=\"pixel-headline align-left no-margin  sub-bottom  \">\n\t\t<div class=\"headline-wrap-inner\">\n\t\t\t\t<h1 class=\"headline-content headline-primary  \">Ko\u015fullar<\/h1>\t\t\t<\/div>\n<\/div><\/div>\n<style type=\"text\/css\" data-created_by=\"avia_inline_auto\" id=\"style-css-av-fk257-c27290f19e15b4ad4e298c3d4213b558\">\n.flex_column.av-fk257-c27290f19e15b4ad4e298c3d4213b558{\nborder-radius:0px 0px 0px 0px;\npadding:0px 0px 0px 0px;\n}\n<\/style>\n<div  class='flex_column av-fk257-c27290f19e15b4ad4e298c3d4213b558 av_one_half  avia-builder-el-3  el_after_av_one_full  el_before_av_one_half  first flex_column_div av-zero-column-padding  column-top-margin'     ><section  class='av_textblock_section av-kfmb69lc-a87222901313f0b88a4df4f4b6e10629 '   itemscope=\"itemscope\" itemtype=\"https:\/\/schema.org\/CreativeWork\" ><div class='avia_textblock'  itemprop=\"text\" ><p>A\u015fa\u011f\u0131daki teslimat ve \u00f6deme ko\u015fullar\u0131 01\/01\/2014 tarihinden itibaren ge\u00e7erlidir ve August Graef GNU GmbH&#8217;nin (bundan b\u00f6yle &#8220;GNU&#8221; olarak an\u0131lacakt\u0131r) \u00f6nceki t\u00fcm ko\u015fullar\u0131n\u0131n yerine ge\u00e7er.<\/p>\n<p><strong>1 kapsam<\/strong><\/p>\n<p>T\u00fcm i\u015flemler, genel teslimat ve \u00f6deme ko\u015fullar\u0131m\u0131za dayanmaktad\u0131r. Bireysel m\u00fc\u015fterilerle yap\u0131lan mevcut \u00f6zel anla\u015fmalar bundan etkilenmez. M\u00fc\u015fterilerimizin farkl\u0131 \u015fart ve ko\u015fullar\u0131na bak\u0131lmaks\u0131z\u0131n bize verilen t\u00fcm sipari\u015fler, sipari\u015f bunlara dayal\u0131 olsa bile, yaln\u0131zca a\u015fa\u011f\u0131daki ko\u015fullar\u0131m\u0131z dahilinde ger\u00e7ekle\u015ftirilecektir. M\u00fc\u015fterinin i\u015fine veya sat\u0131n alma ko\u015fullar\u0131na ili\u015fkin kar\u015f\u0131 onaylar\u0131 i\u015fbu belgeyle reddedilir. H\u00fck\u00fcm ve ko\u015fullar\u0131m\u0131zdan sapan s\u00f6zle\u015fmeler, yaln\u0131zca taraf\u0131m\u0131zca yaz\u0131l\u0131 olarak onayland\u0131\u011f\u0131 takdirde ge\u00e7erlidir. Bu yaz\u0131l\u0131 maddenin s\u00f6zl\u00fc olarak y\u00fcr\u00fcrl\u00fckten kald\u0131r\u0131lmas\u0131 etkisizdir. Ko\u015fullar\u0131m\u0131z gelecekteki t\u00fcm i\u015fler i\u00e7in de ge\u00e7erlidir.<\/p>\n<p><strong>2 teklif<\/strong><\/p>\n<p>Aksi a\u00e7\u0131k\u00e7a belirtilmedik\u00e7e, tekliflerimiz ba\u011flay\u0131c\u0131 de\u011fildir. Sat\u0131n alma s\u00f6zle\u015fmesi, yaz\u0131l\u0131 sipari\u015f onay\u0131m\u0131z veya teslimat\u0131n fiilen ger\u00e7ekle\u015ftirilmesi yoluyla sonu\u00e7land\u0131r\u0131l\u0131r veya sipari\u015f kabul edilir. De\u011fi\u015fiklikler ve yan anla\u015fmalar yaz\u0131l\u0131 olarak yap\u0131lmal\u0131d\u0131r. Maliyet tahminleri ve teklifler, a\u00e7\u0131k bir beyan olmaks\u0131z\u0131n ba\u011flay\u0131c\u0131 de\u011fildir. Herhangi bir fiyat \u00fczerinde anla\u015fmaya var\u0131lmam\u0131\u015fsa, \u00f6nceden haber verilmeksizin %10&#8217;a kadar maliyet eksik ve a\u015f\u0131mlar\u0131na izin verilir. Bro\u015f\u00fcrlerde, kataloglarda veya \u0130nternet&#8217;te verilen bilgiler, resimler ve boyutlar ve a\u011f\u0131rl\u0131klar, yaln\u0131zca a\u00e7\u0131k\u00e7a ba\u011flay\u0131c\u0131 olarak i\u015faretlendi\u011fi s\u00fcrece ba\u011flay\u0131c\u0131d\u0131r. Ayn\u0131s\u0131 kullan\u0131ma uygunluk bilgileri i\u00e7in de ge\u00e7erlidir. A\u00e7\u0131klamalar veya i\u015faretler s\u00f6z konusu oldu\u011funda, yasal anlamda herhangi bir ba\u011flay\u0131c\u0131 kalite garantisi veremeyiz.<\/p>\n<p><strong>3 Fiyatlar ve Teslimat<\/strong><\/p>\n<p>Aksi kararla\u015ft\u0131r\u0131lmad\u0131k\u00e7a, ilgili fiyat listelerimize g\u00f6re teslimat g\u00fcn\u00fc ge\u00e7erli olan fiyatlar kabul edilmi\u015f say\u0131l\u0131r. Fiyat listelerimiz, bu s\u00fcre i\u00e7inde meydana gelen fiyat de\u011fi\u015fikliklerine tabidir. Teslimat an\u0131nda ge\u00e7erli olan ba\u015fka anla\u015fmalar yap\u0131lmad\u0131\u011f\u0131 s\u00fcrece, teslimat\u0131 Wuppertal fabrikam\u0131zdan yap\u0131yoruz. Fiyatlar\u0131m\u0131za y\u00fckleme, nakliye, paketleme ve nakliye sigortas\u0131 masraflar\u0131 dahil de\u011fildir. Ayn\u0131 \u015fekilde, Federal Almanya Cumhuriyeti i\u00e7indeki teslimatlar s\u00f6z konusu oldu\u011funda, teslimat ve faturalama g\u00fcn\u00fcnde ge\u00e7erli olan yasal katma de\u011fer vergisi de eklenmelidir. M\u00fccbir sebeplerden ve teslimat\u0131 bizim i\u00e7in mant\u0131ks\u0131z veya imkans\u0131z k\u0131lan olaylardan kaynaklanan teslimat ve hizmet gecikmeleri &#8211; bu ayn\u0131 zamanda \u00fcst veya alt tedarik\u00e7ilerimizde meydana gelseler bile m\u00fcteakip grevler, lokavtlar, resmi sipari\u015fler vb. izin verilen temsil. Teslimat veya hizmeti, engelleme s\u00fcresi art\u0131 makul bir ba\u015flang\u0131\u00e7 s\u00fcresi boyunca erteleme veya s\u00f6zle\u015fmenin yerine getirilmesi gerekiyorsa, hen\u00fcz yerine getirilmeyen k\u0131s\u0131m nedeniyle tamamen veya k\u0131smen s\u00f6zle\u015fmeden \u00e7ekilme hakk\u0131na sahibiz. bizim i\u00e7in mant\u0131ks\u0131z K\u0131smi teslimatlar yap\u0131lsa veya ba\u015fka hizmetlerimiz olsa bile, risk en ge\u00e7 teslimat par\u00e7alar\u0131 y\u00fcklendi\u011finde m\u00fc\u015fteriye ge\u00e7er, \u00f6rn. B. nakliye masraflar\u0131n\u0131 \u00fcstlendi. Nakliye \u015firketi nezdinde bizim lehimize teslim edilen par\u00e7alar i\u00e7in sigorta olmas\u0131 durumunda, maddi hasar durumunda m\u00fc\u015fteriye tahsis edilecektir. Ayn\u0131 durum, nakliye \u015firketinin g\u00f6nderen olarak bize kar\u015f\u0131 olan di\u011fer sorumluluklar\u0131 i\u00e7in de ge\u00e7erlidir.<\/p>\n<p><strong>4 \u00d6deme ve M\u00fclkiyetin Saklanmas\u0131<\/strong><\/p>\n<p>Sipari\u015f onay\u0131nda veya \u00d6zel S\u00f6zle\u015fme \u015eartlar\u0131nda (BVB) aksi belirtilmedik\u00e7e, net sat\u0131n alma fiyat\u0131 (kesintisiz) faturan\u0131n m\u00fc\u015fteri taraf\u0131ndan al\u0131nmas\u0131ndan hemen sonra \u00f6denecektir.<\/p>\n<p>\u0130ndirim kesintisine yaln\u0131zca a\u00e7\u0131k\u00e7a kararla\u015ft\u0131r\u0131ld\u0131\u011f\u0131 takdirde izin verilir. M\u00fcnferit durumlarda bir indirim \u00fczerinde anla\u015fmaya var\u0131lm\u0131\u015fsa, m\u00fc\u015fterinin temerr\u00fcd\u00fc ile ba\u015fka bir fatura zaten al\u0131nm\u0131\u015fsa, indirim hakk\u0131 ge\u00e7erli de\u011fildir. \u00d6demeler daha sonra ba\u015flang\u0131\u00e7ta herhangi bir faiz talebine ve en eski gecikmelere kar\u015f\u0131 mahsup edilir. Hizmetler veya i\u015f ve saf \u00fccretli emek i\u00e7in faturalar indirime tabi de\u011fildir.<\/p>\n<p>Gelen k\u0131smi \u00f6demeler veya \u00f6deme spesifikasyonu olmayan \u00f6demeler, \u00f6nce herhangi bir faiz talebine ve ard\u0131ndan en eski gecikmeye kar\u015f\u0131 mahsup edilir.<\/p>\n<p>K\u0131smi teslimatlar, \u00f6deme ko\u015fullar\u0131m\u0131za g\u00f6re ayr\u0131ca \u00f6denecektir.<\/p>\n<p>M\u00fc\u015fterinin vadesi gelen \u00f6demeleri gecikmi\u015fse veya m\u00fc\u015fterinin \u00f6deme g\u00fcc\u00fc veya kredibilitesi hakk\u0131nda hakl\u0131 \u015f\u00fcphelere yol a\u00e7an ko\u015fullar\u0131n fark\u0131na var\u0131rsak, \u00f6nceden kararla\u015ft\u0131r\u0131lan \u00f6deme ko\u015fullar\u0131na bak\u0131lmaks\u0131z\u0131n, makul bir avans \u00f6demesi veya bizim takdirimize ba\u011fl\u0131 olarak bir g\u00fcvenlik teminat\u0131.<\/p>\n<p>Net \u00f6deme hedefi a\u015f\u0131l\u0131rsa, di\u011fer yasal taleplerimize halel getirmeksizin, ECB&#8217;nin taban oran\u0131n\u0131n %8 \u00fczerinde faiz uygulama hakk\u0131na sahibiz. \u00d6demede temerr\u00fcde d\u00fc\u015f\u00fclmesi durumunda, bu andan itibaren ECB&#8217;nin ilgili taban oran\u0131n\u0131n %8 \u00fczerinde, ancak en az %12 oran\u0131nda faiz talep etme hakk\u0131m\u0131z vard\u0131r. Temerr\u00fctten kaynaklanan daha d\u00fc\u015f\u00fck veya daha y\u00fcksek hasar\u0131n kan\u0131t\u0131na izin verilir.<\/p>\n<p>Teslimat kalemleri, \u015fimdi veya gelecekte m\u00fc\u015fteriye kar\u015f\u0131 hakk\u0131m\u0131z olan t\u00fcm ticari alacaklar\u0131m\u0131z tamamen \u00f6denene kadar m\u00fclkiyetimizde kal\u0131r.<\/p>\n<p>M\u00fc\u015fteri, teslim edilen mallar\u0131 ne rehin verebilir ne de bedeli tam olarak \u00f6denmeden teminat olarak temlik edemez. \u015euradan eri\u015firken<\/p>\n<\/div><\/section><\/div>\n<style type=\"text\/css\" data-created_by=\"avia_inline_auto\" id=\"style-css-av-6s7rv-5d24b84f451a4f4e841352b4f4eea7d4\">\n.flex_column.av-6s7rv-5d24b84f451a4f4e841352b4f4eea7d4{\nborder-radius:0px 0px 0px 0px;\npadding:0px 0px 0px 0px;\n}\n<\/style>\n<div  class='flex_column av-6s7rv-5d24b84f451a4f4e841352b4f4eea7d4 av_one_half  avia-builder-el-5  el_after_av_one_half  avia-builder-el-last  flex_column_div av-zero-column-padding  column-top-margin'     ><section  class='av_textblock_section av-kfmb69lc-a87222901313f0b88a4df4f4b6e10629 '   itemscope=\"itemscope\" itemtype=\"https:\/\/schema.org\/CreativeWork\" ><div class='avia_textblock'  itemprop=\"text\" ><p>M\u00fc\u015fteri, \u00f6zellikle el koyma ve m\u00fcsadere durumunda, bizi derhal \u00fc\u00e7\u00fcnc\u00fc \u015fah\u0131slara bildirmelidir. \u00dc\u00e7\u00fcnc\u00fc taraf, m\u00fclkiyeti elimizde tuttu\u011fumuz konusunda derhal bilgilendirilecektir. M\u00fc\u015fteri, \u00f6zellikle \u00f6demede temerr\u00fct durumunda olmak \u00fczere s\u00f6zle\u015fmeye ayk\u0131r\u0131 hareket ederse, bir hat\u0131rlatma sonras\u0131nda mallar\u0131 geri alma hakk\u0131na sahibiz ve m\u00fc\u015fteri bunlar\u0131 teslim etmekle y\u00fck\u00fcml\u00fcd\u00fcr. \u00d6demelerin ask\u0131ya al\u0131nmas\u0131, iflas ba\u015fvurusunda bulunulmas\u0131 veya a\u00e7\u0131lmas\u0131, adli veya yarg\u0131s\u0131z uzla\u015ft\u0131rma i\u015flemlerinin yan\u0131 s\u0131ra \u00e7ekilen banka taraf\u0131ndan \u00e7eklerin veya do\u011frudan bor\u00e7lar\u0131n iade edilmesiyle, m\u00fc\u015fterinin m\u00fclkiyeti muhafazaya tabi mallar\u0131 i\u015fleme veya yeniden satma hakk\u0131 sona erer.<\/p>\n<p><strong>5 Garanti<\/strong><\/p>\n<p>GNU, mallar\u0131n normal kullan\u0131mdaki uygunlu\u011funu olumsuzlayan veya \u00f6nemli \u00f6l\u00e7\u00fcde azaltan malzeme ve i\u015f\u00e7ilik kusurlar\u0131 i\u00e7ermedi\u011fini garanti eder. Teslimatlar\u0131m\u0131z, teslim al\u0131nd\u0131ktan sonra do\u011fruluk a\u00e7\u0131s\u0131ndan kontrol edilmelidir. K\u0131sa veya yanl\u0131\u015f teslimatlar\u0131n yan\u0131 s\u0131ra herhangi bir kusura, teslim al\u0131nmas\u0131ndan itibaren 7 g\u00fcn i\u00e7inde yaln\u0131zca yaz\u0131l\u0131 olarak itiraz edilebilir. A\u00e7\u0131k olmayan kusurlar 14 g\u00fcn i\u00e7inde bildirilmelidir. Teslim edilen mallarda ba\u015fka bir taraf\u00e7a de\u011fi\u015fiklik yap\u0131lm\u0131\u015fsa veya al\u0131c\u0131 mallar\u0131 iade etme talebimize hemen uymazsa garanti ge\u00e7erli de\u011fildir. Di\u011fer hak taleplerinin d\u0131\u015f\u0131nda, kusurlu par\u00e7alar, kendi takdirimize ba\u011fl\u0131 olarak \u00fccretsiz olarak onar\u0131lacak, yeniden teslim edilecek veya alacakland\u0131r\u0131lacakt\u0131r. \u00d6zellikle teslim edilen mallarda meydana gelmeyen hasarlar i\u00e7in ba\u015fka herhangi bir sorumluluk kabul edilmez.<\/p>\n<p>M\u00fc\u015fteriye veya m\u00fc\u015fterisine ge\u00e7 teslimat nedeniyle ortaya \u00e7\u0131kan veya kaybedilen \u00fc\u00e7\u00fcnc\u00fc taraflara taahh\u00fct edilen \u00fcretim kesintisi, kesinti maliyetleri, kar kayb\u0131 veya s\u00f6zle\u015fme cezalar\u0131ndan kaynaklanan hasarlar, yaln\u0131zca ba\u011flay\u0131c\u0131 bir teslimat tarihi kararla\u015ft\u0131r\u0131l\u0131rsa ve m\u00fc\u015fteriye geri \u00f6denir. son tarihin ka\u00e7\u0131r\u0131lmas\u0131 durumunda, yak\u0131n hasar ve maliyetleri \u00f6zellikle belirten tarihi yaz\u0131l\u0131 olarak kabul etti.<\/p>\n<p>GNU, a\u015fa\u011f\u0131daki nedenlere dayanan kusurlar veya hasarlar i\u00e7in hi\u00e7bir sorumluluk kabul etmez:<br \/>\n\u2022 Ba\u015far\u0131s\u0131z veya yanl\u0131\u015f i\u015fbirli\u011fi<br \/>\n\u2022 uygunsuz veya ihmalkar kullan\u0131m ve tedavi<br \/>\n\u2022 \u00c7al\u0131\u015ft\u0131rma talimatlar\u0131na uyulmamas\u0131<br \/>\n\u2022 uygunsuz depolama<br \/>\n\u2022 M\u00fc\u015fteri veya \u00fc\u00e7\u00fcnc\u00fc \u015fah\u0131slar taraf\u0131ndan hatal\u0131 montaj veya hatal\u0131 devreye alma<br \/>\n\u2022 Eksik deneme \u00e7al\u0131\u015ft\u0131rmas\u0131<br \/>\n\u2022 do\u011fal a\u015f\u0131nma ve y\u0131pranma<br \/>\n\u2022 do\u011fal a\u015f\u0131nma ve y\u0131pranma<br \/>\n\u2022 Eksik veya yanl\u0131\u015f bak\u0131m<br \/>\n\u2022 Uygun olmayan ekipman kullan\u0131m\u0131<br \/>\n\u2022 uygun olmayan \u00e7evre ko\u015fullar\u0131<br \/>\n\u2022 Uygun olmayan malzemelerin kullan\u0131m\u0131, i\u015flenecek malzemenin etkileri, kimyasal, elektronik veya elektriksel etkiler<br \/>\n\u2022 M\u00fc\u015fteri taraf\u0131ndan teslimat kalemi ile i\u015flenen malzemelerin (folyolar, karton kutular, vb.) \u00f6zellikleri, sebepleri bizim kusurumuzdan kaynaklanmad\u0131\u011f\u0131 s\u00fcrece, s\u00f6zle\u015fmenin yap\u0131ld\u0131\u011f\u0131 tarihte bilinmemektedir.<\/p>\n<p><strong>6 M\u00fccbir sebep, m\u00fccbir sebep<\/strong><\/p>\n<p>GNU&#8217;nun m\u00fccbir sebep nedeniyle teslim edilmesi engellenirse, teslim tarihi otomatik olarak s\u00fcre art\u0131 makul bir ba\u015flang\u0131\u00e7 s\u00fcresi kadar uzat\u0131l\u0131r. Bir randevu verilirse, m\u00fccbir sebep, teslimat\u0131 makul olmayan bir \u015fekilde zorla\u015ft\u0131ran veya ge\u00e7ici olarak imkans\u0131z k\u0131lan, sorumlu olmad\u0131\u011f\u0131m\u0131z \u00f6ng\u00f6r\u00fclemeyen durumlara e\u015fde\u011ferdir. \u0130\u015f uyu\u015fmazl\u0131klar\u0131, resmi tedbirler, \u00f6nlenemeyen hammadde veya enerji k\u0131tl\u0131\u011f\u0131, \u015firketin bir b\u00fct\u00fcn olarak veya \u00f6nemli departmanlar\u0131n tahrip olmas\u0131 nedeniyle \u00f6nemli operasyonel aksakl\u0131klar veya pandemi nedeniyle temel \u00fcretim tesislerinin veya i\u015fg\u00fcc\u00fcn\u00fcn \u00f6nemli b\u00f6l\u00fcmlerinin ar\u0131zalanmas\u0131, buna \u00f6rnek olarak g\u00f6sterilebilir. daha ciddi ula\u015f\u0131m kesintileri, vb., \u00f6r. B. yol ablukalar\u0131, ula\u015f\u0131m sekt\u00f6r\u00fcndeki i\u015f uyu\u015fmazl\u0131klar\u0131, genel ara\u00e7 kullanma yasaklar\u0131. Bu durum, alt tedarik\u00e7ilerde bu durumlar meydana geldi\u011finde de ge\u00e7erlidir. Belirtilen ko\u015fullar, halihaz\u0131rda var olan bir gecikme s\u0131ras\u0131nda ortaya \u00e7\u0131karlarsa GNU&#8217;yu da rahatlat\u0131r. M\u00fc\u015fteriyi bu durumlar hakk\u0131nda m\u00fcmk\u00fcn olan en k\u0131sa s\u00fcrede bilgilendirece\u011fiz. M\u00fc\u015fteri durumun zaten fark\u0131ndaysa bir bildirim atlanabilir. Bu \u015fartlar\u0131n 3 aydan fazla s\u00fcrmesi halinde s\u00f6zle\u015fmeden cayma hakk\u0131m\u0131z da bulunmaktad\u0131r.<\/p>\n<p>\u00dcretim veya teslimat veya hizmetlerimiz, sorumlu olmad\u0131\u011f\u0131m\u0131z nedenlerle ge\u00e7ici olarak engellenir veya ertelenirse, teslimat s\u00fcresi (veya ifa s\u00fcresi), engelin do\u011frulanabilir s\u00fcresi kadar buna g\u00f6re uzat\u0131l\u0131r. S\u00fcre uzat\u0131m\u0131 hesaplan\u0131rken hizmetin yeniden ba\u015flamas\u0131 i\u00e7in makul bir ba\u015flang\u0131\u00e7 zaman\u0131 dikkate al\u0131nmal\u0131d\u0131r. M\u00fc\u015fterinin performans talepleri veya maluliyet d\u00f6neminde performans yerine talepler hari\u00e7tir.<\/p>\n<p><strong>7 B\u00f6l\u00fcnebilirlik Maddesi<\/strong><\/p>\n<p>Bu ko\u015fullar\u0131n m\u00fcnferit h\u00fck\u00fcmlerinin tamamen veya k\u0131smen etkisiz kalmas\u0131 veya tamamen veya k\u0131smen etkisiz hale gelmesi, di\u011fer t\u00fcm h\u00fck\u00fcmlerin ge\u00e7erlili\u011fini etkilemez. Aksine, etkisiz h\u00fckm\u00fcn yerine, etkisiz h\u00fckm\u00fcn anlam\u0131na en yak\u0131n olan bir h\u00fck\u00fcm konulmal\u0131d\u0131r.<\/p>\n<p><strong>8 \u0130fa yeri ve yarg\u0131 yetkisi<\/strong><\/p>\n<p>Al\u0131c\u0131n\u0131n y\u00fck\u00fcml\u00fcl\u00fckleri i\u00e7in de ifa yeri ve yarg\u0131 yeri Wuppertal&#8217;d\u0131r. Alman hukuku, BM Sat\u0131\u015f S\u00f6zle\u015fmesinin (CISG) hari\u00e7 tutulmas\u0131 i\u00e7in ge\u00e7erlidir.<\/p>\n<\/div><\/section><\/div>\n","protected":false},"excerpt":{"rendered":"","protected":false},"author":1,"featured_media":0,"parent":0,"menu_order":11,"comment_status":"closed","ping_status":"closed","template":"","meta":{"_acf_changed":false,"footnotes":""},"class_list":["post-134482","page","type-page","status-publish","hentry"],"acf":[],"yoast_head":"<!-- This site is optimized with the Yoast SEO plugin v22.6 - https:\/\/yoast.com\/wordpress\/plugins\/seo\/ -->\n<title>Ko\u015fullar - August Graef GNU<\/title>\n<meta name=\"robots\" content=\"index, follow, max-snippet:-1, max-image-preview:large, max-video-preview:-1\" \/>\n<link rel=\"canonical\" href=\"https:\/\/graef-gnu.com\/agb\/\" \/>\n<meta property=\"og:locale\" content=\"tr_TR\" \/>\n<meta property=\"og:type\" content=\"article\" \/>\n<meta property=\"og:title\" content=\"Ko\u015fullar - August Graef GNU\" \/>\n<meta property=\"og:url\" content=\"https:\/\/graef-gnu.com\/agb\/\" \/>\n<meta property=\"og:site_name\" content=\"August Graef GNU\" \/>\n<meta property=\"article:modified_time\" content=\"2024-04-24T11:51:41+00:00\" \/>\n<meta name=\"twitter:card\" content=\"summary_large_image\" \/>\n<meta name=\"twitter:label1\" content=\"Tahmini okuma s\u00fcresi\" \/>\n\t<meta name=\"twitter:data1\" content=\"13 dakika\" \/>\n<script type=\"application\/ld+json\" class=\"yoast-schema-graph\">{\"@context\":\"https:\/\/schema.org\",\"@graph\":[{\"@type\":\"WebPage\",\"@id\":\"https:\/\/graef-gnu.com\/agb\/\",\"url\":\"https:\/\/graef-gnu.com\/agb\/\",\"name\":\"Ko\u015fullar - August Graef GNU\",\"isPartOf\":{\"@id\":\"https:\/\/graef-gnu.com\/#website\"},\"datePublished\":\"2021-10-05T08:33:30+00:00\",\"dateModified\":\"2024-04-24T11:51:41+00:00\",\"breadcrumb\":{\"@id\":\"https:\/\/graef-gnu.com\/agb\/#breadcrumb\"},\"inLanguage\":\"tr\",\"potentialAction\":[{\"@type\":\"ReadAction\",\"target\":[\"https:\/\/graef-gnu.com\/agb\/\"]}]},{\"@type\":\"BreadcrumbList\",\"@id\":\"https:\/\/graef-gnu.com\/agb\/#breadcrumb\",\"itemListElement\":[{\"@type\":\"ListItem\",\"position\":1,\"name\":\"Startseite\",\"item\":\"https:\/\/graef-gnu.com\/tr\/\"},{\"@type\":\"ListItem\",\"position\":2,\"name\":\"Ko\u015fullar\"}]},{\"@type\":\"WebSite\",\"@id\":\"https:\/\/graef-gnu.com\/#website\",\"url\":\"https:\/\/graef-gnu.com\/\",\"name\":\"August Graef GNU\",\"description\":\"\",\"potentialAction\":[{\"@type\":\"SearchAction\",\"target\":{\"@type\":\"EntryPoint\",\"urlTemplate\":\"https:\/\/graef-gnu.com\/?s={search_term_string}\"},\"query-input\":\"required name=search_term_string\"}],\"inLanguage\":\"tr\"}]}<\/script>\n<!-- \/ Yoast SEO plugin. -->","yoast_head_json":{"title":"Ko\u015fullar - August Graef GNU","robots":{"index":"index","follow":"follow","max-snippet":"max-snippet:-1","max-image-preview":"max-image-preview:large","max-video-preview":"max-video-preview:-1"},"canonical":"https:\/\/graef-gnu.com\/agb\/","og_locale":"tr_TR","og_type":"article","og_title":"Ko\u015fullar - August Graef GNU","og_url":"https:\/\/graef-gnu.com\/agb\/","og_site_name":"August Graef GNU","article_modified_time":"2024-04-24T11:51:41+00:00","twitter_card":"summary_large_image","twitter_misc":{"Tahmini okuma s\u00fcresi":"13 dakika"},"schema":{"@context":"https:\/\/schema.org","@graph":[{"@type":"WebPage","@id":"https:\/\/graef-gnu.com\/agb\/","url":"https:\/\/graef-gnu.com\/agb\/","name":"Ko\u015fullar - August Graef GNU","isPartOf":{"@id":"https:\/\/graef-gnu.com\/#website"},"datePublished":"2021-10-05T08:33:30+00:00","dateModified":"2024-04-24T11:51:41+00:00","breadcrumb":{"@id":"https:\/\/graef-gnu.com\/agb\/#breadcrumb"},"inLanguage":"tr","potentialAction":[{"@type":"ReadAction","target":["https:\/\/graef-gnu.com\/agb\/"]}]},{"@type":"BreadcrumbList","@id":"https:\/\/graef-gnu.com\/agb\/#breadcrumb","itemListElement":[{"@type":"ListItem","position":1,"name":"Startseite","item":"https:\/\/graef-gnu.com\/tr\/"},{"@type":"ListItem","position":2,"name":"Ko\u015fullar"}]},{"@type":"WebSite","@id":"https:\/\/graef-gnu.com\/#website","url":"https:\/\/graef-gnu.com\/","name":"August Graef GNU","description":"","potentialAction":[{"@type":"SearchAction","target":{"@type":"EntryPoint","urlTemplate":"https:\/\/graef-gnu.com\/?s={search_term_string}"},"query-input":"required name=search_term_string"}],"inLanguage":"tr"}]}},"_links":{"self":[{"href":"https:\/\/graef-gnu.com\/tr\/wp-json\/wp\/v2\/pages\/134482","targetHints":{"allow":["GET"]}}],"collection":[{"href":"https:\/\/graef-gnu.com\/tr\/wp-json\/wp\/v2\/pages"}],"about":[{"href":"https:\/\/graef-gnu.com\/tr\/wp-json\/wp\/v2\/types\/page"}],"author":[{"embeddable":true,"href":"https:\/\/graef-gnu.com\/tr\/wp-json\/wp\/v2\/users\/1"}],"replies":[{"embeddable":true,"href":"https:\/\/graef-gnu.com\/tr\/wp-json\/wp\/v2\/comments?post=134482"}],"version-history":[{"count":13,"href":"https:\/\/graef-gnu.com\/tr\/wp-json\/wp\/v2\/pages\/134482\/revisions"}],"predecessor-version":[{"id":174380,"href":"https:\/\/graef-gnu.com\/tr\/wp-json\/wp\/v2\/pages\/134482\/revisions\/174380"}],"wp:attachment":[{"href":"https:\/\/graef-gnu.com\/tr\/wp-json\/wp\/v2\/media?parent=134482"}],"curies":[{"name":"wp","href":"https:\/\/api.w.org\/{rel}","templated":true}]}}