{"id":134508,"date":"2021-10-05T10:33:32","date_gmt":"2021-10-05T08:33:32","guid":{"rendered":"https:\/\/www.graef-gnu.com\/suerdueruelebilirlik\/"},"modified":"2024-04-30T15:43:48","modified_gmt":"2024-04-30T13:43:48","slug":"suerdueruelebilirlik","status":"publish","type":"page","link":"https:\/\/graef-gnu.com\/tr\/sirketler\/suerdueruelebilirlik\/","title":{"rendered":"S\u00fcrd\u00fcr\u00fclebilirlik"},"content":{"rendered":"<div class=\"avia-section main_color slider-section size-small  \">\n\t<div class=\"slider-section-wrapper \">\n\t\t\t\t<div class=\"slider-section-slide align-left header-animation-simple-global \">\n\t\t\t\t<div class=\"slider-section-background-wrap\">\n\t\t\t\t\t\t\t\t\t\t<div class=\"slider-section-background\" style=\"background-image: url('https:\/\/graef-gnu.com\/wp-content\/uploads\/Nachhaltigkeit_Header.jpg'); background-position: center right;background-size: cover;background-repeat: no-repeat;\"><\/div>\n\t\t\t\t\t\t\t\t\t\t\t\t\t\t\t\t\t\t\t<\/div>\n\n\t\t\t\t<div class=\"slider-section-inner container\">\n\t\t\t\t\t<div class=\"slider-section-content-wrap\">\n\t\t\t\t\t\t\t\t\t\t\t\t\t\t\t\t\t\t<div class=\"slider-section-text-wrap\">\n\t\t\t\t\t\t\t<span class=\"slider-section-headline\">Gelecek odakl\u0131<\/span>\t\t\t\t\t\t\t<span class=\"slider-section-subline\">Modern kaynak y\u00f6netimi ile s\u00fcrd\u00fcr\u00fclebilir<\/span>\t\t\t\t\t\t\t\t\t\t\t\t\t<\/div>\n\t\t\t\t\t\t\t\t\t\t\t<\/div>\n\t\t\t\t\t\t\t\t\t\t<\/div>\n\t\t\t<\/div>\n\t\t<\/div>\n\n\n<\/div>\n<\/div><\/div><\/div><!-- close content main div --><\/div><\/div><div id='av_section_1'  class='avia-section av-71ou4-ef17181bd20a37e098afe82ed15228e8 main_color avia-section-default avia-no-border-styling  avia-builder-el-1  el_after_pixel_headimage  el_before_av_postcontent  section-pseudo-element section-unternehmen avia-bg-style-scroll container_wrap fullsize'  ><div class='container av-section-cont-open' ><div class='template-page content  av-content-full alpha units'><div class='post-entry post-entry-type-page post-entry-134508'><div class='entry-content-wrapper clearfix'>\n<div  class='flex_column av-lvm7yzuf-d6efb8df205b25c922a4ceba1e2a85d9 av_one_full  avia-builder-el-2  el_before_av_one_half  avia-builder-el-first  first av-break-at-tablet flex_column_div av-animated-generic left-to-right  '     ><div class=\"pixel-headline align-left no-margin  sub-bottom  \">\n\t\t<div class=\"headline-wrap-inner\">\n\t\t\t\t<h1 class=\"headline-content headline-primary  \">Gelecek nesiller i\u00e7in sorumluluk<\/h1>\t\t<h3 class=\"headline-content headline-secondary  \">GNU kaynak ve \u00e7evre y\u00f6netimi<\/h3>\t<\/div>\n<\/div><\/div>\n<style type=\"text\/css\" data-created_by=\"avia_inline_auto\" id=\"style-css-av-6jxy4-ec8c839104ebaa6ce5edc9380130e0fa\">\n.flex_column.av-6jxy4-ec8c839104ebaa6ce5edc9380130e0fa{\nborder-radius:0px 0px 0px 0px;\npadding:0px 0px 0px 0px;\n}\n<\/style>\n<div  class='flex_column av-6jxy4-ec8c839104ebaa6ce5edc9380130e0fa av_one_half  avia-builder-el-4  el_after_av_one_full  el_before_av_one_half  first av-break-at-tablet flex_column_div av-animated-generic left-to-right av-zero-column-padding  column-top-margin'     ><p><section  class='av_textblock_section av-kfmh2yst-e1bb63ef18301f8a97d9fd6fad043f54 '   itemscope=\"itemscope\" itemtype=\"https:\/\/schema.org\/CreativeWork\" ><div class='avia_textblock'  itemprop=\"text\" ><p>K\u00fcresel i\u015f ili\u015fkileri ile ambalaj ve t\u00fcketim mallar\u0131 sekt\u00f6r\u00fcn\u00fcn modern ve kaliteli tedarik\u00e7isi olarak, \u00e7evreye ve gelecek nesillere olan sorumlulu\u011fumuzun bilincindeyiz. Bir\u00e7ok bireysel \u00f6nlemle y\u00f6netim, \u00fcretim ve nakliye ve lojistik y\u00f6netiminde kaynaklar\u0131n s\u00fcrd\u00fcr\u00fclebilir kullan\u0131m\u0131na g\u00fcveniyoruz. Bir kesme hatt\u0131 \u00fcreticisi olarak, hurda ve at\u0131klar\u0131 de\u011ferli hammaddeler olarak g\u00f6rmek bizim i\u00e7in kolayd\u0131r. Yeni geli\u015fmeler ve yat\u0131r\u0131mlar i\u00e7in kaynak tasarrufu sa\u011flayan teknolojileri kullanmay\u0131 kendimize hedef olarak belirledik.<\/p>\n<p>Ka\u011f\u0131t, karton ve oluklu mukavva h\u0131zla yenilenebilir hammaddelerden yap\u0131l\u0131r. Bu \u015fekilde, ortaklar\u0131m\u0131zdan ve onlar\u0131n m\u00fc\u015fterilerinden gelen bitmi\u015f \u00fcr\u00fcn neredeyse tamamen geri d\u00f6n\u00fc\u015ft\u00fcr\u00fclebilir<\/p>\n<p>Oluklu Mukavva Sanayicileri Derne\u011fi V. oluklu mukavva hakk\u0131nda: \u00bbOluklu mukavva tamamen yenilenebilir hammaddelerden olu\u015fur ve tamamen geri d\u00f6n\u00fc\u015ft\u00fcr\u00fclebilir. Bu sayede ta\u015f\u0131nan mallar \u00e7evre dostu bir \u015fekilde paketlenebilmektedir. Oluklu mukavva i\u00e7in a\u011fa\u00e7 kesilmez. Y\u00f6netilen ormanlara \u00f6zen g\u00f6sterirken, ka\u011f\u0131t \u00fcretiminin birincil hammaddesi olan k\u0131r\u0131k odun ve inceltilmi\u015f odun \u00fcretilir.<\/p>\n<p>Ancak Almanya&#8217;da, kullan\u0131lan oluklu esasl\u0131 ka\u011f\u0131tta taze liflerin oran\u0131 ortalama olarak sadece y\u00fczde 20&#8217;dir. Bu ka\u011f\u0131d\u0131n y\u00fczde 80&#8217;i geri d\u00f6n\u00fc\u015ft\u00fcr\u00fclm\u00fc\u015f malzemeden olu\u015fuyor. <em>(Kaynak: Oluklu Mukavva Sanayicileri Derne\u011fi, 2016)<\/em><\/p>\n<\/div><\/section><br \/>\n<div class=\"pixel-headline align-left small-margin  sub-bottom  \">\n\t\t<div class=\"headline-wrap-inner\">\n\t\t\t\t\t\t<span class=\"headline-content headline-secondary  \">GNU s\u00fcrd\u00fcr\u00fclebilir \u00fcretim<\/span>\t<\/div>\n<\/div><br \/>\n<section  class='av_textblock_section av-kfmh2yst-e1bb63ef18301f8a97d9fd6fad043f54 '   itemscope=\"itemscope\" itemtype=\"https:\/\/schema.org\/CreativeWork\" ><div class='avia_textblock'  itemprop=\"text\" ><p>Kaynaklar\u0131m\u0131z\u0131 m\u00fcmk\u00fcn oldu\u011funca az ve dikkatli kullanmaya y\u00f6nelik \u00e7abalar\u0131m\u0131z\u0131 say\u0131s\u0131z \u00f6nlemle vurguluyoruz.<\/p>\n<p>PV sistemleri, ak\u0131ll\u0131 anahtarlama teknolojisi, bulut teknolojisi ve \u0131s\u0131 geri kazan\u0131m\u0131 gibi yenilenebilir enerji teknolojilerinin yan\u0131 s\u0131ra havaland\u0131rma teknolojisinin de yard\u0131m\u0131yla, devam eden b\u00fcy\u00fcmeye ra\u011fmen elektrik t\u00fcketimimizi yakla\u015f\u0131k %20 oran\u0131nda azaltmay\u0131 ve fosil kullan\u0131m\u0131n\u0131 azaltmay\u0131 ba\u015fard\u0131k. yakla\u015f\u0131k %35 oran\u0131nda \u0131s\u0131 \u00fcretimi i\u00e7in yak\u0131tlar.<\/p>\n<p>Hem \u015firketimiz i\u00e7inde hem de tedarik\u00e7iler, m\u00fc\u015fteriler ve hizmet sa\u011flay\u0131c\u0131lar ile tedarik zinciri boyunca (ham) malzeme d\u00f6ng\u00fcleri ve geri d\u00f6n\u00fc\u015f\u00fcm yaratarak \u00fcretimimizi s\u00fcrd\u00fcr\u00fclebilir bir \u015fekilde uyumlu hale getirmek bizim s\u00fcrekli \u00e7abam\u0131zd\u0131r.<\/p>\n<\/div><\/section><\/p><\/div>\n<style type=\"text\/css\" data-created_by=\"avia_inline_auto\" id=\"style-css-av-av_one_half-49f6e875884219cf77c24341e550af53\">\n.flex_column.av-av_one_half-49f6e875884219cf77c24341e550af53{\nborder-radius:0px 0px 0px 0px;\npadding:0px 0px 0px 0px;\n}\n<\/style>\n<div  class='flex_column av-av_one_half-49f6e875884219cf77c24341e550af53 av_one_half  avia-builder-el-8  el_after_av_one_half  avia-builder-el-last  av-break-at-tablet flex_column_div av-zero-column-padding  column-top-margin'     ><style type=\"text\/css\" data-created_by=\"avia_inline_auto\" id=\"style-css-av-lvm542aa-35f2b7afdaa87a177ccb4aeef30e2bb4\">\n.avia-image-container.av-lvm542aa-35f2b7afdaa87a177ccb4aeef30e2bb4 img.avia_image{\nbox-shadow:none;\n}\n.avia-image-container.av-lvm542aa-35f2b7afdaa87a177ccb4aeef30e2bb4 .av-image-caption-overlay-center{\ncolor:#ffffff;\n}\n<\/style>\n<div  class='avia-image-container av-lvm542aa-35f2b7afdaa87a177ccb4aeef30e2bb4 av-styling- avia-align-left  avia-builder-el-9  avia-builder-el-no-sibling '   itemprop=\"image\" itemscope=\"itemscope\" itemtype=\"https:\/\/schema.org\/ImageObject\" ><div class=\"avia-image-container-inner\"><div class=\"avia-image-overlay-wrap\"><img decoding=\"async\" class='wp-image-150838 avia-img-lazy-loading-not-150838 avia_image ' src=\"https:\/\/graef-gnu.com\/wp-content\/uploads\/gnu_nachhaltigkeit_solardach-667x300.jpg\" alt='' title='Gnu Nachhaltigkeit Solardach'  height=\"300\" width=\"667\"  itemprop=\"thumbnailUrl\"  \/><\/div><\/div><\/div><\/div>[av_section min_height='' min_height_pc='25' min_height_px='500px' shadow='no-border-styling' bottom_border='no-border-styling' bottom_border_diagonal_color='#333333' bottom_border_diagonal_direction='' bottom_border_style='' padding='small' custom_margin='0px' custom_margin_sync='true' av-desktop-custom_margin='' av-desktop-custom_margin_sync='true' av-medium-custom_margin='' av-medium-custom_margin_sync='true' av-small-custom_margin='' av-small-custom_margin_sync='true' av-mini-custom_margin='' av-mini-custom_margin_sync='true' svg_div_top='' svg_div_top_color='#333333' svg_div_top_width='100' svg_div_top_height='50' svg_div_top_max_height='none' svg_div_top_opacity='' svg_div_bottom='' svg_div_bottom_color='#333333' svg_div_bottom_width='100' svg_div_bottom_height='50' svg_div_bottom_max_height='none' svg_div_bottom_opacity='' fold_type='' fold_height='' fold_more='Weiterlesen' fold_less='Read less' fold_text_style='' fold_btn_align='' color='alternate_color' background='bg_color' custom_bg='' background_gradient_direction='vertical' background_gradient_color1='' background_gradient_color2='' background_gradient_color3='' src='' attachment='' attachment_size='' attach='scroll' position='top center' repeat='stretch' video='' video_ratio='16:9' overlay_opacity='0.5' overlay_color='' overlay_pattern='' overlay_custom_pattern='' custom_arrow_bg='' fold_overlay_color='' fold_text_color='' fold_btn_color='theme-color' fold_btn_bg_color='' fold_btn_font_color='' size-btn-text='' av-desktop-font-size-btn-text='' av-medium-font-size-btn-text='' av-small-font-size-btn-text='' av-mini-font-size-btn-text='' fold_timer='' z_index_fold='' css_position_z_index='' av-desktop-css_position_z_index='' av-medium-css_position_z_index='' av-small-css_position_z_index='' av-mini-css_position_z_index='' id='contact-section' custom_class='' template_class='' aria_label='' av_element_hidden_in_editor='0' av_uid='av-1q5tn' sc_version='1.0']\r\n\r\n[av_one_full first min_height='' vertical_alignment='av-align-top' space='' row_boxshadow_width='10' row_boxshadow_color='' margin='0px' margin_sync='true' av-desktop-margin='' av-desktop-margin_sync='true' av-medium-margin='' av-medium-margin_sync='true' av-small-margin='' av-small-margin_sync='true' av-mini-margin='' av-mini-margin_sync='true' mobile_breaking='' mobile_column_order='' border='' border_style='solid' border_color='' radius='0px' radius_sync='true' min_col_height='' padding='0px' padding_sync='true' av-desktop-padding='' av-desktop-padding_sync='true' av-medium-padding='' av-medium-padding_sync='true' av-small-padding='' av-small-padding_sync='true' av-mini-padding='' av-mini-padding_sync='true' svg_div_top='' svg_div_top_color='#333333' svg_div_top_width='100' svg_div_top_height='50' svg_div_top_max_height='none' svg_div_top_opacity='' svg_div_bottom='' svg_div_bottom_color='#333333' svg_div_bottom_width='100' svg_div_bottom_height='50' svg_div_bottom_max_height='none' svg_div_bottom_opacity='' fold_type='' fold_height='' fold_more='Weiterlesen' fold_less='Read less' fold_text_style='' fold_btn_align='' column_boxshadow_width='10' column_boxshadow_color='' background='bg_color' background_color='' background_gradient_direction='vertical' background_gradient_color1='' background_gradient_color2='' background_gradient_color3='' src='' attachment='' attachment_size='' background_position='top left' background_repeat='no-repeat' highlight_size='1.1' fold_overlay_color='' fold_text_color='' fold_btn_color='theme-color' fold_btn_bg_color='' fold_btn_font_color='' size-btn-text='' av-desktop-font-size-btn-text='' av-medium-font-size-btn-text='' av-small-font-size-btn-text='' av-mini-font-size-btn-text='' animation='bottom-to-top' animation_duration='' animation_custom_bg_color='' animation_z_index_curtain='100' parallax_parallax='' parallax_parallax_speed='' av-desktop-parallax_parallax='' av-desktop-parallax_parallax_speed='' av-medium-parallax_parallax='' av-medium-parallax_parallax_speed='' av-small-parallax_parallax='' av-small-parallax_parallax_speed='' av-mini-parallax_parallax='' av-mini-parallax_parallax_speed='' fold_timer='' z_index_fold='' css_position='' css_position_location=',,,' css_position_z_index='' av-desktop-css_position='' av-desktop-css_position_location=',,,' av-desktop-css_position_z_index='' av-medium-css_position='' av-medium-css_position_location=',,,' av-medium-css_position_z_index='' av-small-css_position='' av-small-css_position_location=',,,' av-small-css_position_z_index='' av-mini-css_position='' av-mini-css_position_location=',,,' av-mini-css_position_z_index='' link='' linktarget='' link_hover='' title_attr='' alt_attr='' mobile_display='' mobile_col_pos='0' id='' custom_class='' template_class='' aria_label='' av_uid='av-10hqz' sc_version='1.0']\r\n\r\n[pixel_sc_headline heading='Temas' heading_tag='span' subheading_check='' subheading='' subheading_tag='h3' align='left' heading_alias='-h1' heading_class='' subheading_alias='' subheading_class='' heading_position='' primary_color='color-white' secondary_color='' stroke='' custom_class='' av_uid='av-kfgpm48q'][\/pixel_sc_headline]\r\n\r\n[av_codeblock wrapper_element='' wrapper_element_attributes='' codeblock_type='' deactivate_wrapper='aviaTBdeactivate_wrapper' alb_description='' id='' custom_class='' av_uid='av-kfgonev4']\r\n[contact-form-7 id=\"98\" title=\"Standard\"]\r\n[\/av_codeblock]\r\n\r\n[\/av_one_full][\/av_section]<\/p>\n","protected":false},"excerpt":{"rendered":"","protected":false},"author":1,"featured_media":0,"parent":134177,"menu_order":1,"comment_status":"closed","ping_status":"closed","template":"","meta":{"_acf_changed":false,"footnotes":""},"class_list":["post-134508","page","type-page","status-publish","hentry"],"acf":[],"yoast_head":"<!-- This site is optimized with the Yoast SEO plugin v22.6 - https:\/\/yoast.com\/wordpress\/plugins\/seo\/ -->\n<title>S\u00fcrd\u00fcr\u00fclebilirlik - August Graef GNU<\/title>\n<meta name=\"description\" content=\"Gelecek nesiller i\u00e7in sorumluluk - Burada GNU kaynaklar\u0131 ve \u00e7evre y\u00f6netimi hakk\u0131nda daha fazla bilgi edinin!\" \/>\n<meta name=\"robots\" content=\"index, follow, max-snippet:-1, max-image-preview:large, max-video-preview:-1\" \/>\n<link rel=\"canonical\" href=\"https:\/\/graef-gnu.com\/unternehmen\/nachhaltigkeit\/\" \/>\n<meta property=\"og:locale\" content=\"tr_TR\" \/>\n<meta property=\"og:type\" content=\"article\" \/>\n<meta property=\"og:title\" content=\"S\u00fcrd\u00fcr\u00fclebilirlik - August Graef GNU\" \/>\n<meta property=\"og:description\" content=\"Gelecek nesiller i\u00e7in sorumluluk - Burada GNU kaynaklar\u0131 ve \u00e7evre y\u00f6netimi hakk\u0131nda daha fazla bilgi edinin!\" \/>\n<meta property=\"og:url\" content=\"https:\/\/graef-gnu.com\/unternehmen\/nachhaltigkeit\/\" \/>\n<meta property=\"og:site_name\" content=\"August Graef GNU\" \/>\n<meta property=\"article:modified_time\" content=\"2024-04-30T13:43:48+00:00\" \/>\n<meta name=\"twitter:card\" content=\"summary_large_image\" \/>\n<meta name=\"twitter:label1\" content=\"Tahmini okuma s\u00fcresi\" \/>\n\t<meta name=\"twitter:data1\" content=\"13 dakika\" \/>\n<script type=\"application\/ld+json\" class=\"yoast-schema-graph\">{\"@context\":\"https:\/\/schema.org\",\"@graph\":[{\"@type\":\"WebPage\",\"@id\":\"https:\/\/graef-gnu.com\/unternehmen\/nachhaltigkeit\/\",\"url\":\"https:\/\/graef-gnu.com\/unternehmen\/nachhaltigkeit\/\",\"name\":\"S\u00fcrd\u00fcr\u00fclebilirlik - August Graef GNU\",\"isPartOf\":{\"@id\":\"https:\/\/graef-gnu.com\/#website\"},\"datePublished\":\"2021-10-05T08:33:32+00:00\",\"dateModified\":\"2024-04-30T13:43:48+00:00\",\"description\":\"Gelecek nesiller i\u00e7in sorumluluk - Burada GNU kaynaklar\u0131 ve \u00e7evre y\u00f6netimi hakk\u0131nda daha fazla bilgi edinin!\",\"breadcrumb\":{\"@id\":\"https:\/\/graef-gnu.com\/unternehmen\/nachhaltigkeit\/#breadcrumb\"},\"inLanguage\":\"tr\",\"potentialAction\":[{\"@type\":\"ReadAction\",\"target\":[\"https:\/\/graef-gnu.com\/unternehmen\/nachhaltigkeit\/\"]}]},{\"@type\":\"BreadcrumbList\",\"@id\":\"https:\/\/graef-gnu.com\/unternehmen\/nachhaltigkeit\/#breadcrumb\",\"itemListElement\":[{\"@type\":\"ListItem\",\"position\":1,\"name\":\"Startseite\",\"item\":\"https:\/\/graef-gnu.com\/tr\/\"},{\"@type\":\"ListItem\",\"position\":2,\"name\":\"\u015eirketler\",\"item\":\"https:\/\/graef-gnu.com\/unternehmen\/\"},{\"@type\":\"ListItem\",\"position\":3,\"name\":\"S\u00fcrd\u00fcr\u00fclebilirlik\"}]},{\"@type\":\"WebSite\",\"@id\":\"https:\/\/graef-gnu.com\/#website\",\"url\":\"https:\/\/graef-gnu.com\/\",\"name\":\"August Graef GNU\",\"description\":\"\",\"potentialAction\":[{\"@type\":\"SearchAction\",\"target\":{\"@type\":\"EntryPoint\",\"urlTemplate\":\"https:\/\/graef-gnu.com\/?s={search_term_string}\"},\"query-input\":\"required name=search_term_string\"}],\"inLanguage\":\"tr\"}]}<\/script>\n<!-- \/ Yoast SEO plugin. -->","yoast_head_json":{"title":"S\u00fcrd\u00fcr\u00fclebilirlik - August Graef GNU","description":"Gelecek nesiller i\u00e7in sorumluluk - Burada GNU kaynaklar\u0131 ve \u00e7evre y\u00f6netimi hakk\u0131nda daha fazla bilgi edinin!","robots":{"index":"index","follow":"follow","max-snippet":"max-snippet:-1","max-image-preview":"max-image-preview:large","max-video-preview":"max-video-preview:-1"},"canonical":"https:\/\/graef-gnu.com\/unternehmen\/nachhaltigkeit\/","og_locale":"tr_TR","og_type":"article","og_title":"S\u00fcrd\u00fcr\u00fclebilirlik - August Graef GNU","og_description":"Gelecek nesiller i\u00e7in sorumluluk - Burada GNU kaynaklar\u0131 ve \u00e7evre y\u00f6netimi hakk\u0131nda daha fazla bilgi edinin!","og_url":"https:\/\/graef-gnu.com\/unternehmen\/nachhaltigkeit\/","og_site_name":"August Graef GNU","article_modified_time":"2024-04-30T13:43:48+00:00","twitter_card":"summary_large_image","twitter_misc":{"Tahmini okuma s\u00fcresi":"13 dakika"},"schema":{"@context":"https:\/\/schema.org","@graph":[{"@type":"WebPage","@id":"https:\/\/graef-gnu.com\/unternehmen\/nachhaltigkeit\/","url":"https:\/\/graef-gnu.com\/unternehmen\/nachhaltigkeit\/","name":"S\u00fcrd\u00fcr\u00fclebilirlik - August Graef GNU","isPartOf":{"@id":"https:\/\/graef-gnu.com\/#website"},"datePublished":"2021-10-05T08:33:32+00:00","dateModified":"2024-04-30T13:43:48+00:00","description":"Gelecek nesiller i\u00e7in sorumluluk - Burada GNU kaynaklar\u0131 ve \u00e7evre y\u00f6netimi hakk\u0131nda daha fazla bilgi edinin!","breadcrumb":{"@id":"https:\/\/graef-gnu.com\/unternehmen\/nachhaltigkeit\/#breadcrumb"},"inLanguage":"tr","potentialAction":[{"@type":"ReadAction","target":["https:\/\/graef-gnu.com\/unternehmen\/nachhaltigkeit\/"]}]},{"@type":"BreadcrumbList","@id":"https:\/\/graef-gnu.com\/unternehmen\/nachhaltigkeit\/#breadcrumb","itemListElement":[{"@type":"ListItem","position":1,"name":"Startseite","item":"https:\/\/graef-gnu.com\/tr\/"},{"@type":"ListItem","position":2,"name":"\u015eirketler","item":"https:\/\/graef-gnu.com\/unternehmen\/"},{"@type":"ListItem","position":3,"name":"S\u00fcrd\u00fcr\u00fclebilirlik"}]},{"@type":"WebSite","@id":"https:\/\/graef-gnu.com\/#website","url":"https:\/\/graef-gnu.com\/","name":"August Graef GNU","description":"","potentialAction":[{"@type":"SearchAction","target":{"@type":"EntryPoint","urlTemplate":"https:\/\/graef-gnu.com\/?s={search_term_string}"},"query-input":"required name=search_term_string"}],"inLanguage":"tr"}]}},"_links":{"self":[{"href":"https:\/\/graef-gnu.com\/tr\/wp-json\/wp\/v2\/pages\/134508","targetHints":{"allow":["GET"]}}],"collection":[{"href":"https:\/\/graef-gnu.com\/tr\/wp-json\/wp\/v2\/pages"}],"about":[{"href":"https:\/\/graef-gnu.com\/tr\/wp-json\/wp\/v2\/types\/page"}],"author":[{"embeddable":true,"href":"https:\/\/graef-gnu.com\/tr\/wp-json\/wp\/v2\/users\/1"}],"replies":[{"embeddable":true,"href":"https:\/\/graef-gnu.com\/tr\/wp-json\/wp\/v2\/comments?post=134508"}],"version-history":[{"count":14,"href":"https:\/\/graef-gnu.com\/tr\/wp-json\/wp\/v2\/pages\/134508\/revisions"}],"predecessor-version":[{"id":176161,"href":"https:\/\/graef-gnu.com\/tr\/wp-json\/wp\/v2\/pages\/134508\/revisions\/176161"}],"up":[{"embeddable":true,"href":"https:\/\/graef-gnu.com\/tr\/wp-json\/wp\/v2\/pages\/134177"}],"wp:attachment":[{"href":"https:\/\/graef-gnu.com\/tr\/wp-json\/wp\/v2\/media?parent=134508"}],"curies":[{"name":"wp","href":"https:\/\/api.w.org\/{rel}","templated":true}]}}