{"id":140629,"date":"2021-04-20T15:00:39","date_gmt":"2021-10-06T11:52:18","guid":{"rendered":"https:\/\/www.graef-gnu.com\/produkt\/sprintelast-otomatik-duezeltme\/"},"modified":"2024-05-13T13:39:35","modified_gmt":"2024-05-13T11:39:35","slug":"sprintelast-otomatik-duezeltme","status":"publish","type":"product","link":"https:\/\/graef-gnu.com\/tr\/produkt\/sprintelast-otomatik-duezeltme\/","title":{"rendered":"Sprintelast Otomatik D\u00fczeltme"},"content":{"rendered":"<p>GNU Sprintelast<sup>\u00ae<\/sup> Autofix, kendinden yap\u0131\u015fkanl\u0131 bir tasar\u0131mda geli\u015fmi\u015f delme aletleri i\u00e7in y\u00fcksek performansl\u0131, y\u00fcksek kaliteli bir ejekt\u00f6r lasti\u011fidir. \u0130yi malzeme \u00f6zellikleri ve \u00f6nemli \u00f6l\u00e7\u00fcde daha uzun hizmet \u00f6mr\u00fc ile etkileyicidir. \u00c7ok \u00e7e\u015fitli sertlikler ve y\u00fckseklikler sunulmaktad\u0131r.<\/p>\n<ul>\n<li>Y\u00fcksek geri tepme direnci<\/li>\n<li>Kopmada y\u00fcksek uzama<\/li>\n<li>D\u00fc\u015f\u00fck a\u015f\u0131nma<\/li>\n<li>Toz ve ya\u015flanmaya kar\u015f\u0131 \u00f6zel cilt<\/li>\n<li>Uzun \u00f6m\u00fcr<\/li>\n<li>Kendinden yap\u0131\u015fkanl\u0131 da mevcuttur<\/li>\n<\/ul>\n<p>Autofix&#8217;in bu kendinden yap\u0131\u015fkanl\u0131 versiyonu \u00f6zel bir \u00fcretim s\u00fcrecinde geli\u015ftirilmi\u015ftir.<br \/>\nmaksimum s\u00fcrekli y\u00fcklere dayanmak ve h\u0131zl\u0131 ve kolay uygulama ve s\u00f6kme gibi taleplere olanak sa\u011flamak.<br \/>\nGNU Sprintelast<sup>\u00ae <\/sup>Autofix, g\u0131da i\u00e7in katlan\u0131r kutular\u0131n \u00fcretimi i\u00e7in g\u00fcvenli olarak onaylanm\u0131\u015ft\u0131r.<\/p>\n","protected":false},"excerpt":{"rendered":"<p>GNU Sprintelast<sup>\u00ae <\/sup>Autofix, geli\u015fmi\u015f delme ara\u00e7lar\u0131 i\u00e7in g\u00fc\u00e7l\u00fc ve y\u00fcksek kaliteli bir ejekt\u00f6r lasti\u011fidir. \u0130yi malzeme \u00f6zellikleri ve \u00f6nemli \u00f6l\u00e7\u00fcde daha uzun hizmet \u00f6mr\u00fc ile etkileyicidir.<\/p>\n","protected":false},"featured_media":140641,"template":"","meta":{"_acf_changed":false},"product_cat":[7575],"product_tag":[],"class_list":{"0":"post-140629","1":"product","2":"type-product","3":"status-publish","4":"has-post-thumbnail","6":"product_group-tabaklar","7":"product_cat-firlatma-malzemeleri","8":"pa_dimension-05-m-tr","9":"pa_hoehe-10-mm-tr","10":"pa_hoehe-105-mm-tr","11":"pa_hoehe-11-mm-tr-2","12":"pa_hoehe-12-mm-tr","13":"pa_hoehe-13-mm-tr","14":"pa_hoehe-135-mm-tr","15":"pa_hoehe-14-mm-tr","16":"pa_hoehe-15-mm-tr","17":"pa_hoehe-155-mm-tr","18":"pa_hoehe-16-mm-tr","19":"pa_hoehe-17-mm-tr","20":"pa_hoehe-175-mm-tr","21":"pa_hoehe-18-mm-tr","22":"pa_hoehe-19-mm-tr","23":"pa_hoehe-2-mm-tr","24":"pa_hoehe-20-mm-tr","25":"pa_hoehe-21-mm-tr","26":"pa_hoehe-3-mm-tr","27":"pa_hoehe-4-mm-tr","28":"pa_hoehe-5-mm-tr","29":"pa_hoehe-6-mm-tr","30":"pa_hoehe-7-mm-tr","31":"pa_hoehe-8-mm-tr","32":"pa_hoehe-9-mm-tr","33":"pa_hoehe-95-mm-tr","34":"pa_raumgewicht-rg-22-turuncu","35":"pa_raumgewicht-rg-28-sari","36":"pa_raumgewicht-rg-40-yesil","37":"pa_raumgewicht-rg-46-koyu-yesil","38":"pa_raumgewicht-rg-54-benzin","39":"pa_raumgewicht-rg-66-mavi","40":"pa_raumgewicht-rg16-kirmizi","42":"first","43":"instock","44":"purchasable","45":"product-type-variable"},"acf":[],"yoast_head":"<!-- This site is optimized with the Yoast SEO plugin v22.6 - https:\/\/yoast.com\/wordpress\/plugins\/seo\/ -->\n<title>Sprintelast Otomatik D\u00fczeltme - August Graef GNU<\/title>\n<meta name=\"description\" content=\"Geli\u015fmi\u015f delme ara\u00e7lar\u0131 i\u00e7in ejekt\u00f6r kau\u00e7uk: GNU Sprintelast Autofix \u25ba Y\u00fcksek geri tepme direnci\u2705 Uzun hizmet \u00f6mr\u00fc\u2705 Daha fazlas\u0131n\u0131 buradan \u00f6\u011frenin!\" \/>\n<meta name=\"robots\" content=\"index, follow, max-snippet:-1, max-image-preview:large, max-video-preview:-1\" \/>\n<link rel=\"canonical\" href=\"https:\/\/graef-gnu.com\/tr\/produkt\/sprintelast-otomatik-duezeltme\/\" \/>\n<meta property=\"og:locale\" content=\"tr_TR\" \/>\n<meta property=\"og:type\" content=\"article\" \/>\n<meta property=\"og:title\" content=\"Sprintelast Otomatik D\u00fczeltme - August Graef GNU\" \/>\n<meta property=\"og:description\" content=\"Geli\u015fmi\u015f delme ara\u00e7lar\u0131 i\u00e7in ejekt\u00f6r kau\u00e7uk: GNU Sprintelast Autofix \u25ba Y\u00fcksek geri tepme direnci\u2705 Uzun hizmet \u00f6mr\u00fc\u2705 Daha fazlas\u0131n\u0131 buradan \u00f6\u011frenin!\" \/>\n<meta property=\"og:url\" content=\"https:\/\/graef-gnu.com\/tr\/produkt\/sprintelast-otomatik-duezeltme\/\" \/>\n<meta property=\"og:site_name\" content=\"August Graef GNU\" \/>\n<meta property=\"article:modified_time\" content=\"2024-05-13T11:39:35+00:00\" \/>\n<meta property=\"og:image\" content=\"https:\/\/graef-gnu.com\/wp-content\/uploads\/gnu_sprintelast_alle_ecken_auto.jpg\" \/>\n\t<meta property=\"og:image:width\" content=\"890\" \/>\n\t<meta property=\"og:image:height\" content=\"300\" \/>\n\t<meta property=\"og:image:type\" content=\"image\/jpeg\" \/>\n<meta name=\"twitter:card\" content=\"summary_large_image\" \/>\n<meta name=\"twitter:label1\" content=\"Tahmini okuma s\u00fcresi\" \/>\n\t<meta name=\"twitter:data1\" content=\"1 dakika\" \/>\n<script type=\"application\/ld+json\" class=\"yoast-schema-graph\">{\"@context\":\"https:\/\/schema.org\",\"@graph\":[{\"@type\":\"WebPage\",\"@id\":\"https:\/\/graef-gnu.com\/tr\/produkt\/sprintelast-otomatik-duezeltme\/\",\"url\":\"https:\/\/graef-gnu.com\/tr\/produkt\/sprintelast-otomatik-duezeltme\/\",\"name\":\"Sprintelast Otomatik D\u00fczeltme - August Graef GNU\",\"isPartOf\":{\"@id\":\"https:\/\/graef-gnu.com\/#website\"},\"primaryImageOfPage\":{\"@id\":\"https:\/\/graef-gnu.com\/tr\/produkt\/sprintelast-otomatik-duezeltme\/#primaryimage\"},\"image\":{\"@id\":\"https:\/\/graef-gnu.com\/tr\/produkt\/sprintelast-otomatik-duezeltme\/#primaryimage\"},\"thumbnailUrl\":\"https:\/\/graef-gnu.com\/wp-content\/uploads\/gnu_sprintelast_alle_ecken_auto.jpg\",\"datePublished\":\"2021-10-06T11:52:18+00:00\",\"dateModified\":\"2024-05-13T11:39:35+00:00\",\"description\":\"Geli\u015fmi\u015f delme ara\u00e7lar\u0131 i\u00e7in ejekt\u00f6r kau\u00e7uk: GNU Sprintelast Autofix \u25ba Y\u00fcksek geri tepme direnci\u2705 Uzun hizmet \u00f6mr\u00fc\u2705 Daha fazlas\u0131n\u0131 buradan \u00f6\u011frenin!\",\"breadcrumb\":{\"@id\":\"https:\/\/graef-gnu.com\/tr\/produkt\/sprintelast-otomatik-duezeltme\/#breadcrumb\"},\"inLanguage\":\"tr\",\"potentialAction\":[{\"@type\":\"ReadAction\",\"target\":[\"https:\/\/graef-gnu.com\/tr\/produkt\/sprintelast-otomatik-duezeltme\/\"]}]},{\"@type\":\"ImageObject\",\"inLanguage\":\"tr\",\"@id\":\"https:\/\/graef-gnu.com\/tr\/produkt\/sprintelast-otomatik-duezeltme\/#primaryimage\",\"url\":\"https:\/\/graef-gnu.com\/wp-content\/uploads\/gnu_sprintelast_alle_ecken_auto.jpg\",\"contentUrl\":\"https:\/\/graef-gnu.com\/wp-content\/uploads\/gnu_sprintelast_alle_ecken_auto.jpg\",\"width\":890,\"height\":300},{\"@type\":\"BreadcrumbList\",\"@id\":\"https:\/\/graef-gnu.com\/tr\/produkt\/sprintelast-otomatik-duezeltme\/#breadcrumb\",\"itemListElement\":[{\"@type\":\"ListItem\",\"position\":1,\"name\":\"Startseite\",\"item\":\"https:\/\/graef-gnu.com\/tr\/\"},{\"@type\":\"ListItem\",\"position\":2,\"name\":\"\u00dcr\u00fcne Genel Bak\u0131\u015f\",\"item\":\"https:\/\/graef-gnu.com\/tr\/ueruene-genel-bakis\/\"},{\"@type\":\"ListItem\",\"position\":3,\"name\":\"Sprintelast Otomatik D\u00fczeltme\"}]},{\"@type\":\"WebSite\",\"@id\":\"https:\/\/graef-gnu.com\/#website\",\"url\":\"https:\/\/graef-gnu.com\/\",\"name\":\"August Graef GNU\",\"description\":\"\",\"potentialAction\":[{\"@type\":\"SearchAction\",\"target\":{\"@type\":\"EntryPoint\",\"urlTemplate\":\"https:\/\/graef-gnu.com\/?s={search_term_string}\"},\"query-input\":\"required name=search_term_string\"}],\"inLanguage\":\"tr\"}]}<\/script>\n<!-- \/ Yoast SEO plugin. -->","yoast_head_json":{"title":"Sprintelast Otomatik D\u00fczeltme - August Graef GNU","description":"Geli\u015fmi\u015f delme ara\u00e7lar\u0131 i\u00e7in ejekt\u00f6r kau\u00e7uk: GNU Sprintelast Autofix \u25ba Y\u00fcksek geri tepme direnci\u2705 Uzun hizmet \u00f6mr\u00fc\u2705 Daha fazlas\u0131n\u0131 buradan \u00f6\u011frenin!","robots":{"index":"index","follow":"follow","max-snippet":"max-snippet:-1","max-image-preview":"max-image-preview:large","max-video-preview":"max-video-preview:-1"},"canonical":"https:\/\/graef-gnu.com\/tr\/produkt\/sprintelast-otomatik-duezeltme\/","og_locale":"tr_TR","og_type":"article","og_title":"Sprintelast Otomatik D\u00fczeltme - August Graef GNU","og_description":"Geli\u015fmi\u015f delme ara\u00e7lar\u0131 i\u00e7in ejekt\u00f6r kau\u00e7uk: GNU Sprintelast Autofix \u25ba Y\u00fcksek geri tepme direnci\u2705 Uzun hizmet \u00f6mr\u00fc\u2705 Daha fazlas\u0131n\u0131 buradan \u00f6\u011frenin!","og_url":"https:\/\/graef-gnu.com\/tr\/produkt\/sprintelast-otomatik-duezeltme\/","og_site_name":"August Graef GNU","article_modified_time":"2024-05-13T11:39:35+00:00","og_image":[{"width":890,"height":300,"url":"https:\/\/graef-gnu.com\/wp-content\/uploads\/gnu_sprintelast_alle_ecken_auto.jpg","type":"image\/jpeg"}],"twitter_card":"summary_large_image","twitter_misc":{"Tahmini okuma s\u00fcresi":"1 dakika"},"schema":{"@context":"https:\/\/schema.org","@graph":[{"@type":"WebPage","@id":"https:\/\/graef-gnu.com\/tr\/produkt\/sprintelast-otomatik-duezeltme\/","url":"https:\/\/graef-gnu.com\/tr\/produkt\/sprintelast-otomatik-duezeltme\/","name":"Sprintelast Otomatik D\u00fczeltme - August Graef GNU","isPartOf":{"@id":"https:\/\/graef-gnu.com\/#website"},"primaryImageOfPage":{"@id":"https:\/\/graef-gnu.com\/tr\/produkt\/sprintelast-otomatik-duezeltme\/#primaryimage"},"image":{"@id":"https:\/\/graef-gnu.com\/tr\/produkt\/sprintelast-otomatik-duezeltme\/#primaryimage"},"thumbnailUrl":"https:\/\/graef-gnu.com\/wp-content\/uploads\/gnu_sprintelast_alle_ecken_auto.jpg","datePublished":"2021-10-06T11:52:18+00:00","dateModified":"2024-05-13T11:39:35+00:00","description":"Geli\u015fmi\u015f delme ara\u00e7lar\u0131 i\u00e7in ejekt\u00f6r kau\u00e7uk: GNU Sprintelast Autofix \u25ba Y\u00fcksek geri tepme direnci\u2705 Uzun hizmet \u00f6mr\u00fc\u2705 Daha fazlas\u0131n\u0131 buradan \u00f6\u011frenin!","breadcrumb":{"@id":"https:\/\/graef-gnu.com\/tr\/produkt\/sprintelast-otomatik-duezeltme\/#breadcrumb"},"inLanguage":"tr","potentialAction":[{"@type":"ReadAction","target":["https:\/\/graef-gnu.com\/tr\/produkt\/sprintelast-otomatik-duezeltme\/"]}]},{"@type":"ImageObject","inLanguage":"tr","@id":"https:\/\/graef-gnu.com\/tr\/produkt\/sprintelast-otomatik-duezeltme\/#primaryimage","url":"https:\/\/graef-gnu.com\/wp-content\/uploads\/gnu_sprintelast_alle_ecken_auto.jpg","contentUrl":"https:\/\/graef-gnu.com\/wp-content\/uploads\/gnu_sprintelast_alle_ecken_auto.jpg","width":890,"height":300},{"@type":"BreadcrumbList","@id":"https:\/\/graef-gnu.com\/tr\/produkt\/sprintelast-otomatik-duezeltme\/#breadcrumb","itemListElement":[{"@type":"ListItem","position":1,"name":"Startseite","item":"https:\/\/graef-gnu.com\/tr\/"},{"@type":"ListItem","position":2,"name":"\u00dcr\u00fcne Genel Bak\u0131\u015f","item":"https:\/\/graef-gnu.com\/tr\/ueruene-genel-bakis\/"},{"@type":"ListItem","position":3,"name":"Sprintelast Otomatik D\u00fczeltme"}]},{"@type":"WebSite","@id":"https:\/\/graef-gnu.com\/#website","url":"https:\/\/graef-gnu.com\/","name":"August Graef GNU","description":"","potentialAction":[{"@type":"SearchAction","target":{"@type":"EntryPoint","urlTemplate":"https:\/\/graef-gnu.com\/?s={search_term_string}"},"query-input":"required name=search_term_string"}],"inLanguage":"tr"}]}},"_links":{"self":[{"href":"https:\/\/graef-gnu.com\/tr\/wp-json\/wp\/v2\/product\/140629","targetHints":{"allow":["GET"]}}],"collection":[{"href":"https:\/\/graef-gnu.com\/tr\/wp-json\/wp\/v2\/product"}],"about":[{"href":"https:\/\/graef-gnu.com\/tr\/wp-json\/wp\/v2\/types\/product"}],"wp:featuredmedia":[{"embeddable":true,"href":"https:\/\/graef-gnu.com\/tr\/wp-json\/wp\/v2\/media\/140641"}],"wp:attachment":[{"href":"https:\/\/graef-gnu.com\/tr\/wp-json\/wp\/v2\/media?parent=140629"}],"wp:term":[{"taxonomy":"product_cat","embeddable":true,"href":"https:\/\/graef-gnu.com\/tr\/wp-json\/wp\/v2\/product_cat?post=140629"},{"taxonomy":"product_tag","embeddable":true,"href":"https:\/\/graef-gnu.com\/tr\/wp-json\/wp\/v2\/product_tag?post=140629"}],"curies":[{"name":"wp","href":"https:\/\/api.w.org\/{rel}","templated":true}]}}