{"id":141205,"date":"2021-02-11T11:05:17","date_gmt":"2021-10-06T11:53:07","guid":{"rendered":"https:\/\/www.graef-gnu.com\/produkt\/gnu-huecresel-yanardag\/"},"modified":"2021-10-06T13:55:44","modified_gmt":"2021-10-06T11:55:44","slug":"huecresel-yanardag","status":"publish","type":"product","link":"https:\/\/graef-gnu.com\/tr\/produkt\/huecresel-yanardag\/","title":{"rendered":"GNU h\u00fccresel yanarda\u011f"},"content":{"rendered":"<p>GNU Zellvulkollan, Sprintelast&#8217;\u0131n performans \u00f6zelliklerine yak\u0131n olan end\u00fcstriyel y\u00fcksek performansl\u0131 bir plastiktir. \u0130yi s\u0131k\u0131\u015ft\u0131r\u0131labilirlik ve y\u00fcksek performansl\u0131 darbelerin y\u00fcksek s\u00f6n\u00fcmlenmesi ile karakterizedir. Bu, malzemenin kesme kal\u0131b\u0131 \u00fczerinde bir\u00e7ok uygulama i\u00e7in kullan\u0131labilece\u011fi anlam\u0131na gelir.<\/p>\n<p><em>Bayer AG&#8217;nin Vulkollan\u00ae tescilli ticari markas\u0131<\/em><\/p>\n","protected":false},"excerpt":{"rendered":"<p>GNU Zellvulkollan, Sprintelast&#8217;\u0131n performans \u00f6zelliklerine yak\u0131n olan end\u00fcstriyel y\u00fcksek performansl\u0131 bir plastiktir. \u0130yi s\u0131k\u0131\u015ft\u0131r\u0131labilirlik ve y\u00fcksek performansl\u0131 darbelerin y\u00fcksek s\u00f6n\u00fcmlenmesi ile karakterizedir.<\/p>\n","protected":false},"featured_media":141223,"template":"","meta":{"_acf_changed":false},"product_cat":[7575],"product_tag":[],"class_list":{"0":"post-141205","1":"product","2":"type-product","3":"status-publish","4":"has-post-thumbnail","6":"product_group-tabaklar","7":"product_cat-firlatma-malzemeleri","8":"pa_dimension-05-m-tr","9":"pa_dimension-0-125-m-tr","10":"pa_hoehe-1-mm-tr","11":"pa_hoehe-15-mm-tr-2","12":"pa_hoehe-10-mm-tr","13":"pa_hoehe-11-mm-tr-2","14":"pa_hoehe-12-mm-tr","15":"pa_hoehe-125-mm-tr","16":"pa_hoehe-13-mm-tr","17":"pa_hoehe-14-mm-tr","18":"pa_hoehe-15-mm-tr","19":"pa_hoehe-16-mm-tr","20":"pa_hoehe-17-mm-tr","21":"pa_hoehe-175-mm-tr","22":"pa_hoehe-18-mm-tr","23":"pa_hoehe-19-mm-tr","24":"pa_hoehe-2-mm-tr","25":"pa_hoehe-20-mm-tr","26":"pa_hoehe-3-mm-tr","27":"pa_hoehe-30-mm-tr","28":"pa_hoehe-4-mm-tr","29":"pa_hoehe-5-mm-tr","30":"pa_hoehe-6-mm-tr","31":"pa_hoehe-6-mm-5-mm-tr","32":"pa_hoehe-7-mm-tr","33":"pa_hoehe-75-mm-tr","34":"pa_hoehe-8-mm-tr","35":"pa_hoehe-9-mm-tr","36":"pa_hoehe-95-mm-tr","37":"pa_raumgewicht-35-40","38":"pa_raumgewicht-rg-45-50-tr-2","39":"pa_raumgewicht-rg-60-65-tr","41":"first","42":"instock","43":"purchasable","44":"product-type-variable"},"acf":[],"yoast_head":"<!-- This site is optimized with the Yoast SEO plugin v22.6 - https:\/\/yoast.com\/wordpress\/plugins\/seo\/ -->\n<title>GNU h\u00fccresel yanarda\u011f - August Graef GNU<\/title>\n<meta name=\"description\" content=\"End\u00fcstriyel y\u00fcksek performansl\u0131 plastik GNU Zellvulkollan \u25ba iyi s\u0131k\u0131\u015ft\u0131r\u0131labilirlik \u2705 y\u00fcksek performansl\u0131 etkilerin y\u00fcksek oranda azalt\u0131lmas\u0131\u2705 Daha fazlas\u0131n\u0131 buradan \u00f6\u011frenin!\" \/>\n<meta name=\"robots\" content=\"index, follow, max-snippet:-1, max-image-preview:large, max-video-preview:-1\" \/>\n<link rel=\"canonical\" href=\"https:\/\/graef-gnu.com\/produkt\/zellvulkollan\/\" \/>\n<meta property=\"og:locale\" content=\"tr_TR\" \/>\n<meta property=\"og:type\" content=\"article\" \/>\n<meta property=\"og:title\" content=\"GNU h\u00fccresel yanarda\u011f - August Graef GNU\" \/>\n<meta property=\"og:description\" content=\"End\u00fcstriyel y\u00fcksek performansl\u0131 plastik GNU Zellvulkollan \u25ba iyi s\u0131k\u0131\u015ft\u0131r\u0131labilirlik \u2705 y\u00fcksek performansl\u0131 etkilerin y\u00fcksek oranda azalt\u0131lmas\u0131\u2705 Daha fazlas\u0131n\u0131 buradan \u00f6\u011frenin!\" \/>\n<meta property=\"og:url\" content=\"https:\/\/graef-gnu.com\/produkt\/zellvulkollan\/\" \/>\n<meta property=\"og:site_name\" content=\"August Graef GNU\" \/>\n<meta property=\"article:modified_time\" content=\"2021-10-06T11:55:44+00:00\" \/>\n<meta property=\"og:image\" content=\"https:\/\/graef-gnu.com\/wp-content\/uploads\/gnu_zellvulkollan.jpg\" \/>\n\t<meta property=\"og:image:width\" content=\"890\" \/>\n\t<meta property=\"og:image:height\" content=\"300\" \/>\n\t<meta property=\"og:image:type\" content=\"image\/jpeg\" \/>\n<meta name=\"twitter:card\" content=\"summary_large_image\" \/>\n<script type=\"application\/ld+json\" class=\"yoast-schema-graph\">{\"@context\":\"https:\/\/schema.org\",\"@graph\":[{\"@type\":\"WebPage\",\"@id\":\"https:\/\/graef-gnu.com\/produkt\/zellvulkollan\/\",\"url\":\"https:\/\/graef-gnu.com\/produkt\/zellvulkollan\/\",\"name\":\"GNU h\u00fccresel yanarda\u011f - August Graef GNU\",\"isPartOf\":{\"@id\":\"https:\/\/graef-gnu.com\/#website\"},\"primaryImageOfPage\":{\"@id\":\"https:\/\/graef-gnu.com\/produkt\/zellvulkollan\/#primaryimage\"},\"image\":{\"@id\":\"https:\/\/graef-gnu.com\/produkt\/zellvulkollan\/#primaryimage\"},\"thumbnailUrl\":\"https:\/\/graef-gnu.com\/wp-content\/uploads\/gnu_zellvulkollan.jpg\",\"datePublished\":\"2021-10-06T11:53:07+00:00\",\"dateModified\":\"2021-10-06T11:55:44+00:00\",\"description\":\"End\u00fcstriyel y\u00fcksek performansl\u0131 plastik GNU Zellvulkollan \u25ba iyi s\u0131k\u0131\u015ft\u0131r\u0131labilirlik \u2705 y\u00fcksek performansl\u0131 etkilerin y\u00fcksek oranda azalt\u0131lmas\u0131\u2705 Daha fazlas\u0131n\u0131 buradan \u00f6\u011frenin!\",\"breadcrumb\":{\"@id\":\"https:\/\/graef-gnu.com\/produkt\/zellvulkollan\/#breadcrumb\"},\"inLanguage\":\"tr\",\"potentialAction\":[{\"@type\":\"ReadAction\",\"target\":[\"https:\/\/graef-gnu.com\/produkt\/zellvulkollan\/\"]}]},{\"@type\":\"ImageObject\",\"inLanguage\":\"tr\",\"@id\":\"https:\/\/graef-gnu.com\/produkt\/zellvulkollan\/#primaryimage\",\"url\":\"https:\/\/graef-gnu.com\/wp-content\/uploads\/gnu_zellvulkollan.jpg\",\"contentUrl\":\"https:\/\/graef-gnu.com\/wp-content\/uploads\/gnu_zellvulkollan.jpg\",\"width\":890,\"height\":300},{\"@type\":\"BreadcrumbList\",\"@id\":\"https:\/\/graef-gnu.com\/produkt\/zellvulkollan\/#breadcrumb\",\"itemListElement\":[{\"@type\":\"ListItem\",\"position\":1,\"name\":\"Startseite\",\"item\":\"https:\/\/graef-gnu.com\/tr\/\"},{\"@type\":\"ListItem\",\"position\":2,\"name\":\"\u00dcr\u00fcne Genel Bak\u0131\u015f\",\"item\":\"https:\/\/graef-gnu.com\/tr\/ueruene-genel-bakis\/\"},{\"@type\":\"ListItem\",\"position\":3,\"name\":\"GNU h\u00fccresel yanarda\u011f\"}]},{\"@type\":\"WebSite\",\"@id\":\"https:\/\/graef-gnu.com\/#website\",\"url\":\"https:\/\/graef-gnu.com\/\",\"name\":\"August Graef GNU\",\"description\":\"\",\"potentialAction\":[{\"@type\":\"SearchAction\",\"target\":{\"@type\":\"EntryPoint\",\"urlTemplate\":\"https:\/\/graef-gnu.com\/?s={search_term_string}\"},\"query-input\":\"required name=search_term_string\"}],\"inLanguage\":\"tr\"}]}<\/script>\n<!-- \/ Yoast SEO plugin. -->","yoast_head_json":{"title":"GNU h\u00fccresel yanarda\u011f - August Graef GNU","description":"End\u00fcstriyel y\u00fcksek performansl\u0131 plastik GNU Zellvulkollan \u25ba iyi s\u0131k\u0131\u015ft\u0131r\u0131labilirlik \u2705 y\u00fcksek performansl\u0131 etkilerin y\u00fcksek oranda azalt\u0131lmas\u0131\u2705 Daha fazlas\u0131n\u0131 buradan \u00f6\u011frenin!","robots":{"index":"index","follow":"follow","max-snippet":"max-snippet:-1","max-image-preview":"max-image-preview:large","max-video-preview":"max-video-preview:-1"},"canonical":"https:\/\/graef-gnu.com\/produkt\/zellvulkollan\/","og_locale":"tr_TR","og_type":"article","og_title":"GNU h\u00fccresel yanarda\u011f - August Graef GNU","og_description":"End\u00fcstriyel y\u00fcksek performansl\u0131 plastik GNU Zellvulkollan \u25ba iyi s\u0131k\u0131\u015ft\u0131r\u0131labilirlik \u2705 y\u00fcksek performansl\u0131 etkilerin y\u00fcksek oranda azalt\u0131lmas\u0131\u2705 Daha fazlas\u0131n\u0131 buradan \u00f6\u011frenin!","og_url":"https:\/\/graef-gnu.com\/produkt\/zellvulkollan\/","og_site_name":"August Graef GNU","article_modified_time":"2021-10-06T11:55:44+00:00","og_image":[{"width":890,"height":300,"url":"https:\/\/graef-gnu.com\/wp-content\/uploads\/gnu_zellvulkollan.jpg","type":"image\/jpeg"}],"twitter_card":"summary_large_image","schema":{"@context":"https:\/\/schema.org","@graph":[{"@type":"WebPage","@id":"https:\/\/graef-gnu.com\/produkt\/zellvulkollan\/","url":"https:\/\/graef-gnu.com\/produkt\/zellvulkollan\/","name":"GNU h\u00fccresel yanarda\u011f - August Graef GNU","isPartOf":{"@id":"https:\/\/graef-gnu.com\/#website"},"primaryImageOfPage":{"@id":"https:\/\/graef-gnu.com\/produkt\/zellvulkollan\/#primaryimage"},"image":{"@id":"https:\/\/graef-gnu.com\/produkt\/zellvulkollan\/#primaryimage"},"thumbnailUrl":"https:\/\/graef-gnu.com\/wp-content\/uploads\/gnu_zellvulkollan.jpg","datePublished":"2021-10-06T11:53:07+00:00","dateModified":"2021-10-06T11:55:44+00:00","description":"End\u00fcstriyel y\u00fcksek performansl\u0131 plastik GNU Zellvulkollan \u25ba iyi s\u0131k\u0131\u015ft\u0131r\u0131labilirlik \u2705 y\u00fcksek performansl\u0131 etkilerin y\u00fcksek oranda azalt\u0131lmas\u0131\u2705 Daha fazlas\u0131n\u0131 buradan \u00f6\u011frenin!","breadcrumb":{"@id":"https:\/\/graef-gnu.com\/produkt\/zellvulkollan\/#breadcrumb"},"inLanguage":"tr","potentialAction":[{"@type":"ReadAction","target":["https:\/\/graef-gnu.com\/produkt\/zellvulkollan\/"]}]},{"@type":"ImageObject","inLanguage":"tr","@id":"https:\/\/graef-gnu.com\/produkt\/zellvulkollan\/#primaryimage","url":"https:\/\/graef-gnu.com\/wp-content\/uploads\/gnu_zellvulkollan.jpg","contentUrl":"https:\/\/graef-gnu.com\/wp-content\/uploads\/gnu_zellvulkollan.jpg","width":890,"height":300},{"@type":"BreadcrumbList","@id":"https:\/\/graef-gnu.com\/produkt\/zellvulkollan\/#breadcrumb","itemListElement":[{"@type":"ListItem","position":1,"name":"Startseite","item":"https:\/\/graef-gnu.com\/tr\/"},{"@type":"ListItem","position":2,"name":"\u00dcr\u00fcne Genel Bak\u0131\u015f","item":"https:\/\/graef-gnu.com\/tr\/ueruene-genel-bakis\/"},{"@type":"ListItem","position":3,"name":"GNU h\u00fccresel yanarda\u011f"}]},{"@type":"WebSite","@id":"https:\/\/graef-gnu.com\/#website","url":"https:\/\/graef-gnu.com\/","name":"August Graef GNU","description":"","potentialAction":[{"@type":"SearchAction","target":{"@type":"EntryPoint","urlTemplate":"https:\/\/graef-gnu.com\/?s={search_term_string}"},"query-input":"required name=search_term_string"}],"inLanguage":"tr"}]}},"_links":{"self":[{"href":"https:\/\/graef-gnu.com\/tr\/wp-json\/wp\/v2\/product\/141205","targetHints":{"allow":["GET"]}}],"collection":[{"href":"https:\/\/graef-gnu.com\/tr\/wp-json\/wp\/v2\/product"}],"about":[{"href":"https:\/\/graef-gnu.com\/tr\/wp-json\/wp\/v2\/types\/product"}],"wp:featuredmedia":[{"embeddable":true,"href":"https:\/\/graef-gnu.com\/tr\/wp-json\/wp\/v2\/media\/141223"}],"wp:attachment":[{"href":"https:\/\/graef-gnu.com\/tr\/wp-json\/wp\/v2\/media?parent=141205"}],"wp:term":[{"taxonomy":"product_cat","embeddable":true,"href":"https:\/\/graef-gnu.com\/tr\/wp-json\/wp\/v2\/product_cat?post=141205"},{"taxonomy":"product_tag","embeddable":true,"href":"https:\/\/graef-gnu.com\/tr\/wp-json\/wp\/v2\/product_tag?post=141205"}],"curies":[{"name":"wp","href":"https:\/\/api.w.org\/{rel}","templated":true}]}}