{"id":142957,"date":"2021-02-11T11:04:37","date_gmt":"2021-10-06T12:02:59","guid":{"rendered":"https:\/\/www.graef-gnu.com\/produkt\/gnu-celleject-ceyrek-tur\/"},"modified":"2021-10-06T14:04:00","modified_gmt":"2021-10-06T12:04:00","slug":"gnu-celleject-ceyrek-tur","status":"publish","type":"product","link":"https:\/\/graef-gnu.com\/tr\/produkt\/gnu-celleject-ceyrek-tur\/","title":{"rendered":"GNU CellEject \u00e7eyrek tur"},"content":{"rendered":"<p>GNU CellEject \u00e7eyrek tur, benzersiz y\u00fcksek performansl\u0131 plastik GNU h\u00fccresel vulkanize malzemeden yap\u0131lm\u0131\u015ft\u0131r. Y\u00fcksek kaliteli z\u0131mbalama aletleri i\u00e7in bu y\u00fcksek performansl\u0131 ejekt\u00f6r kau\u00e7uk, b\u00fcy\u00fck ve kal\u0131c\u0131 deformasyona neden olmadan \u00e7ok iyi s\u0131k\u0131\u015ft\u0131r\u0131labilir. A\u015f\u0131r\u0131 uzun s\u00fcreli y\u00fcklerde bile, bu profiller y\u00fcksek s\u0131k\u0131\u015ft\u0131r\u0131labilirlik ve geri y\u00fckleme kuvvetinin yan\u0131 s\u0131ra iyi a\u015f\u0131nma direnci ile etkileyicidir. Profilin uygulanmas\u0131, y\u00fcksek makine h\u0131zlar\u0131nda temiz kesim kenarlar\u0131 elde edilmesine yard\u0131mc\u0131 olur.<br \/>\n<em><br \/>\nBayer AG&#8217;nin Vulkollan\u00ae tescilli ticari markas\u0131<\/em><\/p>\n","protected":false},"excerpt":{"rendered":"<p>GNU CellEject \u00e7eyrek tur, benzersiz y\u00fcksek performansl\u0131 plastik GNU h\u00fccresel vulkanize malzemeden yap\u0131lm\u0131\u015ft\u0131r. Y\u00fcksek kaliteli z\u0131mbalama aletleri i\u00e7in bu y\u00fcksek performansl\u0131 ejekt\u00f6r kau\u00e7uk, b\u00fcy\u00fck ve kal\u0131c\u0131 deformasyona neden olmadan \u00e7ok iyi s\u0131k\u0131\u015ft\u0131r\u0131labilir.<\/p>\n","protected":false},"featured_media":142962,"template":"","meta":{"_acf_changed":false},"product_cat":[7575],"product_tag":[],"class_list":{"0":"post-142957","1":"product","2":"type-product","3":"status-publish","4":"has-post-thumbnail","6":"product_group-profiller","7":"product_cat-firlatma-malzemeleri","8":"pa_ablaengung-1-mde-tr","9":"pa_abstandhalter-quetschfase-ara-parcasi-ile","10":"pa_abstandhalter-quetschfase-yok","11":"pa_hoehe-10-mm-tr","12":"pa_hoehe-12-mm-tr","13":"pa_hoehe-13-mm-tr","14":"pa_hoehe-14-mm-tr","15":"pa_hoehe-7-mm-tr","16":"pa_profilbreite-10-mm-tr","17":"pa_profilbreite-12-mm-tr","18":"pa_profilbreite-13-mm-tr","19":"pa_profilbreite-14-mm-tr","20":"pa_profilbreite-7-mm-tr","21":"pa_raumgewicht-35-40","22":"pa_raumgewicht-rg-45-50-tr-2","23":"pa_raumgewicht-rg-60-65-tr-2","25":"first","26":"instock","27":"purchasable","28":"product-type-variable"},"acf":[],"yoast_head":"<!-- This site is optimized with the Yoast SEO plugin v22.6 - https:\/\/yoast.com\/wordpress\/plugins\/seo\/ -->\n<title>GNU CellEject \u00e7eyrek tur - August Graef GNU<\/title>\n<meta name=\"description\" content=\"GNU h\u00fccresel volkollan&#039;dan yap\u0131lm\u0131\u015f GNU CellEject \u00e7eyrek tur \u25ba a\u015f\u0131r\u0131 uzun s\u00fcreli y\u00fckler i\u00e7in uygundur \u2705 iyi a\u015f\u0131nma direnci\u2705 Daha fazlas\u0131n\u0131 buradan \u00f6\u011frenin!\" \/>\n<meta name=\"robots\" content=\"index, follow, max-snippet:-1, max-image-preview:large, max-video-preview:-1\" \/>\n<link rel=\"canonical\" href=\"https:\/\/graef-gnu.com\/produkt\/gnu-celleject-viertelrund\/\" \/>\n<meta property=\"og:locale\" content=\"tr_TR\" \/>\n<meta property=\"og:type\" content=\"article\" \/>\n<meta property=\"og:title\" content=\"GNU CellEject \u00e7eyrek tur - August Graef GNU\" \/>\n<meta property=\"og:description\" content=\"GNU h\u00fccresel volkollan&#039;dan yap\u0131lm\u0131\u015f GNU CellEject \u00e7eyrek tur \u25ba a\u015f\u0131r\u0131 uzun s\u00fcreli y\u00fckler i\u00e7in uygundur \u2705 iyi a\u015f\u0131nma direnci\u2705 Daha fazlas\u0131n\u0131 buradan \u00f6\u011frenin!\" \/>\n<meta property=\"og:url\" content=\"https:\/\/graef-gnu.com\/produkt\/gnu-celleject-viertelrund\/\" \/>\n<meta property=\"og:site_name\" content=\"August Graef GNU\" \/>\n<meta property=\"article:modified_time\" content=\"2021-10-06T12:04:00+00:00\" \/>\n<meta property=\"og:image\" content=\"https:\/\/graef-gnu.com\/wp-content\/uploads\/gnu_celleject_viertelrund-2.jpg\" \/>\n\t<meta property=\"og:image:width\" content=\"890\" \/>\n\t<meta property=\"og:image:height\" content=\"300\" \/>\n\t<meta property=\"og:image:type\" content=\"image\/jpeg\" \/>\n<meta name=\"twitter:card\" content=\"summary_large_image\" \/>\n<meta name=\"twitter:label1\" content=\"Tahmini okuma s\u00fcresi\" \/>\n\t<meta name=\"twitter:data1\" content=\"1 dakika\" \/>\n<script type=\"application\/ld+json\" class=\"yoast-schema-graph\">{\"@context\":\"https:\/\/schema.org\",\"@graph\":[{\"@type\":\"WebPage\",\"@id\":\"https:\/\/graef-gnu.com\/produkt\/gnu-celleject-viertelrund\/\",\"url\":\"https:\/\/graef-gnu.com\/produkt\/gnu-celleject-viertelrund\/\",\"name\":\"GNU CellEject \u00e7eyrek tur - August Graef GNU\",\"isPartOf\":{\"@id\":\"https:\/\/graef-gnu.com\/#website\"},\"primaryImageOfPage\":{\"@id\":\"https:\/\/graef-gnu.com\/produkt\/gnu-celleject-viertelrund\/#primaryimage\"},\"image\":{\"@id\":\"https:\/\/graef-gnu.com\/produkt\/gnu-celleject-viertelrund\/#primaryimage\"},\"thumbnailUrl\":\"https:\/\/graef-gnu.com\/wp-content\/uploads\/gnu_celleject_viertelrund-2.jpg\",\"datePublished\":\"2021-10-06T12:02:59+00:00\",\"dateModified\":\"2021-10-06T12:04:00+00:00\",\"description\":\"GNU h\u00fccresel volkollan'dan yap\u0131lm\u0131\u015f GNU CellEject \u00e7eyrek tur \u25ba a\u015f\u0131r\u0131 uzun s\u00fcreli y\u00fckler i\u00e7in uygundur \u2705 iyi a\u015f\u0131nma direnci\u2705 Daha fazlas\u0131n\u0131 buradan \u00f6\u011frenin!\",\"breadcrumb\":{\"@id\":\"https:\/\/graef-gnu.com\/produkt\/gnu-celleject-viertelrund\/#breadcrumb\"},\"inLanguage\":\"tr\",\"potentialAction\":[{\"@type\":\"ReadAction\",\"target\":[\"https:\/\/graef-gnu.com\/produkt\/gnu-celleject-viertelrund\/\"]}]},{\"@type\":\"ImageObject\",\"inLanguage\":\"tr\",\"@id\":\"https:\/\/graef-gnu.com\/produkt\/gnu-celleject-viertelrund\/#primaryimage\",\"url\":\"https:\/\/graef-gnu.com\/wp-content\/uploads\/gnu_celleject_viertelrund-2.jpg\",\"contentUrl\":\"https:\/\/graef-gnu.com\/wp-content\/uploads\/gnu_celleject_viertelrund-2.jpg\",\"width\":890,\"height\":300},{\"@type\":\"BreadcrumbList\",\"@id\":\"https:\/\/graef-gnu.com\/produkt\/gnu-celleject-viertelrund\/#breadcrumb\",\"itemListElement\":[{\"@type\":\"ListItem\",\"position\":1,\"name\":\"Startseite\",\"item\":\"https:\/\/graef-gnu.com\/tr\/\"},{\"@type\":\"ListItem\",\"position\":2,\"name\":\"\u00dcr\u00fcne Genel Bak\u0131\u015f\",\"item\":\"https:\/\/graef-gnu.com\/tr\/ueruene-genel-bakis\/\"},{\"@type\":\"ListItem\",\"position\":3,\"name\":\"GNU CellEject \u00e7eyrek tur\"}]},{\"@type\":\"WebSite\",\"@id\":\"https:\/\/graef-gnu.com\/#website\",\"url\":\"https:\/\/graef-gnu.com\/\",\"name\":\"August Graef GNU\",\"description\":\"\",\"potentialAction\":[{\"@type\":\"SearchAction\",\"target\":{\"@type\":\"EntryPoint\",\"urlTemplate\":\"https:\/\/graef-gnu.com\/?s={search_term_string}\"},\"query-input\":\"required name=search_term_string\"}],\"inLanguage\":\"tr\"}]}<\/script>\n<!-- \/ Yoast SEO plugin. -->","yoast_head_json":{"title":"GNU CellEject \u00e7eyrek tur - August Graef GNU","description":"GNU h\u00fccresel volkollan'dan yap\u0131lm\u0131\u015f GNU CellEject \u00e7eyrek tur \u25ba a\u015f\u0131r\u0131 uzun s\u00fcreli y\u00fckler i\u00e7in uygundur \u2705 iyi a\u015f\u0131nma direnci\u2705 Daha fazlas\u0131n\u0131 buradan \u00f6\u011frenin!","robots":{"index":"index","follow":"follow","max-snippet":"max-snippet:-1","max-image-preview":"max-image-preview:large","max-video-preview":"max-video-preview:-1"},"canonical":"https:\/\/graef-gnu.com\/produkt\/gnu-celleject-viertelrund\/","og_locale":"tr_TR","og_type":"article","og_title":"GNU CellEject \u00e7eyrek tur - August Graef GNU","og_description":"GNU h\u00fccresel volkollan'dan yap\u0131lm\u0131\u015f GNU CellEject \u00e7eyrek tur \u25ba a\u015f\u0131r\u0131 uzun s\u00fcreli y\u00fckler i\u00e7in uygundur \u2705 iyi a\u015f\u0131nma direnci\u2705 Daha fazlas\u0131n\u0131 buradan \u00f6\u011frenin!","og_url":"https:\/\/graef-gnu.com\/produkt\/gnu-celleject-viertelrund\/","og_site_name":"August Graef GNU","article_modified_time":"2021-10-06T12:04:00+00:00","og_image":[{"width":890,"height":300,"url":"https:\/\/graef-gnu.com\/wp-content\/uploads\/gnu_celleject_viertelrund-2.jpg","type":"image\/jpeg"}],"twitter_card":"summary_large_image","twitter_misc":{"Tahmini okuma s\u00fcresi":"1 dakika"},"schema":{"@context":"https:\/\/schema.org","@graph":[{"@type":"WebPage","@id":"https:\/\/graef-gnu.com\/produkt\/gnu-celleject-viertelrund\/","url":"https:\/\/graef-gnu.com\/produkt\/gnu-celleject-viertelrund\/","name":"GNU CellEject \u00e7eyrek tur - August Graef GNU","isPartOf":{"@id":"https:\/\/graef-gnu.com\/#website"},"primaryImageOfPage":{"@id":"https:\/\/graef-gnu.com\/produkt\/gnu-celleject-viertelrund\/#primaryimage"},"image":{"@id":"https:\/\/graef-gnu.com\/produkt\/gnu-celleject-viertelrund\/#primaryimage"},"thumbnailUrl":"https:\/\/graef-gnu.com\/wp-content\/uploads\/gnu_celleject_viertelrund-2.jpg","datePublished":"2021-10-06T12:02:59+00:00","dateModified":"2021-10-06T12:04:00+00:00","description":"GNU h\u00fccresel volkollan'dan yap\u0131lm\u0131\u015f GNU CellEject \u00e7eyrek tur \u25ba a\u015f\u0131r\u0131 uzun s\u00fcreli y\u00fckler i\u00e7in uygundur \u2705 iyi a\u015f\u0131nma direnci\u2705 Daha fazlas\u0131n\u0131 buradan \u00f6\u011frenin!","breadcrumb":{"@id":"https:\/\/graef-gnu.com\/produkt\/gnu-celleject-viertelrund\/#breadcrumb"},"inLanguage":"tr","potentialAction":[{"@type":"ReadAction","target":["https:\/\/graef-gnu.com\/produkt\/gnu-celleject-viertelrund\/"]}]},{"@type":"ImageObject","inLanguage":"tr","@id":"https:\/\/graef-gnu.com\/produkt\/gnu-celleject-viertelrund\/#primaryimage","url":"https:\/\/graef-gnu.com\/wp-content\/uploads\/gnu_celleject_viertelrund-2.jpg","contentUrl":"https:\/\/graef-gnu.com\/wp-content\/uploads\/gnu_celleject_viertelrund-2.jpg","width":890,"height":300},{"@type":"BreadcrumbList","@id":"https:\/\/graef-gnu.com\/produkt\/gnu-celleject-viertelrund\/#breadcrumb","itemListElement":[{"@type":"ListItem","position":1,"name":"Startseite","item":"https:\/\/graef-gnu.com\/tr\/"},{"@type":"ListItem","position":2,"name":"\u00dcr\u00fcne Genel Bak\u0131\u015f","item":"https:\/\/graef-gnu.com\/tr\/ueruene-genel-bakis\/"},{"@type":"ListItem","position":3,"name":"GNU CellEject \u00e7eyrek tur"}]},{"@type":"WebSite","@id":"https:\/\/graef-gnu.com\/#website","url":"https:\/\/graef-gnu.com\/","name":"August Graef GNU","description":"","potentialAction":[{"@type":"SearchAction","target":{"@type":"EntryPoint","urlTemplate":"https:\/\/graef-gnu.com\/?s={search_term_string}"},"query-input":"required name=search_term_string"}],"inLanguage":"tr"}]}},"_links":{"self":[{"href":"https:\/\/graef-gnu.com\/tr\/wp-json\/wp\/v2\/product\/142957","targetHints":{"allow":["GET"]}}],"collection":[{"href":"https:\/\/graef-gnu.com\/tr\/wp-json\/wp\/v2\/product"}],"about":[{"href":"https:\/\/graef-gnu.com\/tr\/wp-json\/wp\/v2\/types\/product"}],"wp:featuredmedia":[{"embeddable":true,"href":"https:\/\/graef-gnu.com\/tr\/wp-json\/wp\/v2\/media\/142962"}],"wp:attachment":[{"href":"https:\/\/graef-gnu.com\/tr\/wp-json\/wp\/v2\/media?parent=142957"}],"wp:term":[{"taxonomy":"product_cat","embeddable":true,"href":"https:\/\/graef-gnu.com\/tr\/wp-json\/wp\/v2\/product_cat?post=142957"},{"taxonomy":"product_tag","embeddable":true,"href":"https:\/\/graef-gnu.com\/tr\/wp-json\/wp\/v2\/product_tag?post=142957"}],"curies":[{"name":"wp","href":"https:\/\/api.w.org\/{rel}","templated":true}]}}