{"id":143008,"date":"2021-02-11T11:04:40","date_gmt":"2021-10-06T12:03:04","guid":{"rendered":"https:\/\/www.graef-gnu.com\/produkt\/gnu-celleject-ceyrek-tur-otomatik-duzeltme\/"},"modified":"2021-10-06T14:04:06","modified_gmt":"2021-10-06T12:04:06","slug":"gnu-celleject-ceyrek-yuvarlak-autofix","status":"publish","type":"product","link":"https:\/\/graef-gnu.com\/tr\/produkt\/gnu-celleject-ceyrek-yuvarlak-autofix\/","title":{"rendered":"GNU CellEject \u00e7eyrek tur Otomatik D\u00fczeltme"},"content":{"rendered":"<p>GNU CellEject \u00e7eyrek tur, benzersiz y\u00fcksek performansl\u0131 plastik GNU h\u00fccresel vulkanize malzemeden yap\u0131lm\u0131\u015ft\u0131r. Y\u00fcksek kaliteli z\u0131mbalama aletleri i\u00e7in bu y\u00fcksek performansl\u0131 ejekt\u00f6r kau\u00e7uk, b\u00fcy\u00fck ve kal\u0131c\u0131 deformasyona neden olmadan \u00e7ok iyi s\u0131k\u0131\u015ft\u0131r\u0131labilir. A\u015f\u0131r\u0131 uzun s\u00fcreli y\u00fcklerde bile, bu profiller y\u00fcksek s\u0131k\u0131\u015ft\u0131r\u0131labilirlik ve geri y\u00fckleme kuvvetinin yan\u0131 s\u0131ra iyi a\u015f\u0131nma direnci ile etkileyicidir. Profilin uygulanmas\u0131, y\u00fcksek makine h\u0131zlar\u0131nda temiz kesim kenarlar\u0131 elde edilmesine yard\u0131mc\u0131 olur. Kendinden yap\u0131\u015fkanl\u0131 da mevcuttur.<br \/>\n<em><br \/>\nBayer AG&#8217;nin Vulkollan\u00ae tescilli ticari markas\u0131<\/em><\/p>\n","protected":false},"excerpt":{"rendered":"<p>GNU CellEject \u00e7eyrek tur, benzersiz y\u00fcksek performansl\u0131 plastik GNU h\u00fccresel vulkanize malzemeden yap\u0131lm\u0131\u015ft\u0131r. Y\u00fcksek kaliteli z\u0131mbalama aletleri i\u00e7in bu y\u00fcksek performansl\u0131 ejekt\u00f6r kau\u00e7uk, b\u00fcy\u00fck ve kal\u0131c\u0131 deformasyona neden olmadan \u00e7ok iyi s\u0131k\u0131\u015ft\u0131r\u0131labilir.<\/p>\n","protected":false},"featured_media":143025,"template":"","meta":{"_acf_changed":false},"product_cat":[7575],"product_tag":[],"class_list":{"0":"post-143008","1":"product","2":"type-product","3":"status-publish","4":"has-post-thumbnail","6":"product_group-profiller","7":"product_cat-firlatma-malzemeleri","8":"pa_ablaengung-1-mde-tr","9":"pa_hoehe-10-mm-tr","10":"pa_hoehe-12-mm-tr","11":"pa_hoehe-14-mm-tr","12":"pa_profilbreite-10-mm-tr","13":"pa_profilbreite-12-mm-tr","14":"pa_profilbreite-14-mm-tr","15":"pa_raumgewicht-35-40","16":"pa_raumgewicht-rg-45-50-tr-2","18":"first","19":"instock","20":"purchasable","21":"product-type-variable"},"acf":[],"yoast_head":"<!-- This site is optimized with the Yoast SEO plugin v22.6 - https:\/\/yoast.com\/wordpress\/plugins\/seo\/ -->\n<title>GNU CellEject \u00e7eyrek tur Otomatik D\u00fczeltme - August Graef GNU<\/title>\n<meta name=\"description\" content=\"GNU CellEject \u00e7eyrek tur \u25ba y\u00fcksek s\u0131k\u0131\u015ft\u0131r\u0131labilirlik ve geri y\u00fckleme g\u00fcc\u00fc \u2705 Kendinden yap\u0131\u015fkanl\u0131 mevcuttur \u2705 buradan \u00e7evrimi\u00e7i bilgi al\u0131n!\" \/>\n<meta name=\"robots\" content=\"index, follow, max-snippet:-1, max-image-preview:large, max-video-preview:-1\" \/>\n<link rel=\"canonical\" href=\"https:\/\/graef-gnu.com\/tr\/produkt\/gnu-celleject-ceyrek-yuvarlak-autofix\/\" \/>\n<meta property=\"og:locale\" content=\"tr_TR\" \/>\n<meta property=\"og:type\" content=\"article\" \/>\n<meta property=\"og:title\" content=\"GNU CellEject \u00e7eyrek tur Otomatik D\u00fczeltme - August Graef GNU\" \/>\n<meta property=\"og:description\" content=\"GNU CellEject \u00e7eyrek tur \u25ba y\u00fcksek s\u0131k\u0131\u015ft\u0131r\u0131labilirlik ve geri y\u00fckleme g\u00fcc\u00fc \u2705 Kendinden yap\u0131\u015fkanl\u0131 mevcuttur \u2705 buradan \u00e7evrimi\u00e7i bilgi al\u0131n!\" \/>\n<meta property=\"og:url\" content=\"https:\/\/graef-gnu.com\/tr\/produkt\/gnu-celleject-ceyrek-yuvarlak-autofix\/\" \/>\n<meta property=\"og:site_name\" content=\"August Graef GNU\" \/>\n<meta property=\"article:modified_time\" content=\"2021-10-06T12:04:06+00:00\" \/>\n<meta property=\"og:image\" content=\"https:\/\/graef-gnu.com\/wp-content\/uploads\/gnu_celleject_viertelrund-1.jpg\" \/>\n\t<meta property=\"og:image:width\" content=\"890\" \/>\n\t<meta property=\"og:image:height\" content=\"300\" \/>\n\t<meta property=\"og:image:type\" content=\"image\/jpeg\" \/>\n<meta name=\"twitter:card\" content=\"summary_large_image\" \/>\n<meta name=\"twitter:label1\" content=\"Tahmini okuma s\u00fcresi\" \/>\n\t<meta name=\"twitter:data1\" content=\"1 dakika\" \/>\n<script type=\"application\/ld+json\" class=\"yoast-schema-graph\">{\"@context\":\"https:\/\/schema.org\",\"@graph\":[{\"@type\":\"WebPage\",\"@id\":\"https:\/\/graef-gnu.com\/tr\/produkt\/gnu-celleject-ceyrek-yuvarlak-autofix\/\",\"url\":\"https:\/\/graef-gnu.com\/tr\/produkt\/gnu-celleject-ceyrek-yuvarlak-autofix\/\",\"name\":\"GNU CellEject \u00e7eyrek tur Otomatik D\u00fczeltme - August Graef GNU\",\"isPartOf\":{\"@id\":\"https:\/\/graef-gnu.com\/#website\"},\"primaryImageOfPage\":{\"@id\":\"https:\/\/graef-gnu.com\/tr\/produkt\/gnu-celleject-ceyrek-yuvarlak-autofix\/#primaryimage\"},\"image\":{\"@id\":\"https:\/\/graef-gnu.com\/tr\/produkt\/gnu-celleject-ceyrek-yuvarlak-autofix\/#primaryimage\"},\"thumbnailUrl\":\"https:\/\/graef-gnu.com\/wp-content\/uploads\/gnu_celleject_viertelrund-1.jpg\",\"datePublished\":\"2021-10-06T12:03:04+00:00\",\"dateModified\":\"2021-10-06T12:04:06+00:00\",\"description\":\"GNU CellEject \u00e7eyrek tur \u25ba y\u00fcksek s\u0131k\u0131\u015ft\u0131r\u0131labilirlik ve geri y\u00fckleme g\u00fcc\u00fc \u2705 Kendinden yap\u0131\u015fkanl\u0131 mevcuttur \u2705 buradan \u00e7evrimi\u00e7i bilgi al\u0131n!\",\"breadcrumb\":{\"@id\":\"https:\/\/graef-gnu.com\/tr\/produkt\/gnu-celleject-ceyrek-yuvarlak-autofix\/#breadcrumb\"},\"inLanguage\":\"tr\",\"potentialAction\":[{\"@type\":\"ReadAction\",\"target\":[\"https:\/\/graef-gnu.com\/tr\/produkt\/gnu-celleject-ceyrek-yuvarlak-autofix\/\"]}]},{\"@type\":\"ImageObject\",\"inLanguage\":\"tr\",\"@id\":\"https:\/\/graef-gnu.com\/tr\/produkt\/gnu-celleject-ceyrek-yuvarlak-autofix\/#primaryimage\",\"url\":\"https:\/\/graef-gnu.com\/wp-content\/uploads\/gnu_celleject_viertelrund-1.jpg\",\"contentUrl\":\"https:\/\/graef-gnu.com\/wp-content\/uploads\/gnu_celleject_viertelrund-1.jpg\",\"width\":890,\"height\":300},{\"@type\":\"BreadcrumbList\",\"@id\":\"https:\/\/graef-gnu.com\/tr\/produkt\/gnu-celleject-ceyrek-yuvarlak-autofix\/#breadcrumb\",\"itemListElement\":[{\"@type\":\"ListItem\",\"position\":1,\"name\":\"Startseite\",\"item\":\"https:\/\/graef-gnu.com\/tr\/\"},{\"@type\":\"ListItem\",\"position\":2,\"name\":\"\u00dcr\u00fcne Genel Bak\u0131\u015f\",\"item\":\"https:\/\/graef-gnu.com\/tr\/ueruene-genel-bakis\/\"},{\"@type\":\"ListItem\",\"position\":3,\"name\":\"GNU CellEject \u00e7eyrek tur Otomatik D\u00fczeltme\"}]},{\"@type\":\"WebSite\",\"@id\":\"https:\/\/graef-gnu.com\/#website\",\"url\":\"https:\/\/graef-gnu.com\/\",\"name\":\"August Graef GNU\",\"description\":\"\",\"potentialAction\":[{\"@type\":\"SearchAction\",\"target\":{\"@type\":\"EntryPoint\",\"urlTemplate\":\"https:\/\/graef-gnu.com\/?s={search_term_string}\"},\"query-input\":\"required name=search_term_string\"}],\"inLanguage\":\"tr\"}]}<\/script>\n<!-- \/ Yoast SEO plugin. -->","yoast_head_json":{"title":"GNU CellEject \u00e7eyrek tur Otomatik D\u00fczeltme - August Graef GNU","description":"GNU CellEject \u00e7eyrek tur \u25ba y\u00fcksek s\u0131k\u0131\u015ft\u0131r\u0131labilirlik ve geri y\u00fckleme g\u00fcc\u00fc \u2705 Kendinden yap\u0131\u015fkanl\u0131 mevcuttur \u2705 buradan \u00e7evrimi\u00e7i bilgi al\u0131n!","robots":{"index":"index","follow":"follow","max-snippet":"max-snippet:-1","max-image-preview":"max-image-preview:large","max-video-preview":"max-video-preview:-1"},"canonical":"https:\/\/graef-gnu.com\/tr\/produkt\/gnu-celleject-ceyrek-yuvarlak-autofix\/","og_locale":"tr_TR","og_type":"article","og_title":"GNU CellEject \u00e7eyrek tur Otomatik D\u00fczeltme - August Graef GNU","og_description":"GNU CellEject \u00e7eyrek tur \u25ba y\u00fcksek s\u0131k\u0131\u015ft\u0131r\u0131labilirlik ve geri y\u00fckleme g\u00fcc\u00fc \u2705 Kendinden yap\u0131\u015fkanl\u0131 mevcuttur \u2705 buradan \u00e7evrimi\u00e7i bilgi al\u0131n!","og_url":"https:\/\/graef-gnu.com\/tr\/produkt\/gnu-celleject-ceyrek-yuvarlak-autofix\/","og_site_name":"August Graef GNU","article_modified_time":"2021-10-06T12:04:06+00:00","og_image":[{"width":890,"height":300,"url":"https:\/\/graef-gnu.com\/wp-content\/uploads\/gnu_celleject_viertelrund-1.jpg","type":"image\/jpeg"}],"twitter_card":"summary_large_image","twitter_misc":{"Tahmini okuma s\u00fcresi":"1 dakika"},"schema":{"@context":"https:\/\/schema.org","@graph":[{"@type":"WebPage","@id":"https:\/\/graef-gnu.com\/tr\/produkt\/gnu-celleject-ceyrek-yuvarlak-autofix\/","url":"https:\/\/graef-gnu.com\/tr\/produkt\/gnu-celleject-ceyrek-yuvarlak-autofix\/","name":"GNU CellEject \u00e7eyrek tur Otomatik D\u00fczeltme - August Graef GNU","isPartOf":{"@id":"https:\/\/graef-gnu.com\/#website"},"primaryImageOfPage":{"@id":"https:\/\/graef-gnu.com\/tr\/produkt\/gnu-celleject-ceyrek-yuvarlak-autofix\/#primaryimage"},"image":{"@id":"https:\/\/graef-gnu.com\/tr\/produkt\/gnu-celleject-ceyrek-yuvarlak-autofix\/#primaryimage"},"thumbnailUrl":"https:\/\/graef-gnu.com\/wp-content\/uploads\/gnu_celleject_viertelrund-1.jpg","datePublished":"2021-10-06T12:03:04+00:00","dateModified":"2021-10-06T12:04:06+00:00","description":"GNU CellEject \u00e7eyrek tur \u25ba y\u00fcksek s\u0131k\u0131\u015ft\u0131r\u0131labilirlik ve geri y\u00fckleme g\u00fcc\u00fc \u2705 Kendinden yap\u0131\u015fkanl\u0131 mevcuttur \u2705 buradan \u00e7evrimi\u00e7i bilgi al\u0131n!","breadcrumb":{"@id":"https:\/\/graef-gnu.com\/tr\/produkt\/gnu-celleject-ceyrek-yuvarlak-autofix\/#breadcrumb"},"inLanguage":"tr","potentialAction":[{"@type":"ReadAction","target":["https:\/\/graef-gnu.com\/tr\/produkt\/gnu-celleject-ceyrek-yuvarlak-autofix\/"]}]},{"@type":"ImageObject","inLanguage":"tr","@id":"https:\/\/graef-gnu.com\/tr\/produkt\/gnu-celleject-ceyrek-yuvarlak-autofix\/#primaryimage","url":"https:\/\/graef-gnu.com\/wp-content\/uploads\/gnu_celleject_viertelrund-1.jpg","contentUrl":"https:\/\/graef-gnu.com\/wp-content\/uploads\/gnu_celleject_viertelrund-1.jpg","width":890,"height":300},{"@type":"BreadcrumbList","@id":"https:\/\/graef-gnu.com\/tr\/produkt\/gnu-celleject-ceyrek-yuvarlak-autofix\/#breadcrumb","itemListElement":[{"@type":"ListItem","position":1,"name":"Startseite","item":"https:\/\/graef-gnu.com\/tr\/"},{"@type":"ListItem","position":2,"name":"\u00dcr\u00fcne Genel Bak\u0131\u015f","item":"https:\/\/graef-gnu.com\/tr\/ueruene-genel-bakis\/"},{"@type":"ListItem","position":3,"name":"GNU CellEject \u00e7eyrek tur Otomatik D\u00fczeltme"}]},{"@type":"WebSite","@id":"https:\/\/graef-gnu.com\/#website","url":"https:\/\/graef-gnu.com\/","name":"August Graef GNU","description":"","potentialAction":[{"@type":"SearchAction","target":{"@type":"EntryPoint","urlTemplate":"https:\/\/graef-gnu.com\/?s={search_term_string}"},"query-input":"required name=search_term_string"}],"inLanguage":"tr"}]}},"_links":{"self":[{"href":"https:\/\/graef-gnu.com\/tr\/wp-json\/wp\/v2\/product\/143008","targetHints":{"allow":["GET"]}}],"collection":[{"href":"https:\/\/graef-gnu.com\/tr\/wp-json\/wp\/v2\/product"}],"about":[{"href":"https:\/\/graef-gnu.com\/tr\/wp-json\/wp\/v2\/types\/product"}],"wp:featuredmedia":[{"embeddable":true,"href":"https:\/\/graef-gnu.com\/tr\/wp-json\/wp\/v2\/media\/143025"}],"wp:attachment":[{"href":"https:\/\/graef-gnu.com\/tr\/wp-json\/wp\/v2\/media?parent=143008"}],"wp:term":[{"taxonomy":"product_cat","embeddable":true,"href":"https:\/\/graef-gnu.com\/tr\/wp-json\/wp\/v2\/product_cat?post=143008"},{"taxonomy":"product_tag","embeddable":true,"href":"https:\/\/graef-gnu.com\/tr\/wp-json\/wp\/v2\/product_tag?post=143008"}],"curies":[{"name":"wp","href":"https:\/\/api.w.org\/{rel}","templated":true}]}}