{"id":143284,"date":"2021-02-11T10:58:57","date_gmt":"2021-10-06T12:08:56","guid":{"rendered":"https:\/\/www.graef-gnu.com\/produkt\/striptec-dalga-mukemmel\/"},"modified":"2021-10-06T14:10:17","modified_gmt":"2021-10-06T12:10:17","slug":"striptec-dalga-perf","status":"publish","type":"product","link":"https:\/\/graef-gnu.com\/tr\/produkt\/striptec-dalga-perf\/","title":{"rendered":"striptec dalga m\u00fckemmel"},"content":{"rendered":"<p>Daha geni\u015f z\u0131mbalama at\u0131klar\u0131n\u0131 \u00e7\u0131karmak ve paralel s\u0131y\u0131rma hatlar\u0131n\u0131n olas\u0131 azalt\u0131lmas\u0131 i\u00e7in oluklu s\u0131y\u0131rma perforasyon hatt\u0131.<\/p>\n","protected":false},"excerpt":{"rendered":"<p>Daha geni\u015f z\u0131mbalama at\u0131klar\u0131n\u0131 \u00e7\u0131karmak ve paralel s\u0131y\u0131rma hatlar\u0131n\u0131n olas\u0131 azalt\u0131lmas\u0131 i\u00e7in oluklu s\u0131y\u0131rma perforasyon hatt\u0131.<\/p>\n","protected":false},"featured_media":143285,"template":"","meta":{"_acf_changed":false},"product_cat":[7573],"product_tag":[],"class_list":{"0":"post-143284","1":"product","2":"type-product","3":"status-publish","4":"has-post-thumbnail","6":"product_group-disari-kirarak","7":"product_cat-duez-yatakli-kalip-kesme","8":"pa_ablaengung-1-mde","9":"pa_haerte-750-850n-tr","10":"pa_hoehe-50-mm-tr","11":"pa_hoehe-51-mm-tr","12":"pa_hoehe-52-mm-tr","13":"pa_hoehe-53-mm-tr","14":"pa_hoehe-54-mm-tr","15":"pa_hoehe-55-mm-tr","16":"pa_staerke-breite-105-mm-tr","17":"pa_teilung-2-1-mm","18":"pa_teilung-4-1-mm","19":"pa_welle-110-mm-oluklu-45-mm-kalinliginda-oluklu","20":"pa_welle-11-0-mm-oluklu-2-0-mm-kalinliginda-oluklu","21":"pa_welle-11-0-mm-oluklu-3-0-mm-kalinliginda-oluklu","22":"pa_welle-11-0-mm-oluklu-3-5-mm-kalinliginda-oluklu","23":"pa_welle-11-0-mm-oluklu-4-0-mm-kalinliginda-oluklu","24":"pa_welle-saft-5-0-6-0-mm","26":"first","27":"instock","28":"purchasable","29":"product-type-variable"},"acf":[],"yoast_head":"<!-- This site is optimized with the Yoast SEO plugin v22.6 - https:\/\/yoast.com\/wordpress\/plugins\/seo\/ -->\n<title>striptec dalga m\u00fckemmel - August Graef GNU<\/title>\n<meta name=\"description\" content=\"Daha geni\u015f z\u0131mbalama at\u0131klar\u0131n\u0131 \u00e7\u0131karmak ve paralel s\u0131y\u0131rma hatlar\u0131n\u0131n olas\u0131 azalt\u0131lmas\u0131 i\u00e7in oluklu s\u0131y\u0131rma perforasyon hatt\u0131 - daha fazlas\u0131n\u0131 buradan \u00f6\u011frenin!\" \/>\n<meta name=\"robots\" content=\"index, follow, max-snippet:-1, max-image-preview:large, max-video-preview:-1\" \/>\n<link rel=\"canonical\" href=\"https:\/\/graef-gnu.com\/produkt\/striptec-wave-perf\/\" \/>\n<meta property=\"og:locale\" content=\"tr_TR\" \/>\n<meta property=\"og:type\" content=\"article\" \/>\n<meta property=\"og:title\" content=\"striptec dalga m\u00fckemmel - August Graef GNU\" \/>\n<meta property=\"og:description\" content=\"Daha geni\u015f z\u0131mbalama at\u0131klar\u0131n\u0131 \u00e7\u0131karmak ve paralel s\u0131y\u0131rma hatlar\u0131n\u0131n olas\u0131 azalt\u0131lmas\u0131 i\u00e7in oluklu s\u0131y\u0131rma perforasyon hatt\u0131 - daha fazlas\u0131n\u0131 buradan \u00f6\u011frenin!\" \/>\n<meta property=\"og:url\" content=\"https:\/\/graef-gnu.com\/produkt\/striptec-wave-perf\/\" \/>\n<meta property=\"og:site_name\" content=\"August Graef GNU\" \/>\n<meta property=\"article:modified_time\" content=\"2021-10-06T12:10:17+00:00\" \/>\n<meta property=\"og:image\" content=\"https:\/\/graef-gnu.com\/wp-content\/uploads\/gnu-striptec-perfect-wave.png\" \/>\n\t<meta property=\"og:image:width\" content=\"890\" \/>\n\t<meta property=\"og:image:height\" content=\"300\" \/>\n\t<meta property=\"og:image:type\" content=\"image\/png\" \/>\n<meta name=\"twitter:card\" content=\"summary_large_image\" \/>\n<script type=\"application\/ld+json\" class=\"yoast-schema-graph\">{\"@context\":\"https:\/\/schema.org\",\"@graph\":[{\"@type\":\"WebPage\",\"@id\":\"https:\/\/graef-gnu.com\/produkt\/striptec-wave-perf\/\",\"url\":\"https:\/\/graef-gnu.com\/produkt\/striptec-wave-perf\/\",\"name\":\"striptec dalga m\u00fckemmel - August Graef GNU\",\"isPartOf\":{\"@id\":\"https:\/\/graef-gnu.com\/#website\"},\"primaryImageOfPage\":{\"@id\":\"https:\/\/graef-gnu.com\/produkt\/striptec-wave-perf\/#primaryimage\"},\"image\":{\"@id\":\"https:\/\/graef-gnu.com\/produkt\/striptec-wave-perf\/#primaryimage\"},\"thumbnailUrl\":\"https:\/\/graef-gnu.com\/wp-content\/uploads\/gnu-striptec-perfect-wave.png\",\"datePublished\":\"2021-10-06T12:08:56+00:00\",\"dateModified\":\"2021-10-06T12:10:17+00:00\",\"description\":\"Daha geni\u015f z\u0131mbalama at\u0131klar\u0131n\u0131 \u00e7\u0131karmak ve paralel s\u0131y\u0131rma hatlar\u0131n\u0131n olas\u0131 azalt\u0131lmas\u0131 i\u00e7in oluklu s\u0131y\u0131rma perforasyon hatt\u0131 - daha fazlas\u0131n\u0131 buradan \u00f6\u011frenin!\",\"breadcrumb\":{\"@id\":\"https:\/\/graef-gnu.com\/produkt\/striptec-wave-perf\/#breadcrumb\"},\"inLanguage\":\"tr\",\"potentialAction\":[{\"@type\":\"ReadAction\",\"target\":[\"https:\/\/graef-gnu.com\/produkt\/striptec-wave-perf\/\"]}]},{\"@type\":\"ImageObject\",\"inLanguage\":\"tr\",\"@id\":\"https:\/\/graef-gnu.com\/produkt\/striptec-wave-perf\/#primaryimage\",\"url\":\"https:\/\/graef-gnu.com\/wp-content\/uploads\/gnu-striptec-perfect-wave.png\",\"contentUrl\":\"https:\/\/graef-gnu.com\/wp-content\/uploads\/gnu-striptec-perfect-wave.png\",\"width\":890,\"height\":300},{\"@type\":\"BreadcrumbList\",\"@id\":\"https:\/\/graef-gnu.com\/produkt\/striptec-wave-perf\/#breadcrumb\",\"itemListElement\":[{\"@type\":\"ListItem\",\"position\":1,\"name\":\"Startseite\",\"item\":\"https:\/\/graef-gnu.com\/tr\/\"},{\"@type\":\"ListItem\",\"position\":2,\"name\":\"\u00dcr\u00fcne Genel Bak\u0131\u015f\",\"item\":\"https:\/\/graef-gnu.com\/tr\/ueruene-genel-bakis\/\"},{\"@type\":\"ListItem\",\"position\":3,\"name\":\"striptec dalga m\u00fckemmel\"}]},{\"@type\":\"WebSite\",\"@id\":\"https:\/\/graef-gnu.com\/#website\",\"url\":\"https:\/\/graef-gnu.com\/\",\"name\":\"August Graef GNU\",\"description\":\"\",\"potentialAction\":[{\"@type\":\"SearchAction\",\"target\":{\"@type\":\"EntryPoint\",\"urlTemplate\":\"https:\/\/graef-gnu.com\/?s={search_term_string}\"},\"query-input\":\"required name=search_term_string\"}],\"inLanguage\":\"tr\"}]}<\/script>\n<!-- \/ Yoast SEO plugin. -->","yoast_head_json":{"title":"striptec dalga m\u00fckemmel - August Graef GNU","description":"Daha geni\u015f z\u0131mbalama at\u0131klar\u0131n\u0131 \u00e7\u0131karmak ve paralel s\u0131y\u0131rma hatlar\u0131n\u0131n olas\u0131 azalt\u0131lmas\u0131 i\u00e7in oluklu s\u0131y\u0131rma perforasyon hatt\u0131 - daha fazlas\u0131n\u0131 buradan \u00f6\u011frenin!","robots":{"index":"index","follow":"follow","max-snippet":"max-snippet:-1","max-image-preview":"max-image-preview:large","max-video-preview":"max-video-preview:-1"},"canonical":"https:\/\/graef-gnu.com\/produkt\/striptec-wave-perf\/","og_locale":"tr_TR","og_type":"article","og_title":"striptec dalga m\u00fckemmel - August Graef GNU","og_description":"Daha geni\u015f z\u0131mbalama at\u0131klar\u0131n\u0131 \u00e7\u0131karmak ve paralel s\u0131y\u0131rma hatlar\u0131n\u0131n olas\u0131 azalt\u0131lmas\u0131 i\u00e7in oluklu s\u0131y\u0131rma perforasyon hatt\u0131 - daha fazlas\u0131n\u0131 buradan \u00f6\u011frenin!","og_url":"https:\/\/graef-gnu.com\/produkt\/striptec-wave-perf\/","og_site_name":"August Graef GNU","article_modified_time":"2021-10-06T12:10:17+00:00","og_image":[{"width":890,"height":300,"url":"https:\/\/graef-gnu.com\/wp-content\/uploads\/gnu-striptec-perfect-wave.png","type":"image\/png"}],"twitter_card":"summary_large_image","schema":{"@context":"https:\/\/schema.org","@graph":[{"@type":"WebPage","@id":"https:\/\/graef-gnu.com\/produkt\/striptec-wave-perf\/","url":"https:\/\/graef-gnu.com\/produkt\/striptec-wave-perf\/","name":"striptec dalga m\u00fckemmel - August Graef GNU","isPartOf":{"@id":"https:\/\/graef-gnu.com\/#website"},"primaryImageOfPage":{"@id":"https:\/\/graef-gnu.com\/produkt\/striptec-wave-perf\/#primaryimage"},"image":{"@id":"https:\/\/graef-gnu.com\/produkt\/striptec-wave-perf\/#primaryimage"},"thumbnailUrl":"https:\/\/graef-gnu.com\/wp-content\/uploads\/gnu-striptec-perfect-wave.png","datePublished":"2021-10-06T12:08:56+00:00","dateModified":"2021-10-06T12:10:17+00:00","description":"Daha geni\u015f z\u0131mbalama at\u0131klar\u0131n\u0131 \u00e7\u0131karmak ve paralel s\u0131y\u0131rma hatlar\u0131n\u0131n olas\u0131 azalt\u0131lmas\u0131 i\u00e7in oluklu s\u0131y\u0131rma perforasyon hatt\u0131 - daha fazlas\u0131n\u0131 buradan \u00f6\u011frenin!","breadcrumb":{"@id":"https:\/\/graef-gnu.com\/produkt\/striptec-wave-perf\/#breadcrumb"},"inLanguage":"tr","potentialAction":[{"@type":"ReadAction","target":["https:\/\/graef-gnu.com\/produkt\/striptec-wave-perf\/"]}]},{"@type":"ImageObject","inLanguage":"tr","@id":"https:\/\/graef-gnu.com\/produkt\/striptec-wave-perf\/#primaryimage","url":"https:\/\/graef-gnu.com\/wp-content\/uploads\/gnu-striptec-perfect-wave.png","contentUrl":"https:\/\/graef-gnu.com\/wp-content\/uploads\/gnu-striptec-perfect-wave.png","width":890,"height":300},{"@type":"BreadcrumbList","@id":"https:\/\/graef-gnu.com\/produkt\/striptec-wave-perf\/#breadcrumb","itemListElement":[{"@type":"ListItem","position":1,"name":"Startseite","item":"https:\/\/graef-gnu.com\/tr\/"},{"@type":"ListItem","position":2,"name":"\u00dcr\u00fcne Genel Bak\u0131\u015f","item":"https:\/\/graef-gnu.com\/tr\/ueruene-genel-bakis\/"},{"@type":"ListItem","position":3,"name":"striptec dalga m\u00fckemmel"}]},{"@type":"WebSite","@id":"https:\/\/graef-gnu.com\/#website","url":"https:\/\/graef-gnu.com\/","name":"August Graef GNU","description":"","potentialAction":[{"@type":"SearchAction","target":{"@type":"EntryPoint","urlTemplate":"https:\/\/graef-gnu.com\/?s={search_term_string}"},"query-input":"required name=search_term_string"}],"inLanguage":"tr"}]}},"_links":{"self":[{"href":"https:\/\/graef-gnu.com\/tr\/wp-json\/wp\/v2\/product\/143284","targetHints":{"allow":["GET"]}}],"collection":[{"href":"https:\/\/graef-gnu.com\/tr\/wp-json\/wp\/v2\/product"}],"about":[{"href":"https:\/\/graef-gnu.com\/tr\/wp-json\/wp\/v2\/types\/product"}],"wp:featuredmedia":[{"embeddable":true,"href":"https:\/\/graef-gnu.com\/tr\/wp-json\/wp\/v2\/media\/143285"}],"wp:attachment":[{"href":"https:\/\/graef-gnu.com\/tr\/wp-json\/wp\/v2\/media?parent=143284"}],"wp:term":[{"taxonomy":"product_cat","embeddable":true,"href":"https:\/\/graef-gnu.com\/tr\/wp-json\/wp\/v2\/product_cat?post=143284"},{"taxonomy":"product_tag","embeddable":true,"href":"https:\/\/graef-gnu.com\/tr\/wp-json\/wp\/v2\/product_tag?post=143284"}],"curies":[{"name":"wp","href":"https:\/\/api.w.org\/{rel}","templated":true}]}}