{"id":143334,"date":"2021-02-11T10:58:52","date_gmt":"2021-10-06T12:10:43","guid":{"rendered":"https:\/\/www.graef-gnu.com\/produkt\/striptec-muekemmel\/"},"modified":"2021-10-06T14:10:43","modified_gmt":"2021-10-06T12:10:43","slug":"striptec-perf-2","status":"publish","type":"product","link":"https:\/\/graef-gnu.com\/tr\/produkt\/striptec-perf-2\/","title":{"rendered":"striptec m\u00fckemmel"},"content":{"rendered":"<p>\u00d6zellikle karma\u015f\u0131k karton ve oluklu mukavva i\u00e7in \u00e7e\u015fitli ad\u0131mlarda mevcut delikli s\u0131y\u0131rma hatt\u0131. Delme at\u0131\u011f\u0131n\u0131n g\u00fcvenilir \u015fekilde yakalanmas\u0131n\u0131 sa\u011flar.<\/p>\n","protected":false},"excerpt":{"rendered":"<p>\u00d6zellikle karma\u015f\u0131k karton ve oluklu mukavva i\u00e7in \u00e7e\u015fitli ad\u0131mlarda mevcut delikli s\u0131y\u0131rma hatt\u0131. Delme at\u0131\u011f\u0131n\u0131n g\u00fcvenilir \u015fekilde yakalanmas\u0131n\u0131 sa\u011flar.<\/p>\n","protected":false},"featured_media":143335,"template":"","meta":{"_acf_changed":false},"product_cat":[7573],"product_tag":[],"class_list":{"0":"post-143334","1":"product","2":"type-product","3":"status-publish","4":"has-post-thumbnail","6":"product_group-disari-kirarak","7":"product_cat-duez-yatakli-kalip-kesme","8":"pa_ablaengung-1-mde","9":"pa_ablaengung-yuezuekte","10":"pa_haerte-750-850n-tr","11":"pa_haerte-h2ekstra","12":"pa_hoehe-45-mm-tr","13":"pa_hoehe-480-mm-tr","14":"pa_hoehe-50-mm-tr","15":"pa_hoehe-509-mm-tr","16":"pa_hoehe-51-mm-tr","17":"pa_hoehe-52-mm-tr","18":"pa_hoehe-55-mm-tr","19":"pa_hoehe-60-mm-tr","20":"pa_hoehe-65-mm-tr","21":"pa_staerke-breite-105-mm-tr","22":"pa_teilung-2-1-mm","23":"pa_teilung-4-1-mm","24":"pa_teilung-5-05-mm","25":"pa_teilung-5-1-mm","26":"pa_teilung-6-1-mm","27":"pa_wicklung-durchmesser-aci-480-mm","28":"pa_wicklung-durchmesser-acw-560-mm-tr","29":"pa_wicklung-durchmesser-cw-480-mm-tr","30":"pa_wicklung-durchmesser-cw-560-mm-tr","31":"pa_wicklung-durchmesser-yok","32":"pa_zaehne-yok","34":"first","35":"instock","36":"purchasable","37":"product-type-variable"},"acf":[],"yoast_head":"<!-- This site is optimized with the Yoast SEO plugin v22.6 - https:\/\/yoast.com\/wordpress\/plugins\/seo\/ -->\n<title>striptec m\u00fckemmel - August Graef GNU<\/title>\n<meta name=\"description\" content=\"\u00d6zellikle karma\u015f\u0131k mukavva ve oluklu mukavva i\u00e7in \u00e7e\u015fitli b\u00f6l\u00fcmlerde mevcut olan delikli s\u0131y\u0131rma hatt\u0131 - daha fazlas\u0131n\u0131 buradan \u00f6\u011frenin!\" \/>\n<meta name=\"robots\" content=\"index, follow, max-snippet:-1, max-image-preview:large, max-video-preview:-1\" \/>\n<link rel=\"canonical\" href=\"https:\/\/graef-gnu.com\/produkt\/striptec-perf\/\" \/>\n<meta property=\"og:locale\" content=\"tr_TR\" \/>\n<meta property=\"og:type\" content=\"article\" \/>\n<meta property=\"og:title\" content=\"striptec m\u00fckemmel - August Graef GNU\" \/>\n<meta property=\"og:description\" content=\"\u00d6zellikle karma\u015f\u0131k mukavva ve oluklu mukavva i\u00e7in \u00e7e\u015fitli b\u00f6l\u00fcmlerde mevcut olan delikli s\u0131y\u0131rma hatt\u0131 - daha fazlas\u0131n\u0131 buradan \u00f6\u011frenin!\" \/>\n<meta property=\"og:url\" content=\"https:\/\/graef-gnu.com\/produkt\/striptec-perf\/\" \/>\n<meta property=\"og:site_name\" content=\"August Graef GNU\" \/>\n<meta property=\"og:image\" content=\"https:\/\/graef-gnu.com\/wp-content\/uploads\/gnu-strip-perftec.jpg\" \/>\n\t<meta property=\"og:image:width\" content=\"890\" \/>\n\t<meta property=\"og:image:height\" content=\"300\" \/>\n\t<meta property=\"og:image:type\" content=\"image\/jpeg\" \/>\n<meta name=\"twitter:card\" content=\"summary_large_image\" \/>\n<script type=\"application\/ld+json\" class=\"yoast-schema-graph\">{\"@context\":\"https:\/\/schema.org\",\"@graph\":[{\"@type\":\"WebPage\",\"@id\":\"https:\/\/graef-gnu.com\/produkt\/striptec-perf\/\",\"url\":\"https:\/\/graef-gnu.com\/produkt\/striptec-perf\/\",\"name\":\"striptec m\u00fckemmel - August Graef GNU\",\"isPartOf\":{\"@id\":\"https:\/\/graef-gnu.com\/#website\"},\"primaryImageOfPage\":{\"@id\":\"https:\/\/graef-gnu.com\/produkt\/striptec-perf\/#primaryimage\"},\"image\":{\"@id\":\"https:\/\/graef-gnu.com\/produkt\/striptec-perf\/#primaryimage\"},\"thumbnailUrl\":\"https:\/\/graef-gnu.com\/wp-content\/uploads\/gnu-strip-perftec.jpg\",\"datePublished\":\"2021-10-06T12:10:43+00:00\",\"dateModified\":\"2021-10-06T12:10:43+00:00\",\"description\":\"\u00d6zellikle karma\u015f\u0131k mukavva ve oluklu mukavva i\u00e7in \u00e7e\u015fitli b\u00f6l\u00fcmlerde mevcut olan delikli s\u0131y\u0131rma hatt\u0131 - daha fazlas\u0131n\u0131 buradan \u00f6\u011frenin!\",\"breadcrumb\":{\"@id\":\"https:\/\/graef-gnu.com\/produkt\/striptec-perf\/#breadcrumb\"},\"inLanguage\":\"tr\",\"potentialAction\":[{\"@type\":\"ReadAction\",\"target\":[\"https:\/\/graef-gnu.com\/produkt\/striptec-perf\/\"]}]},{\"@type\":\"ImageObject\",\"inLanguage\":\"tr\",\"@id\":\"https:\/\/graef-gnu.com\/produkt\/striptec-perf\/#primaryimage\",\"url\":\"https:\/\/graef-gnu.com\/wp-content\/uploads\/gnu-strip-perftec.jpg\",\"contentUrl\":\"https:\/\/graef-gnu.com\/wp-content\/uploads\/gnu-strip-perftec.jpg\",\"width\":890,\"height\":300},{\"@type\":\"BreadcrumbList\",\"@id\":\"https:\/\/graef-gnu.com\/produkt\/striptec-perf\/#breadcrumb\",\"itemListElement\":[{\"@type\":\"ListItem\",\"position\":1,\"name\":\"Startseite\",\"item\":\"https:\/\/graef-gnu.com\/tr\/\"},{\"@type\":\"ListItem\",\"position\":2,\"name\":\"\u00dcr\u00fcne Genel Bak\u0131\u015f\",\"item\":\"https:\/\/graef-gnu.com\/tr\/ueruene-genel-bakis\/\"},{\"@type\":\"ListItem\",\"position\":3,\"name\":\"striptec m\u00fckemmel\"}]},{\"@type\":\"WebSite\",\"@id\":\"https:\/\/graef-gnu.com\/#website\",\"url\":\"https:\/\/graef-gnu.com\/\",\"name\":\"August Graef GNU\",\"description\":\"\",\"potentialAction\":[{\"@type\":\"SearchAction\",\"target\":{\"@type\":\"EntryPoint\",\"urlTemplate\":\"https:\/\/graef-gnu.com\/?s={search_term_string}\"},\"query-input\":\"required name=search_term_string\"}],\"inLanguage\":\"tr\"}]}<\/script>\n<!-- \/ Yoast SEO plugin. -->","yoast_head_json":{"title":"striptec m\u00fckemmel - August Graef GNU","description":"\u00d6zellikle karma\u015f\u0131k mukavva ve oluklu mukavva i\u00e7in \u00e7e\u015fitli b\u00f6l\u00fcmlerde mevcut olan delikli s\u0131y\u0131rma hatt\u0131 - daha fazlas\u0131n\u0131 buradan \u00f6\u011frenin!","robots":{"index":"index","follow":"follow","max-snippet":"max-snippet:-1","max-image-preview":"max-image-preview:large","max-video-preview":"max-video-preview:-1"},"canonical":"https:\/\/graef-gnu.com\/produkt\/striptec-perf\/","og_locale":"tr_TR","og_type":"article","og_title":"striptec m\u00fckemmel - August Graef GNU","og_description":"\u00d6zellikle karma\u015f\u0131k mukavva ve oluklu mukavva i\u00e7in \u00e7e\u015fitli b\u00f6l\u00fcmlerde mevcut olan delikli s\u0131y\u0131rma hatt\u0131 - daha fazlas\u0131n\u0131 buradan \u00f6\u011frenin!","og_url":"https:\/\/graef-gnu.com\/produkt\/striptec-perf\/","og_site_name":"August Graef GNU","og_image":[{"width":890,"height":300,"url":"https:\/\/graef-gnu.com\/wp-content\/uploads\/gnu-strip-perftec.jpg","type":"image\/jpeg"}],"twitter_card":"summary_large_image","schema":{"@context":"https:\/\/schema.org","@graph":[{"@type":"WebPage","@id":"https:\/\/graef-gnu.com\/produkt\/striptec-perf\/","url":"https:\/\/graef-gnu.com\/produkt\/striptec-perf\/","name":"striptec m\u00fckemmel - August Graef GNU","isPartOf":{"@id":"https:\/\/graef-gnu.com\/#website"},"primaryImageOfPage":{"@id":"https:\/\/graef-gnu.com\/produkt\/striptec-perf\/#primaryimage"},"image":{"@id":"https:\/\/graef-gnu.com\/produkt\/striptec-perf\/#primaryimage"},"thumbnailUrl":"https:\/\/graef-gnu.com\/wp-content\/uploads\/gnu-strip-perftec.jpg","datePublished":"2021-10-06T12:10:43+00:00","dateModified":"2021-10-06T12:10:43+00:00","description":"\u00d6zellikle karma\u015f\u0131k mukavva ve oluklu mukavva i\u00e7in \u00e7e\u015fitli b\u00f6l\u00fcmlerde mevcut olan delikli s\u0131y\u0131rma hatt\u0131 - daha fazlas\u0131n\u0131 buradan \u00f6\u011frenin!","breadcrumb":{"@id":"https:\/\/graef-gnu.com\/produkt\/striptec-perf\/#breadcrumb"},"inLanguage":"tr","potentialAction":[{"@type":"ReadAction","target":["https:\/\/graef-gnu.com\/produkt\/striptec-perf\/"]}]},{"@type":"ImageObject","inLanguage":"tr","@id":"https:\/\/graef-gnu.com\/produkt\/striptec-perf\/#primaryimage","url":"https:\/\/graef-gnu.com\/wp-content\/uploads\/gnu-strip-perftec.jpg","contentUrl":"https:\/\/graef-gnu.com\/wp-content\/uploads\/gnu-strip-perftec.jpg","width":890,"height":300},{"@type":"BreadcrumbList","@id":"https:\/\/graef-gnu.com\/produkt\/striptec-perf\/#breadcrumb","itemListElement":[{"@type":"ListItem","position":1,"name":"Startseite","item":"https:\/\/graef-gnu.com\/tr\/"},{"@type":"ListItem","position":2,"name":"\u00dcr\u00fcne Genel Bak\u0131\u015f","item":"https:\/\/graef-gnu.com\/tr\/ueruene-genel-bakis\/"},{"@type":"ListItem","position":3,"name":"striptec m\u00fckemmel"}]},{"@type":"WebSite","@id":"https:\/\/graef-gnu.com\/#website","url":"https:\/\/graef-gnu.com\/","name":"August Graef GNU","description":"","potentialAction":[{"@type":"SearchAction","target":{"@type":"EntryPoint","urlTemplate":"https:\/\/graef-gnu.com\/?s={search_term_string}"},"query-input":"required name=search_term_string"}],"inLanguage":"tr"}]}},"_links":{"self":[{"href":"https:\/\/graef-gnu.com\/tr\/wp-json\/wp\/v2\/product\/143334","targetHints":{"allow":["GET"]}}],"collection":[{"href":"https:\/\/graef-gnu.com\/tr\/wp-json\/wp\/v2\/product"}],"about":[{"href":"https:\/\/graef-gnu.com\/tr\/wp-json\/wp\/v2\/types\/product"}],"wp:featuredmedia":[{"embeddable":true,"href":"https:\/\/graef-gnu.com\/tr\/wp-json\/wp\/v2\/media\/143335"}],"wp:attachment":[{"href":"https:\/\/graef-gnu.com\/tr\/wp-json\/wp\/v2\/media?parent=143334"}],"wp:term":[{"taxonomy":"product_cat","embeddable":true,"href":"https:\/\/graef-gnu.com\/tr\/wp-json\/wp\/v2\/product_cat?post=143334"},{"taxonomy":"product_tag","embeddable":true,"href":"https:\/\/graef-gnu.com\/tr\/wp-json\/wp\/v2\/product_tag?post=143334"}],"curies":[{"name":"wp","href":"https:\/\/api.w.org\/{rel}","templated":true}]}}