{"id":144002,"date":"2021-02-11T10:59:03","date_gmt":"2021-10-06T12:21:36","guid":{"rendered":"https:\/\/www.graef-gnu.com\/produkt\/muekemmel-teknoloji\/"},"modified":"2021-10-06T14:22:29","modified_gmt":"2021-10-06T12:22:29","slug":"muekemmel-teknoloji","status":"publish","type":"product","link":"https:\/\/graef-gnu.com\/tr\/produkt\/muekemmel-teknoloji\/","title":{"rendered":"m\u00fckemmel teknoloji"},"content":{"rendered":"<p>\u00c7e\u015fitli di\u015f hatvelerinde (bo\u015fluk-kesim oran\u0131) Perftec<sup>&reg;<\/sup> perforasyon hatlar\u0131 \u00e7apaks\u0131z olarak teslim edilebilir.<\/p>\n","protected":false},"excerpt":{"rendered":"<p>\u00c7ok \u00e7e\u015fitli di\u015f aral\u0131klar\u0131nda (bo\u015fluk: kesit oran\u0131) Perftec<sup>&reg;<\/sup> perforasyon hatlar\u0131 \u00e7apaks\u0131z olarak teslim edilebilir.<\/p>\n","protected":false},"featured_media":144039,"template":"","meta":{"_acf_changed":false},"product_cat":[7573],"product_tag":[],"class_list":{"0":"post-144002","1":"product","2":"type-product","3":"status-publish","4":"has-post-thumbnail","6":"product_group-delikli","7":"product_cat-duez-yatakli-kalip-kesme","8":"pa_ablaengung-1-mde","9":"pa_ablaengung-yuezuekte","10":"pa_hoehe-2256-mm-tr","11":"pa_hoehe-226-mm-tr","12":"pa_hoehe-228-mm-tr","13":"pa_hoehe-233-mm-tr","14":"pa_hoehe-235-mm-tr","15":"pa_hoehe-2356-mm-tr","16":"pa_hoehe-236-mm-tr","17":"pa_hoehe-2365-mm-tr","18":"pa_hoehe-238-mm-tr","19":"pa_staerke-breite-07-mm-tr","20":"pa_staerke-breite-105-mm-tr","21":"pa_teilung-07-12-mm","22":"pa_teilung-07-3-mm","23":"pa_teilung-07-35-mm","24":"pa_teilung-07-6-mm","25":"pa_teilung-07-7-mm","26":"pa_teilung-078-6-mm","27":"pa_teilung-08-25-mm","28":"pa_teilung-08-27-mm","29":"pa_teilung-08-4-mm","30":"pa_teilung-1-1-mm","31":"pa_teilung-1-1-nokta","32":"pa_teilung-1-2-mm","33":"pa_teilung-1-2-nokta","34":"pa_teilung-1-3-mm","35":"pa_teilung-1-3-nokta","36":"pa_teilung-1-4-mm","37":"pa_teilung-1-5-mm","38":"pa_teilung-1-6-mm","39":"pa_teilung-1-7-mm","40":"pa_teilung-1-8-mm","41":"pa_teilung-110-mm-tr","42":"pa_teilung-115-mm-tr","43":"pa_teilung-116-mm-tr","44":"pa_teilung-11mm-tr","45":"pa_teilung-130-mm-tr","46":"pa_teilung-1-5-1-5-mm","47":"pa_teilung-1-5-10-mm","48":"pa_teilung-1-5-15-mm","49":"pa_teilung-1-5-20-mm","50":"pa_teilung-1-5-3-mm","51":"pa_teilung-1-5-30-mm","52":"pa_teilung-1010-mm-tr","53":"pa_teilung-1010-nokta","54":"pa_teilung-1212-mm-tr","55":"pa_teilung-1212-nokta","56":"pa_teilung-1515-mm-tr","57":"pa_teilung-25-25-mm","58":"pa_teilung-2-2-mm","59":"pa_teilung-2-2-nokta","60":"pa_teilung-2-20-mm","61":"pa_teilung-2-3-mm-tr-2","62":"pa_teilung-2-3-nokta","63":"pa_teilung-2-4-mm","64":"pa_teilung-2-4-nokta","65":"pa_teilung-2-5-mm","66":"pa_teilung-2-5-puan","67":"pa_teilung-2-6-nokta","68":"pa_teilung-2-7-mm","69":"pa_teilung-2-7-puan","70":"pa_teilung-2-8-nokta","71":"pa_teilung-210-mm-tr","72":"pa_teilung-210-nokta","73":"pa_teilung-212-nokta","74":"pa_teilung-214-nokta","75":"pa_teilung-215-mm-tr","76":"pa_teilung-216-nokta","77":"pa_teilung-218-nokta","78":"pa_teilung-224-nokta","79":"pa_teilung-230-nokta","80":"pa_teilung-236-puan","81":"pa_teilung-2020-mm-tr","82":"pa_teilung-3-12-mm","83":"pa_teilung-3-3-mm","84":"pa_teilung-3-3-nokta","85":"pa_teilung-3-4-mm","86":"pa_teilung-3-4-nokta","87":"pa_teilung-3-5-mm","88":"pa_teilung-3-5-puan","89":"pa_teilung-3-6-mm","90":"pa_teilung-3-6-nokta","91":"pa_teilung-3-7-mm","92":"pa_teilung-3-8-mm","93":"pa_teilung-3-8-nokta","94":"pa_teilung-3-9-mm","95":"pa_teilung-310-mm-tr","96":"pa_teilung-310-nokta","97":"pa_teilung-312-nokta","98":"pa_teilung-4-4-mm","99":"pa_teilung-4-4-nokta","100":"pa_teilung-4-6-mm","101":"pa_teilung-4-6-nokta","102":"pa_teilung-4-7-mm","103":"pa_teilung-4-8-mm","104":"pa_teilung-4-8-nokta","105":"pa_teilung-410-mm-tr","106":"pa_teilung-410-nokta","107":"pa_teilung-412-nokta","108":"pa_teilung-432-puan","109":"pa_teilung-5-5-mm","110":"pa_teilung-5-5-puan","111":"pa_teilung-510-mm-tr","112":"pa_teilung-6-4-mm","113":"pa_teilung-6-6-mm","114":"pa_teilung-6-6-nokta","115":"pa_teilung-6-8-nokta","116":"pa_teilung-6-9-puan","117":"pa_teilung-612-nokta","118":"pa_teilung-614-nokta","119":"pa_teilung-7-7-mm","120":"pa_teilung-8-8-mm","121":"pa_teilung-8-8-nokta","122":"pa_teilung-912-nokta","123":"pa_wicklung-durchmesser-aci-480-mm","124":"pa_wicklung-durchmesser-acw-560-mm-tr","125":"pa_wicklung-durchmesser-cw-480-mm-tr","126":"pa_wicklung-durchmesser-cw-560-mm-tr","127":"pa_wicklung-durchmesser-yok","129":"first","130":"instock","131":"purchasable","132":"product-type-variable"},"acf":[],"yoast_head":"<!-- This site is optimized with the Yoast SEO plugin v22.6 - https:\/\/yoast.com\/wordpress\/plugins\/seo\/ -->\n<title>m\u00fckemmel teknoloji - August Graef GNU<\/title>\n<meta name=\"description\" content=\"\u00c7e\u015fitli di\u015f hatvelerinde (bo\u015fluk-kesim oran\u0131) Perftec&reg; perforasyon hatlar\u0131 \u00e7apaks\u0131z mevcuttur - daha fazlas\u0131n\u0131 buradan \u00f6\u011frenin!\" \/>\n<meta name=\"robots\" content=\"index, follow, max-snippet:-1, max-image-preview:large, max-video-preview:-1\" \/>\n<link rel=\"canonical\" href=\"https:\/\/graef-gnu.com\/produkt\/perftec\/\" \/>\n<meta property=\"og:locale\" content=\"tr_TR\" \/>\n<meta property=\"og:type\" content=\"article\" \/>\n<meta property=\"og:title\" content=\"m\u00fckemmel teknoloji - August Graef GNU\" \/>\n<meta property=\"og:description\" content=\"\u00c7e\u015fitli di\u015f hatvelerinde (bo\u015fluk-kesim oran\u0131) Perftec&reg; perforasyon hatlar\u0131 \u00e7apaks\u0131z mevcuttur - daha fazlas\u0131n\u0131 buradan \u00f6\u011frenin!\" \/>\n<meta property=\"og:url\" content=\"https:\/\/graef-gnu.com\/produkt\/perftec\/\" \/>\n<meta property=\"og:site_name\" content=\"August Graef GNU\" \/>\n<meta property=\"article:modified_time\" content=\"2021-10-06T12:22:29+00:00\" \/>\n<meta property=\"og:image\" content=\"https:\/\/graef-gnu.com\/wp-content\/uploads\/gnu-perftec-2pt.jpg\" \/>\n\t<meta property=\"og:image:width\" content=\"890\" \/>\n\t<meta property=\"og:image:height\" content=\"300\" \/>\n\t<meta property=\"og:image:type\" content=\"image\/jpeg\" \/>\n<meta name=\"twitter:card\" content=\"summary_large_image\" \/>\n<script type=\"application\/ld+json\" class=\"yoast-schema-graph\">{\"@context\":\"https:\/\/schema.org\",\"@graph\":[{\"@type\":\"WebPage\",\"@id\":\"https:\/\/graef-gnu.com\/produkt\/perftec\/\",\"url\":\"https:\/\/graef-gnu.com\/produkt\/perftec\/\",\"name\":\"m\u00fckemmel teknoloji - August Graef GNU\",\"isPartOf\":{\"@id\":\"https:\/\/graef-gnu.com\/#website\"},\"primaryImageOfPage\":{\"@id\":\"https:\/\/graef-gnu.com\/produkt\/perftec\/#primaryimage\"},\"image\":{\"@id\":\"https:\/\/graef-gnu.com\/produkt\/perftec\/#primaryimage\"},\"thumbnailUrl\":\"https:\/\/graef-gnu.com\/wp-content\/uploads\/gnu-perftec-2pt.jpg\",\"datePublished\":\"2021-10-06T12:21:36+00:00\",\"dateModified\":\"2021-10-06T12:22:29+00:00\",\"description\":\"\u00c7e\u015fitli di\u015f hatvelerinde (bo\u015fluk-kesim oran\u0131) Perftec&reg; perforasyon hatlar\u0131 \u00e7apaks\u0131z mevcuttur - daha fazlas\u0131n\u0131 buradan \u00f6\u011frenin!\",\"breadcrumb\":{\"@id\":\"https:\/\/graef-gnu.com\/produkt\/perftec\/#breadcrumb\"},\"inLanguage\":\"tr\",\"potentialAction\":[{\"@type\":\"ReadAction\",\"target\":[\"https:\/\/graef-gnu.com\/produkt\/perftec\/\"]}]},{\"@type\":\"ImageObject\",\"inLanguage\":\"tr\",\"@id\":\"https:\/\/graef-gnu.com\/produkt\/perftec\/#primaryimage\",\"url\":\"https:\/\/graef-gnu.com\/wp-content\/uploads\/gnu-perftec-2pt.jpg\",\"contentUrl\":\"https:\/\/graef-gnu.com\/wp-content\/uploads\/gnu-perftec-2pt.jpg\",\"width\":890,\"height\":300},{\"@type\":\"BreadcrumbList\",\"@id\":\"https:\/\/graef-gnu.com\/produkt\/perftec\/#breadcrumb\",\"itemListElement\":[{\"@type\":\"ListItem\",\"position\":1,\"name\":\"Startseite\",\"item\":\"https:\/\/graef-gnu.com\/tr\/\"},{\"@type\":\"ListItem\",\"position\":2,\"name\":\"\u00dcr\u00fcne Genel Bak\u0131\u015f\",\"item\":\"https:\/\/graef-gnu.com\/tr\/ueruene-genel-bakis\/\"},{\"@type\":\"ListItem\",\"position\":3,\"name\":\"m\u00fckemmel teknoloji\"}]},{\"@type\":\"WebSite\",\"@id\":\"https:\/\/graef-gnu.com\/#website\",\"url\":\"https:\/\/graef-gnu.com\/\",\"name\":\"August Graef GNU\",\"description\":\"\",\"potentialAction\":[{\"@type\":\"SearchAction\",\"target\":{\"@type\":\"EntryPoint\",\"urlTemplate\":\"https:\/\/graef-gnu.com\/?s={search_term_string}\"},\"query-input\":\"required name=search_term_string\"}],\"inLanguage\":\"tr\"}]}<\/script>\n<!-- \/ Yoast SEO plugin. -->","yoast_head_json":{"title":"m\u00fckemmel teknoloji - August Graef GNU","description":"\u00c7e\u015fitli di\u015f hatvelerinde (bo\u015fluk-kesim oran\u0131) Perftec&reg; perforasyon hatlar\u0131 \u00e7apaks\u0131z mevcuttur - daha fazlas\u0131n\u0131 buradan \u00f6\u011frenin!","robots":{"index":"index","follow":"follow","max-snippet":"max-snippet:-1","max-image-preview":"max-image-preview:large","max-video-preview":"max-video-preview:-1"},"canonical":"https:\/\/graef-gnu.com\/produkt\/perftec\/","og_locale":"tr_TR","og_type":"article","og_title":"m\u00fckemmel teknoloji - August Graef GNU","og_description":"\u00c7e\u015fitli di\u015f hatvelerinde (bo\u015fluk-kesim oran\u0131) Perftec&reg; perforasyon hatlar\u0131 \u00e7apaks\u0131z mevcuttur - daha fazlas\u0131n\u0131 buradan \u00f6\u011frenin!","og_url":"https:\/\/graef-gnu.com\/produkt\/perftec\/","og_site_name":"August Graef GNU","article_modified_time":"2021-10-06T12:22:29+00:00","og_image":[{"width":890,"height":300,"url":"https:\/\/graef-gnu.com\/wp-content\/uploads\/gnu-perftec-2pt.jpg","type":"image\/jpeg"}],"twitter_card":"summary_large_image","schema":{"@context":"https:\/\/schema.org","@graph":[{"@type":"WebPage","@id":"https:\/\/graef-gnu.com\/produkt\/perftec\/","url":"https:\/\/graef-gnu.com\/produkt\/perftec\/","name":"m\u00fckemmel teknoloji - August Graef GNU","isPartOf":{"@id":"https:\/\/graef-gnu.com\/#website"},"primaryImageOfPage":{"@id":"https:\/\/graef-gnu.com\/produkt\/perftec\/#primaryimage"},"image":{"@id":"https:\/\/graef-gnu.com\/produkt\/perftec\/#primaryimage"},"thumbnailUrl":"https:\/\/graef-gnu.com\/wp-content\/uploads\/gnu-perftec-2pt.jpg","datePublished":"2021-10-06T12:21:36+00:00","dateModified":"2021-10-06T12:22:29+00:00","description":"\u00c7e\u015fitli di\u015f hatvelerinde (bo\u015fluk-kesim oran\u0131) Perftec&reg; perforasyon hatlar\u0131 \u00e7apaks\u0131z mevcuttur - daha fazlas\u0131n\u0131 buradan \u00f6\u011frenin!","breadcrumb":{"@id":"https:\/\/graef-gnu.com\/produkt\/perftec\/#breadcrumb"},"inLanguage":"tr","potentialAction":[{"@type":"ReadAction","target":["https:\/\/graef-gnu.com\/produkt\/perftec\/"]}]},{"@type":"ImageObject","inLanguage":"tr","@id":"https:\/\/graef-gnu.com\/produkt\/perftec\/#primaryimage","url":"https:\/\/graef-gnu.com\/wp-content\/uploads\/gnu-perftec-2pt.jpg","contentUrl":"https:\/\/graef-gnu.com\/wp-content\/uploads\/gnu-perftec-2pt.jpg","width":890,"height":300},{"@type":"BreadcrumbList","@id":"https:\/\/graef-gnu.com\/produkt\/perftec\/#breadcrumb","itemListElement":[{"@type":"ListItem","position":1,"name":"Startseite","item":"https:\/\/graef-gnu.com\/tr\/"},{"@type":"ListItem","position":2,"name":"\u00dcr\u00fcne Genel Bak\u0131\u015f","item":"https:\/\/graef-gnu.com\/tr\/ueruene-genel-bakis\/"},{"@type":"ListItem","position":3,"name":"m\u00fckemmel teknoloji"}]},{"@type":"WebSite","@id":"https:\/\/graef-gnu.com\/#website","url":"https:\/\/graef-gnu.com\/","name":"August Graef GNU","description":"","potentialAction":[{"@type":"SearchAction","target":{"@type":"EntryPoint","urlTemplate":"https:\/\/graef-gnu.com\/?s={search_term_string}"},"query-input":"required name=search_term_string"}],"inLanguage":"tr"}]}},"_links":{"self":[{"href":"https:\/\/graef-gnu.com\/tr\/wp-json\/wp\/v2\/product\/144002","targetHints":{"allow":["GET"]}}],"collection":[{"href":"https:\/\/graef-gnu.com\/tr\/wp-json\/wp\/v2\/product"}],"about":[{"href":"https:\/\/graef-gnu.com\/tr\/wp-json\/wp\/v2\/types\/product"}],"wp:featuredmedia":[{"embeddable":true,"href":"https:\/\/graef-gnu.com\/tr\/wp-json\/wp\/v2\/media\/144039"}],"wp:attachment":[{"href":"https:\/\/graef-gnu.com\/tr\/wp-json\/wp\/v2\/media?parent=144002"}],"wp:term":[{"taxonomy":"product_cat","embeddable":true,"href":"https:\/\/graef-gnu.com\/tr\/wp-json\/wp\/v2\/product_cat?post=144002"},{"taxonomy":"product_tag","embeddable":true,"href":"https:\/\/graef-gnu.com\/tr\/wp-json\/wp\/v2\/product_tag?post=144002"}],"curies":[{"name":"wp","href":"https:\/\/api.w.org\/{rel}","templated":true}]}}