{"id":144238,"date":"2021-02-11T10:59:23","date_gmt":"2021-10-06T12:21:50","guid":{"rendered":"https:\/\/www.graef-gnu.com\/produkt\/perftec-mikro-standardi\/"},"modified":"2021-10-06T14:21:55","modified_gmt":"2021-10-06T12:21:55","slug":"perftec-mikro-standart","status":"publish","type":"product","link":"https:\/\/graef-gnu.com\/tr\/produkt\/perftec-mikro-standart\/","title":{"rendered":"Perftec<sup>&reg;<\/sup>-Mikro Standard\u0131"},"content":{"rendered":"<p>\u00d6zellikle 40, 50 veya 72 tpi ile ince delikler m\u00fcmk\u00fcnd\u00fcr. Y\u00fcz\u00fck \u00fczerinde de mevcuttur.<\/p>\n","protected":false},"excerpt":{"rendered":"<p>\u00d6zellikle 40, 50 veya 72 tpi ile ince delikler m\u00fcmk\u00fcnd\u00fcr. Y\u00fcz\u00fck \u00fczerinde de mevcuttur.<\/p>\n","protected":false},"featured_media":144267,"template":"","meta":{"_acf_changed":false},"product_cat":[7573],"product_tag":[],"class_list":{"0":"post-144238","1":"product","2":"type-product","3":"status-publish","4":"has-post-thumbnail","6":"product_group-delikli","7":"product_cat-duez-yatakli-kalip-kesme","8":"pa_ablaengung-1-mde","9":"pa_haerte-h4-tr","10":"pa_hoehe-238-mm-tr","11":"pa_staerke-breite-07-mm-tr","12":"pa_zaehne-40-dis","13":"pa_zaehne-50-dis","14":"pa_zaehne-72-dis","16":"first","17":"instock","18":"purchasable","19":"product-type-variable"},"acf":[],"yoast_head":"<!-- This site is optimized with the Yoast SEO plugin v22.6 - https:\/\/yoast.com\/wordpress\/plugins\/seo\/ -->\n<title>Perftec&reg;-Mikro Standard\u0131 - August Graef GNU<\/title>\n<meta name=\"description\" content=\"40, 50 veya 72 tpi ile \u00f6zellikle hassas perforasyon m\u00fcmk\u00fcnd\u00fcr \u2705 Y\u00fcz\u00fckte de mevcuttur \u2705 Buradan bilgi al\u0131n ve \u00e7evrimi\u00e7i sorgulay\u0131n!\" \/>\n<meta name=\"robots\" content=\"index, follow, max-snippet:-1, max-image-preview:large, max-video-preview:-1\" \/>\n<link rel=\"canonical\" href=\"https:\/\/graef-gnu.com\/produkt\/perftec-micro-standard\/\" \/>\n<meta property=\"og:locale\" content=\"tr_TR\" \/>\n<meta property=\"og:type\" content=\"article\" \/>\n<meta property=\"og:title\" content=\"Perftec&reg;-Mikro Standard\u0131 - August Graef GNU\" \/>\n<meta property=\"og:description\" content=\"40, 50 veya 72 tpi ile \u00f6zellikle hassas perforasyon m\u00fcmk\u00fcnd\u00fcr \u2705 Y\u00fcz\u00fckte de mevcuttur \u2705 Buradan bilgi al\u0131n ve \u00e7evrimi\u00e7i sorgulay\u0131n!\" \/>\n<meta property=\"og:url\" content=\"https:\/\/graef-gnu.com\/produkt\/perftec-micro-standard\/\" \/>\n<meta property=\"og:site_name\" content=\"August Graef GNU\" \/>\n<meta property=\"article:modified_time\" content=\"2021-10-06T12:21:55+00:00\" \/>\n<meta property=\"og:image\" content=\"https:\/\/graef-gnu.com\/wp-content\/uploads\/gnu-perftec-micro-stdandard-50z.jpg\" \/>\n\t<meta property=\"og:image:width\" content=\"890\" \/>\n\t<meta property=\"og:image:height\" content=\"300\" \/>\n\t<meta property=\"og:image:type\" content=\"image\/jpeg\" \/>\n<meta name=\"twitter:card\" content=\"summary_large_image\" \/>\n<script type=\"application\/ld+json\" class=\"yoast-schema-graph\">{\"@context\":\"https:\/\/schema.org\",\"@graph\":[{\"@type\":\"WebPage\",\"@id\":\"https:\/\/graef-gnu.com\/produkt\/perftec-micro-standard\/\",\"url\":\"https:\/\/graef-gnu.com\/produkt\/perftec-micro-standard\/\",\"name\":\"Perftec&reg;-Mikro Standard\u0131 - August Graef GNU\",\"isPartOf\":{\"@id\":\"https:\/\/graef-gnu.com\/#website\"},\"primaryImageOfPage\":{\"@id\":\"https:\/\/graef-gnu.com\/produkt\/perftec-micro-standard\/#primaryimage\"},\"image\":{\"@id\":\"https:\/\/graef-gnu.com\/produkt\/perftec-micro-standard\/#primaryimage\"},\"thumbnailUrl\":\"https:\/\/graef-gnu.com\/wp-content\/uploads\/gnu-perftec-micro-stdandard-50z.jpg\",\"datePublished\":\"2021-10-06T12:21:50+00:00\",\"dateModified\":\"2021-10-06T12:21:55+00:00\",\"description\":\"40, 50 veya 72 tpi ile \u00f6zellikle hassas perforasyon m\u00fcmk\u00fcnd\u00fcr \u2705 Y\u00fcz\u00fckte de mevcuttur \u2705 Buradan bilgi al\u0131n ve \u00e7evrimi\u00e7i sorgulay\u0131n!\",\"breadcrumb\":{\"@id\":\"https:\/\/graef-gnu.com\/produkt\/perftec-micro-standard\/#breadcrumb\"},\"inLanguage\":\"tr\",\"potentialAction\":[{\"@type\":\"ReadAction\",\"target\":[\"https:\/\/graef-gnu.com\/produkt\/perftec-micro-standard\/\"]}]},{\"@type\":\"ImageObject\",\"inLanguage\":\"tr\",\"@id\":\"https:\/\/graef-gnu.com\/produkt\/perftec-micro-standard\/#primaryimage\",\"url\":\"https:\/\/graef-gnu.com\/wp-content\/uploads\/gnu-perftec-micro-stdandard-50z.jpg\",\"contentUrl\":\"https:\/\/graef-gnu.com\/wp-content\/uploads\/gnu-perftec-micro-stdandard-50z.jpg\",\"width\":890,\"height\":300},{\"@type\":\"BreadcrumbList\",\"@id\":\"https:\/\/graef-gnu.com\/produkt\/perftec-micro-standard\/#breadcrumb\",\"itemListElement\":[{\"@type\":\"ListItem\",\"position\":1,\"name\":\"Startseite\",\"item\":\"https:\/\/graef-gnu.com\/tr\/\"},{\"@type\":\"ListItem\",\"position\":2,\"name\":\"\u00dcr\u00fcne Genel Bak\u0131\u015f\",\"item\":\"https:\/\/graef-gnu.com\/tr\/ueruene-genel-bakis\/\"},{\"@type\":\"ListItem\",\"position\":3,\"name\":\"Perftec&reg;-Mikro Standard\u0131\"}]},{\"@type\":\"WebSite\",\"@id\":\"https:\/\/graef-gnu.com\/#website\",\"url\":\"https:\/\/graef-gnu.com\/\",\"name\":\"August Graef GNU\",\"description\":\"\",\"potentialAction\":[{\"@type\":\"SearchAction\",\"target\":{\"@type\":\"EntryPoint\",\"urlTemplate\":\"https:\/\/graef-gnu.com\/?s={search_term_string}\"},\"query-input\":\"required name=search_term_string\"}],\"inLanguage\":\"tr\"}]}<\/script>\n<!-- \/ Yoast SEO plugin. -->","yoast_head_json":{"title":"Perftec&reg;-Mikro Standard\u0131 - August Graef GNU","description":"40, 50 veya 72 tpi ile \u00f6zellikle hassas perforasyon m\u00fcmk\u00fcnd\u00fcr \u2705 Y\u00fcz\u00fckte de mevcuttur \u2705 Buradan bilgi al\u0131n ve \u00e7evrimi\u00e7i sorgulay\u0131n!","robots":{"index":"index","follow":"follow","max-snippet":"max-snippet:-1","max-image-preview":"max-image-preview:large","max-video-preview":"max-video-preview:-1"},"canonical":"https:\/\/graef-gnu.com\/produkt\/perftec-micro-standard\/","og_locale":"tr_TR","og_type":"article","og_title":"Perftec&reg;-Mikro Standard\u0131 - August Graef GNU","og_description":"40, 50 veya 72 tpi ile \u00f6zellikle hassas perforasyon m\u00fcmk\u00fcnd\u00fcr \u2705 Y\u00fcz\u00fckte de mevcuttur \u2705 Buradan bilgi al\u0131n ve \u00e7evrimi\u00e7i sorgulay\u0131n!","og_url":"https:\/\/graef-gnu.com\/produkt\/perftec-micro-standard\/","og_site_name":"August Graef GNU","article_modified_time":"2021-10-06T12:21:55+00:00","og_image":[{"width":890,"height":300,"url":"https:\/\/graef-gnu.com\/wp-content\/uploads\/gnu-perftec-micro-stdandard-50z.jpg","type":"image\/jpeg"}],"twitter_card":"summary_large_image","schema":{"@context":"https:\/\/schema.org","@graph":[{"@type":"WebPage","@id":"https:\/\/graef-gnu.com\/produkt\/perftec-micro-standard\/","url":"https:\/\/graef-gnu.com\/produkt\/perftec-micro-standard\/","name":"Perftec&reg;-Mikro Standard\u0131 - August Graef GNU","isPartOf":{"@id":"https:\/\/graef-gnu.com\/#website"},"primaryImageOfPage":{"@id":"https:\/\/graef-gnu.com\/produkt\/perftec-micro-standard\/#primaryimage"},"image":{"@id":"https:\/\/graef-gnu.com\/produkt\/perftec-micro-standard\/#primaryimage"},"thumbnailUrl":"https:\/\/graef-gnu.com\/wp-content\/uploads\/gnu-perftec-micro-stdandard-50z.jpg","datePublished":"2021-10-06T12:21:50+00:00","dateModified":"2021-10-06T12:21:55+00:00","description":"40, 50 veya 72 tpi ile \u00f6zellikle hassas perforasyon m\u00fcmk\u00fcnd\u00fcr \u2705 Y\u00fcz\u00fckte de mevcuttur \u2705 Buradan bilgi al\u0131n ve \u00e7evrimi\u00e7i sorgulay\u0131n!","breadcrumb":{"@id":"https:\/\/graef-gnu.com\/produkt\/perftec-micro-standard\/#breadcrumb"},"inLanguage":"tr","potentialAction":[{"@type":"ReadAction","target":["https:\/\/graef-gnu.com\/produkt\/perftec-micro-standard\/"]}]},{"@type":"ImageObject","inLanguage":"tr","@id":"https:\/\/graef-gnu.com\/produkt\/perftec-micro-standard\/#primaryimage","url":"https:\/\/graef-gnu.com\/wp-content\/uploads\/gnu-perftec-micro-stdandard-50z.jpg","contentUrl":"https:\/\/graef-gnu.com\/wp-content\/uploads\/gnu-perftec-micro-stdandard-50z.jpg","width":890,"height":300},{"@type":"BreadcrumbList","@id":"https:\/\/graef-gnu.com\/produkt\/perftec-micro-standard\/#breadcrumb","itemListElement":[{"@type":"ListItem","position":1,"name":"Startseite","item":"https:\/\/graef-gnu.com\/tr\/"},{"@type":"ListItem","position":2,"name":"\u00dcr\u00fcne Genel Bak\u0131\u015f","item":"https:\/\/graef-gnu.com\/tr\/ueruene-genel-bakis\/"},{"@type":"ListItem","position":3,"name":"Perftec&reg;-Mikro Standard\u0131"}]},{"@type":"WebSite","@id":"https:\/\/graef-gnu.com\/#website","url":"https:\/\/graef-gnu.com\/","name":"August Graef GNU","description":"","potentialAction":[{"@type":"SearchAction","target":{"@type":"EntryPoint","urlTemplate":"https:\/\/graef-gnu.com\/?s={search_term_string}"},"query-input":"required name=search_term_string"}],"inLanguage":"tr"}]}},"_links":{"self":[{"href":"https:\/\/graef-gnu.com\/tr\/wp-json\/wp\/v2\/product\/144238","targetHints":{"allow":["GET"]}}],"collection":[{"href":"https:\/\/graef-gnu.com\/tr\/wp-json\/wp\/v2\/product"}],"about":[{"href":"https:\/\/graef-gnu.com\/tr\/wp-json\/wp\/v2\/types\/product"}],"wp:featuredmedia":[{"embeddable":true,"href":"https:\/\/graef-gnu.com\/tr\/wp-json\/wp\/v2\/media\/144267"}],"wp:attachment":[{"href":"https:\/\/graef-gnu.com\/tr\/wp-json\/wp\/v2\/media?parent=144238"}],"wp:term":[{"taxonomy":"product_cat","embeddable":true,"href":"https:\/\/graef-gnu.com\/tr\/wp-json\/wp\/v2\/product_cat?post=144238"},{"taxonomy":"product_tag","embeddable":true,"href":"https:\/\/graef-gnu.com\/tr\/wp-json\/wp\/v2\/product_tag?post=144238"}],"curies":[{"name":"wp","href":"https:\/\/api.w.org\/{rel}","templated":true}]}}